{"id":10185,"date":"2023-11-21T17:45:12","date_gmt":"2023-11-21T14:45:12","guid":{"rendered":"https:\/\/holyland.md\/slider\/"},"modified":"2024-11-22T15:30:21","modified_gmt":"2024-11-22T12:30:21","slug":"slider","status":"publish","type":"page","link":"https:\/\/holyland.md\/ro\/slider\/","title":{"rendered":"Slider"},"content":{"rendered":"\t\t<div data-elementor-type=\"wp-page\" data-elementor-id=\"10185\" class=\"elementor elementor-10185 elementor-9647\" data-elementor-post-type=\"page\">\n\t\t\t\t\t\t<section class=\"elementor-section elementor-top-section elementor-element elementor-element-a059a4a elementor-hidden-mobile elementor-section-boxed elementor-section-height-default elementor-section-height-default\" data-id=\"a059a4a\" data-element_type=\"section\">\n\t\t\t\t\t\t<div class=\"elementor-container elementor-column-gap-default\">\n\t\t\t\t\t<div class=\"elementor-column elementor-col-100 elementor-top-column elementor-element elementor-element-d5620b6\" data-id=\"d5620b6\" data-element_type=\"column\">\n\t\t\t<div class=\"elementor-widget-wrap elementor-element-populated\">\n\t\t\t\t\t\t<div class=\"elementor-element elementor-element-91f9fa6 elementor--h-position-right bord elementor-hidden-mobile elementor--v-position-middle elementor-pagination-position-inside elementor-widget elementor-widget-slides\" data-id=\"91f9fa6\" data-element_type=\"widget\" data-settings=\"{&quot;navigation&quot;:&quot;dots&quot;,&quot;autoplay_speed&quot;:8000,&quot;transition_speed&quot;:800,&quot;autoplay&quot;:&quot;yes&quot;,&quot;pause_on_hover&quot;:&quot;yes&quot;,&quot;pause_on_interaction&quot;:&quot;yes&quot;,&quot;infinite&quot;:&quot;yes&quot;,&quot;transition&quot;:&quot;slide&quot;}\" data-widget_type=\"slides.default\">\n\t\t\t\t<div class=\"elementor-widget-container\">\n\t\t\t\t\t<div class=\"elementor-swiper\">\n\t\t\t<div class=\"elementor-slides-wrapper elementor-main-swiper swiper\" dir=\"ltr\" data-animation=\"fadeInRight\">\n\t\t\t\t<div class=\"swiper-wrapper elementor-slides\">\n\t\t\t\t\t\t\t\t\t\t<div class=\"elementor-repeater-item-083f6d1 swiper-slide\"><div class=\"swiper-slide-bg\" role=\"img\"><\/div><a class=\"swiper-slide-inner\" href=\"https:\/\/holyland.md\/ro\/catalog\/\"><div class=\"swiper-slide-contents\"><div class=\"elementor-slide-heading\">BLACK FRIDAY \u0219i Cyber Monday<br>REDUCERI<font color=\"#ECAD9C\"> -20%<\/font><\/div><div class=\"elementor-slide-description\"><p><font color=\"#464d55\">Doar 4 zile! Din <b> 24 noiembrie<\/b> p\u00e2n\u0103 la<b> 2 decembrie<\/b><br \/>\nmagazinul Holyland anun\u021b\u0103 o reducere grandioas\u0103 de <b>Black Friday<\/b> \u0219i <b>Cyber Monday<\/b>.<br \/>\nGr\u0103be\u0219te-te s\u0103 cumperi produsele dorite la cele mai bune pre\u021buri ale anului!<br \/>\nNu rata\u021bi!<br \/>\n*Cantitatea produselor este limitata.<\/font><\/p>\n<\/div><div  class=\"elementor-button elementor-slide-button elementor-size-md\">Cumpar\u0103 cu reducere<\/div><\/div><\/a><\/div><div class=\"elementor-repeater-item-d5981ac swiper-slide\"><div class=\"swiper-slide-bg\" role=\"img\"><\/div><a class=\"swiper-slide-inner\" href=\"https:\/\/holyland.md\/ro\/catalog\/\"><div class=\"swiper-slide-contents\"><div class=\"elementor-slide-heading\"><font color=\"#fffff\">Arta frumuse\u021bii \u00eencepe cu<\/font> <font color=\"#ECAD9C\">Holy Land<\/font><\/div><div class=\"elementor-slide-description\"><p><font color=\"#fffff\">\u00centotdeauna natural. \u00centotdeauna impecabil. Succesul t\u0103u este succesul nostru! <\/font><\/p>\n<\/div><div  class=\"elementor-button elementor-slide-button elementor-size-md\">CATALOG PRODUSE<\/div><\/div><\/a><\/div>\t\t\t\t<\/div>\n\t\t\t\t\t\t\t\t\t\t\t\t\t\t\t<div class=\"swiper-pagination\"><\/div>\n\t\t\t\t\t\t\t\t\t\t\t\t\t\t\t\t\t<\/div>\n\t\t<\/div>\n\t\t\t\t<\/div>\n\t\t\t\t<\/div>\n\t\t\t\t\t<\/div>\n\t\t<\/div>\n\t\t\t\t\t<\/div>\n\t\t<\/section>\n\t\t\t\t<section class=\"elementor-section elementor-top-section elementor-element elementor-element-7aa8f41 elementor-hidden-desktop elementor-hidden-tablet elementor-section-boxed elementor-section-height-default elementor-section-height-default\" data-id=\"7aa8f41\" data-element_type=\"section\">\n\t\t\t\t\t\t<div class=\"elementor-container elementor-column-gap-default\">\n\t\t\t\t\t<div class=\"elementor-column elementor-col-100 elementor-top-column elementor-element elementor-element-15a9f46\" data-id=\"15a9f46\" data-element_type=\"column\">\n\t\t\t<div class=\"elementor-widget-wrap elementor-element-populated\">\n\t\t\t\t\t\t<div class=\"elementor-element elementor-element-82eb28c elementor--h-position-right bord elementor-hidden-desktop elementor-hidden-tablet elementor--v-position-middle elementor-pagination-position-inside elementor-widget elementor-widget-slides\" data-id=\"82eb28c\" data-element_type=\"widget\" data-settings=\"{&quot;navigation&quot;:&quot;dots&quot;,&quot;autoplay_speed&quot;:8000,&quot;transition_speed&quot;:800,&quot;autoplay&quot;:&quot;yes&quot;,&quot;pause_on_hover&quot;:&quot;yes&quot;,&quot;pause_on_interaction&quot;:&quot;yes&quot;,&quot;infinite&quot;:&quot;yes&quot;,&quot;transition&quot;:&quot;slide&quot;}\" data-widget_type=\"slides.default\">\n\t\t\t\t<div class=\"elementor-widget-container\">\n\t\t\t\t\t<div class=\"elementor-swiper\">\n\t\t\t<div class=\"elementor-slides-wrapper elementor-main-swiper swiper\" dir=\"ltr\" data-animation=\"fadeInRight\">\n\t\t\t\t<div class=\"swiper-wrapper elementor-slides\">\n\t\t\t\t\t\t\t\t\t\t<div class=\"elementor-repeater-item-083f6d1 swiper-slide\"><div class=\"swiper-slide-bg\" role=\"img\"><\/div><a class=\"swiper-slide-inner\" href=\"https:\/\/holyland.md\/ro\/catalog\/\"><div class=\"swiper-slide-contents\"><div class=\"elementor-slide-heading\">BLACK FRIDAY \u0219i Cyber Monday<br>REDUCERI<font color=\"#ECAD9C\"> -20%<\/font><\/div><div class=\"elementor-slide-description\"><p>Doar 4 zile! Din <b> 24 noiembrie<\/b> p\u00e2n\u0103 la <b>2 decembrie<\/b><br \/>\nmagazinul Holyland anun\u021b\u0103 o reducere grandioas\u0103 de <b>Black Friday<\/b> \u0219i <b>Cyber Monday<\/b>.<\/p>\n<\/div><div  class=\"elementor-button elementor-slide-button elementor-size-md\">Cumpar\u0103 cu reducere<\/div><\/div><\/a><\/div><div class=\"elementor-repeater-item-d5981ac swiper-slide\"><div class=\"swiper-slide-bg\" role=\"img\"><\/div><a class=\"swiper-slide-inner\" href=\"https:\/\/holyland.md\/ro\/catalog\/\"><div class=\"swiper-slide-contents\"><div class=\"elementor-slide-heading\"><font color=\"#fffff\">Arta frumuse\u021bii \u00eencepe cu<\/font> <font color=\"#ECAD9C\">Holy Land<\/font><\/div><div class=\"elementor-slide-description\"><p><font color=\"#fffff\">\u00centotdeauna natural. \u00centotdeauna impecabil. Succesul t\u0103u este succesul nostru! <\/font><\/p>\n<\/div><div  class=\"elementor-button elementor-slide-button elementor-size-md\">CATALOG PRODUSE<\/div><\/div><\/a><\/div>\t\t\t\t<\/div>\n\t\t\t\t\t\t\t\t\t\t\t\t\t\t\t<div class=\"swiper-pagination\"><\/div>\n\t\t\t\t\t\t\t\t\t\t\t\t\t\t\t\t\t<\/div>\n\t\t<\/div>\n\t\t\t\t<\/div>\n\t\t\t\t<\/div>\n\t\t\t\t\t<\/div>\n\t\t<\/div>\n\t\t\t\t\t<\/div>\n\t\t<\/section>\n\t\t\t\t<\/div>\n\t\t","protected":false},"excerpt":{"rendered":"","protected":false},"author":1,"featured_media":0,"parent":0,"menu_order":0,"comment_status":"closed","ping_status":"closed","template":"elementor_header_footer","meta":{"footnotes":""},"class_list":["post-10185","page","type-page","status-publish"],"yoast_head":"<!-- This site is optimized with the Yoast SEO plugin v23.3 - https:\/\/yoast.com\/wordpress\/plugins\/seo\/ -->\n<title>Slider | Holy Land Cosmetics<\/title>\n<meta name=\"robots\" content=\"index, follow, max-snippet:-1, max-image-preview:large, max-video-preview:-1\" \/>\n<link rel=\"canonical\" href=\"https:\/\/holyland.md\/ro\/slider\/\" \/>\n<meta property=\"og:locale\" content=\"ro_RO\" \/>\n<meta property=\"og:type\" content=\"article\" \/>\n<meta property=\"og:title\" content=\"Slider | Holy Land Cosmetics\" \/>\n<meta property=\"og:url\" content=\"https:\/\/holyland.md\/ro\/slider\/\" \/>\n<meta property=\"og:site_name\" content=\"Holy Land Cosmetics\" \/>\n<meta property=\"article:modified_time\" content=\"2024-11-22T12:30:21+00:00\" \/>\n<meta name=\"twitter:card\" content=\"summary_large_image\" \/>\n<meta name=\"twitter:label1\" content=\"Timp estimat pentru citire\" \/>\n\t<meta name=\"twitter:data1\" content=\"2 minute\" \/>\n<script type=\"application\/ld+json\" class=\"yoast-schema-graph\">{\"@context\":\"https:\/\/schema.org\",\"@graph\":[{\"@type\":\"WebPage\",\"@id\":\"https:\/\/holyland.md\/ro\/slider\/\",\"url\":\"https:\/\/holyland.md\/ro\/slider\/\",\"name\":\"Slider | Holy Land Cosmetics\",\"isPartOf\":{\"@id\":\"https:\/\/holyland.md\/ro\/#website\"},\"datePublished\":\"2023-11-21T14:45:12+00:00\",\"dateModified\":\"2024-11-22T12:30:21+00:00\",\"breadcrumb\":{\"@id\":\"https:\/\/holyland.md\/ro\/slider\/#breadcrumb\"},\"inLanguage\":\"ro-RO\",\"potentialAction\":[{\"@type\":\"ReadAction\",\"target\":[\"https:\/\/holyland.md\/ro\/slider\/\"]}]},{\"@type\":\"BreadcrumbList\",\"@id\":\"https:\/\/holyland.md\/ro\/slider\/#breadcrumb\",\"itemListElement\":[{\"@type\":\"ListItem\",\"position\":1,\"name\":\"\u0413\u043b\u0430\u0432\u043d\u0430\u044f \u0441\u0442\u0440\u0430\u043d\u0438\u0446\u0430\",\"item\":\"https:\/\/holyland.md\/ro\/\"},{\"@type\":\"ListItem\",\"position\":2,\"name\":\"Slider\"}]},{\"@type\":\"WebSite\",\"@id\":\"https:\/\/holyland.md\/ro\/#website\",\"url\":\"https:\/\/holyland.md\/ro\/\",\"name\":\"Holy Land Cosmetics\",\"description\":\"\",\"publisher\":{\"@id\":\"https:\/\/holyland.md\/ro\/#organization\"},\"potentialAction\":[{\"@type\":\"SearchAction\",\"target\":{\"@type\":\"EntryPoint\",\"urlTemplate\":\"https:\/\/holyland.md\/ro\/?s={search_term_string}\"},\"query-input\":\"required name=search_term_string\"}],\"inLanguage\":\"ro-RO\"},{\"@type\":\"Organization\",\"@id\":\"https:\/\/holyland.md\/ro\/#organization\",\"name\":\"Holy Land Cosmetics\",\"url\":\"https:\/\/holyland.md\/ro\/\",\"logo\":{\"@type\":\"ImageObject\",\"inLanguage\":\"ro-RO\",\"@id\":\"https:\/\/holyland.md\/ro\/#\/schema\/logo\/image\/\",\"url\":\"https:\/\/holyland.md\/wp-content\/uploads\/2020\/03\/hl-always-active.png\",\"contentUrl\":\"https:\/\/holyland.md\/wp-content\/uploads\/2020\/03\/hl-always-active.png\",\"width\":1437,\"height\":892,\"caption\":\"Holy Land Cosmetics\"},\"image\":{\"@id\":\"https:\/\/holyland.md\/ro\/#\/schema\/logo\/image\/\"}}]}<\/script>\n<!-- \/ Yoast SEO plugin. -->","yoast_head_json":{"title":"Slider | Holy Land Cosmetics","robots":{"index":"index","follow":"follow","max-snippet":"max-snippet:-1","max-image-preview":"max-image-preview:large","max-video-preview":"max-video-preview:-1"},"canonical":"https:\/\/holyland.md\/ro\/slider\/","og_locale":"ro_RO","og_type":"article","og_title":"Slider | Holy Land Cosmetics","og_url":"https:\/\/holyland.md\/ro\/slider\/","og_site_name":"Holy Land Cosmetics","article_modified_time":"2024-11-22T12:30:21+00:00","twitter_card":"summary_large_image","twitter_misc":{"Timp estimat pentru citire":"2 minute"},"schema":{"@context":"https:\/\/schema.org","@graph":[{"@type":"WebPage","@id":"https:\/\/holyland.md\/ro\/slider\/","url":"https:\/\/holyland.md\/ro\/slider\/","name":"Slider | Holy Land Cosmetics","isPartOf":{"@id":"https:\/\/holyland.md\/ro\/#website"},"datePublished":"2023-11-21T14:45:12+00:00","dateModified":"2024-11-22T12:30:21+00:00","breadcrumb":{"@id":"https:\/\/holyland.md\/ro\/slider\/#breadcrumb"},"inLanguage":"ro-RO","potentialAction":[{"@type":"ReadAction","target":["https:\/\/holyland.md\/ro\/slider\/"]}]},{"@type":"BreadcrumbList","@id":"https:\/\/holyland.md\/ro\/slider\/#breadcrumb","itemListElement":[{"@type":"ListItem","position":1,"name":"\u0413\u043b\u0430\u0432\u043d\u0430\u044f \u0441\u0442\u0440\u0430\u043d\u0438\u0446\u0430","item":"https:\/\/holyland.md\/ro\/"},{"@type":"ListItem","position":2,"name":"Slider"}]},{"@type":"WebSite","@id":"https:\/\/holyland.md\/ro\/#website","url":"https:\/\/holyland.md\/ro\/","name":"Holy Land Cosmetics","description":"","publisher":{"@id":"https:\/\/holyland.md\/ro\/#organization"},"potentialAction":[{"@type":"SearchAction","target":{"@type":"EntryPoint","urlTemplate":"https:\/\/holyland.md\/ro\/?s={search_term_string}"},"query-input":"required name=search_term_string"}],"inLanguage":"ro-RO"},{"@type":"Organization","@id":"https:\/\/holyland.md\/ro\/#organization","name":"Holy Land Cosmetics","url":"https:\/\/holyland.md\/ro\/","logo":{"@type":"ImageObject","inLanguage":"ro-RO","@id":"https:\/\/holyland.md\/ro\/#\/schema\/logo\/image\/","url":"https:\/\/holyland.md\/wp-content\/uploads\/2020\/03\/hl-always-active.png","contentUrl":"https:\/\/holyland.md\/wp-content\/uploads\/2020\/03\/hl-always-active.png","width":1437,"height":892,"caption":"Holy Land Cosmetics"},"image":{"@id":"https:\/\/holyland.md\/ro\/#\/schema\/logo\/image\/"}}]}},"_links":{"self":[{"href":"https:\/\/holyland.md\/ro\/wp-json\/wp\/v2\/pages\/10185"}],"collection":[{"href":"https:\/\/holyland.md\/ro\/wp-json\/wp\/v2\/pages"}],"about":[{"href":"https:\/\/holyland.md\/ro\/wp-json\/wp\/v2\/types\/page"}],"author":[{"embeddable":true,"href":"https:\/\/holyland.md\/ro\/wp-json\/wp\/v2\/users\/1"}],"replies":[{"embeddable":true,"href":"https:\/\/holyland.md\/ro\/wp-json\/wp\/v2\/comments?post=10185"}],"version-history":[{"count":13,"href":"https:\/\/holyland.md\/ro\/wp-json\/wp\/v2\/pages\/10185\/revisions"}],"predecessor-version":[{"id":10268,"href":"https:\/\/holyland.md\/ro\/wp-json\/wp\/v2\/pages\/10185\/revisions\/10268"}],"wp:attachment":[{"href":"https:\/\/holyland.md\/ro\/wp-json\/wp\/v2\/media?parent=10185"}],"curies":[{"name":"wp","href":"https:\/\/api.w.org\/{rel}","templated":true}]}}