{"id":4905,"date":"2021-06-25T15:21:53","date_gmt":"2021-06-25T12:21:53","guid":{"rendered":"https:\/\/holyland.md\/termenii-de-utilizare-a-site-ului\/"},"modified":"2022-12-12T16:44:43","modified_gmt":"2022-12-12T13:44:43","slug":"termenii-de-utilizare-a-site-ului","status":"publish","type":"page","link":"https:\/\/holyland.md\/ro\/termenii-de-utilizare-a-site-ului\/","title":{"rendered":"Termenii de utilizare a site-ului HolyLand"},"content":{"rendered":"<h2>1. INFORMA\u021aII DESPRE SITE \u0218I TERMENII DE UTILIZARE A SITE-ULUI<\/h2>\n<p>Termenul \u201eSite\u201d \u00eenseamn\u0103 acest site cu numele de domeniu www.holyland.md de\u021binut de compania S.C.S &amp; G ELIT S.R.L.<\/p>\n<p>Termenul \u201eUtilizator\u201d \u00eenseamn\u0103 orice persoan\u0103 fizic\u0103 sau juridic\u0103 care vizualizeaz\u0103 acest Site, materiale \u0219i informa\u021bii postate pe Site, precum \u0219i o persoan\u0103 care achizi\u021bioneaz\u0103 produse de pe Site \u0219i furnizeaz\u0103 informa\u021biile sale personale \u00een acest scop.<\/p>\n<p>Termenul \u201ePolitic\u0103\u201d \u00eenseamn\u0103 aceast\u0103 Politic\u0103 de utilizare a site-ului \u0219i alte informa\u021bii juridice.<\/p>\n<h2>2. INFORMA\u021aII PRIVIND ACORDUL UTILIZATORULUI<\/h2>\n<h3>Scopul acordului<\/h3>\n<p>Scopul acestui acord este: men\u021binerea unor rela\u021bii armonioase \u0219i reciproc avantajoase \u00eentre site-ul www.holyland.md \u0219i Utilizatori, precum \u0219i stabilirea regulilor \u0219i condi\u021biilor pentru acest parteneriat, inclusiv condi\u021bii generale de lucru, nuan\u021be financiare, dispozi\u021bii de confiden\u021bialitate , etc.<\/p>\n<h3>Servicii de procesare a pl\u0103\u021bilor<\/h3>\n<p>Serviciile de procesare a pl\u0103\u021bilor sunt furnizate:<\/p>\n<ul>\n<li>prin intermediul serviciului de pl\u0103\u021bi online al Moldova Agroindbank (maib);<\/li>\n<li>de \u201ePaynet Services\u201d SRL (paynet.md);<\/li>\n<\/ul>\n<p>\u0219i sunt supuse regulilor stabilite \u00een acest document. Compania poate oferi, de asemenea, servicii de alt\u0103 natur\u0103, reglementate de un set diferit de reguli.<\/p>\n<p>www.holyland.md furnizeaz\u0103 servicii numai persoanelor care au \u00eemplinit v\u00e2rsta de 18 ani sau o alt\u0103 v\u00e2rst\u0103, ceea ce asigur\u0103 for\u021ba juridic\u0103 a semn\u0103rii contractului.<\/p>\n<h3>Comunicare cu www.holyland.md<\/h3>\n<p>Furnizarea de produse include comunicarea cu Utilizatorul: primirea de mesaje, notific\u0103ri, scrisori administrative \u0219i de informare. Se \u00een\u021belege c\u0103 aceast\u0103 comunicare joac\u0103 un rol important \u00een furnizarea de servicii \u0219i produse.<\/p>\n<p>Cu toate acestea, conform politicii noastre de confiden\u021bialitate, ne rezerv\u0103m dreptul Utilizatorului de a refuza s\u0103 primeasc\u0103 e-mailuri de la Companie. Trebuie luat \u00een considerare faptul c\u0103 un astfel de refuz poate duce la o sc\u0103dere a eficacit\u0103\u021bii serviciilor furnizate.<\/p>\n<h2>3. REGULI DE UTILIZARE A SITE-ULUI<\/h2>\n<h3>Drepturile utilizatorului<\/h3>\n<ul>\n<li aria-level=\"1\">Contacta\u021bi serviciul de asisten\u021b\u0103 al site-ului cu \u00eentreb\u0103ri, reclama\u021bii, dorin\u021be pentru \u00eembun\u0103t\u0103\u021birea activit\u0103\u021bii site-ului, a contului personal sau cu alte informa\u021bii referitoare la site sau serviciu;<\/li>\n<li aria-level=\"1\">Solicita\u021bi Companiei s\u0103 asigure siguran\u021ba datelor personale ale Utilizatorului, s\u0103 nu dezv\u0103luie informa\u021bii personale unor ter\u021be p\u0103r\u021bi, cu excep\u021bia cazurilor \u00een care este imposibil s\u0103 furniza\u021bi Servicii de calitate acestui Utilizator f\u0103r\u0103 a dezv\u0103lui informa\u021bii, precum \u0219i \u00een cazurile de necesitate prev\u0103zute de legisla\u021bia actual\u0103;<\/li>\n<li aria-level=\"1\">Primi\u021bi notific\u0103ri rapide de fraud\u0103 \u0219i uni\u021bi-v\u0103 for\u021bele cu Compania pentru a preveni astfel de ac\u021biuni.<\/li>\n<\/ul>\n<h3>Obliga\u021biile utilizatorului<\/h3>\n<ul>\n<li aria-level=\"1\">Utilizatorul accept\u0103 pe deplin \u0219i necondi\u021bionat to\u021bi Termenii de utilizare a site-ului stabili\u021bi pe aceast\u0103 pagin\u0103;<\/li>\n<li aria-level=\"1\">Utilizatorul este de acord c\u0103 confiden\u021bialitatea datelor transmise pe internet nu este garantat\u0103. \u00cen cazul \u00een care accesul la aceste date este ob\u021binut de ter\u021bi \u00een afara zonei mijloacelor tehnice de comunicare controlate de www.holyland.md, Administra\u021bia site-ului nu este responsabil\u0103 pentru daunele cauzate de metoda de mai sus;<\/li>\n<li aria-level=\"1\">La efectuarea unei achizi\u021bii pe Site, Utilizatorul se angajeaz\u0103 s\u0103 furnizeze informa\u021bii fiabile \u0219i detaliate despre sine, precum \u0219i informa\u021bii de contact exacte;<\/li>\n<li aria-level=\"1\">Atunci c\u00e2nd folose\u0219te Site-ul, Utilizatorul se oblig\u0103 s\u0103 introduc\u0103 doar acele date care corespund realit\u0103\u021bii \u0219i care nu contravin legisla\u021biei actuale. \u00cen caz contrar, Compania are dreptul s\u0103 refuze Utilizatorului posibilitatea de a achizi\u021biona produse de pe Site;<\/li>\n<li aria-level=\"1\">Utilizatorul se angajeaz\u0103 s\u0103 respecte toate cerin\u021bele Companiei pentru a asigura func\u021bionalitatea \u0219i securitatea Site-ului;<\/li>\n<li aria-level=\"1\">Utilizatorul se angajeaz\u0103 s\u0103 se asigure c\u0103 nu exist\u0103 software r\u0103u inten\u021bionat pe computerul s\u0103u. Compania nu este responsabil\u0103 pentru daunele cauzate altfel;<\/li>\n<li aria-level=\"1\">Utilizatorul se oblig\u0103 s\u0103 nu \u00eencalce regulile de siguran\u021b\u0103 \u0219i politica de confiden\u021bialitate a Site-ului;<\/li>\n<li aria-level=\"1\">Utilizatorul se oblig\u0103 s\u0103 notifice orice modificare a datelor sale personale.<\/li>\n<li aria-level=\"1\">Utilizatorul se oblig\u0103 s\u0103 nu foloseasc\u0103 accesul la Site pentru a comite ac\u021biuni ilegale<\/li>\n<li aria-level=\"1\">Utilizatorul se oblig\u0103 s\u0103 respecte toate clauzele acordului cu www.holyland.md. \u00cenc\u0103lcarea acestui acord impune responsabilitatea pentru daunele cauzate utilizatorului.<\/li>\n<\/ul>\n<h3>Drepturile www.holyland.md<\/h3>\n<ul>\n<li aria-level=\"1\">www.holyland.md are dreptul, independent sau cu ajutorul unor ter\u021be p\u0103r\u021bi, de a face modific\u0103ri Site-ului, sec\u021biunilor Site-ului, precum \u0219i prezentului acord;<\/li>\n<li aria-level=\"1\">www.holyland.md are dreptul de a solicita Utilizatorului s\u0103 respecte regulile de lucru cu site-ul, precum \u0219i condi\u021biile de securitate \u0219i alte dispozi\u021bii stabilite \u00een acest document;<\/li>\n<li aria-level=\"1\">www.holyland.md are dreptul de a \u00eentreprinde orice ac\u021biune care vizeaz\u0103 respectarea regulilor de cooperare \u0219i func\u021bionarea \u00een siguran\u021b\u0103 a site-ului;<\/li>\n<li aria-level=\"1\">www.holyland.md are dreptul \u00een orice moment s\u0103 efectueze lucr\u0103ri tehnice planificate \u0219i lucr\u0103ri de urgen\u021b\u0103 pentru a men\u021bine func\u021bionarea site-ului;<\/li>\n<\/ul>\n<h3>Obliga\u021biile www.holyland.md<\/h3>\n<p>Prin acceptarea acestor condi\u021bii, Utilizatorul este de acord s\u0103 transfere datele sale personale c\u0103tre \u201ePaynet Services\u201d SRL (paynet.md), care este operatorul prelucr\u0103rii datelor cu caracter personal \u00een scopul efectu\u0103rii pl\u0103\u021bilor f\u0103r\u0103 numerar pentru produsele furnizate de www.holyland.md .<\/p>\n<p>Asigura\u021bi securitatea \u0219i func\u021bionalitatea site-ului c\u00e2t mai mult posibil.<\/p>\n<p>Asigura\u021bi securitatea datelor utilizatorului \u00eempotriva pierderii, divulg\u0103rii \u0219i accesului neautorizat la date de c\u0103tre ter\u021bi, implementarea accesului limitat \u0219i controlul accesului la date pentru angaja\u021bii autoriza\u021bi ai www.holyland.md.<\/p>\n<h3>Responsabilitate www.holyland.md<\/h3>\n<p>Compania nu este \u00een niciun caz responsabil\u0103 pentru daunele cauzate Utilizatorului, care pot ap\u0103rea \u00een procesul sau ca urmare a utiliz\u0103rii Site-ului, precum \u0219i \u00een absen\u021ba posibilit\u0103\u021bii de utilizare a acestuia.<\/p>\n<p>www.holyland.md nu este \u00een niciun caz responsabil pentru daune directe sau indirecte sau profituri pierdute ale Utilizatorului sau ale ter\u021bilor.<\/p>\n<p>www.holyland.md nu este \u00een niciun caz responsabil pentru daunele cauzate utilizatorului ca urmare a ac\u021biunilor ilegale de c\u0103tre ter\u021bi.<\/p>\n<p>www.holyland.md \u00een niciun caz nu va fi r\u0103spunz\u0103tor pentru daunele cauzate utilizatorului ca urmare a ac\u021biunii programelor r\u0103u inten\u021bionate din hardware sau software, precum \u0219i \u00een vederea complet\u0103rii incorecte a detaliilor \u0219i a \u00eenc\u0103lc\u0103rii condi\u021biilor de cooperare .<\/p>\n<p>www.holyland.md nu garanteaz\u0103 \u00een niciun caz func\u021bionarea func\u021bional\u0103 a site-ului \u00een condi\u021bii de for\u021b\u0103 major\u0103 \u0219i din cauza unor situa\u021bii neprev\u0103zute.<\/p>\n<p>Acest site poate con\u021bine linkuri c\u0103tre alte site-uri web create \u0219i \u00eentre\u021binute de ter\u021bi, inclusiv parteneri ai www.holyland.md, cu toate acestea, www.holyland.md nu este responsabil pentru aceste site-uri. Atunci c\u00e2nd Utilizatorul face clic pe orice link c\u0103tre site-uri web ter\u021be, www.holyland.md nu este responsabil pentru ac\u021biunile site-urilor ter\u021be \u00een leg\u0103tur\u0103 cu protec\u021bia \u0219i stocarea informa\u021biilor Utilizatorului pe site-urile web men\u021bionate anterior.<\/p>\n<p>www.holyland.md nu va fi \u00een niciun caz r\u0103spunz\u0103tor pentru defec\u021biunile, erorile \u0219i defec\u021biunile \u00een func\u021bionarea software-ului sau hardware-ului utilizat \u00een func\u021bionarea site-ului, care sunt cauzate de motive care nu pot fi controlate de www.holyland.md, precum \u0219i pentru daune care au fost ulterior cauzate utilizatorului.<\/p>\n<h2>Alte informa\u021bii juridice<\/h2>\n<h3>Drepturi de autor \u0219i m\u0103rci comerciale<\/h3>\n<p>Toate drepturile rezervate:<\/p>\n<ul>\n<li aria-level=\"1\">www.holyland.md \u00ee\u0219i rezerv\u0103 dreptul de autor pentru proiectarea paginilor \u0219i sec\u021biunilor site-ului, precum \u0219i a textelor \u0219i informa\u021biilor. Toate materialele de pe acest site sunt de\u021binute de www.holyland.md, dac\u0103 nu se specific\u0103 altfel. Vizualizarea, copierea, tip\u0103rirea \u0219i distribuirea materialelor de pe acest site sunt permise numai \u00een condi\u021biile stabilite mai jos:<\/li>\n<li aria-level=\"1\">Utilizatorul nu are dreptul s\u0103 aduc\u0103 modific\u0103ri materialelor pe care Utilizatorul le imprim\u0103 sau le descarc\u0103 de pe acest Site, inclusiv s\u0103rind puncte, elimin\u00e2nd orice semne de identificare sau denumiri din materialele acestui site;<\/li>\n<li aria-level=\"1\">este permis\u0103 utilizarea materialelor numai \u00een scop informativ;<\/li>\n<li aria-level=\"1\">materialele site-ului pot fi afi\u0219ate, distribuite, publicate numai dup\u0103 primirea permisiunii scrise de la www.holyland.md;<\/li>\n<li aria-level=\"1\">orice copie a materialelor sau a fragmentelor acestora trebuie s\u0103 con\u021bin\u0103 o notificare privind drepturile de autor;<\/li>\n<li aria-level=\"1\">numele, m\u0103rcile, siglele, formularele de design, precum \u0219i titlurile, frazele \u0219i expresiile postate pe acest site sunt m\u0103rci comerciale de\u021binute de www.holyland.md sau de ter\u021be p\u0103r\u021bi folosite cu acordul lor www.holyland.md. Astfel de m\u0103rci comerciale pot fi identificate prin simbolul corespunz\u0103tor al m\u0103rcii comerciale: \u00ae, TM sau o marc\u0103 similar\u0103 care indic\u0103 proprietatea www.holyland.md. Orice desc\u0103rcare neautorizat\u0103, distribu\u021bie \u0219i alte copii \u0219i \/ sau modific\u0103ri ale m\u0103rcilor comerciale \u0219i \/ sau ale acestor materiale pot \u00eenc\u0103lca legile aplicabile, legile m\u0103rcilor comerciale \u0219i \/ sau drepturile de autor \u0219i pot duce la urm\u0103rirea legal\u0103.<\/li>\n<\/ul>\n<h3>Limitarea utiliz\u0103rii<\/h3>\n<ul>\n<li aria-level=\"1\">\u00cen plus fa\u021b\u0103 de alte reguli stabilite \u00een acest cod, utilizatorul este, de asemenea, obligat s\u0103:<\/li>\n<li aria-level=\"1\">S\u0103 nu rev\u00e2nd\u0103 sau s\u0103 distribuie altfel serviciile sau produsele www.holyland.md c\u0103tre ter\u021bi;<\/li>\n<li aria-level=\"1\">Nu furniza\u021bi servicii bazate pe Servicii www.holyland.md f\u0103r\u0103 acordul prealabil scris al reprezentantului autorizat al www.holyland.md<\/li>\n<\/ul>\n<h3>Servicii suport<\/h3>\n<p>Orice \u00eentreb\u0103ri, comentarii \u0219i solicit\u0103ri, v\u0103 rug\u0103m s\u0103 trimite\u021bi la asisten\u021ba site-ului la adresa de e-mail: <a href=\"mailto:info@holyland.md\">info@holyland.md<\/a><\/p>\n<p>&nbsp;<\/p>\n","protected":false},"excerpt":{"rendered":"","protected":false},"author":1,"featured_media":0,"parent":0,"menu_order":0,"comment_status":"closed","ping_status":"closed","template":"","meta":{"footnotes":""},"class_list":["post-4905","page","type-page","status-publish"],"yoast_head":"<!-- This site is optimized with the Yoast SEO plugin v23.3 - https:\/\/yoast.com\/wordpress\/plugins\/seo\/ -->\n<title>Termenii de utilizare a site-ului HolyLand | Holy Land Cosmetics<\/title>\n<meta name=\"robots\" content=\"index, nofollow, max-snippet:-1, max-image-preview:large, max-video-preview:-1\" \/>\n<link rel=\"canonical\" href=\"https:\/\/holyland.md\/ro\/termenii-de-utilizare-a-site-ului\/\" \/>\n<meta property=\"og:locale\" content=\"ro_RO\" \/>\n<meta property=\"og:type\" content=\"article\" \/>\n<meta property=\"og:title\" content=\"Termenii de utilizare a site-ului HolyLand | Holy Land Cosmetics\" \/>\n<meta property=\"og:url\" content=\"https:\/\/holyland.md\/ro\/termenii-de-utilizare-a-site-ului\/\" \/>\n<meta property=\"og:site_name\" content=\"Holy Land Cosmetics\" \/>\n<meta property=\"article:modified_time\" content=\"2022-12-12T13:44:43+00:00\" \/>\n<meta name=\"twitter:card\" content=\"summary_large_image\" \/>\n<meta name=\"twitter:label1\" content=\"Timp estimat pentru citire\" \/>\n\t<meta name=\"twitter:data1\" content=\"7 minute\" \/>\n<script type=\"application\/ld+json\" class=\"yoast-schema-graph\">{\"@context\":\"https:\/\/schema.org\",\"@graph\":[{\"@type\":\"WebPage\",\"@id\":\"https:\/\/holyland.md\/ro\/termenii-de-utilizare-a-site-ului\/\",\"url\":\"https:\/\/holyland.md\/ro\/termenii-de-utilizare-a-site-ului\/\",\"name\":\"Termenii de utilizare a site-ului HolyLand | Holy Land Cosmetics\",\"isPartOf\":{\"@id\":\"https:\/\/holyland.md\/ro\/#website\"},\"datePublished\":\"2021-06-25T12:21:53+00:00\",\"dateModified\":\"2022-12-12T13:44:43+00:00\",\"breadcrumb\":{\"@id\":\"https:\/\/holyland.md\/ro\/termenii-de-utilizare-a-site-ului\/#breadcrumb\"},\"inLanguage\":\"ro-RO\",\"potentialAction\":[{\"@type\":\"ReadAction\",\"target\":[\"https:\/\/holyland.md\/ro\/termenii-de-utilizare-a-site-ului\/\"]}]},{\"@type\":\"BreadcrumbList\",\"@id\":\"https:\/\/holyland.md\/ro\/termenii-de-utilizare-a-site-ului\/#breadcrumb\",\"itemListElement\":[{\"@type\":\"ListItem\",\"position\":1,\"name\":\"\u0413\u043b\u0430\u0432\u043d\u0430\u044f \u0441\u0442\u0440\u0430\u043d\u0438\u0446\u0430\",\"item\":\"https:\/\/holyland.md\/ro\/\"},{\"@type\":\"ListItem\",\"position\":2,\"name\":\"Termenii de utilizare a site-ului HolyLand\"}]},{\"@type\":\"WebSite\",\"@id\":\"https:\/\/holyland.md\/ro\/#website\",\"url\":\"https:\/\/holyland.md\/ro\/\",\"name\":\"Holy Land Cosmetics\",\"description\":\"\",\"publisher\":{\"@id\":\"https:\/\/holyland.md\/ro\/#organization\"},\"potentialAction\":[{\"@type\":\"SearchAction\",\"target\":{\"@type\":\"EntryPoint\",\"urlTemplate\":\"https:\/\/holyland.md\/ro\/?s={search_term_string}\"},\"query-input\":\"required name=search_term_string\"}],\"inLanguage\":\"ro-RO\"},{\"@type\":\"Organization\",\"@id\":\"https:\/\/holyland.md\/ro\/#organization\",\"name\":\"Holy Land Cosmetics\",\"url\":\"https:\/\/holyland.md\/ro\/\",\"logo\":{\"@type\":\"ImageObject\",\"inLanguage\":\"ro-RO\",\"@id\":\"https:\/\/holyland.md\/ro\/#\/schema\/logo\/image\/\",\"url\":\"https:\/\/holyland.md\/wp-content\/uploads\/2020\/03\/hl-always-active.png\",\"contentUrl\":\"https:\/\/holyland.md\/wp-content\/uploads\/2020\/03\/hl-always-active.png\",\"width\":1437,\"height\":892,\"caption\":\"Holy Land Cosmetics\"},\"image\":{\"@id\":\"https:\/\/holyland.md\/ro\/#\/schema\/logo\/image\/\"}}]}<\/script>\n<!-- \/ Yoast SEO plugin. -->","yoast_head_json":{"title":"Termenii de utilizare a site-ului HolyLand | Holy Land Cosmetics","robots":{"index":"index","follow":"nofollow","max-snippet":"max-snippet:-1","max-image-preview":"max-image-preview:large","max-video-preview":"max-video-preview:-1"},"canonical":"https:\/\/holyland.md\/ro\/termenii-de-utilizare-a-site-ului\/","og_locale":"ro_RO","og_type":"article","og_title":"Termenii de utilizare a site-ului HolyLand | Holy Land Cosmetics","og_url":"https:\/\/holyland.md\/ro\/termenii-de-utilizare-a-site-ului\/","og_site_name":"Holy Land Cosmetics","article_modified_time":"2022-12-12T13:44:43+00:00","twitter_card":"summary_large_image","twitter_misc":{"Timp estimat pentru citire":"7 minute"},"schema":{"@context":"https:\/\/schema.org","@graph":[{"@type":"WebPage","@id":"https:\/\/holyland.md\/ro\/termenii-de-utilizare-a-site-ului\/","url":"https:\/\/holyland.md\/ro\/termenii-de-utilizare-a-site-ului\/","name":"Termenii de utilizare a site-ului HolyLand | Holy Land Cosmetics","isPartOf":{"@id":"https:\/\/holyland.md\/ro\/#website"},"datePublished":"2021-06-25T12:21:53+00:00","dateModified":"2022-12-12T13:44:43+00:00","breadcrumb":{"@id":"https:\/\/holyland.md\/ro\/termenii-de-utilizare-a-site-ului\/#breadcrumb"},"inLanguage":"ro-RO","potentialAction":[{"@type":"ReadAction","target":["https:\/\/holyland.md\/ro\/termenii-de-utilizare-a-site-ului\/"]}]},{"@type":"BreadcrumbList","@id":"https:\/\/holyland.md\/ro\/termenii-de-utilizare-a-site-ului\/#breadcrumb","itemListElement":[{"@type":"ListItem","position":1,"name":"\u0413\u043b\u0430\u0432\u043d\u0430\u044f \u0441\u0442\u0440\u0430\u043d\u0438\u0446\u0430","item":"https:\/\/holyland.md\/ro\/"},{"@type":"ListItem","position":2,"name":"Termenii de utilizare a site-ului HolyLand"}]},{"@type":"WebSite","@id":"https:\/\/holyland.md\/ro\/#website","url":"https:\/\/holyland.md\/ro\/","name":"Holy Land Cosmetics","description":"","publisher":{"@id":"https:\/\/holyland.md\/ro\/#organization"},"potentialAction":[{"@type":"SearchAction","target":{"@type":"EntryPoint","urlTemplate":"https:\/\/holyland.md\/ro\/?s={search_term_string}"},"query-input":"required name=search_term_string"}],"inLanguage":"ro-RO"},{"@type":"Organization","@id":"https:\/\/holyland.md\/ro\/#organization","name":"Holy Land Cosmetics","url":"https:\/\/holyland.md\/ro\/","logo":{"@type":"ImageObject","inLanguage":"ro-RO","@id":"https:\/\/holyland.md\/ro\/#\/schema\/logo\/image\/","url":"https:\/\/holyland.md\/wp-content\/uploads\/2020\/03\/hl-always-active.png","contentUrl":"https:\/\/holyland.md\/wp-content\/uploads\/2020\/03\/hl-always-active.png","width":1437,"height":892,"caption":"Holy Land Cosmetics"},"image":{"@id":"https:\/\/holyland.md\/ro\/#\/schema\/logo\/image\/"}}]}},"_links":{"self":[{"href":"https:\/\/holyland.md\/ro\/wp-json\/wp\/v2\/pages\/4905"}],"collection":[{"href":"https:\/\/holyland.md\/ro\/wp-json\/wp\/v2\/pages"}],"about":[{"href":"https:\/\/holyland.md\/ro\/wp-json\/wp\/v2\/types\/page"}],"author":[{"embeddable":true,"href":"https:\/\/holyland.md\/ro\/wp-json\/wp\/v2\/users\/1"}],"replies":[{"embeddable":true,"href":"https:\/\/holyland.md\/ro\/wp-json\/wp\/v2\/comments?post=4905"}],"version-history":[{"count":0,"href":"https:\/\/holyland.md\/ro\/wp-json\/wp\/v2\/pages\/4905\/revisions"}],"wp:attachment":[{"href":"https:\/\/holyland.md\/ro\/wp-json\/wp\/v2\/media?parent=4905"}],"curies":[{"name":"wp","href":"https:\/\/api.w.org\/{rel}","templated":true}]}}