{"id":4911,"date":"2021-06-25T16:01:48","date_gmt":"2021-06-25T13:01:48","guid":{"rendered":"https:\/\/holyland.md\/plati-si-returnare\/"},"modified":"2023-02-28T16:11:00","modified_gmt":"2023-02-28T13:11:00","slug":"plati-si-returnare","status":"publish","type":"page","link":"https:\/\/holyland.md\/ro\/plati-si-returnare\/","title":{"rendered":"Pla\u021bi \u0219i returnare"},"content":{"rendered":"<h2><span style=\"font-weight: 400;\">Plata pentru produse<\/span><\/h2>\n<p><b>Pre\u021bul produselor de pe site este indicat \u00een euro (\u20ac), dar plata se face \u00een lei moldovene\u0219ti (MDL) la rata BNM \u00een ziua pl\u0103\u021bii.<\/b><\/p>\n<p><span style=\"font-weight: 400;\">Plata produselor de pe site-ul www.holyland.md se face:<\/span><\/p>\n<ul>\n<li><span style=\"font-weight: 400;\">prin intermediul cardurilor bancare (VISA ELECTRON\/VISA CLASIC\/MAESTRO\/MASTER CARD) a serviciului de plat\u0103 online al <b>Moldova Agroindbank (maib)<\/b>;<\/span><\/li>\n<li><span style=\"font-weight: 400;\">prin intermediul serviciului <\/span><b>paynet.md<\/b><span style=\"font-weight: 400;\">.<\/span><\/li>\n<\/ul>\n<h3><span style=\"font-weight: 400;\">Card Visa \/ MasterCard<\/span><\/h3>\n<p><span style=\"font-weight: 400;\">Plata cu cardul de credit este una dintre cele mai frecvente metode de plat\u0103, deoarece o pute\u021bi face cu u\u0219urin\u021b\u0103 direct de pe computer sau telefon.<\/span><\/p>\n<p><span style=\"font-weight: 400;\">\u00cen formularul de plat\u0103, va trebui s\u0103 completa\u021bi c\u00e2mpurile indicate folosind informa\u021biile indicate pe cardul dvs., de exemplu:<\/span><\/p>\n<ul>\n<li style=\"font-weight: 400;\" aria-level=\"1\"><span style=\"font-weight: 400;\">Num\u0103r de card<\/span><\/li>\n<li style=\"font-weight: 400;\" aria-level=\"1\"><span style=\"font-weight: 400;\">Data expir\u0103rii (lun\u0103, an)<\/span><\/li>\n<li style=\"font-weight: 400;\" aria-level=\"1\"><span style=\"font-weight: 400;\">numele detinatorului cardului<\/span><\/li>\n<li style=\"font-weight: 400;\" aria-level=\"1\"><span style=\"font-weight: 400;\">Cod po\u0219tal<\/span><\/li>\n<li style=\"font-weight: 400;\" aria-level=\"1\"><span style=\"font-weight: 400;\">Ora\u0219<\/span><\/li>\n<li style=\"font-weight: 400;\" aria-level=\"1\"><span style=\"font-weight: 400;\">Adresa De Facturare<\/span><\/li>\n<li style=\"font-weight: 400;\" aria-level=\"1\"><span style=\"font-weight: 400;\">CVC\/CVV<\/span><\/li>\n<\/ul>\n<h2><b>Algoritm de plat\u0103<\/b><\/h2>\n<p><span style=\"font-weight: 400;\">Ad\u0103uga\u021bi produsele dorite \u00een \u201eCo\u0219\u201d f\u0103c\u00e2nd clic pe butonul \u201eCump\u0103ra\u021bi\u201d de pe cardul produsului corespunz\u0103tor.<\/span><\/p>\n<p><span style=\"font-weight: 400;\">Ve\u021bi fi redirec\u021bionat c\u0103tre co\u0219, unde pute\u021bi edita tipul \u0219i cantitatea produsului dorit, dup\u0103 care ar trebui s\u0103 face\u021bi clic pe butonul \u201eCheckout\u201d.<\/span><\/p>\n<p><span style=\"font-weight: 400;\">Va trebui s\u0103 introduce\u021bi datele \u00een formularul propus pentru a efectua o plat\u0103.<\/span><\/p>\n<p><span style=\"font-weight: 400;\">Selecta\u021bi metoda de plat\u0103 \u0219i face\u021bi clic pe \u201eConfirma\u021bi comanda\u201d.<\/span><\/p>\n<p><span style=\"font-weight: 400;\">\u00cen c\u00e2mpurile \u00een care vi se solicit\u0103 o adres\u0103, trebuie s\u0103 specifica\u021bi adresa de facturare &#8211; adresa la care este \u00eenregistrat contul bancar.<\/span><\/p>\n<p>\u00cen cazul \u00een care adresa de livrare nu corespunde cu adresa la care este \u00eenregistrat contul bancar, specifica\u021bi adresa de livrare \u00een c\u00e2mpurile corespunz\u0103toare de la &#8222;Livrare la o alt\u0103 adres\u0103?&#8221;.<\/p>\n<p>Livrarea este gratuit\u0103 pe \u00eentreg teritoriul Republicii Moldova \u0219i se face prin serviciul po\u0219tal Po\u0219ta Moldovei.<br \/>\nTermen de livrare: de la 1 p\u00e2n\u0103 la 5 zile lucr\u0103toare de la data plas\u0103rii comenzii.<\/p>\n<h2><b>Ce se \u00eent\u00e2mpl\u0103 dac\u0103 plata nu a fost transferat\u0103?<\/b><\/h2>\n<p><span style=\"font-weight: 400;\">Dac\u0103 plata nu a fost transferat\u0103 \u00een decurs de o zi lucr\u0103toare, v\u0103 rug\u0103m s\u0103 contacta\u021bi asisten\u021ba. Pentru a rezolva aceast\u0103 problem\u0103, v\u0103 rug\u0103m s\u0103 furniza\u021bi urm\u0103toarele informa\u021bii despre dvs.:<\/span><\/p>\n<ul>\n<li style=\"font-weight: 400;\" aria-level=\"1\"><span style=\"font-weight: 400;\">numar de cont<\/span><\/li>\n<li style=\"font-weight: 400;\" aria-level=\"1\"><span style=\"font-weight: 400;\">metoda de plat\u0103 la alegere<\/span><\/li>\n<li style=\"font-weight: 400;\" aria-level=\"1\"><span style=\"font-weight: 400;\">suma introdus\u0103 pentru completarea contului<\/span><\/li>\n<\/ul>\n<h2><span style=\"font-weight: 400;\">Ramburs\u0103ri<\/span><\/h2>\n<p><span style=\"font-weight: 400;\">Pute\u021bi returna sau schimba un produs \u00een termen de 14 zile de la achizi\u021bionarea acestuia.<\/span><\/p>\n<p><span style=\"font-weight: 400;\">Pentru a efectua o returnare sau un schimb de m\u0103rfuri, v\u0103 rug\u0103m s\u0103 contacta\u021bi Serviciul nostru pentru clien\u021bi la <\/span><a href=\"mailto:info@www.holyland.md\"><span style=\"font-weight: 400;\">info@www.holyland.md<\/span><\/a><span style=\"font-weight: 400;\"> \u0219i include\u021bi informa\u021biile de mai sus, precum \u0219i motivul return\u0103rii sau schimbului. Solicitarea dvs. va fi procesat\u0103 \u00een termen de 5 (cinci) zile lucr\u0103toare.<\/span><\/p>\n","protected":false},"excerpt":{"rendered":"","protected":false},"author":1,"featured_media":0,"parent":0,"menu_order":0,"comment_status":"closed","ping_status":"closed","template":"","meta":{"footnotes":""},"class_list":["post-4911","page","type-page","status-publish"],"yoast_head":"<!-- This site is optimized with the Yoast SEO plugin v23.3 - https:\/\/yoast.com\/wordpress\/plugins\/seo\/ -->\n<title>Pla\u021bi \u0219i returnare | Holy Land Cosmetics<\/title>\n<meta name=\"robots\" content=\"index, nofollow, max-snippet:-1, max-image-preview:large, max-video-preview:-1\" \/>\n<link rel=\"canonical\" href=\"https:\/\/holyland.md\/ro\/plati-si-returnare\/\" \/>\n<meta property=\"og:locale\" content=\"ro_RO\" \/>\n<meta property=\"og:type\" content=\"article\" \/>\n<meta property=\"og:title\" content=\"Pla\u021bi \u0219i returnare | Holy Land Cosmetics\" \/>\n<meta property=\"og:url\" content=\"https:\/\/holyland.md\/ro\/plati-si-returnare\/\" \/>\n<meta property=\"og:site_name\" content=\"Holy Land Cosmetics\" \/>\n<meta property=\"article:modified_time\" content=\"2023-02-28T13:11:00+00:00\" \/>\n<meta name=\"twitter:card\" content=\"summary_large_image\" \/>\n<meta name=\"twitter:label1\" content=\"Timp estimat pentru citire\" \/>\n\t<meta name=\"twitter:data1\" content=\"3 minute\" \/>\n<script type=\"application\/ld+json\" class=\"yoast-schema-graph\">{\"@context\":\"https:\/\/schema.org\",\"@graph\":[{\"@type\":\"WebPage\",\"@id\":\"https:\/\/holyland.md\/ro\/plati-si-returnare\/\",\"url\":\"https:\/\/holyland.md\/ro\/plati-si-returnare\/\",\"name\":\"Pla\u021bi \u0219i returnare | Holy Land Cosmetics\",\"isPartOf\":{\"@id\":\"https:\/\/holyland.md\/ro\/#website\"},\"datePublished\":\"2021-06-25T13:01:48+00:00\",\"dateModified\":\"2023-02-28T13:11:00+00:00\",\"breadcrumb\":{\"@id\":\"https:\/\/holyland.md\/ro\/plati-si-returnare\/#breadcrumb\"},\"inLanguage\":\"ro-RO\",\"potentialAction\":[{\"@type\":\"ReadAction\",\"target\":[\"https:\/\/holyland.md\/ro\/plati-si-returnare\/\"]}]},{\"@type\":\"BreadcrumbList\",\"@id\":\"https:\/\/holyland.md\/ro\/plati-si-returnare\/#breadcrumb\",\"itemListElement\":[{\"@type\":\"ListItem\",\"position\":1,\"name\":\"\u0413\u043b\u0430\u0432\u043d\u0430\u044f \u0441\u0442\u0440\u0430\u043d\u0438\u0446\u0430\",\"item\":\"https:\/\/holyland.md\/ro\/\"},{\"@type\":\"ListItem\",\"position\":2,\"name\":\"Pla\u021bi \u0219i returnare\"}]},{\"@type\":\"WebSite\",\"@id\":\"https:\/\/holyland.md\/ro\/#website\",\"url\":\"https:\/\/holyland.md\/ro\/\",\"name\":\"Holy Land Cosmetics\",\"description\":\"\",\"publisher\":{\"@id\":\"https:\/\/holyland.md\/ro\/#organization\"},\"potentialAction\":[{\"@type\":\"SearchAction\",\"target\":{\"@type\":\"EntryPoint\",\"urlTemplate\":\"https:\/\/holyland.md\/ro\/?s={search_term_string}\"},\"query-input\":\"required name=search_term_string\"}],\"inLanguage\":\"ro-RO\"},{\"@type\":\"Organization\",\"@id\":\"https:\/\/holyland.md\/ro\/#organization\",\"name\":\"Holy Land Cosmetics\",\"url\":\"https:\/\/holyland.md\/ro\/\",\"logo\":{\"@type\":\"ImageObject\",\"inLanguage\":\"ro-RO\",\"@id\":\"https:\/\/holyland.md\/ro\/#\/schema\/logo\/image\/\",\"url\":\"https:\/\/holyland.md\/wp-content\/uploads\/2020\/03\/hl-always-active.png\",\"contentUrl\":\"https:\/\/holyland.md\/wp-content\/uploads\/2020\/03\/hl-always-active.png\",\"width\":1437,\"height\":892,\"caption\":\"Holy Land Cosmetics\"},\"image\":{\"@id\":\"https:\/\/holyland.md\/ro\/#\/schema\/logo\/image\/\"}}]}<\/script>\n<!-- \/ Yoast SEO plugin. -->","yoast_head_json":{"title":"Pla\u021bi \u0219i returnare | Holy Land Cosmetics","robots":{"index":"index","follow":"nofollow","max-snippet":"max-snippet:-1","max-image-preview":"max-image-preview:large","max-video-preview":"max-video-preview:-1"},"canonical":"https:\/\/holyland.md\/ro\/plati-si-returnare\/","og_locale":"ro_RO","og_type":"article","og_title":"Pla\u021bi \u0219i returnare | Holy Land Cosmetics","og_url":"https:\/\/holyland.md\/ro\/plati-si-returnare\/","og_site_name":"Holy Land Cosmetics","article_modified_time":"2023-02-28T13:11:00+00:00","twitter_card":"summary_large_image","twitter_misc":{"Timp estimat pentru citire":"3 minute"},"schema":{"@context":"https:\/\/schema.org","@graph":[{"@type":"WebPage","@id":"https:\/\/holyland.md\/ro\/plati-si-returnare\/","url":"https:\/\/holyland.md\/ro\/plati-si-returnare\/","name":"Pla\u021bi \u0219i returnare | Holy Land Cosmetics","isPartOf":{"@id":"https:\/\/holyland.md\/ro\/#website"},"datePublished":"2021-06-25T13:01:48+00:00","dateModified":"2023-02-28T13:11:00+00:00","breadcrumb":{"@id":"https:\/\/holyland.md\/ro\/plati-si-returnare\/#breadcrumb"},"inLanguage":"ro-RO","potentialAction":[{"@type":"ReadAction","target":["https:\/\/holyland.md\/ro\/plati-si-returnare\/"]}]},{"@type":"BreadcrumbList","@id":"https:\/\/holyland.md\/ro\/plati-si-returnare\/#breadcrumb","itemListElement":[{"@type":"ListItem","position":1,"name":"\u0413\u043b\u0430\u0432\u043d\u0430\u044f \u0441\u0442\u0440\u0430\u043d\u0438\u0446\u0430","item":"https:\/\/holyland.md\/ro\/"},{"@type":"ListItem","position":2,"name":"Pla\u021bi \u0219i returnare"}]},{"@type":"WebSite","@id":"https:\/\/holyland.md\/ro\/#website","url":"https:\/\/holyland.md\/ro\/","name":"Holy Land Cosmetics","description":"","publisher":{"@id":"https:\/\/holyland.md\/ro\/#organization"},"potentialAction":[{"@type":"SearchAction","target":{"@type":"EntryPoint","urlTemplate":"https:\/\/holyland.md\/ro\/?s={search_term_string}"},"query-input":"required name=search_term_string"}],"inLanguage":"ro-RO"},{"@type":"Organization","@id":"https:\/\/holyland.md\/ro\/#organization","name":"Holy Land Cosmetics","url":"https:\/\/holyland.md\/ro\/","logo":{"@type":"ImageObject","inLanguage":"ro-RO","@id":"https:\/\/holyland.md\/ro\/#\/schema\/logo\/image\/","url":"https:\/\/holyland.md\/wp-content\/uploads\/2020\/03\/hl-always-active.png","contentUrl":"https:\/\/holyland.md\/wp-content\/uploads\/2020\/03\/hl-always-active.png","width":1437,"height":892,"caption":"Holy Land Cosmetics"},"image":{"@id":"https:\/\/holyland.md\/ro\/#\/schema\/logo\/image\/"}}]}},"_links":{"self":[{"href":"https:\/\/holyland.md\/ro\/wp-json\/wp\/v2\/pages\/4911"}],"collection":[{"href":"https:\/\/holyland.md\/ro\/wp-json\/wp\/v2\/pages"}],"about":[{"href":"https:\/\/holyland.md\/ro\/wp-json\/wp\/v2\/types\/page"}],"author":[{"embeddable":true,"href":"https:\/\/holyland.md\/ro\/wp-json\/wp\/v2\/users\/1"}],"replies":[{"embeddable":true,"href":"https:\/\/holyland.md\/ro\/wp-json\/wp\/v2\/comments?post=4911"}],"version-history":[{"count":0,"href":"https:\/\/holyland.md\/ro\/wp-json\/wp\/v2\/pages\/4911\/revisions"}],"wp:attachment":[{"href":"https:\/\/holyland.md\/ro\/wp-json\/wp\/v2\/media?parent=4911"}],"curies":[{"name":"wp","href":"https:\/\/api.w.org\/{rel}","templated":true}]}}