{"id":1457,"date":"2020-04-24T15:15:02","date_gmt":"2020-04-24T12:15:02","guid":{"rendered":"https:\/\/holyland.md\/product\/age-control-firming-serum\/"},"modified":"2026-03-24T14:48:17","modified_gmt":"2026-03-24T11:48:17","slug":"age-control-firming-serum","status":"publish","type":"product","link":"https:\/\/holyland.md\/ro\/product\/age-control-firming-serum\/","title":{"rendered":"AGE CONTROL FIRMING SERUM"},"content":{"rendered":"<p>Serum activ, care red\u0103 fermitate \u021besuturilor datorit\u0103 con\u021binerii de fitoestrogeni, peptide regulatorii \u0219i proteine vegetale.<\/p>\n<p><strong>Principii active:<\/strong><\/p>\n<p>Extract de hamamelis, extract de alge brune, isoflavonoizi de soia, palmitoleilpentapeptide-4, m\u0103tase hidrolizat\u0103, extract de spirulina, extract de grapefruit, extract de ceai verde, proteina hidrolizat\u0103 de gr\u00eeu.<\/p>\n<p><strong>Mod de folosire:<\/strong><\/p>\n<p>De aplicat pe pielea curat\u0103 prin mi\u0219c\u0103ri u\u0219oare de masaj, concentr\u00e2ndu-se pe zone, care necesit\u0103 mai mult\u0103 aten\u021bie. De folosit 1-2 ori pe zi \u00eenainte de aplicarea cremei. Sunt posibile recomand\u0103ri speciale ale cosmetologului Dumeavoastr\u0103.<\/p>\n","protected":false},"excerpt":{"rendered":"<p>Volum: 30 ml<\/p>\n","protected":false},"featured_media":3960,"template":"","meta":[],"product_cat":[92,128],"product_tag":[],"class_list":{"0":"post-1457","1":"product","2":"type-product","3":"status-publish","4":"has-post-thumbnail","6":"product_cat-age-control-hl","7":"product_cat-concentrate","9":"first","10":"instock","11":"shipping-taxable","12":"purchasable","13":"product-type-simple"},"yoast_head":"<!-- This site is optimized with the Yoast SEO plugin v23.3 - https:\/\/yoast.com\/wordpress\/plugins\/seo\/ -->\n<title>AGE CONTROL FIRMING SERUM | Holy Land Cosmetics<\/title>\n<meta name=\"robots\" content=\"index, follow, max-snippet:-1, max-image-preview:large, max-video-preview:-1\" \/>\n<link rel=\"canonical\" href=\"https:\/\/holyland.md\/ro\/product\/age-control-firming-serum\/\" \/>\n<meta property=\"og:locale\" content=\"ro_RO\" \/>\n<meta property=\"og:type\" content=\"article\" \/>\n<meta property=\"og:title\" content=\"AGE CONTROL FIRMING SERUM | Holy Land Cosmetics\" \/>\n<meta property=\"og:description\" content=\"Volum: 30 ml\" \/>\n<meta property=\"og:url\" content=\"https:\/\/holyland.md\/ro\/product\/age-control-firming-serum\/\" \/>\n<meta property=\"og:site_name\" content=\"Holy Land Cosmetics\" \/>\n<meta property=\"article:modified_time\" content=\"2026-03-24T11:48:17+00:00\" \/>\n<meta property=\"og:image\" content=\"https:\/\/holyland.md\/wp-content\/uploads\/2020\/04\/AGE-CONT-FIRMING-SERUM-1-1.jpg\" \/>\n\t<meta property=\"og:image:width\" content=\"1000\" \/>\n\t<meta property=\"og:image:height\" content=\"1000\" \/>\n\t<meta property=\"og:image:type\" content=\"image\/jpeg\" \/>\n<meta name=\"twitter:card\" content=\"summary_large_image\" \/>\n<meta name=\"twitter:label1\" content=\"Timp estimat pentru citire\" \/>\n\t<meta name=\"twitter:data1\" content=\"1 minut\" \/>\n<script type=\"application\/ld+json\" class=\"yoast-schema-graph\">{\"@context\":\"https:\/\/schema.org\",\"@graph\":[{\"@type\":\"WebPage\",\"@id\":\"https:\/\/holyland.md\/ro\/product\/age-control-firming-serum\/\",\"url\":\"https:\/\/holyland.md\/ro\/product\/age-control-firming-serum\/\",\"name\":\"AGE CONTROL FIRMING SERUM | Holy Land Cosmetics\",\"isPartOf\":{\"@id\":\"https:\/\/holyland.md\/ro\/#website\"},\"primaryImageOfPage\":{\"@id\":\"https:\/\/holyland.md\/ro\/product\/age-control-firming-serum\/#primaryimage\"},\"image\":{\"@id\":\"https:\/\/holyland.md\/ro\/product\/age-control-firming-serum\/#primaryimage\"},\"thumbnailUrl\":\"https:\/\/holyland.md\/wp-content\/uploads\/2020\/04\/AGE-CONT-FIRMING-SERUM-1-1.jpg\",\"datePublished\":\"2020-04-24T12:15:02+00:00\",\"dateModified\":\"2026-03-24T11:48:17+00:00\",\"breadcrumb\":{\"@id\":\"https:\/\/holyland.md\/ro\/product\/age-control-firming-serum\/#breadcrumb\"},\"inLanguage\":\"ro-RO\",\"potentialAction\":[{\"@type\":\"ReadAction\",\"target\":[\"https:\/\/holyland.md\/ro\/product\/age-control-firming-serum\/\"]}]},{\"@type\":\"ImageObject\",\"inLanguage\":\"ro-RO\",\"@id\":\"https:\/\/holyland.md\/ro\/product\/age-control-firming-serum\/#primaryimage\",\"url\":\"https:\/\/holyland.md\/wp-content\/uploads\/2020\/04\/AGE-CONT-FIRMING-SERUM-1-1.jpg\",\"contentUrl\":\"https:\/\/holyland.md\/wp-content\/uploads\/2020\/04\/AGE-CONT-FIRMING-SERUM-1-1.jpg\",\"width\":1000,\"height\":1000,\"caption\":\"AGE-CONT-SERUM\"},{\"@type\":\"BreadcrumbList\",\"@id\":\"https:\/\/holyland.md\/ro\/product\/age-control-firming-serum\/#breadcrumb\",\"itemListElement\":[{\"@type\":\"ListItem\",\"position\":1,\"name\":\"\u0413\u043b\u0430\u0432\u043d\u0430\u044f \u0441\u0442\u0440\u0430\u043d\u0438\u0446\u0430\",\"item\":\"https:\/\/holyland.md\/ro\/\"},{\"@type\":\"ListItem\",\"position\":2,\"name\":\"Catalog produse HolyLand\",\"item\":\"https:\/\/holyland.md\/ro\/catalog\/\"},{\"@type\":\"ListItem\",\"position\":3,\"name\":\"AGE CONTROL FIRMING SERUM\"}]},{\"@type\":\"WebSite\",\"@id\":\"https:\/\/holyland.md\/ro\/#website\",\"url\":\"https:\/\/holyland.md\/ro\/\",\"name\":\"Holy Land Cosmetics\",\"description\":\"\",\"publisher\":{\"@id\":\"https:\/\/holyland.md\/ro\/#organization\"},\"potentialAction\":[{\"@type\":\"SearchAction\",\"target\":{\"@type\":\"EntryPoint\",\"urlTemplate\":\"https:\/\/holyland.md\/ro\/?s={search_term_string}\"},\"query-input\":\"required name=search_term_string\"}],\"inLanguage\":\"ro-RO\"},{\"@type\":\"Organization\",\"@id\":\"https:\/\/holyland.md\/ro\/#organization\",\"name\":\"Holy Land Cosmetics\",\"url\":\"https:\/\/holyland.md\/ro\/\",\"logo\":{\"@type\":\"ImageObject\",\"inLanguage\":\"ro-RO\",\"@id\":\"https:\/\/holyland.md\/ro\/#\/schema\/logo\/image\/\",\"url\":\"https:\/\/holyland.md\/wp-content\/uploads\/2020\/03\/hl-always-active.png\",\"contentUrl\":\"https:\/\/holyland.md\/wp-content\/uploads\/2020\/03\/hl-always-active.png\",\"width\":1437,\"height\":892,\"caption\":\"Holy Land Cosmetics\"},\"image\":{\"@id\":\"https:\/\/holyland.md\/ro\/#\/schema\/logo\/image\/\"}}]}<\/script>\n<!-- \/ Yoast SEO plugin. -->","yoast_head_json":{"title":"AGE CONTROL FIRMING SERUM | Holy Land Cosmetics","robots":{"index":"index","follow":"follow","max-snippet":"max-snippet:-1","max-image-preview":"max-image-preview:large","max-video-preview":"max-video-preview:-1"},"canonical":"https:\/\/holyland.md\/ro\/product\/age-control-firming-serum\/","og_locale":"ro_RO","og_type":"article","og_title":"AGE CONTROL FIRMING SERUM | Holy Land Cosmetics","og_description":"Volum: 30 ml","og_url":"https:\/\/holyland.md\/ro\/product\/age-control-firming-serum\/","og_site_name":"Holy Land Cosmetics","article_modified_time":"2026-03-24T11:48:17+00:00","og_image":[{"width":1000,"height":1000,"url":"https:\/\/holyland.md\/wp-content\/uploads\/2020\/04\/AGE-CONT-FIRMING-SERUM-1-1.jpg","type":"image\/jpeg"}],"twitter_card":"summary_large_image","twitter_misc":{"Timp estimat pentru citire":"1 minut"},"schema":{"@context":"https:\/\/schema.org","@graph":[{"@type":"WebPage","@id":"https:\/\/holyland.md\/ro\/product\/age-control-firming-serum\/","url":"https:\/\/holyland.md\/ro\/product\/age-control-firming-serum\/","name":"AGE CONTROL FIRMING SERUM | Holy Land Cosmetics","isPartOf":{"@id":"https:\/\/holyland.md\/ro\/#website"},"primaryImageOfPage":{"@id":"https:\/\/holyland.md\/ro\/product\/age-control-firming-serum\/#primaryimage"},"image":{"@id":"https:\/\/holyland.md\/ro\/product\/age-control-firming-serum\/#primaryimage"},"thumbnailUrl":"https:\/\/holyland.md\/wp-content\/uploads\/2020\/04\/AGE-CONT-FIRMING-SERUM-1-1.jpg","datePublished":"2020-04-24T12:15:02+00:00","dateModified":"2026-03-24T11:48:17+00:00","breadcrumb":{"@id":"https:\/\/holyland.md\/ro\/product\/age-control-firming-serum\/#breadcrumb"},"inLanguage":"ro-RO","potentialAction":[{"@type":"ReadAction","target":["https:\/\/holyland.md\/ro\/product\/age-control-firming-serum\/"]}]},{"@type":"ImageObject","inLanguage":"ro-RO","@id":"https:\/\/holyland.md\/ro\/product\/age-control-firming-serum\/#primaryimage","url":"https:\/\/holyland.md\/wp-content\/uploads\/2020\/04\/AGE-CONT-FIRMING-SERUM-1-1.jpg","contentUrl":"https:\/\/holyland.md\/wp-content\/uploads\/2020\/04\/AGE-CONT-FIRMING-SERUM-1-1.jpg","width":1000,"height":1000,"caption":"AGE-CONT-SERUM"},{"@type":"BreadcrumbList","@id":"https:\/\/holyland.md\/ro\/product\/age-control-firming-serum\/#breadcrumb","itemListElement":[{"@type":"ListItem","position":1,"name":"\u0413\u043b\u0430\u0432\u043d\u0430\u044f \u0441\u0442\u0440\u0430\u043d\u0438\u0446\u0430","item":"https:\/\/holyland.md\/ro\/"},{"@type":"ListItem","position":2,"name":"Catalog produse HolyLand","item":"https:\/\/holyland.md\/ro\/catalog\/"},{"@type":"ListItem","position":3,"name":"AGE CONTROL FIRMING SERUM"}]},{"@type":"WebSite","@id":"https:\/\/holyland.md\/ro\/#website","url":"https:\/\/holyland.md\/ro\/","name":"Holy Land Cosmetics","description":"","publisher":{"@id":"https:\/\/holyland.md\/ro\/#organization"},"potentialAction":[{"@type":"SearchAction","target":{"@type":"EntryPoint","urlTemplate":"https:\/\/holyland.md\/ro\/?s={search_term_string}"},"query-input":"required name=search_term_string"}],"inLanguage":"ro-RO"},{"@type":"Organization","@id":"https:\/\/holyland.md\/ro\/#organization","name":"Holy Land Cosmetics","url":"https:\/\/holyland.md\/ro\/","logo":{"@type":"ImageObject","inLanguage":"ro-RO","@id":"https:\/\/holyland.md\/ro\/#\/schema\/logo\/image\/","url":"https:\/\/holyland.md\/wp-content\/uploads\/2020\/03\/hl-always-active.png","contentUrl":"https:\/\/holyland.md\/wp-content\/uploads\/2020\/03\/hl-always-active.png","width":1437,"height":892,"caption":"Holy Land Cosmetics"},"image":{"@id":"https:\/\/holyland.md\/ro\/#\/schema\/logo\/image\/"}}]}},"_links":{"self":[{"href":"https:\/\/holyland.md\/ro\/wp-json\/wp\/v2\/product\/1457"}],"collection":[{"href":"https:\/\/holyland.md\/ro\/wp-json\/wp\/v2\/product"}],"about":[{"href":"https:\/\/holyland.md\/ro\/wp-json\/wp\/v2\/types\/product"}],"wp:featuredmedia":[{"embeddable":true,"href":"https:\/\/holyland.md\/ro\/wp-json\/wp\/v2\/media\/3960"}],"wp:attachment":[{"href":"https:\/\/holyland.md\/ro\/wp-json\/wp\/v2\/media?parent=1457"}],"wp:term":[{"taxonomy":"product_cat","embeddable":true,"href":"https:\/\/holyland.md\/ro\/wp-json\/wp\/v2\/product_cat?post=1457"},{"taxonomy":"product_tag","embeddable":true,"href":"https:\/\/holyland.md\/ro\/wp-json\/wp\/v2\/product_tag?post=1457"}],"curies":[{"name":"wp","href":"https:\/\/api.w.org\/{rel}","templated":true}]}}