{"id":1461,"date":"2020-04-24T14:55:51","date_gmt":"2020-04-24T11:55:51","guid":{"rendered":"https:\/\/holyland.md\/product\/age-control-super-lift\/"},"modified":"2026-03-23T15:07:49","modified_gmt":"2026-03-23T12:07:49","slug":"age-control-super-lift","status":"publish","type":"product","link":"https:\/\/holyland.md\/ro\/product\/age-control-super-lift\/","title":{"rendered":"AGE CONTROL SUPER LIFT"},"content":{"rendered":"<p>Serum combinat activ  cu efect de peeling. Acizi de fructe ac\u021bioneaz\u0103 foarte delicat, oferind produsului efectul exfolierii superficiale, cresc\u00e2nd totodat\u0103 permeabilitatea pielii pentru componente hr\u0103nitoare \u0219i anti-\u00eemb\u0103tr\u00e2nire. Revigorez\u0103 \u0219i lumineaz\u0103, uniformizeaz\u0103 culoarea pielii. \u00cembun\u0103t\u0103\u021be\u0219te circula\u021bia s\u00e2ngelui, cresc\u00e2nd astfel trofica \u021besutului \u0219i normaliz\u00e2nd procesele metabolice ale pielii. Ca urmare, pielea cap\u0103t\u0103 o str\u0103lucire caracteristic\u0103, se contract\u0103, iar elasticitatea \u0219i fermitatea acesteia cresc.<\/p>\n<p><strong>Principii active:<\/strong><\/p>\n<p>Extract de afine, de trestie de zah\u0103r, acid ascorbic, betain\u0103, acid glicolic, acid lactic, acid citric, acid salicilic, extract din semin\u0163e de struguri ro\u015fii, extract de l\u0103m\u00eeie, extract de smochine, extract de ar\u0163ar de zah\u0103r, extract de curmal\u0103, extract de portocale, retinol.<\/p>\n<p><strong>Mod de folosire:<\/strong><\/p>\n<p>Serum perfect se potrive\u0219te mini-procedurilor la domiciliu o dat\u0103 pe s\u0103pt\u0103m\u00e2n\u0103. Dup\u0103 cur\u0103\u021bare \u0219i tonifiere, se aplic\u0103 un strat sub\u021bire uniform pe \u00eentreaga suprafa\u021b\u0103, acord\u00e2nd o aten\u021bie deosebit\u0103 zonelor cu riduri sau deformare a ovalului fe\u021bei. Dup\u0103 10-15 minute, se cl\u0103te\u0219te cu ap\u0103 cald\u0103. Evita\u021bi contactul cu ochii! Procedura se \u00eencheie prin aplicarea a unei m\u0103\u0219ti potrivite.<\/p>\n","protected":false},"excerpt":{"rendered":"<p>Volum: 50 ml<\/p>\n","protected":false},"featured_media":4059,"template":"","meta":[],"product_cat":[92],"product_tag":[],"class_list":{"0":"post-1461","1":"product","2":"type-product","3":"status-publish","4":"has-post-thumbnail","6":"product_cat-age-control-hl","8":"first","9":"instock","10":"shipping-taxable","11":"purchasable","12":"product-type-simple"},"yoast_head":"<!-- This site is optimized with the Yoast SEO plugin v23.3 - https:\/\/yoast.com\/wordpress\/plugins\/seo\/ -->\n<title>AGE CONTROL SUPER LIFT | Holy Land Cosmetics<\/title>\n<meta name=\"robots\" content=\"index, follow, max-snippet:-1, max-image-preview:large, max-video-preview:-1\" \/>\n<link rel=\"canonical\" href=\"https:\/\/holyland.md\/ro\/product\/age-control-super-lift\/\" \/>\n<meta property=\"og:locale\" content=\"ro_RO\" \/>\n<meta property=\"og:type\" content=\"article\" \/>\n<meta property=\"og:title\" content=\"AGE CONTROL SUPER LIFT | Holy Land Cosmetics\" \/>\n<meta property=\"og:description\" content=\"Volum: 50 ml\" \/>\n<meta property=\"og:url\" content=\"https:\/\/holyland.md\/ro\/product\/age-control-super-lift\/\" \/>\n<meta property=\"og:site_name\" content=\"Holy Land Cosmetics\" \/>\n<meta property=\"article:modified_time\" content=\"2026-03-23T12:07:49+00:00\" \/>\n<meta property=\"og:image\" content=\"https:\/\/holyland.md\/wp-content\/uploads\/2020\/04\/AGE-CONT-SUPER-LIFT-3.jpg\" \/>\n\t<meta property=\"og:image:width\" content=\"1000\" \/>\n\t<meta property=\"og:image:height\" content=\"1000\" \/>\n\t<meta property=\"og:image:type\" content=\"image\/jpeg\" \/>\n<meta name=\"twitter:card\" content=\"summary_large_image\" \/>\n<meta name=\"twitter:label1\" content=\"Timp estimat pentru citire\" \/>\n\t<meta name=\"twitter:data1\" content=\"2 minute\" \/>\n<script type=\"application\/ld+json\" class=\"yoast-schema-graph\">{\"@context\":\"https:\/\/schema.org\",\"@graph\":[{\"@type\":\"WebPage\",\"@id\":\"https:\/\/holyland.md\/ro\/product\/age-control-super-lift\/\",\"url\":\"https:\/\/holyland.md\/ro\/product\/age-control-super-lift\/\",\"name\":\"AGE CONTROL SUPER LIFT | Holy Land Cosmetics\",\"isPartOf\":{\"@id\":\"https:\/\/holyland.md\/ro\/#website\"},\"primaryImageOfPage\":{\"@id\":\"https:\/\/holyland.md\/ro\/product\/age-control-super-lift\/#primaryimage\"},\"image\":{\"@id\":\"https:\/\/holyland.md\/ro\/product\/age-control-super-lift\/#primaryimage\"},\"thumbnailUrl\":\"https:\/\/holyland.md\/wp-content\/uploads\/2020\/04\/AGE-CONT-SUPER-LIFT-3.jpg\",\"datePublished\":\"2020-04-24T11:55:51+00:00\",\"dateModified\":\"2026-03-23T12:07:49+00:00\",\"breadcrumb\":{\"@id\":\"https:\/\/holyland.md\/ro\/product\/age-control-super-lift\/#breadcrumb\"},\"inLanguage\":\"ro-RO\",\"potentialAction\":[{\"@type\":\"ReadAction\",\"target\":[\"https:\/\/holyland.md\/ro\/product\/age-control-super-lift\/\"]}]},{\"@type\":\"ImageObject\",\"inLanguage\":\"ro-RO\",\"@id\":\"https:\/\/holyland.md\/ro\/product\/age-control-super-lift\/#primaryimage\",\"url\":\"https:\/\/holyland.md\/wp-content\/uploads\/2020\/04\/AGE-CONT-SUPER-LIFT-3.jpg\",\"contentUrl\":\"https:\/\/holyland.md\/wp-content\/uploads\/2020\/04\/AGE-CONT-SUPER-LIFT-3.jpg\",\"width\":1000,\"height\":1000,\"caption\":\"AGE-CONT-SUPER-LIFT\"},{\"@type\":\"BreadcrumbList\",\"@id\":\"https:\/\/holyland.md\/ro\/product\/age-control-super-lift\/#breadcrumb\",\"itemListElement\":[{\"@type\":\"ListItem\",\"position\":1,\"name\":\"\u0413\u043b\u0430\u0432\u043d\u0430\u044f \u0441\u0442\u0440\u0430\u043d\u0438\u0446\u0430\",\"item\":\"https:\/\/holyland.md\/ro\/\"},{\"@type\":\"ListItem\",\"position\":2,\"name\":\"Catalog produse HolyLand\",\"item\":\"https:\/\/holyland.md\/ro\/catalog\/\"},{\"@type\":\"ListItem\",\"position\":3,\"name\":\"AGE CONTROL SUPER LIFT\"}]},{\"@type\":\"WebSite\",\"@id\":\"https:\/\/holyland.md\/ro\/#website\",\"url\":\"https:\/\/holyland.md\/ro\/\",\"name\":\"Holy Land Cosmetics\",\"description\":\"\",\"publisher\":{\"@id\":\"https:\/\/holyland.md\/ro\/#organization\"},\"potentialAction\":[{\"@type\":\"SearchAction\",\"target\":{\"@type\":\"EntryPoint\",\"urlTemplate\":\"https:\/\/holyland.md\/ro\/?s={search_term_string}\"},\"query-input\":\"required name=search_term_string\"}],\"inLanguage\":\"ro-RO\"},{\"@type\":\"Organization\",\"@id\":\"https:\/\/holyland.md\/ro\/#organization\",\"name\":\"Holy Land Cosmetics\",\"url\":\"https:\/\/holyland.md\/ro\/\",\"logo\":{\"@type\":\"ImageObject\",\"inLanguage\":\"ro-RO\",\"@id\":\"https:\/\/holyland.md\/ro\/#\/schema\/logo\/image\/\",\"url\":\"https:\/\/holyland.md\/wp-content\/uploads\/2020\/03\/hl-always-active.png\",\"contentUrl\":\"https:\/\/holyland.md\/wp-content\/uploads\/2020\/03\/hl-always-active.png\",\"width\":1437,\"height\":892,\"caption\":\"Holy Land Cosmetics\"},\"image\":{\"@id\":\"https:\/\/holyland.md\/ro\/#\/schema\/logo\/image\/\"}}]}<\/script>\n<!-- \/ Yoast SEO plugin. -->","yoast_head_json":{"title":"AGE CONTROL SUPER LIFT | Holy Land Cosmetics","robots":{"index":"index","follow":"follow","max-snippet":"max-snippet:-1","max-image-preview":"max-image-preview:large","max-video-preview":"max-video-preview:-1"},"canonical":"https:\/\/holyland.md\/ro\/product\/age-control-super-lift\/","og_locale":"ro_RO","og_type":"article","og_title":"AGE CONTROL SUPER LIFT | Holy Land Cosmetics","og_description":"Volum: 50 ml","og_url":"https:\/\/holyland.md\/ro\/product\/age-control-super-lift\/","og_site_name":"Holy Land Cosmetics","article_modified_time":"2026-03-23T12:07:49+00:00","og_image":[{"width":1000,"height":1000,"url":"https:\/\/holyland.md\/wp-content\/uploads\/2020\/04\/AGE-CONT-SUPER-LIFT-3.jpg","type":"image\/jpeg"}],"twitter_card":"summary_large_image","twitter_misc":{"Timp estimat pentru citire":"2 minute"},"schema":{"@context":"https:\/\/schema.org","@graph":[{"@type":"WebPage","@id":"https:\/\/holyland.md\/ro\/product\/age-control-super-lift\/","url":"https:\/\/holyland.md\/ro\/product\/age-control-super-lift\/","name":"AGE CONTROL SUPER LIFT | Holy Land Cosmetics","isPartOf":{"@id":"https:\/\/holyland.md\/ro\/#website"},"primaryImageOfPage":{"@id":"https:\/\/holyland.md\/ro\/product\/age-control-super-lift\/#primaryimage"},"image":{"@id":"https:\/\/holyland.md\/ro\/product\/age-control-super-lift\/#primaryimage"},"thumbnailUrl":"https:\/\/holyland.md\/wp-content\/uploads\/2020\/04\/AGE-CONT-SUPER-LIFT-3.jpg","datePublished":"2020-04-24T11:55:51+00:00","dateModified":"2026-03-23T12:07:49+00:00","breadcrumb":{"@id":"https:\/\/holyland.md\/ro\/product\/age-control-super-lift\/#breadcrumb"},"inLanguage":"ro-RO","potentialAction":[{"@type":"ReadAction","target":["https:\/\/holyland.md\/ro\/product\/age-control-super-lift\/"]}]},{"@type":"ImageObject","inLanguage":"ro-RO","@id":"https:\/\/holyland.md\/ro\/product\/age-control-super-lift\/#primaryimage","url":"https:\/\/holyland.md\/wp-content\/uploads\/2020\/04\/AGE-CONT-SUPER-LIFT-3.jpg","contentUrl":"https:\/\/holyland.md\/wp-content\/uploads\/2020\/04\/AGE-CONT-SUPER-LIFT-3.jpg","width":1000,"height":1000,"caption":"AGE-CONT-SUPER-LIFT"},{"@type":"BreadcrumbList","@id":"https:\/\/holyland.md\/ro\/product\/age-control-super-lift\/#breadcrumb","itemListElement":[{"@type":"ListItem","position":1,"name":"\u0413\u043b\u0430\u0432\u043d\u0430\u044f \u0441\u0442\u0440\u0430\u043d\u0438\u0446\u0430","item":"https:\/\/holyland.md\/ro\/"},{"@type":"ListItem","position":2,"name":"Catalog produse HolyLand","item":"https:\/\/holyland.md\/ro\/catalog\/"},{"@type":"ListItem","position":3,"name":"AGE CONTROL SUPER LIFT"}]},{"@type":"WebSite","@id":"https:\/\/holyland.md\/ro\/#website","url":"https:\/\/holyland.md\/ro\/","name":"Holy Land Cosmetics","description":"","publisher":{"@id":"https:\/\/holyland.md\/ro\/#organization"},"potentialAction":[{"@type":"SearchAction","target":{"@type":"EntryPoint","urlTemplate":"https:\/\/holyland.md\/ro\/?s={search_term_string}"},"query-input":"required name=search_term_string"}],"inLanguage":"ro-RO"},{"@type":"Organization","@id":"https:\/\/holyland.md\/ro\/#organization","name":"Holy Land Cosmetics","url":"https:\/\/holyland.md\/ro\/","logo":{"@type":"ImageObject","inLanguage":"ro-RO","@id":"https:\/\/holyland.md\/ro\/#\/schema\/logo\/image\/","url":"https:\/\/holyland.md\/wp-content\/uploads\/2020\/03\/hl-always-active.png","contentUrl":"https:\/\/holyland.md\/wp-content\/uploads\/2020\/03\/hl-always-active.png","width":1437,"height":892,"caption":"Holy Land Cosmetics"},"image":{"@id":"https:\/\/holyland.md\/ro\/#\/schema\/logo\/image\/"}}]}},"_links":{"self":[{"href":"https:\/\/holyland.md\/ro\/wp-json\/wp\/v2\/product\/1461"}],"collection":[{"href":"https:\/\/holyland.md\/ro\/wp-json\/wp\/v2\/product"}],"about":[{"href":"https:\/\/holyland.md\/ro\/wp-json\/wp\/v2\/types\/product"}],"wp:featuredmedia":[{"embeddable":true,"href":"https:\/\/holyland.md\/ro\/wp-json\/wp\/v2\/media\/4059"}],"wp:attachment":[{"href":"https:\/\/holyland.md\/ro\/wp-json\/wp\/v2\/media?parent=1461"}],"wp:term":[{"taxonomy":"product_cat","embeddable":true,"href":"https:\/\/holyland.md\/ro\/wp-json\/wp\/v2\/product_cat?post=1461"},{"taxonomy":"product_tag","embeddable":true,"href":"https:\/\/holyland.md\/ro\/wp-json\/wp\/v2\/product_tag?post=1461"}],"curies":[{"name":"wp","href":"https:\/\/api.w.org\/{rel}","templated":true}]}}