{"id":1466,"date":"2020-05-03T18:58:41","date_gmt":"2020-05-03T15:58:41","guid":{"rendered":"https:\/\/holyland.md\/product\/superlift-peel-with-alpha\/"},"modified":"2026-03-24T14:09:22","modified_gmt":"2026-03-24T11:09:22","slug":"superlift-peel-with-alpha","status":"publish","type":"product","link":"https:\/\/holyland.md\/ro\/product\/superlift-peel-with-alpha\/","title":{"rendered":"SUPERLIFT PEEL With Alpha Hydroxy Acids Retinol &#038; Grape Extract"},"content":{"rendered":"<p>Peeling facial combinat. Ideal \u00een cazul ridurilor fine multiple. \u00cendep\u0103rteaz\u0103 un strat de celule moarte, astfel revigoreaz\u0103, d\u00e2nd str\u0103lucire, uniformiz\u00e2nd culoare pielii. Cre\u0219te nivelul de hidratare a pielii, \u00eent\u0103re\u0219te \u0219i consolideaz\u0103, oferind efect anti-\u00eemb\u0103tr\u00e2nire.<\/p>\n<p><strong>Principii active:<\/strong><\/p>\n<p>Acizi Alpha Hiydroxilici, Acid Salicylic, Retinol, Extracte de Fig, Data \u015fi Struguri<\/p>\n<p><strong>Mod de folosire:<\/strong><\/p>\n<p>Se aplic\u0103 \u00eentr-un strat sub\u021bire uniform pe o piele cur\u0103\u021bat\u0103, \u0219i se  las\u0103 timp de 10-15 minute. Apoi se cl\u0103te\u0219te cu ap\u0103 curg\u0103toare. Se usuc\u0103 pielea \u0219i se aplic\u0103 produsul recomandat de specialistul Dvs. Evita\u021bi contactul cu ochii. Nu folosi\u021bi pe pielea deteriorat\u0103.<\/p>\n","protected":false},"excerpt":{"rendered":"<p>Volum: 50 ml<\/p>\n","protected":false},"featured_media":3895,"template":"","meta":[],"product_cat":[92,94,115,135],"product_tag":[],"class_list":{"0":"post-1466","1":"product","2":"type-product","3":"status-publish","4":"has-post-thumbnail","6":"product_cat-age-control-hl","7":"product_cat-alpha-complex-hl","8":"product_cat-peels-hl","9":"product_cat-peelinguri","11":"first","12":"outofstock","13":"shipping-taxable","14":"purchasable","15":"product-type-simple"},"yoast_head":"<!-- This site is optimized with the Yoast SEO plugin v23.3 - https:\/\/yoast.com\/wordpress\/plugins\/seo\/ -->\n<title>SUPERLIFT PEEL With Alpha Hydroxy Acids Retinol &amp; Grape Extract | Holy Land Cosmetics<\/title>\n<meta name=\"robots\" content=\"index, follow, max-snippet:-1, max-image-preview:large, max-video-preview:-1\" \/>\n<link rel=\"canonical\" href=\"https:\/\/holyland.md\/ro\/product\/superlift-peel-with-alpha\/\" \/>\n<meta property=\"og:locale\" content=\"ro_RO\" \/>\n<meta property=\"og:type\" content=\"article\" \/>\n<meta property=\"og:title\" content=\"SUPERLIFT PEEL With Alpha Hydroxy Acids Retinol &amp; Grape Extract | Holy Land Cosmetics\" \/>\n<meta property=\"og:description\" content=\"Volum: 50 ml\" \/>\n<meta property=\"og:url\" content=\"https:\/\/holyland.md\/ro\/product\/superlift-peel-with-alpha\/\" \/>\n<meta property=\"og:site_name\" content=\"Holy Land Cosmetics\" \/>\n<meta property=\"article:modified_time\" content=\"2026-03-24T11:09:22+00:00\" \/>\n<meta property=\"og:image\" content=\"https:\/\/holyland.md\/wp-content\/uploads\/2020\/05\/ALWAYS-ACTIVE-SUPERLIFT-PEEL-1.jpg\" \/>\n\t<meta property=\"og:image:width\" content=\"1000\" \/>\n\t<meta property=\"og:image:height\" content=\"1000\" \/>\n\t<meta property=\"og:image:type\" content=\"image\/jpeg\" \/>\n<meta name=\"twitter:card\" content=\"summary_large_image\" \/>\n<meta name=\"twitter:label1\" content=\"Timp estimat pentru citire\" \/>\n\t<meta name=\"twitter:data1\" content=\"1 minut\" \/>\n<script type=\"application\/ld+json\" class=\"yoast-schema-graph\">{\"@context\":\"https:\/\/schema.org\",\"@graph\":[{\"@type\":\"WebPage\",\"@id\":\"https:\/\/holyland.md\/ro\/product\/superlift-peel-with-alpha\/\",\"url\":\"https:\/\/holyland.md\/ro\/product\/superlift-peel-with-alpha\/\",\"name\":\"SUPERLIFT PEEL With Alpha Hydroxy Acids Retinol & Grape Extract | Holy Land Cosmetics\",\"isPartOf\":{\"@id\":\"https:\/\/holyland.md\/ro\/#website\"},\"primaryImageOfPage\":{\"@id\":\"https:\/\/holyland.md\/ro\/product\/superlift-peel-with-alpha\/#primaryimage\"},\"image\":{\"@id\":\"https:\/\/holyland.md\/ro\/product\/superlift-peel-with-alpha\/#primaryimage\"},\"thumbnailUrl\":\"https:\/\/holyland.md\/wp-content\/uploads\/2020\/05\/ALWAYS-ACTIVE-SUPERLIFT-PEEL-1.jpg\",\"datePublished\":\"2020-05-03T15:58:41+00:00\",\"dateModified\":\"2026-03-24T11:09:22+00:00\",\"breadcrumb\":{\"@id\":\"https:\/\/holyland.md\/ro\/product\/superlift-peel-with-alpha\/#breadcrumb\"},\"inLanguage\":\"ro-RO\",\"potentialAction\":[{\"@type\":\"ReadAction\",\"target\":[\"https:\/\/holyland.md\/ro\/product\/superlift-peel-with-alpha\/\"]}]},{\"@type\":\"ImageObject\",\"inLanguage\":\"ro-RO\",\"@id\":\"https:\/\/holyland.md\/ro\/product\/superlift-peel-with-alpha\/#primaryimage\",\"url\":\"https:\/\/holyland.md\/wp-content\/uploads\/2020\/05\/ALWAYS-ACTIVE-SUPERLIFT-PEEL-1.jpg\",\"contentUrl\":\"https:\/\/holyland.md\/wp-content\/uploads\/2020\/05\/ALWAYS-ACTIVE-SUPERLIFT-PEEL-1.jpg\",\"width\":1000,\"height\":1000,\"caption\":\"SUPERLIFT-PEEL\"},{\"@type\":\"BreadcrumbList\",\"@id\":\"https:\/\/holyland.md\/ro\/product\/superlift-peel-with-alpha\/#breadcrumb\",\"itemListElement\":[{\"@type\":\"ListItem\",\"position\":1,\"name\":\"\u0413\u043b\u0430\u0432\u043d\u0430\u044f \u0441\u0442\u0440\u0430\u043d\u0438\u0446\u0430\",\"item\":\"https:\/\/holyland.md\/ro\/\"},{\"@type\":\"ListItem\",\"position\":2,\"name\":\"Catalog produse HolyLand\",\"item\":\"https:\/\/holyland.md\/ro\/catalog\/\"},{\"@type\":\"ListItem\",\"position\":3,\"name\":\"SUPERLIFT PEEL With Alpha Hydroxy Acids Retinol &#038; Grape Extract\"}]},{\"@type\":\"WebSite\",\"@id\":\"https:\/\/holyland.md\/ro\/#website\",\"url\":\"https:\/\/holyland.md\/ro\/\",\"name\":\"Holy Land Cosmetics\",\"description\":\"\",\"publisher\":{\"@id\":\"https:\/\/holyland.md\/ro\/#organization\"},\"potentialAction\":[{\"@type\":\"SearchAction\",\"target\":{\"@type\":\"EntryPoint\",\"urlTemplate\":\"https:\/\/holyland.md\/ro\/?s={search_term_string}\"},\"query-input\":\"required name=search_term_string\"}],\"inLanguage\":\"ro-RO\"},{\"@type\":\"Organization\",\"@id\":\"https:\/\/holyland.md\/ro\/#organization\",\"name\":\"Holy Land Cosmetics\",\"url\":\"https:\/\/holyland.md\/ro\/\",\"logo\":{\"@type\":\"ImageObject\",\"inLanguage\":\"ro-RO\",\"@id\":\"https:\/\/holyland.md\/ro\/#\/schema\/logo\/image\/\",\"url\":\"https:\/\/holyland.md\/wp-content\/uploads\/2020\/03\/hl-always-active.png\",\"contentUrl\":\"https:\/\/holyland.md\/wp-content\/uploads\/2020\/03\/hl-always-active.png\",\"width\":1437,\"height\":892,\"caption\":\"Holy Land Cosmetics\"},\"image\":{\"@id\":\"https:\/\/holyland.md\/ro\/#\/schema\/logo\/image\/\"}}]}<\/script>\n<!-- \/ Yoast SEO plugin. -->","yoast_head_json":{"title":"SUPERLIFT PEEL With Alpha Hydroxy Acids Retinol & Grape Extract | Holy Land Cosmetics","robots":{"index":"index","follow":"follow","max-snippet":"max-snippet:-1","max-image-preview":"max-image-preview:large","max-video-preview":"max-video-preview:-1"},"canonical":"https:\/\/holyland.md\/ro\/product\/superlift-peel-with-alpha\/","og_locale":"ro_RO","og_type":"article","og_title":"SUPERLIFT PEEL With Alpha Hydroxy Acids Retinol & Grape Extract | Holy Land Cosmetics","og_description":"Volum: 50 ml","og_url":"https:\/\/holyland.md\/ro\/product\/superlift-peel-with-alpha\/","og_site_name":"Holy Land Cosmetics","article_modified_time":"2026-03-24T11:09:22+00:00","og_image":[{"width":1000,"height":1000,"url":"https:\/\/holyland.md\/wp-content\/uploads\/2020\/05\/ALWAYS-ACTIVE-SUPERLIFT-PEEL-1.jpg","type":"image\/jpeg"}],"twitter_card":"summary_large_image","twitter_misc":{"Timp estimat pentru citire":"1 minut"},"schema":{"@context":"https:\/\/schema.org","@graph":[{"@type":"WebPage","@id":"https:\/\/holyland.md\/ro\/product\/superlift-peel-with-alpha\/","url":"https:\/\/holyland.md\/ro\/product\/superlift-peel-with-alpha\/","name":"SUPERLIFT PEEL With Alpha Hydroxy Acids Retinol & Grape Extract | Holy Land Cosmetics","isPartOf":{"@id":"https:\/\/holyland.md\/ro\/#website"},"primaryImageOfPage":{"@id":"https:\/\/holyland.md\/ro\/product\/superlift-peel-with-alpha\/#primaryimage"},"image":{"@id":"https:\/\/holyland.md\/ro\/product\/superlift-peel-with-alpha\/#primaryimage"},"thumbnailUrl":"https:\/\/holyland.md\/wp-content\/uploads\/2020\/05\/ALWAYS-ACTIVE-SUPERLIFT-PEEL-1.jpg","datePublished":"2020-05-03T15:58:41+00:00","dateModified":"2026-03-24T11:09:22+00:00","breadcrumb":{"@id":"https:\/\/holyland.md\/ro\/product\/superlift-peel-with-alpha\/#breadcrumb"},"inLanguage":"ro-RO","potentialAction":[{"@type":"ReadAction","target":["https:\/\/holyland.md\/ro\/product\/superlift-peel-with-alpha\/"]}]},{"@type":"ImageObject","inLanguage":"ro-RO","@id":"https:\/\/holyland.md\/ro\/product\/superlift-peel-with-alpha\/#primaryimage","url":"https:\/\/holyland.md\/wp-content\/uploads\/2020\/05\/ALWAYS-ACTIVE-SUPERLIFT-PEEL-1.jpg","contentUrl":"https:\/\/holyland.md\/wp-content\/uploads\/2020\/05\/ALWAYS-ACTIVE-SUPERLIFT-PEEL-1.jpg","width":1000,"height":1000,"caption":"SUPERLIFT-PEEL"},{"@type":"BreadcrumbList","@id":"https:\/\/holyland.md\/ro\/product\/superlift-peel-with-alpha\/#breadcrumb","itemListElement":[{"@type":"ListItem","position":1,"name":"\u0413\u043b\u0430\u0432\u043d\u0430\u044f \u0441\u0442\u0440\u0430\u043d\u0438\u0446\u0430","item":"https:\/\/holyland.md\/ro\/"},{"@type":"ListItem","position":2,"name":"Catalog produse HolyLand","item":"https:\/\/holyland.md\/ro\/catalog\/"},{"@type":"ListItem","position":3,"name":"SUPERLIFT PEEL With Alpha Hydroxy Acids Retinol &#038; Grape Extract"}]},{"@type":"WebSite","@id":"https:\/\/holyland.md\/ro\/#website","url":"https:\/\/holyland.md\/ro\/","name":"Holy Land Cosmetics","description":"","publisher":{"@id":"https:\/\/holyland.md\/ro\/#organization"},"potentialAction":[{"@type":"SearchAction","target":{"@type":"EntryPoint","urlTemplate":"https:\/\/holyland.md\/ro\/?s={search_term_string}"},"query-input":"required name=search_term_string"}],"inLanguage":"ro-RO"},{"@type":"Organization","@id":"https:\/\/holyland.md\/ro\/#organization","name":"Holy Land Cosmetics","url":"https:\/\/holyland.md\/ro\/","logo":{"@type":"ImageObject","inLanguage":"ro-RO","@id":"https:\/\/holyland.md\/ro\/#\/schema\/logo\/image\/","url":"https:\/\/holyland.md\/wp-content\/uploads\/2020\/03\/hl-always-active.png","contentUrl":"https:\/\/holyland.md\/wp-content\/uploads\/2020\/03\/hl-always-active.png","width":1437,"height":892,"caption":"Holy Land Cosmetics"},"image":{"@id":"https:\/\/holyland.md\/ro\/#\/schema\/logo\/image\/"}}]}},"_links":{"self":[{"href":"https:\/\/holyland.md\/ro\/wp-json\/wp\/v2\/product\/1466"}],"collection":[{"href":"https:\/\/holyland.md\/ro\/wp-json\/wp\/v2\/product"}],"about":[{"href":"https:\/\/holyland.md\/ro\/wp-json\/wp\/v2\/types\/product"}],"wp:featuredmedia":[{"embeddable":true,"href":"https:\/\/holyland.md\/ro\/wp-json\/wp\/v2\/media\/3895"}],"wp:attachment":[{"href":"https:\/\/holyland.md\/ro\/wp-json\/wp\/v2\/media?parent=1466"}],"wp:term":[{"taxonomy":"product_cat","embeddable":true,"href":"https:\/\/holyland.md\/ro\/wp-json\/wp\/v2\/product_cat?post=1466"},{"taxonomy":"product_tag","embeddable":true,"href":"https:\/\/holyland.md\/ro\/wp-json\/wp\/v2\/product_tag?post=1466"}],"curies":[{"name":"wp","href":"https:\/\/api.w.org\/{rel}","templated":true}]}}