{"id":1507,"date":"2020-04-24T16:15:04","date_gmt":"2020-04-24T13:15:04","guid":{"rendered":"https:\/\/holyland.md\/product\/cc-cream-light-spf-50\/"},"modified":"2026-03-24T14:47:55","modified_gmt":"2026-03-24T11:47:55","slug":"cc-cream-light-spf-50","status":"publish","type":"product","link":"https:\/\/holyland.md\/ro\/product\/cc-cream-light-spf-50\/","title":{"rendered":"AGE DEFENSE CC CREAM SPF 50 LIGHT"},"content":{"rendered":"<p>Crem\u0103 multifunc\u021bional\u0103 inovativ\u0103 ultramodern\u0103. Incorporeaz\u0103 cele mai bune practici din ultimele decenii \u0219i satisface \u00een mod ideal nevoile clientului. Produsul se bazeaz\u0103 pe o emulsie proteic\u0103. Proteinele \u0219i aminoacizii sunt fragmente de molecule proteice care regleaz\u0103 nivelul de umiditate, servesc drept materialul de construc\u021bie de baz\u0103 pentru celulele \u0219i fibrele dermului, contribuind astfel nu numai la men\u021binerea tinere\u021bii pielii, ci \u0219i pot reduce aspectul ridurilor. Vitaminele C \u0219i E \u00een sinergism reprezint\u0103 o ap\u0103rare antioxidant\u0103 \u00eempotriva radicalilor liberi puternic\u0103. Combina\u021bia de factori chimici \u0219i fizici asigur\u0103 o protec\u021bie fiabil\u0103 \u00eempotriva radia\u021biilor ultraviolete de toate tipurile, men\u021bin\u00e2nd totodat\u0103 u\u0219urin\u021ba texturii. Particulele reflectorizante uniformizeaz\u0103 tonul pielii, confer\u00e2ndu-i pielii fe\u021bei o str\u0103lucire s\u0103n\u0103toas\u0103, instalook efect, f\u0103r\u0103 filtre ascund\u00e2nd imperfec\u021biuni minore. Pigmentul adaptiv se \u00eentinde pe pielea uniform \u00eentr-un strat semitransparent fin, masc\u00e2nd u\u0219or neregulile de culoare ale pielii. Dotarea convenabil\u0103 a sticlei cu un dazator serve\u0219te drept un bonus pl\u0103cut, oferind igien\u0103 maxim\u0103 atunci c\u00e2nd utiliza\u021bi medicamentul. Absolut must have al unui sezon cald!<\/p>\n<p><strong>Principii active:<\/strong><\/p>\n<p>Dioxid de titanum, etilhexilmetoxicinamat, benzofenona-3, vitamina C, vitamina E, extracte de ceai verde, ginkgo biloba, plantain.<\/p>\n<p><strong>Mod de folosire:<\/strong><\/p>\n<p>Se aplic\u0103 \u00een orele dimine\u021bii pe pielea cur\u0103\u021bat\u0103 \u0219i bine preg\u0103tit\u0103. Pentru a ob\u021bine un ton uniform al pielii se recomand\u0103 de \u00eentins cu v\u00e2rfurile degetelor.<\/p>\n","protected":false},"excerpt":{"rendered":"<p>Volum: 50ml<\/p>\n","protected":false},"featured_media":4065,"template":"","meta":[],"product_cat":[93,130],"product_tag":[],"class_list":{"0":"post-1507","1":"product","2":"type-product","3":"status-publish","4":"has-post-thumbnail","6":"product_cat-age-defense-hl","7":"product_cat-creme","9":"first","10":"instock","11":"shipping-taxable","12":"purchasable","13":"product-type-simple"},"yoast_head":"<!-- This site is optimized with the Yoast SEO plugin v23.3 - https:\/\/yoast.com\/wordpress\/plugins\/seo\/ -->\n<title>AGE DEFENSE CC CREAM SPF 50 LIGHT | Holy Land Cosmetics<\/title>\n<meta name=\"robots\" content=\"index, follow, max-snippet:-1, max-image-preview:large, max-video-preview:-1\" \/>\n<link rel=\"canonical\" href=\"https:\/\/holyland.md\/ro\/product\/cc-cream-light-spf-50\/\" \/>\n<meta property=\"og:locale\" content=\"ro_RO\" \/>\n<meta property=\"og:type\" content=\"article\" \/>\n<meta property=\"og:title\" content=\"AGE DEFENSE CC CREAM SPF 50 LIGHT | Holy Land Cosmetics\" \/>\n<meta property=\"og:description\" content=\"Volum: 50ml\" \/>\n<meta property=\"og:url\" content=\"https:\/\/holyland.md\/ro\/product\/cc-cream-light-spf-50\/\" \/>\n<meta property=\"og:site_name\" content=\"Holy Land Cosmetics\" \/>\n<meta property=\"article:modified_time\" content=\"2026-03-24T11:47:55+00:00\" \/>\n<meta property=\"og:image\" content=\"https:\/\/holyland.md\/wp-content\/uploads\/2020\/04\/AGE-DEFENCE-LIGHT-3.jpg\" \/>\n\t<meta property=\"og:image:width\" content=\"1000\" \/>\n\t<meta property=\"og:image:height\" content=\"1000\" \/>\n\t<meta property=\"og:image:type\" content=\"image\/jpeg\" \/>\n<meta name=\"twitter:card\" content=\"summary_large_image\" \/>\n<meta name=\"twitter:label1\" content=\"Timp estimat pentru citire\" \/>\n\t<meta name=\"twitter:data1\" content=\"2 minute\" \/>\n<script type=\"application\/ld+json\" class=\"yoast-schema-graph\">{\"@context\":\"https:\/\/schema.org\",\"@graph\":[{\"@type\":\"WebPage\",\"@id\":\"https:\/\/holyland.md\/ro\/product\/cc-cream-light-spf-50\/\",\"url\":\"https:\/\/holyland.md\/ro\/product\/cc-cream-light-spf-50\/\",\"name\":\"AGE DEFENSE CC CREAM SPF 50 LIGHT | Holy Land Cosmetics\",\"isPartOf\":{\"@id\":\"https:\/\/holyland.md\/ro\/#website\"},\"primaryImageOfPage\":{\"@id\":\"https:\/\/holyland.md\/ro\/product\/cc-cream-light-spf-50\/#primaryimage\"},\"image\":{\"@id\":\"https:\/\/holyland.md\/ro\/product\/cc-cream-light-spf-50\/#primaryimage\"},\"thumbnailUrl\":\"https:\/\/holyland.md\/wp-content\/uploads\/2020\/04\/AGE-DEFENCE-LIGHT-3.jpg\",\"datePublished\":\"2020-04-24T13:15:04+00:00\",\"dateModified\":\"2026-03-24T11:47:55+00:00\",\"breadcrumb\":{\"@id\":\"https:\/\/holyland.md\/ro\/product\/cc-cream-light-spf-50\/#breadcrumb\"},\"inLanguage\":\"ro-RO\",\"potentialAction\":[{\"@type\":\"ReadAction\",\"target\":[\"https:\/\/holyland.md\/ro\/product\/cc-cream-light-spf-50\/\"]}]},{\"@type\":\"ImageObject\",\"inLanguage\":\"ro-RO\",\"@id\":\"https:\/\/holyland.md\/ro\/product\/cc-cream-light-spf-50\/#primaryimage\",\"url\":\"https:\/\/holyland.md\/wp-content\/uploads\/2020\/04\/AGE-DEFENCE-LIGHT-3.jpg\",\"contentUrl\":\"https:\/\/holyland.md\/wp-content\/uploads\/2020\/04\/AGE-DEFENCE-LIGHT-3.jpg\",\"width\":1000,\"height\":1000,\"caption\":\"AGE-DEFENCE-SPF50\"},{\"@type\":\"BreadcrumbList\",\"@id\":\"https:\/\/holyland.md\/ro\/product\/cc-cream-light-spf-50\/#breadcrumb\",\"itemListElement\":[{\"@type\":\"ListItem\",\"position\":1,\"name\":\"\u0413\u043b\u0430\u0432\u043d\u0430\u044f \u0441\u0442\u0440\u0430\u043d\u0438\u0446\u0430\",\"item\":\"https:\/\/holyland.md\/ro\/\"},{\"@type\":\"ListItem\",\"position\":2,\"name\":\"Catalog produse HolyLand\",\"item\":\"https:\/\/holyland.md\/ro\/catalog\/\"},{\"@type\":\"ListItem\",\"position\":3,\"name\":\"AGE DEFENSE CC CREAM SPF 50 LIGHT\"}]},{\"@type\":\"WebSite\",\"@id\":\"https:\/\/holyland.md\/ro\/#website\",\"url\":\"https:\/\/holyland.md\/ro\/\",\"name\":\"Holy Land Cosmetics\",\"description\":\"\",\"publisher\":{\"@id\":\"https:\/\/holyland.md\/ro\/#organization\"},\"potentialAction\":[{\"@type\":\"SearchAction\",\"target\":{\"@type\":\"EntryPoint\",\"urlTemplate\":\"https:\/\/holyland.md\/ro\/?s={search_term_string}\"},\"query-input\":\"required name=search_term_string\"}],\"inLanguage\":\"ro-RO\"},{\"@type\":\"Organization\",\"@id\":\"https:\/\/holyland.md\/ro\/#organization\",\"name\":\"Holy Land Cosmetics\",\"url\":\"https:\/\/holyland.md\/ro\/\",\"logo\":{\"@type\":\"ImageObject\",\"inLanguage\":\"ro-RO\",\"@id\":\"https:\/\/holyland.md\/ro\/#\/schema\/logo\/image\/\",\"url\":\"https:\/\/holyland.md\/wp-content\/uploads\/2020\/03\/hl-always-active.png\",\"contentUrl\":\"https:\/\/holyland.md\/wp-content\/uploads\/2020\/03\/hl-always-active.png\",\"width\":1437,\"height\":892,\"caption\":\"Holy Land Cosmetics\"},\"image\":{\"@id\":\"https:\/\/holyland.md\/ro\/#\/schema\/logo\/image\/\"}}]}<\/script>\n<!-- \/ Yoast SEO plugin. -->","yoast_head_json":{"title":"AGE DEFENSE CC CREAM SPF 50 LIGHT | Holy Land Cosmetics","robots":{"index":"index","follow":"follow","max-snippet":"max-snippet:-1","max-image-preview":"max-image-preview:large","max-video-preview":"max-video-preview:-1"},"canonical":"https:\/\/holyland.md\/ro\/product\/cc-cream-light-spf-50\/","og_locale":"ro_RO","og_type":"article","og_title":"AGE DEFENSE CC CREAM SPF 50 LIGHT | Holy Land Cosmetics","og_description":"Volum: 50ml","og_url":"https:\/\/holyland.md\/ro\/product\/cc-cream-light-spf-50\/","og_site_name":"Holy Land Cosmetics","article_modified_time":"2026-03-24T11:47:55+00:00","og_image":[{"width":1000,"height":1000,"url":"https:\/\/holyland.md\/wp-content\/uploads\/2020\/04\/AGE-DEFENCE-LIGHT-3.jpg","type":"image\/jpeg"}],"twitter_card":"summary_large_image","twitter_misc":{"Timp estimat pentru citire":"2 minute"},"schema":{"@context":"https:\/\/schema.org","@graph":[{"@type":"WebPage","@id":"https:\/\/holyland.md\/ro\/product\/cc-cream-light-spf-50\/","url":"https:\/\/holyland.md\/ro\/product\/cc-cream-light-spf-50\/","name":"AGE DEFENSE CC CREAM SPF 50 LIGHT | Holy Land Cosmetics","isPartOf":{"@id":"https:\/\/holyland.md\/ro\/#website"},"primaryImageOfPage":{"@id":"https:\/\/holyland.md\/ro\/product\/cc-cream-light-spf-50\/#primaryimage"},"image":{"@id":"https:\/\/holyland.md\/ro\/product\/cc-cream-light-spf-50\/#primaryimage"},"thumbnailUrl":"https:\/\/holyland.md\/wp-content\/uploads\/2020\/04\/AGE-DEFENCE-LIGHT-3.jpg","datePublished":"2020-04-24T13:15:04+00:00","dateModified":"2026-03-24T11:47:55+00:00","breadcrumb":{"@id":"https:\/\/holyland.md\/ro\/product\/cc-cream-light-spf-50\/#breadcrumb"},"inLanguage":"ro-RO","potentialAction":[{"@type":"ReadAction","target":["https:\/\/holyland.md\/ro\/product\/cc-cream-light-spf-50\/"]}]},{"@type":"ImageObject","inLanguage":"ro-RO","@id":"https:\/\/holyland.md\/ro\/product\/cc-cream-light-spf-50\/#primaryimage","url":"https:\/\/holyland.md\/wp-content\/uploads\/2020\/04\/AGE-DEFENCE-LIGHT-3.jpg","contentUrl":"https:\/\/holyland.md\/wp-content\/uploads\/2020\/04\/AGE-DEFENCE-LIGHT-3.jpg","width":1000,"height":1000,"caption":"AGE-DEFENCE-SPF50"},{"@type":"BreadcrumbList","@id":"https:\/\/holyland.md\/ro\/product\/cc-cream-light-spf-50\/#breadcrumb","itemListElement":[{"@type":"ListItem","position":1,"name":"\u0413\u043b\u0430\u0432\u043d\u0430\u044f \u0441\u0442\u0440\u0430\u043d\u0438\u0446\u0430","item":"https:\/\/holyland.md\/ro\/"},{"@type":"ListItem","position":2,"name":"Catalog produse HolyLand","item":"https:\/\/holyland.md\/ro\/catalog\/"},{"@type":"ListItem","position":3,"name":"AGE DEFENSE CC CREAM SPF 50 LIGHT"}]},{"@type":"WebSite","@id":"https:\/\/holyland.md\/ro\/#website","url":"https:\/\/holyland.md\/ro\/","name":"Holy Land Cosmetics","description":"","publisher":{"@id":"https:\/\/holyland.md\/ro\/#organization"},"potentialAction":[{"@type":"SearchAction","target":{"@type":"EntryPoint","urlTemplate":"https:\/\/holyland.md\/ro\/?s={search_term_string}"},"query-input":"required name=search_term_string"}],"inLanguage":"ro-RO"},{"@type":"Organization","@id":"https:\/\/holyland.md\/ro\/#organization","name":"Holy Land Cosmetics","url":"https:\/\/holyland.md\/ro\/","logo":{"@type":"ImageObject","inLanguage":"ro-RO","@id":"https:\/\/holyland.md\/ro\/#\/schema\/logo\/image\/","url":"https:\/\/holyland.md\/wp-content\/uploads\/2020\/03\/hl-always-active.png","contentUrl":"https:\/\/holyland.md\/wp-content\/uploads\/2020\/03\/hl-always-active.png","width":1437,"height":892,"caption":"Holy Land Cosmetics"},"image":{"@id":"https:\/\/holyland.md\/ro\/#\/schema\/logo\/image\/"}}]}},"_links":{"self":[{"href":"https:\/\/holyland.md\/ro\/wp-json\/wp\/v2\/product\/1507"}],"collection":[{"href":"https:\/\/holyland.md\/ro\/wp-json\/wp\/v2\/product"}],"about":[{"href":"https:\/\/holyland.md\/ro\/wp-json\/wp\/v2\/types\/product"}],"wp:featuredmedia":[{"embeddable":true,"href":"https:\/\/holyland.md\/ro\/wp-json\/wp\/v2\/media\/4065"}],"wp:attachment":[{"href":"https:\/\/holyland.md\/ro\/wp-json\/wp\/v2\/media?parent=1507"}],"wp:term":[{"taxonomy":"product_cat","embeddable":true,"href":"https:\/\/holyland.md\/ro\/wp-json\/wp\/v2\/product_cat?post=1507"},{"taxonomy":"product_tag","embeddable":true,"href":"https:\/\/holyland.md\/ro\/wp-json\/wp\/v2\/product_tag?post=1507"}],"curies":[{"name":"wp","href":"https:\/\/api.w.org\/{rel}","templated":true}]}}