{"id":1516,"date":"2020-04-24T17:15:27","date_gmt":"2020-04-24T14:15:27","guid":{"rendered":"https:\/\/holyland.md\/product\/alpha-beta-restoring-soap\/"},"modified":"2026-03-23T15:05:59","modified_gmt":"2026-03-23T12:05:59","slug":"alpha-beta-restoring-soap","status":"publish","type":"product","link":"https:\/\/holyland.md\/ro\/product\/alpha-beta-restoring-soap\/","title":{"rendered":"ALPHA-BETA RESTORING SOAP"},"content":{"rendered":"<p>Un produs de cur\u0103\u021bare eficient sub form\u0103 de spum\u0103. Datorit\u0103 unei duze speciale, s\u0103punul, care trece prin dozator, din starea lichid\u0103 se transform\u0103 \u00eentr-o spum\u0103 dens\u0103. Spuma d\u0103 o senza\u021bie de o prelucrare delicat\u0103 a pielii, dar aceasta este gre\u0219it\u0103. Produsul include componente active exfoliante: acizi de fructe, acid salicilic, retinol etc. Astfel, deja la etapa de cur\u0103\u021bare, este posibil de influen\u021bat grosimea stratului cornos, mecanismele de formare a comedoanelor \u0219i a petelor pigmentare, c\u00e2t \u0219i de crescut permeabilitatea pielii la preparatele cosmetice. Preparatul este potrivit pentru utilizare periodic\u0103 de 1-2 ori pe s\u0103pt\u0103m\u00e2n\u0103 \u00een func\u021bie de micropeeling c\u00e2t \u0219i pentru utilizare zilnic\u0103.<\/p>\n<p><strong>Principii active:<\/strong><\/p>\n<p>Extract de afine, de trestie de zah\u0103r, de ar\u0163ar, de portocale, de l\u0103m\u00eeie, de mu\u015fe\u0163el, de cre\u0163i\u015foara, de coada calului, semin\u0163e de dovleac, retinol.<\/p>\n<p><strong>Mod de folosire: <\/strong><\/p>\n<p>Aplica\u021bi o cantitate mic\u0103 de preparat pe pielea umed\u0103. R\u0103sp\u00e2ndi\u021bi uniform pe \u00eentreaga suprafa\u021b\u0103 prin mi\u0219c\u0103ri circulare de masaj \u0219i apoi cl\u0103ti\u021bi bine cu ap\u0103 cald\u0103. Folosi\u021bi-v\u0103 \u00een conformitate cu recomand\u0103rile specialistului Dvs.<\/p>\n","protected":false},"excerpt":{"rendered":"<p>Volum: 125 ml<\/p>\n","protected":false},"featured_media":4016,"template":"","meta":[],"product_cat":[91,134],"product_tag":[],"class_list":{"0":"post-1516","1":"product","2":"type-product","3":"status-publish","4":"has-post-thumbnail","6":"product_cat-alpha-beta-hl","7":"product_cat-curatare","9":"first","10":"instock","11":"shipping-taxable","12":"purchasable","13":"product-type-simple"},"yoast_head":"<!-- This site is optimized with the Yoast SEO plugin v23.3 - https:\/\/yoast.com\/wordpress\/plugins\/seo\/ -->\n<title>ALPHA-BETA RESTORING SOAP<\/title>\n<meta name=\"robots\" content=\"index, follow, max-snippet:-1, max-image-preview:large, max-video-preview:-1\" \/>\n<link rel=\"canonical\" href=\"https:\/\/holyland.md\/ro\/product\/alpha-beta-restoring-soap\/\" \/>\n<meta property=\"og:locale\" content=\"ro_RO\" \/>\n<meta property=\"og:type\" content=\"article\" \/>\n<meta property=\"og:title\" content=\"ALPHA-BETA RESTORING SOAP\" \/>\n<meta property=\"og:description\" content=\"Volum: 125 ml\" \/>\n<meta property=\"og:url\" content=\"https:\/\/holyland.md\/ro\/product\/alpha-beta-restoring-soap\/\" \/>\n<meta property=\"og:site_name\" content=\"Holy Land Cosmetics\" \/>\n<meta property=\"article:modified_time\" content=\"2026-03-23T12:05:59+00:00\" \/>\n<meta property=\"og:image\" content=\"https:\/\/holyland.md\/wp-content\/uploads\/2020\/04\/ABR-RESTORING-SOAP.jpg\" \/>\n\t<meta property=\"og:image:width\" content=\"1000\" \/>\n\t<meta property=\"og:image:height\" content=\"1000\" \/>\n\t<meta property=\"og:image:type\" content=\"image\/jpeg\" \/>\n<meta name=\"twitter:card\" content=\"summary_large_image\" \/>\n<meta name=\"twitter:label1\" content=\"Timp estimat pentru citire\" \/>\n\t<meta name=\"twitter:data1\" content=\"2 minute\" \/>\n<script type=\"application\/ld+json\" class=\"yoast-schema-graph\">{\"@context\":\"https:\/\/schema.org\",\"@graph\":[{\"@type\":\"WebPage\",\"@id\":\"https:\/\/holyland.md\/ro\/product\/alpha-beta-restoring-soap\/\",\"url\":\"https:\/\/holyland.md\/ro\/product\/alpha-beta-restoring-soap\/\",\"name\":\"ALPHA-BETA RESTORING SOAP\",\"isPartOf\":{\"@id\":\"https:\/\/holyland.md\/ro\/#website\"},\"primaryImageOfPage\":{\"@id\":\"https:\/\/holyland.md\/ro\/product\/alpha-beta-restoring-soap\/#primaryimage\"},\"image\":{\"@id\":\"https:\/\/holyland.md\/ro\/product\/alpha-beta-restoring-soap\/#primaryimage\"},\"thumbnailUrl\":\"https:\/\/holyland.md\/wp-content\/uploads\/2020\/04\/ABR-RESTORING-SOAP.jpg\",\"datePublished\":\"2020-04-24T14:15:27+00:00\",\"dateModified\":\"2026-03-23T12:05:59+00:00\",\"breadcrumb\":{\"@id\":\"https:\/\/holyland.md\/ro\/product\/alpha-beta-restoring-soap\/#breadcrumb\"},\"inLanguage\":\"ro-RO\",\"potentialAction\":[{\"@type\":\"ReadAction\",\"target\":[\"https:\/\/holyland.md\/ro\/product\/alpha-beta-restoring-soap\/\"]}]},{\"@type\":\"ImageObject\",\"inLanguage\":\"ro-RO\",\"@id\":\"https:\/\/holyland.md\/ro\/product\/alpha-beta-restoring-soap\/#primaryimage\",\"url\":\"https:\/\/holyland.md\/wp-content\/uploads\/2020\/04\/ABR-RESTORING-SOAP.jpg\",\"contentUrl\":\"https:\/\/holyland.md\/wp-content\/uploads\/2020\/04\/ABR-RESTORING-SOAP.jpg\",\"width\":1000,\"height\":1000,\"caption\":\"ABR-RESTORING-SOAP\"},{\"@type\":\"BreadcrumbList\",\"@id\":\"https:\/\/holyland.md\/ro\/product\/alpha-beta-restoring-soap\/#breadcrumb\",\"itemListElement\":[{\"@type\":\"ListItem\",\"position\":1,\"name\":\"\u0413\u043b\u0430\u0432\u043d\u0430\u044f \u0441\u0442\u0440\u0430\u043d\u0438\u0446\u0430\",\"item\":\"https:\/\/holyland.md\/ro\/\"},{\"@type\":\"ListItem\",\"position\":2,\"name\":\"Catalog produse HolyLand\",\"item\":\"https:\/\/holyland.md\/ro\/catalog\/\"},{\"@type\":\"ListItem\",\"position\":3,\"name\":\"ALPHA-BETA RESTORING SOAP\"}]},{\"@type\":\"WebSite\",\"@id\":\"https:\/\/holyland.md\/ro\/#website\",\"url\":\"https:\/\/holyland.md\/ro\/\",\"name\":\"Holy Land Cosmetics\",\"description\":\"\",\"publisher\":{\"@id\":\"https:\/\/holyland.md\/ro\/#organization\"},\"potentialAction\":[{\"@type\":\"SearchAction\",\"target\":{\"@type\":\"EntryPoint\",\"urlTemplate\":\"https:\/\/holyland.md\/ro\/?s={search_term_string}\"},\"query-input\":\"required name=search_term_string\"}],\"inLanguage\":\"ro-RO\"},{\"@type\":\"Organization\",\"@id\":\"https:\/\/holyland.md\/ro\/#organization\",\"name\":\"Holy Land Cosmetics\",\"url\":\"https:\/\/holyland.md\/ro\/\",\"logo\":{\"@type\":\"ImageObject\",\"inLanguage\":\"ro-RO\",\"@id\":\"https:\/\/holyland.md\/ro\/#\/schema\/logo\/image\/\",\"url\":\"https:\/\/holyland.md\/wp-content\/uploads\/2020\/03\/hl-always-active.png\",\"contentUrl\":\"https:\/\/holyland.md\/wp-content\/uploads\/2020\/03\/hl-always-active.png\",\"width\":1437,\"height\":892,\"caption\":\"Holy Land Cosmetics\"},\"image\":{\"@id\":\"https:\/\/holyland.md\/ro\/#\/schema\/logo\/image\/\"}}]}<\/script>\n<!-- \/ Yoast SEO plugin. -->","yoast_head_json":{"title":"ALPHA-BETA RESTORING SOAP","robots":{"index":"index","follow":"follow","max-snippet":"max-snippet:-1","max-image-preview":"max-image-preview:large","max-video-preview":"max-video-preview:-1"},"canonical":"https:\/\/holyland.md\/ro\/product\/alpha-beta-restoring-soap\/","og_locale":"ro_RO","og_type":"article","og_title":"ALPHA-BETA RESTORING SOAP","og_description":"Volum: 125 ml","og_url":"https:\/\/holyland.md\/ro\/product\/alpha-beta-restoring-soap\/","og_site_name":"Holy Land Cosmetics","article_modified_time":"2026-03-23T12:05:59+00:00","og_image":[{"width":1000,"height":1000,"url":"https:\/\/holyland.md\/wp-content\/uploads\/2020\/04\/ABR-RESTORING-SOAP.jpg","type":"image\/jpeg"}],"twitter_card":"summary_large_image","twitter_misc":{"Timp estimat pentru citire":"2 minute"},"schema":{"@context":"https:\/\/schema.org","@graph":[{"@type":"WebPage","@id":"https:\/\/holyland.md\/ro\/product\/alpha-beta-restoring-soap\/","url":"https:\/\/holyland.md\/ro\/product\/alpha-beta-restoring-soap\/","name":"ALPHA-BETA RESTORING SOAP","isPartOf":{"@id":"https:\/\/holyland.md\/ro\/#website"},"primaryImageOfPage":{"@id":"https:\/\/holyland.md\/ro\/product\/alpha-beta-restoring-soap\/#primaryimage"},"image":{"@id":"https:\/\/holyland.md\/ro\/product\/alpha-beta-restoring-soap\/#primaryimage"},"thumbnailUrl":"https:\/\/holyland.md\/wp-content\/uploads\/2020\/04\/ABR-RESTORING-SOAP.jpg","datePublished":"2020-04-24T14:15:27+00:00","dateModified":"2026-03-23T12:05:59+00:00","breadcrumb":{"@id":"https:\/\/holyland.md\/ro\/product\/alpha-beta-restoring-soap\/#breadcrumb"},"inLanguage":"ro-RO","potentialAction":[{"@type":"ReadAction","target":["https:\/\/holyland.md\/ro\/product\/alpha-beta-restoring-soap\/"]}]},{"@type":"ImageObject","inLanguage":"ro-RO","@id":"https:\/\/holyland.md\/ro\/product\/alpha-beta-restoring-soap\/#primaryimage","url":"https:\/\/holyland.md\/wp-content\/uploads\/2020\/04\/ABR-RESTORING-SOAP.jpg","contentUrl":"https:\/\/holyland.md\/wp-content\/uploads\/2020\/04\/ABR-RESTORING-SOAP.jpg","width":1000,"height":1000,"caption":"ABR-RESTORING-SOAP"},{"@type":"BreadcrumbList","@id":"https:\/\/holyland.md\/ro\/product\/alpha-beta-restoring-soap\/#breadcrumb","itemListElement":[{"@type":"ListItem","position":1,"name":"\u0413\u043b\u0430\u0432\u043d\u0430\u044f \u0441\u0442\u0440\u0430\u043d\u0438\u0446\u0430","item":"https:\/\/holyland.md\/ro\/"},{"@type":"ListItem","position":2,"name":"Catalog produse HolyLand","item":"https:\/\/holyland.md\/ro\/catalog\/"},{"@type":"ListItem","position":3,"name":"ALPHA-BETA RESTORING SOAP"}]},{"@type":"WebSite","@id":"https:\/\/holyland.md\/ro\/#website","url":"https:\/\/holyland.md\/ro\/","name":"Holy Land Cosmetics","description":"","publisher":{"@id":"https:\/\/holyland.md\/ro\/#organization"},"potentialAction":[{"@type":"SearchAction","target":{"@type":"EntryPoint","urlTemplate":"https:\/\/holyland.md\/ro\/?s={search_term_string}"},"query-input":"required name=search_term_string"}],"inLanguage":"ro-RO"},{"@type":"Organization","@id":"https:\/\/holyland.md\/ro\/#organization","name":"Holy Land Cosmetics","url":"https:\/\/holyland.md\/ro\/","logo":{"@type":"ImageObject","inLanguage":"ro-RO","@id":"https:\/\/holyland.md\/ro\/#\/schema\/logo\/image\/","url":"https:\/\/holyland.md\/wp-content\/uploads\/2020\/03\/hl-always-active.png","contentUrl":"https:\/\/holyland.md\/wp-content\/uploads\/2020\/03\/hl-always-active.png","width":1437,"height":892,"caption":"Holy Land Cosmetics"},"image":{"@id":"https:\/\/holyland.md\/ro\/#\/schema\/logo\/image\/"}}]}},"_links":{"self":[{"href":"https:\/\/holyland.md\/ro\/wp-json\/wp\/v2\/product\/1516"}],"collection":[{"href":"https:\/\/holyland.md\/ro\/wp-json\/wp\/v2\/product"}],"about":[{"href":"https:\/\/holyland.md\/ro\/wp-json\/wp\/v2\/types\/product"}],"wp:featuredmedia":[{"embeddable":true,"href":"https:\/\/holyland.md\/ro\/wp-json\/wp\/v2\/media\/4016"}],"wp:attachment":[{"href":"https:\/\/holyland.md\/ro\/wp-json\/wp\/v2\/media?parent=1516"}],"wp:term":[{"taxonomy":"product_cat","embeddable":true,"href":"https:\/\/holyland.md\/ro\/wp-json\/wp\/v2\/product_cat?post=1516"},{"taxonomy":"product_tag","embeddable":true,"href":"https:\/\/holyland.md\/ro\/wp-json\/wp\/v2\/product_tag?post=1516"}],"curies":[{"name":"wp","href":"https:\/\/api.w.org\/{rel}","templated":true}]}}