{"id":1519,"date":"2020-04-24T16:59:49","date_gmt":"2020-04-24T13:59:49","guid":{"rendered":"https:\/\/holyland.md\/product\/alpha-beta-prepping-lotion\/"},"modified":"2026-03-24T14:46:58","modified_gmt":"2026-03-24T11:46:58","slug":"alpha-beta-prepping-lotion","status":"publish","type":"product","link":"https:\/\/holyland.md\/ro\/product\/alpha-beta-prepping-lotion\/","title":{"rendered":"ALPHA-BETA PREPPING LOTION"},"content":{"rendered":"<p>Lo\u021biune cu un efect pronun\u021bat de \u0219lefuire, creat\u0103 pe baza de acizi alfa \u0219i beta-hidroxilici, \u00een combina\u021bie cu retinol \u0219i extract de ceai verde. O preg\u0103te\u0219te perfect pe pielea pentru proceduri ulterioare, uniformiz\u00e2nd stratul cornos \u0219i sporind permeabilitatea acestuia. Lo\u021biunea \u00eembun\u0103t\u0103\u021be\u0219te textura \u0219i niveleaz\u0103 culoarea pielii, ajut\u0103 la reducerea porilor, \u00eembun\u0103t\u0103\u021be\u0219te microcircula\u021bia \u0219i reduce umflarea.<\/p>\n<p><strong>Principii active: <\/strong><\/p>\n<p>Extract de afine, de trestie de zah\u0103r, de ar\u0163ar de zah\u0103r, de portocale, de l\u0103m\u00ee\u00eee, de ceai verde, acid salicilic, acid glicolic, retinol.<\/p>\n<p><strong>Mod de folosire: <\/strong><\/p>\n<p>Turna\u021bi aproximativ 2 ml de lo\u021biune pe marginea discului de vat\u0103 \u0219i \u0219terge\u021bi fa\u021ba, g\u00e2tul \u0219i decolteul cu presiune, acord\u00e2nd o aten\u021bie special\u0103 \u0219i repet\u00e2nd ac\u021biunea \u00een zonele cu hiperkeratoz\u0103 sever\u0103, comedoane multiple etc. Folosi\u021bi 1-2 ori pe s\u0103pt\u0103m\u00e2n\u0103 sau conform recomand\u0103rilor specialistului.<\/p>\n","protected":false},"excerpt":{"rendered":"<p>Volum: 250 ml<\/p>\n","protected":false},"featured_media":4008,"template":"","meta":[],"product_cat":[91,131],"product_tag":[],"class_list":{"0":"post-1519","1":"product","2":"type-product","3":"status-publish","4":"has-post-thumbnail","6":"product_cat-alpha-beta-hl","7":"product_cat-lotiuni","9":"first","10":"outofstock","11":"shipping-taxable","12":"purchasable","13":"product-type-variable"},"yoast_head":"<!-- This site is optimized with the Yoast SEO plugin v23.3 - https:\/\/yoast.com\/wordpress\/plugins\/seo\/ -->\n<title>ALPHA-BETA PREPPING LOTION<\/title>\n<meta name=\"robots\" content=\"index, follow, max-snippet:-1, max-image-preview:large, max-video-preview:-1\" \/>\n<link rel=\"canonical\" href=\"https:\/\/holyland.md\/ro\/product\/alpha-beta-prepping-lotion\/\" \/>\n<meta property=\"og:locale\" content=\"ro_RO\" \/>\n<meta property=\"og:type\" content=\"article\" \/>\n<meta property=\"og:title\" content=\"ALPHA-BETA PREPPING LOTION\" \/>\n<meta property=\"og:description\" content=\"Volum: 250 ml\" \/>\n<meta property=\"og:url\" content=\"https:\/\/holyland.md\/ro\/product\/alpha-beta-prepping-lotion\/\" \/>\n<meta property=\"og:site_name\" content=\"Holy Land Cosmetics\" \/>\n<meta property=\"article:modified_time\" content=\"2026-03-24T11:46:58+00:00\" \/>\n<meta property=\"og:image\" content=\"https:\/\/holyland.md\/wp-content\/uploads\/2020\/04\/ABR-PREPPING-LOTION-BIG.jpg\" \/>\n\t<meta property=\"og:image:width\" content=\"1000\" \/>\n\t<meta property=\"og:image:height\" content=\"1000\" \/>\n\t<meta property=\"og:image:type\" content=\"image\/jpeg\" \/>\n<meta name=\"twitter:card\" content=\"summary_large_image\" \/>\n<meta name=\"twitter:label1\" content=\"Timp estimat pentru citire\" \/>\n\t<meta name=\"twitter:data1\" content=\"1 minut\" \/>\n<script type=\"application\/ld+json\" class=\"yoast-schema-graph\">{\"@context\":\"https:\/\/schema.org\",\"@graph\":[{\"@type\":\"WebPage\",\"@id\":\"https:\/\/holyland.md\/ro\/product\/alpha-beta-prepping-lotion\/\",\"url\":\"https:\/\/holyland.md\/ro\/product\/alpha-beta-prepping-lotion\/\",\"name\":\"ALPHA-BETA PREPPING LOTION\",\"isPartOf\":{\"@id\":\"https:\/\/holyland.md\/ro\/#website\"},\"primaryImageOfPage\":{\"@id\":\"https:\/\/holyland.md\/ro\/product\/alpha-beta-prepping-lotion\/#primaryimage\"},\"image\":{\"@id\":\"https:\/\/holyland.md\/ro\/product\/alpha-beta-prepping-lotion\/#primaryimage\"},\"thumbnailUrl\":\"https:\/\/holyland.md\/wp-content\/uploads\/2020\/04\/ABR-PREPPING-LOTION-BIG.jpg\",\"datePublished\":\"2020-04-24T13:59:49+00:00\",\"dateModified\":\"2026-03-24T11:46:58+00:00\",\"breadcrumb\":{\"@id\":\"https:\/\/holyland.md\/ro\/product\/alpha-beta-prepping-lotion\/#breadcrumb\"},\"inLanguage\":\"ro-RO\",\"potentialAction\":[{\"@type\":\"ReadAction\",\"target\":[\"https:\/\/holyland.md\/ro\/product\/alpha-beta-prepping-lotion\/\"]}]},{\"@type\":\"ImageObject\",\"inLanguage\":\"ro-RO\",\"@id\":\"https:\/\/holyland.md\/ro\/product\/alpha-beta-prepping-lotion\/#primaryimage\",\"url\":\"https:\/\/holyland.md\/wp-content\/uploads\/2020\/04\/ABR-PREPPING-LOTION-BIG.jpg\",\"contentUrl\":\"https:\/\/holyland.md\/wp-content\/uploads\/2020\/04\/ABR-PREPPING-LOTION-BIG.jpg\",\"width\":1000,\"height\":1000,\"caption\":\"ABR-PREPPING-LOTION\"},{\"@type\":\"BreadcrumbList\",\"@id\":\"https:\/\/holyland.md\/ro\/product\/alpha-beta-prepping-lotion\/#breadcrumb\",\"itemListElement\":[{\"@type\":\"ListItem\",\"position\":1,\"name\":\"\u0413\u043b\u0430\u0432\u043d\u0430\u044f \u0441\u0442\u0440\u0430\u043d\u0438\u0446\u0430\",\"item\":\"https:\/\/holyland.md\/ro\/\"},{\"@type\":\"ListItem\",\"position\":2,\"name\":\"Catalog produse HolyLand\",\"item\":\"https:\/\/holyland.md\/ro\/catalog\/\"},{\"@type\":\"ListItem\",\"position\":3,\"name\":\"ALPHA-BETA PREPPING LOTION\"}]},{\"@type\":\"WebSite\",\"@id\":\"https:\/\/holyland.md\/ro\/#website\",\"url\":\"https:\/\/holyland.md\/ro\/\",\"name\":\"Holy Land Cosmetics\",\"description\":\"\",\"publisher\":{\"@id\":\"https:\/\/holyland.md\/ro\/#organization\"},\"potentialAction\":[{\"@type\":\"SearchAction\",\"target\":{\"@type\":\"EntryPoint\",\"urlTemplate\":\"https:\/\/holyland.md\/ro\/?s={search_term_string}\"},\"query-input\":\"required name=search_term_string\"}],\"inLanguage\":\"ro-RO\"},{\"@type\":\"Organization\",\"@id\":\"https:\/\/holyland.md\/ro\/#organization\",\"name\":\"Holy Land Cosmetics\",\"url\":\"https:\/\/holyland.md\/ro\/\",\"logo\":{\"@type\":\"ImageObject\",\"inLanguage\":\"ro-RO\",\"@id\":\"https:\/\/holyland.md\/ro\/#\/schema\/logo\/image\/\",\"url\":\"https:\/\/holyland.md\/wp-content\/uploads\/2020\/03\/hl-always-active.png\",\"contentUrl\":\"https:\/\/holyland.md\/wp-content\/uploads\/2020\/03\/hl-always-active.png\",\"width\":1437,\"height\":892,\"caption\":\"Holy Land Cosmetics\"},\"image\":{\"@id\":\"https:\/\/holyland.md\/ro\/#\/schema\/logo\/image\/\"}}]}<\/script>\n<!-- \/ Yoast SEO plugin. -->","yoast_head_json":{"title":"ALPHA-BETA PREPPING LOTION","robots":{"index":"index","follow":"follow","max-snippet":"max-snippet:-1","max-image-preview":"max-image-preview:large","max-video-preview":"max-video-preview:-1"},"canonical":"https:\/\/holyland.md\/ro\/product\/alpha-beta-prepping-lotion\/","og_locale":"ro_RO","og_type":"article","og_title":"ALPHA-BETA PREPPING LOTION","og_description":"Volum: 250 ml","og_url":"https:\/\/holyland.md\/ro\/product\/alpha-beta-prepping-lotion\/","og_site_name":"Holy Land Cosmetics","article_modified_time":"2026-03-24T11:46:58+00:00","og_image":[{"width":1000,"height":1000,"url":"https:\/\/holyland.md\/wp-content\/uploads\/2020\/04\/ABR-PREPPING-LOTION-BIG.jpg","type":"image\/jpeg"}],"twitter_card":"summary_large_image","twitter_misc":{"Timp estimat pentru citire":"1 minut"},"schema":{"@context":"https:\/\/schema.org","@graph":[{"@type":"WebPage","@id":"https:\/\/holyland.md\/ro\/product\/alpha-beta-prepping-lotion\/","url":"https:\/\/holyland.md\/ro\/product\/alpha-beta-prepping-lotion\/","name":"ALPHA-BETA PREPPING LOTION","isPartOf":{"@id":"https:\/\/holyland.md\/ro\/#website"},"primaryImageOfPage":{"@id":"https:\/\/holyland.md\/ro\/product\/alpha-beta-prepping-lotion\/#primaryimage"},"image":{"@id":"https:\/\/holyland.md\/ro\/product\/alpha-beta-prepping-lotion\/#primaryimage"},"thumbnailUrl":"https:\/\/holyland.md\/wp-content\/uploads\/2020\/04\/ABR-PREPPING-LOTION-BIG.jpg","datePublished":"2020-04-24T13:59:49+00:00","dateModified":"2026-03-24T11:46:58+00:00","breadcrumb":{"@id":"https:\/\/holyland.md\/ro\/product\/alpha-beta-prepping-lotion\/#breadcrumb"},"inLanguage":"ro-RO","potentialAction":[{"@type":"ReadAction","target":["https:\/\/holyland.md\/ro\/product\/alpha-beta-prepping-lotion\/"]}]},{"@type":"ImageObject","inLanguage":"ro-RO","@id":"https:\/\/holyland.md\/ro\/product\/alpha-beta-prepping-lotion\/#primaryimage","url":"https:\/\/holyland.md\/wp-content\/uploads\/2020\/04\/ABR-PREPPING-LOTION-BIG.jpg","contentUrl":"https:\/\/holyland.md\/wp-content\/uploads\/2020\/04\/ABR-PREPPING-LOTION-BIG.jpg","width":1000,"height":1000,"caption":"ABR-PREPPING-LOTION"},{"@type":"BreadcrumbList","@id":"https:\/\/holyland.md\/ro\/product\/alpha-beta-prepping-lotion\/#breadcrumb","itemListElement":[{"@type":"ListItem","position":1,"name":"\u0413\u043b\u0430\u0432\u043d\u0430\u044f \u0441\u0442\u0440\u0430\u043d\u0438\u0446\u0430","item":"https:\/\/holyland.md\/ro\/"},{"@type":"ListItem","position":2,"name":"Catalog produse HolyLand","item":"https:\/\/holyland.md\/ro\/catalog\/"},{"@type":"ListItem","position":3,"name":"ALPHA-BETA PREPPING LOTION"}]},{"@type":"WebSite","@id":"https:\/\/holyland.md\/ro\/#website","url":"https:\/\/holyland.md\/ro\/","name":"Holy Land Cosmetics","description":"","publisher":{"@id":"https:\/\/holyland.md\/ro\/#organization"},"potentialAction":[{"@type":"SearchAction","target":{"@type":"EntryPoint","urlTemplate":"https:\/\/holyland.md\/ro\/?s={search_term_string}"},"query-input":"required name=search_term_string"}],"inLanguage":"ro-RO"},{"@type":"Organization","@id":"https:\/\/holyland.md\/ro\/#organization","name":"Holy Land Cosmetics","url":"https:\/\/holyland.md\/ro\/","logo":{"@type":"ImageObject","inLanguage":"ro-RO","@id":"https:\/\/holyland.md\/ro\/#\/schema\/logo\/image\/","url":"https:\/\/holyland.md\/wp-content\/uploads\/2020\/03\/hl-always-active.png","contentUrl":"https:\/\/holyland.md\/wp-content\/uploads\/2020\/03\/hl-always-active.png","width":1437,"height":892,"caption":"Holy Land Cosmetics"},"image":{"@id":"https:\/\/holyland.md\/ro\/#\/schema\/logo\/image\/"}}]}},"_links":{"self":[{"href":"https:\/\/holyland.md\/ro\/wp-json\/wp\/v2\/product\/1519"}],"collection":[{"href":"https:\/\/holyland.md\/ro\/wp-json\/wp\/v2\/product"}],"about":[{"href":"https:\/\/holyland.md\/ro\/wp-json\/wp\/v2\/types\/product"}],"wp:featuredmedia":[{"embeddable":true,"href":"https:\/\/holyland.md\/ro\/wp-json\/wp\/v2\/media\/4008"}],"wp:attachment":[{"href":"https:\/\/holyland.md\/ro\/wp-json\/wp\/v2\/media?parent=1519"}],"wp:term":[{"taxonomy":"product_cat","embeddable":true,"href":"https:\/\/holyland.md\/ro\/wp-json\/wp\/v2\/product_cat?post=1519"},{"taxonomy":"product_tag","embeddable":true,"href":"https:\/\/holyland.md\/ro\/wp-json\/wp\/v2\/product_tag?post=1519"}],"curies":[{"name":"wp","href":"https:\/\/api.w.org\/{rel}","templated":true}]}}