{"id":1530,"date":"2020-04-24T17:13:07","date_gmt":"2020-04-24T14:13:07","guid":{"rendered":"https:\/\/holyland.md\/product\/alpha-beta-brightening-mask\/"},"modified":"2026-03-23T15:06:39","modified_gmt":"2026-03-23T12:06:39","slug":"alpha-beta-brightening-mask","status":"publish","type":"product","link":"https:\/\/holyland.md\/ro\/product\/alpha-beta-brightening-mask\/","title":{"rendered":"ALPHA-BETA BRIGHTENING MASK"},"content":{"rendered":"<p>Masc\u0103 multifunc\u021bional\u0103 activ\u0103 pe baz\u0103 de extracte de fructe, acid salicilic \u0219i vitamine. Masca are un efect pronun\u021bat de lifting, \u0219lefuire, \u00eengustare a porilor, seboreglare, \u00een\u0103lbire \u0219i drenaj.<\/p>\n<p><strong>Principii active:<\/strong><\/p>\n<p>Caolin, acid citric, sucul de l\u0103m\u00eeie, lactoz\u0103, extract de afine, de trestie de zah\u0103r, de ar\u0163ar de zah\u0103r, de portocale, de l\u00eem\u00eeie, acid salicilic, acid ascorbic, palmitat de retinol, extract de ceai verde, cuar\u0163.<\/p>\n<p><strong>Mod de folosire:<\/strong><\/p>\n<p>Aplica\u021bi-o pe masca pe pielea preg\u0103tit\u0103 prealabil prin mi\u0219c\u0103ri de masaj. Masca con\u021bine granule cu retinol \u00eencapsulat, care se sparg la contact cu piele \u0219i provoac\u0103 senza\u021bie de \u00een\u021bep\u0103turi. Un strat sub\u021bire de masc\u0103 se \u00eent\u0103re\u0219te rapid, fix\u00e2nd \u021besuturile \u0219i cre\u00e2nd compresia necesar\u0103 pentru drenaj limfatic. Peste 15 minute, cl\u0103ti\u021bi masca cu ap\u0103 cald\u0103 \u0219i completa\u021bi procedura conform recomand\u0103rilor specialistul Dumneavoastr\u0103. Se poate folosi de 1-2 ori pe s\u0103pt\u0103m\u00e2n\u0103.<\/p>\n","protected":false},"excerpt":{"rendered":"<p>Volum: 50 ml<\/p>\n","protected":false},"featured_media":3997,"template":"","meta":[],"product_cat":[91],"product_tag":[],"class_list":{"0":"post-1530","1":"product","2":"type-product","3":"status-publish","4":"has-post-thumbnail","6":"product_cat-alpha-beta-hl","8":"first","9":"instock","10":"shipping-taxable","11":"purchasable","12":"product-type-simple"},"yoast_head":"<!-- This site is optimized with the Yoast SEO plugin v23.3 - https:\/\/yoast.com\/wordpress\/plugins\/seo\/ -->\n<title>ALPHA-BETA BRIGHTENING MASK<\/title>\n<meta name=\"robots\" content=\"index, follow, max-snippet:-1, max-image-preview:large, max-video-preview:-1\" \/>\n<link rel=\"canonical\" href=\"https:\/\/holyland.md\/ro\/product\/alpha-beta-brightening-mask\/\" \/>\n<meta property=\"og:locale\" content=\"ro_RO\" \/>\n<meta property=\"og:type\" content=\"article\" \/>\n<meta property=\"og:title\" content=\"ALPHA-BETA BRIGHTENING MASK\" \/>\n<meta property=\"og:description\" content=\"Volum: 50 ml\" \/>\n<meta property=\"og:url\" content=\"https:\/\/holyland.md\/ro\/product\/alpha-beta-brightening-mask\/\" \/>\n<meta property=\"og:site_name\" content=\"Holy Land Cosmetics\" \/>\n<meta property=\"article:modified_time\" content=\"2026-03-23T12:06:39+00:00\" \/>\n<meta property=\"og:image\" content=\"https:\/\/holyland.md\/wp-content\/uploads\/2020\/04\/ABR-BRIGHTENING-MASK-GLASS.jpg\" \/>\n\t<meta property=\"og:image:width\" content=\"1000\" \/>\n\t<meta property=\"og:image:height\" content=\"1000\" \/>\n\t<meta property=\"og:image:type\" content=\"image\/jpeg\" \/>\n<meta name=\"twitter:card\" content=\"summary_large_image\" \/>\n<meta name=\"twitter:label1\" content=\"Timp estimat pentru citire\" \/>\n\t<meta name=\"twitter:data1\" content=\"1 minut\" \/>\n<script type=\"application\/ld+json\" class=\"yoast-schema-graph\">{\"@context\":\"https:\/\/schema.org\",\"@graph\":[{\"@type\":\"WebPage\",\"@id\":\"https:\/\/holyland.md\/ro\/product\/alpha-beta-brightening-mask\/\",\"url\":\"https:\/\/holyland.md\/ro\/product\/alpha-beta-brightening-mask\/\",\"name\":\"ALPHA-BETA BRIGHTENING MASK\",\"isPartOf\":{\"@id\":\"https:\/\/holyland.md\/ro\/#website\"},\"primaryImageOfPage\":{\"@id\":\"https:\/\/holyland.md\/ro\/product\/alpha-beta-brightening-mask\/#primaryimage\"},\"image\":{\"@id\":\"https:\/\/holyland.md\/ro\/product\/alpha-beta-brightening-mask\/#primaryimage\"},\"thumbnailUrl\":\"https:\/\/holyland.md\/wp-content\/uploads\/2020\/04\/ABR-BRIGHTENING-MASK-GLASS.jpg\",\"datePublished\":\"2020-04-24T14:13:07+00:00\",\"dateModified\":\"2026-03-23T12:06:39+00:00\",\"breadcrumb\":{\"@id\":\"https:\/\/holyland.md\/ro\/product\/alpha-beta-brightening-mask\/#breadcrumb\"},\"inLanguage\":\"ro-RO\",\"potentialAction\":[{\"@type\":\"ReadAction\",\"target\":[\"https:\/\/holyland.md\/ro\/product\/alpha-beta-brightening-mask\/\"]}]},{\"@type\":\"ImageObject\",\"inLanguage\":\"ro-RO\",\"@id\":\"https:\/\/holyland.md\/ro\/product\/alpha-beta-brightening-mask\/#primaryimage\",\"url\":\"https:\/\/holyland.md\/wp-content\/uploads\/2020\/04\/ABR-BRIGHTENING-MASK-GLASS.jpg\",\"contentUrl\":\"https:\/\/holyland.md\/wp-content\/uploads\/2020\/04\/ABR-BRIGHTENING-MASK-GLASS.jpg\",\"width\":1000,\"height\":1000,\"caption\":\"ABR-BRIGHTENING-MASK\"},{\"@type\":\"BreadcrumbList\",\"@id\":\"https:\/\/holyland.md\/ro\/product\/alpha-beta-brightening-mask\/#breadcrumb\",\"itemListElement\":[{\"@type\":\"ListItem\",\"position\":1,\"name\":\"\u0413\u043b\u0430\u0432\u043d\u0430\u044f \u0441\u0442\u0440\u0430\u043d\u0438\u0446\u0430\",\"item\":\"https:\/\/holyland.md\/ro\/\"},{\"@type\":\"ListItem\",\"position\":2,\"name\":\"Catalog produse HolyLand\",\"item\":\"https:\/\/holyland.md\/ro\/catalog\/\"},{\"@type\":\"ListItem\",\"position\":3,\"name\":\"ALPHA-BETA BRIGHTENING MASK\"}]},{\"@type\":\"WebSite\",\"@id\":\"https:\/\/holyland.md\/ro\/#website\",\"url\":\"https:\/\/holyland.md\/ro\/\",\"name\":\"Holy Land Cosmetics\",\"description\":\"\",\"publisher\":{\"@id\":\"https:\/\/holyland.md\/ro\/#organization\"},\"potentialAction\":[{\"@type\":\"SearchAction\",\"target\":{\"@type\":\"EntryPoint\",\"urlTemplate\":\"https:\/\/holyland.md\/ro\/?s={search_term_string}\"},\"query-input\":\"required name=search_term_string\"}],\"inLanguage\":\"ro-RO\"},{\"@type\":\"Organization\",\"@id\":\"https:\/\/holyland.md\/ro\/#organization\",\"name\":\"Holy Land Cosmetics\",\"url\":\"https:\/\/holyland.md\/ro\/\",\"logo\":{\"@type\":\"ImageObject\",\"inLanguage\":\"ro-RO\",\"@id\":\"https:\/\/holyland.md\/ro\/#\/schema\/logo\/image\/\",\"url\":\"https:\/\/holyland.md\/wp-content\/uploads\/2020\/03\/hl-always-active.png\",\"contentUrl\":\"https:\/\/holyland.md\/wp-content\/uploads\/2020\/03\/hl-always-active.png\",\"width\":1437,\"height\":892,\"caption\":\"Holy Land Cosmetics\"},\"image\":{\"@id\":\"https:\/\/holyland.md\/ro\/#\/schema\/logo\/image\/\"}}]}<\/script>\n<!-- \/ Yoast SEO plugin. -->","yoast_head_json":{"title":"ALPHA-BETA BRIGHTENING MASK","robots":{"index":"index","follow":"follow","max-snippet":"max-snippet:-1","max-image-preview":"max-image-preview:large","max-video-preview":"max-video-preview:-1"},"canonical":"https:\/\/holyland.md\/ro\/product\/alpha-beta-brightening-mask\/","og_locale":"ro_RO","og_type":"article","og_title":"ALPHA-BETA BRIGHTENING MASK","og_description":"Volum: 50 ml","og_url":"https:\/\/holyland.md\/ro\/product\/alpha-beta-brightening-mask\/","og_site_name":"Holy Land Cosmetics","article_modified_time":"2026-03-23T12:06:39+00:00","og_image":[{"width":1000,"height":1000,"url":"https:\/\/holyland.md\/wp-content\/uploads\/2020\/04\/ABR-BRIGHTENING-MASK-GLASS.jpg","type":"image\/jpeg"}],"twitter_card":"summary_large_image","twitter_misc":{"Timp estimat pentru citire":"1 minut"},"schema":{"@context":"https:\/\/schema.org","@graph":[{"@type":"WebPage","@id":"https:\/\/holyland.md\/ro\/product\/alpha-beta-brightening-mask\/","url":"https:\/\/holyland.md\/ro\/product\/alpha-beta-brightening-mask\/","name":"ALPHA-BETA BRIGHTENING MASK","isPartOf":{"@id":"https:\/\/holyland.md\/ro\/#website"},"primaryImageOfPage":{"@id":"https:\/\/holyland.md\/ro\/product\/alpha-beta-brightening-mask\/#primaryimage"},"image":{"@id":"https:\/\/holyland.md\/ro\/product\/alpha-beta-brightening-mask\/#primaryimage"},"thumbnailUrl":"https:\/\/holyland.md\/wp-content\/uploads\/2020\/04\/ABR-BRIGHTENING-MASK-GLASS.jpg","datePublished":"2020-04-24T14:13:07+00:00","dateModified":"2026-03-23T12:06:39+00:00","breadcrumb":{"@id":"https:\/\/holyland.md\/ro\/product\/alpha-beta-brightening-mask\/#breadcrumb"},"inLanguage":"ro-RO","potentialAction":[{"@type":"ReadAction","target":["https:\/\/holyland.md\/ro\/product\/alpha-beta-brightening-mask\/"]}]},{"@type":"ImageObject","inLanguage":"ro-RO","@id":"https:\/\/holyland.md\/ro\/product\/alpha-beta-brightening-mask\/#primaryimage","url":"https:\/\/holyland.md\/wp-content\/uploads\/2020\/04\/ABR-BRIGHTENING-MASK-GLASS.jpg","contentUrl":"https:\/\/holyland.md\/wp-content\/uploads\/2020\/04\/ABR-BRIGHTENING-MASK-GLASS.jpg","width":1000,"height":1000,"caption":"ABR-BRIGHTENING-MASK"},{"@type":"BreadcrumbList","@id":"https:\/\/holyland.md\/ro\/product\/alpha-beta-brightening-mask\/#breadcrumb","itemListElement":[{"@type":"ListItem","position":1,"name":"\u0413\u043b\u0430\u0432\u043d\u0430\u044f \u0441\u0442\u0440\u0430\u043d\u0438\u0446\u0430","item":"https:\/\/holyland.md\/ro\/"},{"@type":"ListItem","position":2,"name":"Catalog produse HolyLand","item":"https:\/\/holyland.md\/ro\/catalog\/"},{"@type":"ListItem","position":3,"name":"ALPHA-BETA BRIGHTENING MASK"}]},{"@type":"WebSite","@id":"https:\/\/holyland.md\/ro\/#website","url":"https:\/\/holyland.md\/ro\/","name":"Holy Land Cosmetics","description":"","publisher":{"@id":"https:\/\/holyland.md\/ro\/#organization"},"potentialAction":[{"@type":"SearchAction","target":{"@type":"EntryPoint","urlTemplate":"https:\/\/holyland.md\/ro\/?s={search_term_string}"},"query-input":"required name=search_term_string"}],"inLanguage":"ro-RO"},{"@type":"Organization","@id":"https:\/\/holyland.md\/ro\/#organization","name":"Holy Land Cosmetics","url":"https:\/\/holyland.md\/ro\/","logo":{"@type":"ImageObject","inLanguage":"ro-RO","@id":"https:\/\/holyland.md\/ro\/#\/schema\/logo\/image\/","url":"https:\/\/holyland.md\/wp-content\/uploads\/2020\/03\/hl-always-active.png","contentUrl":"https:\/\/holyland.md\/wp-content\/uploads\/2020\/03\/hl-always-active.png","width":1437,"height":892,"caption":"Holy Land Cosmetics"},"image":{"@id":"https:\/\/holyland.md\/ro\/#\/schema\/logo\/image\/"}}]}},"_links":{"self":[{"href":"https:\/\/holyland.md\/ro\/wp-json\/wp\/v2\/product\/1530"}],"collection":[{"href":"https:\/\/holyland.md\/ro\/wp-json\/wp\/v2\/product"}],"about":[{"href":"https:\/\/holyland.md\/ro\/wp-json\/wp\/v2\/types\/product"}],"wp:featuredmedia":[{"embeddable":true,"href":"https:\/\/holyland.md\/ro\/wp-json\/wp\/v2\/media\/3997"}],"wp:attachment":[{"href":"https:\/\/holyland.md\/ro\/wp-json\/wp\/v2\/media?parent=1530"}],"wp:term":[{"taxonomy":"product_cat","embeddable":true,"href":"https:\/\/holyland.md\/ro\/wp-json\/wp\/v2\/product_cat?post=1530"},{"taxonomy":"product_tag","embeddable":true,"href":"https:\/\/holyland.md\/ro\/wp-json\/wp\/v2\/product_tag?post=1530"}],"curies":[{"name":"wp","href":"https:\/\/api.w.org\/{rel}","templated":true}]}}