{"id":1566,"date":"2020-05-04T21:07:01","date_gmt":"2020-05-04T18:07:01","guid":{"rendered":"https:\/\/holyland.md\/product\/alpha-beta-premium-peel\/"},"modified":"2026-03-23T13:05:27","modified_gmt":"2026-03-23T10:05:27","slug":"alpha-beta-premium-peel","status":"publish","type":"product","link":"https:\/\/holyland.md\/ro\/product\/alpha-beta-premium-peel\/","title":{"rendered":"ALPHA-BETA PREMIUM PEEL"},"content":{"rendered":"<p>Peeling-serum combinat de clasa lux. Are cel mai pronun\u021bat efect de netezire, lifting \u0219i \u00een\u0103lbire. \u00cen ciuda ad\u00e2ncimii medii de penetrare, \u00eent\u0103re\u0219te pere\u021bii vaselor sangvine \u0219i este indicat \u00een cazul de rozacee. DOAR PENTRU UTILIZARE PROFESIONAL\u0102!<\/p>\n<p><strong>Principii active:<\/strong><\/p>\n<p>Extract de afine, extract de trestie de zah\u0103r, de ar\u0163ar de zah\u0103r, portocale, l\u0103m\u00eeie, ceai verde, smochine, rodii, acid ascorbic, salicilic, ubichinon\u0103, retinol.<\/p>\n<p><strong>Mod de folosire:<\/strong><\/p>\n<p>Posibilitate de procurare \u0219i aplicare \u00een practic\u0103 numai dup\u0103 trecerea cursului de baz\u0103 la reprezentantul oficial cu primirea unui certificat corespunz\u0103tor de confirmare.<\/p>\n","protected":false},"excerpt":{"rendered":"<p>Volum: 7 ml x 6 un.<\/p>\n","protected":false},"featured_media":4004,"template":"","meta":[],"product_cat":[91,135],"product_tag":[],"class_list":{"0":"post-1566","1":"product","2":"type-product","3":"status-publish","4":"has-post-thumbnail","6":"product_cat-alpha-beta-hl","7":"product_cat-peelinguri","9":"first","10":"instock","11":"shipping-taxable","12":"purchasable","13":"product-type-simple"},"yoast_head":"<!-- This site is optimized with the Yoast SEO plugin v23.3 - https:\/\/yoast.com\/wordpress\/plugins\/seo\/ -->\n<title>ALPHA-BETA PREMIUM PEEL | Holy Land Cosmetics<\/title>\n<meta name=\"robots\" content=\"index, follow, max-snippet:-1, max-image-preview:large, max-video-preview:-1\" \/>\n<link rel=\"canonical\" href=\"https:\/\/holyland.md\/ro\/product\/alpha-beta-premium-peel\/\" \/>\n<meta property=\"og:locale\" content=\"ro_RO\" \/>\n<meta property=\"og:type\" content=\"article\" \/>\n<meta property=\"og:title\" content=\"ALPHA-BETA PREMIUM PEEL | Holy Land Cosmetics\" \/>\n<meta property=\"og:description\" content=\"Volum: 7 ml x 6 un.\" \/>\n<meta property=\"og:url\" content=\"https:\/\/holyland.md\/ro\/product\/alpha-beta-premium-peel\/\" \/>\n<meta property=\"og:site_name\" content=\"Holy Land Cosmetics\" \/>\n<meta property=\"article:modified_time\" content=\"2026-03-23T10:05:27+00:00\" \/>\n<meta property=\"og:image\" content=\"https:\/\/holyland.md\/wp-content\/uploads\/2020\/05\/ABR-PREMIUM-PEEL-2.jpg\" \/>\n\t<meta property=\"og:image:width\" content=\"1000\" \/>\n\t<meta property=\"og:image:height\" content=\"1000\" \/>\n\t<meta property=\"og:image:type\" content=\"image\/jpeg\" \/>\n<meta name=\"twitter:card\" content=\"summary_large_image\" \/>\n<meta name=\"twitter:label1\" content=\"Timp estimat pentru citire\" \/>\n\t<meta name=\"twitter:data1\" content=\"1 minut\" \/>\n<script type=\"application\/ld+json\" class=\"yoast-schema-graph\">{\"@context\":\"https:\/\/schema.org\",\"@graph\":[{\"@type\":\"WebPage\",\"@id\":\"https:\/\/holyland.md\/ro\/product\/alpha-beta-premium-peel\/\",\"url\":\"https:\/\/holyland.md\/ro\/product\/alpha-beta-premium-peel\/\",\"name\":\"ALPHA-BETA PREMIUM PEEL | Holy Land Cosmetics\",\"isPartOf\":{\"@id\":\"https:\/\/holyland.md\/ro\/#website\"},\"primaryImageOfPage\":{\"@id\":\"https:\/\/holyland.md\/ro\/product\/alpha-beta-premium-peel\/#primaryimage\"},\"image\":{\"@id\":\"https:\/\/holyland.md\/ro\/product\/alpha-beta-premium-peel\/#primaryimage\"},\"thumbnailUrl\":\"https:\/\/holyland.md\/wp-content\/uploads\/2020\/05\/ABR-PREMIUM-PEEL-2.jpg\",\"datePublished\":\"2020-05-04T18:07:01+00:00\",\"dateModified\":\"2026-03-23T10:05:27+00:00\",\"breadcrumb\":{\"@id\":\"https:\/\/holyland.md\/ro\/product\/alpha-beta-premium-peel\/#breadcrumb\"},\"inLanguage\":\"ro-RO\",\"potentialAction\":[{\"@type\":\"ReadAction\",\"target\":[\"https:\/\/holyland.md\/ro\/product\/alpha-beta-premium-peel\/\"]}]},{\"@type\":\"ImageObject\",\"inLanguage\":\"ro-RO\",\"@id\":\"https:\/\/holyland.md\/ro\/product\/alpha-beta-premium-peel\/#primaryimage\",\"url\":\"https:\/\/holyland.md\/wp-content\/uploads\/2020\/05\/ABR-PREMIUM-PEEL-2.jpg\",\"contentUrl\":\"https:\/\/holyland.md\/wp-content\/uploads\/2020\/05\/ABR-PREMIUM-PEEL-2.jpg\",\"width\":1000,\"height\":1000,\"caption\":\"ABR-PREMIUM-PEEL\"},{\"@type\":\"BreadcrumbList\",\"@id\":\"https:\/\/holyland.md\/ro\/product\/alpha-beta-premium-peel\/#breadcrumb\",\"itemListElement\":[{\"@type\":\"ListItem\",\"position\":1,\"name\":\"\u0413\u043b\u0430\u0432\u043d\u0430\u044f \u0441\u0442\u0440\u0430\u043d\u0438\u0446\u0430\",\"item\":\"https:\/\/holyland.md\/ro\/\"},{\"@type\":\"ListItem\",\"position\":2,\"name\":\"Catalog produse HolyLand\",\"item\":\"https:\/\/holyland.md\/ro\/catalog\/\"},{\"@type\":\"ListItem\",\"position\":3,\"name\":\"ALPHA-BETA PREMIUM PEEL\"}]},{\"@type\":\"WebSite\",\"@id\":\"https:\/\/holyland.md\/ro\/#website\",\"url\":\"https:\/\/holyland.md\/ro\/\",\"name\":\"Holy Land Cosmetics\",\"description\":\"\",\"publisher\":{\"@id\":\"https:\/\/holyland.md\/ro\/#organization\"},\"potentialAction\":[{\"@type\":\"SearchAction\",\"target\":{\"@type\":\"EntryPoint\",\"urlTemplate\":\"https:\/\/holyland.md\/ro\/?s={search_term_string}\"},\"query-input\":\"required name=search_term_string\"}],\"inLanguage\":\"ro-RO\"},{\"@type\":\"Organization\",\"@id\":\"https:\/\/holyland.md\/ro\/#organization\",\"name\":\"Holy Land Cosmetics\",\"url\":\"https:\/\/holyland.md\/ro\/\",\"logo\":{\"@type\":\"ImageObject\",\"inLanguage\":\"ro-RO\",\"@id\":\"https:\/\/holyland.md\/ro\/#\/schema\/logo\/image\/\",\"url\":\"https:\/\/holyland.md\/wp-content\/uploads\/2020\/03\/hl-always-active.png\",\"contentUrl\":\"https:\/\/holyland.md\/wp-content\/uploads\/2020\/03\/hl-always-active.png\",\"width\":1437,\"height\":892,\"caption\":\"Holy Land Cosmetics\"},\"image\":{\"@id\":\"https:\/\/holyland.md\/ro\/#\/schema\/logo\/image\/\"}}]}<\/script>\n<!-- \/ Yoast SEO plugin. -->","yoast_head_json":{"title":"ALPHA-BETA PREMIUM PEEL | Holy Land Cosmetics","robots":{"index":"index","follow":"follow","max-snippet":"max-snippet:-1","max-image-preview":"max-image-preview:large","max-video-preview":"max-video-preview:-1"},"canonical":"https:\/\/holyland.md\/ro\/product\/alpha-beta-premium-peel\/","og_locale":"ro_RO","og_type":"article","og_title":"ALPHA-BETA PREMIUM PEEL | Holy Land Cosmetics","og_description":"Volum: 7 ml x 6 un.","og_url":"https:\/\/holyland.md\/ro\/product\/alpha-beta-premium-peel\/","og_site_name":"Holy Land Cosmetics","article_modified_time":"2026-03-23T10:05:27+00:00","og_image":[{"width":1000,"height":1000,"url":"https:\/\/holyland.md\/wp-content\/uploads\/2020\/05\/ABR-PREMIUM-PEEL-2.jpg","type":"image\/jpeg"}],"twitter_card":"summary_large_image","twitter_misc":{"Timp estimat pentru citire":"1 minut"},"schema":{"@context":"https:\/\/schema.org","@graph":[{"@type":"WebPage","@id":"https:\/\/holyland.md\/ro\/product\/alpha-beta-premium-peel\/","url":"https:\/\/holyland.md\/ro\/product\/alpha-beta-premium-peel\/","name":"ALPHA-BETA PREMIUM PEEL | Holy Land Cosmetics","isPartOf":{"@id":"https:\/\/holyland.md\/ro\/#website"},"primaryImageOfPage":{"@id":"https:\/\/holyland.md\/ro\/product\/alpha-beta-premium-peel\/#primaryimage"},"image":{"@id":"https:\/\/holyland.md\/ro\/product\/alpha-beta-premium-peel\/#primaryimage"},"thumbnailUrl":"https:\/\/holyland.md\/wp-content\/uploads\/2020\/05\/ABR-PREMIUM-PEEL-2.jpg","datePublished":"2020-05-04T18:07:01+00:00","dateModified":"2026-03-23T10:05:27+00:00","breadcrumb":{"@id":"https:\/\/holyland.md\/ro\/product\/alpha-beta-premium-peel\/#breadcrumb"},"inLanguage":"ro-RO","potentialAction":[{"@type":"ReadAction","target":["https:\/\/holyland.md\/ro\/product\/alpha-beta-premium-peel\/"]}]},{"@type":"ImageObject","inLanguage":"ro-RO","@id":"https:\/\/holyland.md\/ro\/product\/alpha-beta-premium-peel\/#primaryimage","url":"https:\/\/holyland.md\/wp-content\/uploads\/2020\/05\/ABR-PREMIUM-PEEL-2.jpg","contentUrl":"https:\/\/holyland.md\/wp-content\/uploads\/2020\/05\/ABR-PREMIUM-PEEL-2.jpg","width":1000,"height":1000,"caption":"ABR-PREMIUM-PEEL"},{"@type":"BreadcrumbList","@id":"https:\/\/holyland.md\/ro\/product\/alpha-beta-premium-peel\/#breadcrumb","itemListElement":[{"@type":"ListItem","position":1,"name":"\u0413\u043b\u0430\u0432\u043d\u0430\u044f \u0441\u0442\u0440\u0430\u043d\u0438\u0446\u0430","item":"https:\/\/holyland.md\/ro\/"},{"@type":"ListItem","position":2,"name":"Catalog produse HolyLand","item":"https:\/\/holyland.md\/ro\/catalog\/"},{"@type":"ListItem","position":3,"name":"ALPHA-BETA PREMIUM PEEL"}]},{"@type":"WebSite","@id":"https:\/\/holyland.md\/ro\/#website","url":"https:\/\/holyland.md\/ro\/","name":"Holy Land Cosmetics","description":"","publisher":{"@id":"https:\/\/holyland.md\/ro\/#organization"},"potentialAction":[{"@type":"SearchAction","target":{"@type":"EntryPoint","urlTemplate":"https:\/\/holyland.md\/ro\/?s={search_term_string}"},"query-input":"required name=search_term_string"}],"inLanguage":"ro-RO"},{"@type":"Organization","@id":"https:\/\/holyland.md\/ro\/#organization","name":"Holy Land Cosmetics","url":"https:\/\/holyland.md\/ro\/","logo":{"@type":"ImageObject","inLanguage":"ro-RO","@id":"https:\/\/holyland.md\/ro\/#\/schema\/logo\/image\/","url":"https:\/\/holyland.md\/wp-content\/uploads\/2020\/03\/hl-always-active.png","contentUrl":"https:\/\/holyland.md\/wp-content\/uploads\/2020\/03\/hl-always-active.png","width":1437,"height":892,"caption":"Holy Land Cosmetics"},"image":{"@id":"https:\/\/holyland.md\/ro\/#\/schema\/logo\/image\/"}}]}},"_links":{"self":[{"href":"https:\/\/holyland.md\/ro\/wp-json\/wp\/v2\/product\/1566"}],"collection":[{"href":"https:\/\/holyland.md\/ro\/wp-json\/wp\/v2\/product"}],"about":[{"href":"https:\/\/holyland.md\/ro\/wp-json\/wp\/v2\/types\/product"}],"wp:featuredmedia":[{"embeddable":true,"href":"https:\/\/holyland.md\/ro\/wp-json\/wp\/v2\/media\/4004"}],"wp:attachment":[{"href":"https:\/\/holyland.md\/ro\/wp-json\/wp\/v2\/media?parent=1566"}],"wp:term":[{"taxonomy":"product_cat","embeddable":true,"href":"https:\/\/holyland.md\/ro\/wp-json\/wp\/v2\/product_cat?post=1566"},{"taxonomy":"product_tag","embeddable":true,"href":"https:\/\/holyland.md\/ro\/wp-json\/wp\/v2\/product_tag?post=1566"}],"curies":[{"name":"wp","href":"https:\/\/api.w.org\/{rel}","templated":true}]}}