{"id":1585,"date":"2020-04-24T16:51:33","date_gmt":"2020-04-24T13:51:33","guid":{"rendered":"https:\/\/holyland.md\/product\/alpha-complex-active-cream\/"},"modified":"2026-03-24T14:47:15","modified_gmt":"2026-03-24T11:47:15","slug":"alpha-complex-active-cream","status":"publish","type":"product","link":"https:\/\/holyland.md\/ro\/product\/alpha-complex-active-cream\/","title":{"rendered":"ALPHA COMPLEX ACTIVE CREAM"},"content":{"rendered":"<p>Crema activ\u0103 bazat\u0103 pe acizi alfa-hidroxilici cu efect de re\u00eennoire. Acizii fructiferi contribuie la restructurarea epidermei \u0219i la normalizarea proceselor metabolice. Un efect u\u0219or iritant stimuleaz\u0103 deschiderea capilarelor de rezerv\u0103 \u0219i \u00eembun\u0103t\u0103\u021be\u0219te alimenta\u021bia \u021besuturilor. Proteina de m\u0103tase hidrolizat\u0103 asigur\u0103 un nivel optim de umiditate \u0219i men\u021bine tinere\u021bea pielii. Utilizarea pe termen lung a cremei asigur\u0103 netezirea suprafe\u021bei, \u00eembun\u0103t\u0103\u021birea culorii \u0219i re\u00eentoarcerea str\u0103lucirii interioare a pielii s\u0103n\u0103toase.<\/p>\n<p><strong>Principii active:<\/strong><\/p>\n<p>Extract de afine, trestie de zah\u0103r, acid lactic, extract de ar\u0163ar de zah\u0103r, de portocale, de grapefruit, de l\u0103m\u00eeie, de smochine, de m\u0103tase hidrolizat\u0103.<\/p>\n<p><strong>Mod de folosire:<\/strong><\/p>\n<p>De aplicat pe pielea curat\u0103 \u00eentr-o cantitate mic\u0103 1 dat\u0103 pe zi sau conform recomand\u0103rilor specialistului Dumneavoastr\u0103.<\/p>\n","protected":false},"excerpt":{"rendered":"<p>Volum: 50 ml<\/p>\n<p>&nbsp;<\/p>\n","protected":false},"featured_media":3328,"template":"","meta":[],"product_cat":[94,130],"product_tag":[],"class_list":{"0":"post-1585","1":"product","2":"type-product","3":"status-publish","4":"has-post-thumbnail","6":"product_cat-alpha-complex-hl","7":"product_cat-creme","9":"first","10":"outofstock","11":"shipping-taxable","12":"purchasable","13":"product-type-simple"},"yoast_head":"<!-- This site is optimized with the Yoast SEO plugin v23.3 - https:\/\/yoast.com\/wordpress\/plugins\/seo\/ -->\n<title>ALPHA COMPLEX ACTIVE CREAM<\/title>\n<meta name=\"robots\" content=\"index, follow, max-snippet:-1, max-image-preview:large, max-video-preview:-1\" \/>\n<link rel=\"canonical\" href=\"https:\/\/holyland.md\/ro\/product\/alpha-complex-active-cream\/\" \/>\n<meta property=\"og:locale\" content=\"ro_RO\" \/>\n<meta property=\"og:type\" content=\"article\" \/>\n<meta property=\"og:title\" content=\"ALPHA COMPLEX ACTIVE CREAM\" \/>\n<meta property=\"og:description\" content=\"Volum: 50 ml  &nbsp;\" \/>\n<meta property=\"og:url\" content=\"https:\/\/holyland.md\/ro\/product\/alpha-complex-active-cream\/\" \/>\n<meta property=\"og:site_name\" content=\"Holy Land Cosmetics\" \/>\n<meta property=\"article:modified_time\" content=\"2026-03-24T11:47:15+00:00\" \/>\n<meta property=\"og:image\" content=\"https:\/\/holyland.md\/wp-content\/uploads\/2020\/04\/ALPHA-COMPLEX-ACTIVE-CREAM-TUBE.jpg\" \/>\n\t<meta property=\"og:image:width\" content=\"1000\" \/>\n\t<meta property=\"og:image:height\" content=\"1000\" \/>\n\t<meta property=\"og:image:type\" content=\"image\/jpeg\" \/>\n<meta name=\"twitter:card\" content=\"summary_large_image\" \/>\n<meta name=\"twitter:label1\" content=\"Timp estimat pentru citire\" \/>\n\t<meta name=\"twitter:data1\" content=\"1 minut\" \/>\n<script type=\"application\/ld+json\" class=\"yoast-schema-graph\">{\"@context\":\"https:\/\/schema.org\",\"@graph\":[{\"@type\":\"WebPage\",\"@id\":\"https:\/\/holyland.md\/ro\/product\/alpha-complex-active-cream\/\",\"url\":\"https:\/\/holyland.md\/ro\/product\/alpha-complex-active-cream\/\",\"name\":\"ALPHA COMPLEX ACTIVE CREAM\",\"isPartOf\":{\"@id\":\"https:\/\/holyland.md\/ro\/#website\"},\"primaryImageOfPage\":{\"@id\":\"https:\/\/holyland.md\/ro\/product\/alpha-complex-active-cream\/#primaryimage\"},\"image\":{\"@id\":\"https:\/\/holyland.md\/ro\/product\/alpha-complex-active-cream\/#primaryimage\"},\"thumbnailUrl\":\"https:\/\/holyland.md\/wp-content\/uploads\/2020\/04\/ALPHA-COMPLEX-ACTIVE-CREAM-TUBE.jpg\",\"datePublished\":\"2020-04-24T13:51:33+00:00\",\"dateModified\":\"2026-03-24T11:47:15+00:00\",\"breadcrumb\":{\"@id\":\"https:\/\/holyland.md\/ro\/product\/alpha-complex-active-cream\/#breadcrumb\"},\"inLanguage\":\"ro-RO\",\"potentialAction\":[{\"@type\":\"ReadAction\",\"target\":[\"https:\/\/holyland.md\/ro\/product\/alpha-complex-active-cream\/\"]}]},{\"@type\":\"ImageObject\",\"inLanguage\":\"ro-RO\",\"@id\":\"https:\/\/holyland.md\/ro\/product\/alpha-complex-active-cream\/#primaryimage\",\"url\":\"https:\/\/holyland.md\/wp-content\/uploads\/2020\/04\/ALPHA-COMPLEX-ACTIVE-CREAM-TUBE.jpg\",\"contentUrl\":\"https:\/\/holyland.md\/wp-content\/uploads\/2020\/04\/ALPHA-COMPLEX-ACTIVE-CREAM-TUBE.jpg\",\"width\":1000,\"height\":1000},{\"@type\":\"BreadcrumbList\",\"@id\":\"https:\/\/holyland.md\/ro\/product\/alpha-complex-active-cream\/#breadcrumb\",\"itemListElement\":[{\"@type\":\"ListItem\",\"position\":1,\"name\":\"\u0413\u043b\u0430\u0432\u043d\u0430\u044f \u0441\u0442\u0440\u0430\u043d\u0438\u0446\u0430\",\"item\":\"https:\/\/holyland.md\/ro\/\"},{\"@type\":\"ListItem\",\"position\":2,\"name\":\"Catalog produse HolyLand\",\"item\":\"https:\/\/holyland.md\/ro\/catalog\/\"},{\"@type\":\"ListItem\",\"position\":3,\"name\":\"ALPHA COMPLEX ACTIVE CREAM\"}]},{\"@type\":\"WebSite\",\"@id\":\"https:\/\/holyland.md\/ro\/#website\",\"url\":\"https:\/\/holyland.md\/ro\/\",\"name\":\"Holy Land Cosmetics\",\"description\":\"\",\"publisher\":{\"@id\":\"https:\/\/holyland.md\/ro\/#organization\"},\"potentialAction\":[{\"@type\":\"SearchAction\",\"target\":{\"@type\":\"EntryPoint\",\"urlTemplate\":\"https:\/\/holyland.md\/ro\/?s={search_term_string}\"},\"query-input\":\"required name=search_term_string\"}],\"inLanguage\":\"ro-RO\"},{\"@type\":\"Organization\",\"@id\":\"https:\/\/holyland.md\/ro\/#organization\",\"name\":\"Holy Land Cosmetics\",\"url\":\"https:\/\/holyland.md\/ro\/\",\"logo\":{\"@type\":\"ImageObject\",\"inLanguage\":\"ro-RO\",\"@id\":\"https:\/\/holyland.md\/ro\/#\/schema\/logo\/image\/\",\"url\":\"https:\/\/holyland.md\/wp-content\/uploads\/2020\/03\/hl-always-active.png\",\"contentUrl\":\"https:\/\/holyland.md\/wp-content\/uploads\/2020\/03\/hl-always-active.png\",\"width\":1437,\"height\":892,\"caption\":\"Holy Land Cosmetics\"},\"image\":{\"@id\":\"https:\/\/holyland.md\/ro\/#\/schema\/logo\/image\/\"}}]}<\/script>\n<!-- \/ Yoast SEO plugin. -->","yoast_head_json":{"title":"ALPHA COMPLEX ACTIVE CREAM","robots":{"index":"index","follow":"follow","max-snippet":"max-snippet:-1","max-image-preview":"max-image-preview:large","max-video-preview":"max-video-preview:-1"},"canonical":"https:\/\/holyland.md\/ro\/product\/alpha-complex-active-cream\/","og_locale":"ro_RO","og_type":"article","og_title":"ALPHA COMPLEX ACTIVE CREAM","og_description":"Volum: 50 ml  &nbsp;","og_url":"https:\/\/holyland.md\/ro\/product\/alpha-complex-active-cream\/","og_site_name":"Holy Land Cosmetics","article_modified_time":"2026-03-24T11:47:15+00:00","og_image":[{"width":1000,"height":1000,"url":"https:\/\/holyland.md\/wp-content\/uploads\/2020\/04\/ALPHA-COMPLEX-ACTIVE-CREAM-TUBE.jpg","type":"image\/jpeg"}],"twitter_card":"summary_large_image","twitter_misc":{"Timp estimat pentru citire":"1 minut"},"schema":{"@context":"https:\/\/schema.org","@graph":[{"@type":"WebPage","@id":"https:\/\/holyland.md\/ro\/product\/alpha-complex-active-cream\/","url":"https:\/\/holyland.md\/ro\/product\/alpha-complex-active-cream\/","name":"ALPHA COMPLEX ACTIVE CREAM","isPartOf":{"@id":"https:\/\/holyland.md\/ro\/#website"},"primaryImageOfPage":{"@id":"https:\/\/holyland.md\/ro\/product\/alpha-complex-active-cream\/#primaryimage"},"image":{"@id":"https:\/\/holyland.md\/ro\/product\/alpha-complex-active-cream\/#primaryimage"},"thumbnailUrl":"https:\/\/holyland.md\/wp-content\/uploads\/2020\/04\/ALPHA-COMPLEX-ACTIVE-CREAM-TUBE.jpg","datePublished":"2020-04-24T13:51:33+00:00","dateModified":"2026-03-24T11:47:15+00:00","breadcrumb":{"@id":"https:\/\/holyland.md\/ro\/product\/alpha-complex-active-cream\/#breadcrumb"},"inLanguage":"ro-RO","potentialAction":[{"@type":"ReadAction","target":["https:\/\/holyland.md\/ro\/product\/alpha-complex-active-cream\/"]}]},{"@type":"ImageObject","inLanguage":"ro-RO","@id":"https:\/\/holyland.md\/ro\/product\/alpha-complex-active-cream\/#primaryimage","url":"https:\/\/holyland.md\/wp-content\/uploads\/2020\/04\/ALPHA-COMPLEX-ACTIVE-CREAM-TUBE.jpg","contentUrl":"https:\/\/holyland.md\/wp-content\/uploads\/2020\/04\/ALPHA-COMPLEX-ACTIVE-CREAM-TUBE.jpg","width":1000,"height":1000},{"@type":"BreadcrumbList","@id":"https:\/\/holyland.md\/ro\/product\/alpha-complex-active-cream\/#breadcrumb","itemListElement":[{"@type":"ListItem","position":1,"name":"\u0413\u043b\u0430\u0432\u043d\u0430\u044f \u0441\u0442\u0440\u0430\u043d\u0438\u0446\u0430","item":"https:\/\/holyland.md\/ro\/"},{"@type":"ListItem","position":2,"name":"Catalog produse HolyLand","item":"https:\/\/holyland.md\/ro\/catalog\/"},{"@type":"ListItem","position":3,"name":"ALPHA COMPLEX ACTIVE CREAM"}]},{"@type":"WebSite","@id":"https:\/\/holyland.md\/ro\/#website","url":"https:\/\/holyland.md\/ro\/","name":"Holy Land Cosmetics","description":"","publisher":{"@id":"https:\/\/holyland.md\/ro\/#organization"},"potentialAction":[{"@type":"SearchAction","target":{"@type":"EntryPoint","urlTemplate":"https:\/\/holyland.md\/ro\/?s={search_term_string}"},"query-input":"required name=search_term_string"}],"inLanguage":"ro-RO"},{"@type":"Organization","@id":"https:\/\/holyland.md\/ro\/#organization","name":"Holy Land Cosmetics","url":"https:\/\/holyland.md\/ro\/","logo":{"@type":"ImageObject","inLanguage":"ro-RO","@id":"https:\/\/holyland.md\/ro\/#\/schema\/logo\/image\/","url":"https:\/\/holyland.md\/wp-content\/uploads\/2020\/03\/hl-always-active.png","contentUrl":"https:\/\/holyland.md\/wp-content\/uploads\/2020\/03\/hl-always-active.png","width":1437,"height":892,"caption":"Holy Land Cosmetics"},"image":{"@id":"https:\/\/holyland.md\/ro\/#\/schema\/logo\/image\/"}}]}},"_links":{"self":[{"href":"https:\/\/holyland.md\/ro\/wp-json\/wp\/v2\/product\/1585"}],"collection":[{"href":"https:\/\/holyland.md\/ro\/wp-json\/wp\/v2\/product"}],"about":[{"href":"https:\/\/holyland.md\/ro\/wp-json\/wp\/v2\/types\/product"}],"wp:featuredmedia":[{"embeddable":true,"href":"https:\/\/holyland.md\/ro\/wp-json\/wp\/v2\/media\/3328"}],"wp:attachment":[{"href":"https:\/\/holyland.md\/ro\/wp-json\/wp\/v2\/media?parent=1585"}],"wp:term":[{"taxonomy":"product_cat","embeddable":true,"href":"https:\/\/holyland.md\/ro\/wp-json\/wp\/v2\/product_cat?post=1585"},{"taxonomy":"product_tag","embeddable":true,"href":"https:\/\/holyland.md\/ro\/wp-json\/wp\/v2\/product_tag?post=1585"}],"curies":[{"name":"wp","href":"https:\/\/api.w.org\/{rel}","templated":true}]}}