{"id":1587,"date":"2020-04-24T16:44:39","date_gmt":"2020-04-24T13:44:39","guid":{"rendered":"https:\/\/holyland.md\/product\/alpha-complex-rapid-exfoliator\/"},"modified":"2026-03-24T14:47:25","modified_gmt":"2026-03-24T11:47:25","slug":"alpha-complex-rapid-exfoliator","status":"publish","type":"product","link":"https:\/\/holyland.md\/ro\/product\/alpha-complex-rapid-exfoliator\/","title":{"rendered":"ALPHA COMPLEX RAPID EXFOLIATOR"},"content":{"rendered":"<p>Peeling organic combinat superficial. Combina\u021bie unic\u0103 dintre agen\u021bi de exfoliere &#8211; enzime \u0219i cu acizi &#8211; ofer\u0103 cele mai eficiente rezultate, chiar \u0219i la nivelul dermului. Produsul absolut sigur pentru orice v\u00e2rst\u0103 \u0219i orice tip de piele, inclusiv cea mai sensibil\u0103. Concentra\u021bia \u00eenalt\u0103 de acid ascorbic permite nu doar de lucrat \u00een cazul rozaceei, dar, de asemenea, reduce manifest\u0103rile acesteia.<\/p>\n<p><strong>Principii active:<\/strong><\/p>\n<p>Extracte de afine, de trestie de zah\u0103r, de ar\u0163ar de zah\u0103r, de portocale, de l\u0103m\u00eeie, de smochine, de rodii, de curmal\u0103, de mu\u015fe\u0163el, de ceai verde, acid lactic, citric, salicilic, ascorbic.<\/p>\n<p><strong>Mod de folosire:<\/strong><\/p>\n<p>De utilizat acas\u0103 ca o etap\u0103 activ\u0103 a mini-procedurii o dat\u0103 pe s\u0103pt\u0103m\u00e2n\u0103 sau conform recomand\u0103rilor specialistului. De aplicat o cantitate suficient\u0103 de preparat pe pielea preg\u0103tit\u0103 corespunz\u0103tor \u00eentr-un strat uniform, prin mi\u0219c\u0103ri glisante, f\u0103r\u0103 frecare. Peste 10-15 minute, sp\u0103la\u021bi cu ap\u0103 cald\u0103 \/ r\u0103coroas\u0103. Completa\u021bi procedura conform prevederilor din protocolul dvs. individual.<\/p>\n","protected":false},"excerpt":{"rendered":"<p>Volum: 125 ml<\/p>\n","protected":false},"featured_media":3243,"template":"","meta":[],"product_cat":[94,115,135],"product_tag":[],"class_list":{"0":"post-1587","1":"product","2":"type-product","3":"status-publish","4":"has-post-thumbnail","6":"product_cat-alpha-complex-hl","7":"product_cat-peels-hl","8":"product_cat-peelinguri","10":"first","11":"instock","12":"shipping-taxable","13":"purchasable","14":"product-type-simple"},"yoast_head":"<!-- This site is optimized with the Yoast SEO plugin v23.3 - https:\/\/yoast.com\/wordpress\/plugins\/seo\/ -->\n<title>ALPHA COMPLEX RAPID EXFOLIATOR<\/title>\n<meta name=\"robots\" content=\"index, follow, max-snippet:-1, max-image-preview:large, max-video-preview:-1\" \/>\n<link rel=\"canonical\" href=\"https:\/\/holyland.md\/ro\/product\/alpha-complex-rapid-exfoliator\/\" \/>\n<meta property=\"og:locale\" content=\"ro_RO\" \/>\n<meta property=\"og:type\" content=\"article\" \/>\n<meta property=\"og:title\" content=\"ALPHA COMPLEX RAPID EXFOLIATOR\" \/>\n<meta property=\"og:description\" content=\"Volum: 125 ml\" \/>\n<meta property=\"og:url\" content=\"https:\/\/holyland.md\/ro\/product\/alpha-complex-rapid-exfoliator\/\" \/>\n<meta property=\"og:site_name\" content=\"Holy Land Cosmetics\" \/>\n<meta property=\"article:modified_time\" content=\"2026-03-24T11:47:25+00:00\" \/>\n<meta property=\"og:image\" content=\"https:\/\/holyland.md\/wp-content\/uploads\/2020\/04\/ALPHA-COMPLEX-RAPID-EXFOLIATOR.jpg\" \/>\n\t<meta property=\"og:image:width\" content=\"1000\" \/>\n\t<meta property=\"og:image:height\" content=\"1000\" \/>\n\t<meta property=\"og:image:type\" content=\"image\/jpeg\" \/>\n<meta name=\"twitter:card\" content=\"summary_large_image\" \/>\n<meta name=\"twitter:label1\" content=\"Timp estimat pentru citire\" \/>\n\t<meta name=\"twitter:data1\" content=\"1 minut\" \/>\n<script type=\"application\/ld+json\" class=\"yoast-schema-graph\">{\"@context\":\"https:\/\/schema.org\",\"@graph\":[{\"@type\":\"WebPage\",\"@id\":\"https:\/\/holyland.md\/ro\/product\/alpha-complex-rapid-exfoliator\/\",\"url\":\"https:\/\/holyland.md\/ro\/product\/alpha-complex-rapid-exfoliator\/\",\"name\":\"ALPHA COMPLEX RAPID EXFOLIATOR\",\"isPartOf\":{\"@id\":\"https:\/\/holyland.md\/ro\/#website\"},\"primaryImageOfPage\":{\"@id\":\"https:\/\/holyland.md\/ro\/product\/alpha-complex-rapid-exfoliator\/#primaryimage\"},\"image\":{\"@id\":\"https:\/\/holyland.md\/ro\/product\/alpha-complex-rapid-exfoliator\/#primaryimage\"},\"thumbnailUrl\":\"https:\/\/holyland.md\/wp-content\/uploads\/2020\/04\/ALPHA-COMPLEX-RAPID-EXFOLIATOR.jpg\",\"datePublished\":\"2020-04-24T13:44:39+00:00\",\"dateModified\":\"2026-03-24T11:47:25+00:00\",\"breadcrumb\":{\"@id\":\"https:\/\/holyland.md\/ro\/product\/alpha-complex-rapid-exfoliator\/#breadcrumb\"},\"inLanguage\":\"ro-RO\",\"potentialAction\":[{\"@type\":\"ReadAction\",\"target\":[\"https:\/\/holyland.md\/ro\/product\/alpha-complex-rapid-exfoliator\/\"]}]},{\"@type\":\"ImageObject\",\"inLanguage\":\"ro-RO\",\"@id\":\"https:\/\/holyland.md\/ro\/product\/alpha-complex-rapid-exfoliator\/#primaryimage\",\"url\":\"https:\/\/holyland.md\/wp-content\/uploads\/2020\/04\/ALPHA-COMPLEX-RAPID-EXFOLIATOR.jpg\",\"contentUrl\":\"https:\/\/holyland.md\/wp-content\/uploads\/2020\/04\/ALPHA-COMPLEX-RAPID-EXFOLIATOR.jpg\",\"width\":1000,\"height\":1000,\"caption\":\"ALPHA-COMPLEX-RAPID-EXFOLIATOR\"},{\"@type\":\"BreadcrumbList\",\"@id\":\"https:\/\/holyland.md\/ro\/product\/alpha-complex-rapid-exfoliator\/#breadcrumb\",\"itemListElement\":[{\"@type\":\"ListItem\",\"position\":1,\"name\":\"\u0413\u043b\u0430\u0432\u043d\u0430\u044f \u0441\u0442\u0440\u0430\u043d\u0438\u0446\u0430\",\"item\":\"https:\/\/holyland.md\/ro\/\"},{\"@type\":\"ListItem\",\"position\":2,\"name\":\"Catalog produse HolyLand\",\"item\":\"https:\/\/holyland.md\/ro\/catalog\/\"},{\"@type\":\"ListItem\",\"position\":3,\"name\":\"ALPHA COMPLEX RAPID EXFOLIATOR\"}]},{\"@type\":\"WebSite\",\"@id\":\"https:\/\/holyland.md\/ro\/#website\",\"url\":\"https:\/\/holyland.md\/ro\/\",\"name\":\"Holy Land Cosmetics\",\"description\":\"\",\"publisher\":{\"@id\":\"https:\/\/holyland.md\/ro\/#organization\"},\"potentialAction\":[{\"@type\":\"SearchAction\",\"target\":{\"@type\":\"EntryPoint\",\"urlTemplate\":\"https:\/\/holyland.md\/ro\/?s={search_term_string}\"},\"query-input\":\"required name=search_term_string\"}],\"inLanguage\":\"ro-RO\"},{\"@type\":\"Organization\",\"@id\":\"https:\/\/holyland.md\/ro\/#organization\",\"name\":\"Holy Land Cosmetics\",\"url\":\"https:\/\/holyland.md\/ro\/\",\"logo\":{\"@type\":\"ImageObject\",\"inLanguage\":\"ro-RO\",\"@id\":\"https:\/\/holyland.md\/ro\/#\/schema\/logo\/image\/\",\"url\":\"https:\/\/holyland.md\/wp-content\/uploads\/2020\/03\/hl-always-active.png\",\"contentUrl\":\"https:\/\/holyland.md\/wp-content\/uploads\/2020\/03\/hl-always-active.png\",\"width\":1437,\"height\":892,\"caption\":\"Holy Land Cosmetics\"},\"image\":{\"@id\":\"https:\/\/holyland.md\/ro\/#\/schema\/logo\/image\/\"}}]}<\/script>\n<!-- \/ Yoast SEO plugin. -->","yoast_head_json":{"title":"ALPHA COMPLEX RAPID EXFOLIATOR","robots":{"index":"index","follow":"follow","max-snippet":"max-snippet:-1","max-image-preview":"max-image-preview:large","max-video-preview":"max-video-preview:-1"},"canonical":"https:\/\/holyland.md\/ro\/product\/alpha-complex-rapid-exfoliator\/","og_locale":"ro_RO","og_type":"article","og_title":"ALPHA COMPLEX RAPID EXFOLIATOR","og_description":"Volum: 125 ml","og_url":"https:\/\/holyland.md\/ro\/product\/alpha-complex-rapid-exfoliator\/","og_site_name":"Holy Land Cosmetics","article_modified_time":"2026-03-24T11:47:25+00:00","og_image":[{"width":1000,"height":1000,"url":"https:\/\/holyland.md\/wp-content\/uploads\/2020\/04\/ALPHA-COMPLEX-RAPID-EXFOLIATOR.jpg","type":"image\/jpeg"}],"twitter_card":"summary_large_image","twitter_misc":{"Timp estimat pentru citire":"1 minut"},"schema":{"@context":"https:\/\/schema.org","@graph":[{"@type":"WebPage","@id":"https:\/\/holyland.md\/ro\/product\/alpha-complex-rapid-exfoliator\/","url":"https:\/\/holyland.md\/ro\/product\/alpha-complex-rapid-exfoliator\/","name":"ALPHA COMPLEX RAPID EXFOLIATOR","isPartOf":{"@id":"https:\/\/holyland.md\/ro\/#website"},"primaryImageOfPage":{"@id":"https:\/\/holyland.md\/ro\/product\/alpha-complex-rapid-exfoliator\/#primaryimage"},"image":{"@id":"https:\/\/holyland.md\/ro\/product\/alpha-complex-rapid-exfoliator\/#primaryimage"},"thumbnailUrl":"https:\/\/holyland.md\/wp-content\/uploads\/2020\/04\/ALPHA-COMPLEX-RAPID-EXFOLIATOR.jpg","datePublished":"2020-04-24T13:44:39+00:00","dateModified":"2026-03-24T11:47:25+00:00","breadcrumb":{"@id":"https:\/\/holyland.md\/ro\/product\/alpha-complex-rapid-exfoliator\/#breadcrumb"},"inLanguage":"ro-RO","potentialAction":[{"@type":"ReadAction","target":["https:\/\/holyland.md\/ro\/product\/alpha-complex-rapid-exfoliator\/"]}]},{"@type":"ImageObject","inLanguage":"ro-RO","@id":"https:\/\/holyland.md\/ro\/product\/alpha-complex-rapid-exfoliator\/#primaryimage","url":"https:\/\/holyland.md\/wp-content\/uploads\/2020\/04\/ALPHA-COMPLEX-RAPID-EXFOLIATOR.jpg","contentUrl":"https:\/\/holyland.md\/wp-content\/uploads\/2020\/04\/ALPHA-COMPLEX-RAPID-EXFOLIATOR.jpg","width":1000,"height":1000,"caption":"ALPHA-COMPLEX-RAPID-EXFOLIATOR"},{"@type":"BreadcrumbList","@id":"https:\/\/holyland.md\/ro\/product\/alpha-complex-rapid-exfoliator\/#breadcrumb","itemListElement":[{"@type":"ListItem","position":1,"name":"\u0413\u043b\u0430\u0432\u043d\u0430\u044f \u0441\u0442\u0440\u0430\u043d\u0438\u0446\u0430","item":"https:\/\/holyland.md\/ro\/"},{"@type":"ListItem","position":2,"name":"Catalog produse HolyLand","item":"https:\/\/holyland.md\/ro\/catalog\/"},{"@type":"ListItem","position":3,"name":"ALPHA COMPLEX RAPID EXFOLIATOR"}]},{"@type":"WebSite","@id":"https:\/\/holyland.md\/ro\/#website","url":"https:\/\/holyland.md\/ro\/","name":"Holy Land Cosmetics","description":"","publisher":{"@id":"https:\/\/holyland.md\/ro\/#organization"},"potentialAction":[{"@type":"SearchAction","target":{"@type":"EntryPoint","urlTemplate":"https:\/\/holyland.md\/ro\/?s={search_term_string}"},"query-input":"required name=search_term_string"}],"inLanguage":"ro-RO"},{"@type":"Organization","@id":"https:\/\/holyland.md\/ro\/#organization","name":"Holy Land Cosmetics","url":"https:\/\/holyland.md\/ro\/","logo":{"@type":"ImageObject","inLanguage":"ro-RO","@id":"https:\/\/holyland.md\/ro\/#\/schema\/logo\/image\/","url":"https:\/\/holyland.md\/wp-content\/uploads\/2020\/03\/hl-always-active.png","contentUrl":"https:\/\/holyland.md\/wp-content\/uploads\/2020\/03\/hl-always-active.png","width":1437,"height":892,"caption":"Holy Land Cosmetics"},"image":{"@id":"https:\/\/holyland.md\/ro\/#\/schema\/logo\/image\/"}}]}},"_links":{"self":[{"href":"https:\/\/holyland.md\/ro\/wp-json\/wp\/v2\/product\/1587"}],"collection":[{"href":"https:\/\/holyland.md\/ro\/wp-json\/wp\/v2\/product"}],"about":[{"href":"https:\/\/holyland.md\/ro\/wp-json\/wp\/v2\/types\/product"}],"wp:featuredmedia":[{"embeddable":true,"href":"https:\/\/holyland.md\/ro\/wp-json\/wp\/v2\/media\/3243"}],"wp:attachment":[{"href":"https:\/\/holyland.md\/ro\/wp-json\/wp\/v2\/media?parent=1587"}],"wp:term":[{"taxonomy":"product_cat","embeddable":true,"href":"https:\/\/holyland.md\/ro\/wp-json\/wp\/v2\/product_cat?post=1587"},{"taxonomy":"product_tag","embeddable":true,"href":"https:\/\/holyland.md\/ro\/wp-json\/wp\/v2\/product_tag?post=1587"}],"curies":[{"name":"wp","href":"https:\/\/api.w.org\/{rel}","templated":true}]}}