{"id":1593,"date":"2020-05-04T22:53:37","date_gmt":"2020-05-04T19:53:37","guid":{"rendered":"https:\/\/holyland.md\/product\/alpha-complex-eye-contour-gel\/"},"modified":"2026-03-24T14:07:17","modified_gmt":"2026-03-24T11:07:17","slug":"alpha-complex-eye-contour-gel","status":"publish","type":"product","link":"https:\/\/holyland.md\/ro\/product\/alpha-complex-eye-contour-gel\/","title":{"rendered":"ALPHA COMPLEX EYE CONTOUR GEL"},"content":{"rendered":"<p>Un gel fin pentru corectarea primelor modific\u0103ri legate de v\u00e2rst\u0103 \u00een regiunea periorbital\u0103. \u00cengroa\u0219\u0103 epidermul, ascunde urme oboselii, hidrateaz\u0103, tonifeaz\u0103, uniformizeaz\u0103 suprafa\u021ba \u0219i culoarea pielii datorit\u0103 acizilor din fructe.<\/p>\n<p><strong>Principii active:<\/strong><\/p>\n<p>Extract de afine, de trestie de zah\u0103r, de l\u0103m\u00eeie, de portocale, de ar\u0163ar de zah\u0103r, de mu\u015fe\u0163el, ulei de Kukui \u015fi de flori de mu\u015fe\u0163el, bisabolol.<\/p>\n<p><strong>Mod de folosire:<\/strong><\/p>\n<p>Aplica\u021bi o cantitate mic\u0103 de produs pe partea osoas\u0103 a pleoapei, netezind u\u0219or. Evita\u021bi contactul cu partea mobil\u0103 a pleoapelor. Folosi\u021bi de 3 ori pe s\u0103pt\u0103m\u00e2n\u0103 sau conform recomand\u0103rilor unui specialist.<\/p>\n","protected":false},"excerpt":{"rendered":"<p>Volum: 20 ml<\/p>\n","protected":false},"featured_media":1592,"template":"","meta":[],"product_cat":[94,126,125],"product_tag":[],"class_list":{"0":"post-1593","1":"product","2":"type-product","3":"status-publish","4":"has-post-thumbnail","6":"product_cat-alpha-complex-hl","7":"product_cat-pentru-ochi","8":"product_cat-geluri","10":"first","11":"outofstock","12":"shipping-taxable","13":"product-type-simple"},"yoast_head":"<!-- This site is optimized with the Yoast SEO plugin v23.3 - https:\/\/yoast.com\/wordpress\/plugins\/seo\/ -->\n<title>ALPHA COMPLEX EYE CONTOUR GEL | Holy Land Cosmetics<\/title>\n<meta name=\"robots\" content=\"index, follow, max-snippet:-1, max-image-preview:large, max-video-preview:-1\" \/>\n<link rel=\"canonical\" href=\"https:\/\/holyland.md\/ro\/product\/alpha-complex-eye-contour-gel\/\" \/>\n<meta property=\"og:locale\" content=\"ro_RO\" \/>\n<meta property=\"og:type\" content=\"article\" \/>\n<meta property=\"og:title\" content=\"ALPHA COMPLEX EYE CONTOUR GEL | Holy Land Cosmetics\" \/>\n<meta property=\"og:description\" content=\"Volum: 20 ml\" \/>\n<meta property=\"og:url\" content=\"https:\/\/holyland.md\/ro\/product\/alpha-complex-eye-contour-gel\/\" \/>\n<meta property=\"og:site_name\" content=\"Holy Land Cosmetics\" \/>\n<meta property=\"article:modified_time\" content=\"2026-03-24T11:07:17+00:00\" \/>\n<meta property=\"og:image\" content=\"https:\/\/holyland.md\/wp-content\/uploads\/2020\/05\/ALPHA-COMPLEX-EYE-CONTOUR-GEL.jpg\" \/>\n\t<meta property=\"og:image:width\" content=\"560\" \/>\n\t<meta property=\"og:image:height\" content=\"560\" \/>\n\t<meta property=\"og:image:type\" content=\"image\/jpeg\" \/>\n<meta name=\"twitter:card\" content=\"summary_large_image\" \/>\n<meta name=\"twitter:label1\" content=\"Timp estimat pentru citire\" \/>\n\t<meta name=\"twitter:data1\" content=\"1 minut\" \/>\n<script type=\"application\/ld+json\" class=\"yoast-schema-graph\">{\"@context\":\"https:\/\/schema.org\",\"@graph\":[{\"@type\":\"WebPage\",\"@id\":\"https:\/\/holyland.md\/ro\/product\/alpha-complex-eye-contour-gel\/\",\"url\":\"https:\/\/holyland.md\/ro\/product\/alpha-complex-eye-contour-gel\/\",\"name\":\"ALPHA COMPLEX EYE CONTOUR GEL | Holy Land Cosmetics\",\"isPartOf\":{\"@id\":\"https:\/\/holyland.md\/ro\/#website\"},\"primaryImageOfPage\":{\"@id\":\"https:\/\/holyland.md\/ro\/product\/alpha-complex-eye-contour-gel\/#primaryimage\"},\"image\":{\"@id\":\"https:\/\/holyland.md\/ro\/product\/alpha-complex-eye-contour-gel\/#primaryimage\"},\"thumbnailUrl\":\"https:\/\/holyland.md\/wp-content\/uploads\/2020\/05\/ALPHA-COMPLEX-EYE-CONTOUR-GEL.jpg\",\"datePublished\":\"2020-05-04T19:53:37+00:00\",\"dateModified\":\"2026-03-24T11:07:17+00:00\",\"breadcrumb\":{\"@id\":\"https:\/\/holyland.md\/ro\/product\/alpha-complex-eye-contour-gel\/#breadcrumb\"},\"inLanguage\":\"ro-RO\",\"potentialAction\":[{\"@type\":\"ReadAction\",\"target\":[\"https:\/\/holyland.md\/ro\/product\/alpha-complex-eye-contour-gel\/\"]}]},{\"@type\":\"ImageObject\",\"inLanguage\":\"ro-RO\",\"@id\":\"https:\/\/holyland.md\/ro\/product\/alpha-complex-eye-contour-gel\/#primaryimage\",\"url\":\"https:\/\/holyland.md\/wp-content\/uploads\/2020\/05\/ALPHA-COMPLEX-EYE-CONTOUR-GEL.jpg\",\"contentUrl\":\"https:\/\/holyland.md\/wp-content\/uploads\/2020\/05\/ALPHA-COMPLEX-EYE-CONTOUR-GEL.jpg\",\"width\":560,\"height\":560,\"caption\":\"\u0413\u0435\u043b\u044c \u0441 \u0444\u0440\u0443\u043a\u0442\u043e\u0432\u044b\u043c\u0438 \u044d\u043a\u0441\u0442\u0440\u0430\u043a\u0442\u0430\u043c\u0438 \u0434\u043b\u044f \u0438\u0441\u043f\u043e\u043b\u044c\u0437\u043e\u0432\u0430\u043d\u0438\u044f \u0432 \u043f\u0435\u0440\u0438\u043e\u0440\u0431\u0438\u0442\u0430\u043b\u044c\u043d\u043e\u0439 \u043e\u0431\u043b\u0430\u0441\u0442\u0438. \u0421\u043f\u043e\u0441\u043e\u0431\u0441\u0442\u0432\u0443\u0435\u0442 \u043e\u0431\u043d\u043e\u0432\u043b\u0435\u043d\u0438\u044e, \u0432\u044b\u0440\u0430\u0432\u043d\u0438\u0432\u0430\u043d\u0438\u044e \u0442\u0435\u043a\u0441\u0442\u0443\u0440\u044b \u0438 \u0446\u0432\u0435\u0442\u0430 \u043a\u043e\u0436\u0438, \u0442\u043e\u043d\u0438\u0437\u0438\u0440\u0443\u0435\u0442. \u0410\u043a\u0442\u0438\u0432\u043d\u044b\u0435 \u0438\u043d\u0433\u0440\u0435\u0434\u0438\u0435\u043d\u0442\u044b: \u044d\u043a\u0441\u0442\u0440\u0430\u043a\u0442 \u0447\u0435\u0440\u043d\u0438\u043a\u0438, \u044d\u043a\u0441\u0442\u0440\u0430\u043a\u0442 \u0441\u0430\u0445\u0430\u0440\u043d\u043e\u0433\u043e \u0442\u0440\u043e\u0441\u0442\u043d\u0438\u043a\u0430, \u043b\u0438\u043c\u043e\u043d\u0430, \u0430\u043f\u0435\u043b\u044c\u0441\u0438\u043d\u0430, \u0441\u0430\u0445\u0430\u0440\u043d\u043e\u0433\u043e \u043a\u043b\u0435\u043d\u0430, \u0440\u043e\u043c\u0430\u0448\u043a\u0438, \u043c\u0430\u0441\u043b\u043e \u041a\u0443\u043a\u0443\u0438 \u0438 \u0446\u0432\u0435\u0442\u043a\u043e\u0432 \u0440\u043e\u043c\u0430\u0448\u043a\u0438, \u0431\u0438\u0441\u0430\u0431\u043e\u043b\u043e\u043b. \u041f\u0440\u0438\u043c\u0435\u043d\u0435\u043d\u0438\u0435: \u041d\u0430\u043d\u043e\u0441\u0438\u0442\u044c \u043d\u0430 \u043e\u0447\u0438\u0449\u0435\u043d\u043d\u0443\u044e \u043a\u043e\u0436\u0443 \u0432 \u043d\u0435\u0431\u043e\u043b\u044c\u0448\u043e\u043c \u043a\u043e\u043b\u0438\u0447\u0435\u0441\u0442\u0432\u0435. \u041d\u0435 \u043d\u0430\u043d\u043e\u0441\u0438\u0442\u044c \u043d\u0430 \u043f\u043e\u0434\u0432\u0438\u0436\u043d\u044b\u0435 \u0447\u0430\u0441\u0442\u0438 \u0432\u0435\u043a. \u0418\u0441\u043f\u043e\u043b\u044c\u0437\u043e\u0432\u0430\u0442\u044c 3 \u0440\u0430\u0437\u0430 \u0432 \u043d\u0435\u0434\u0435\u043b\u044e \u0438\u043b\u0438 \u043a\u0430\u043a \u0440\u0435\u043a\u043e\u043c\u0435\u043d\u0434\u043e\u0432\u0430\u043d\u043e \u0441\u043f\u0435\u0446\u0438\u0430\u043b\u0438\u0441\u0442\u043e\u043c.\"},{\"@type\":\"BreadcrumbList\",\"@id\":\"https:\/\/holyland.md\/ro\/product\/alpha-complex-eye-contour-gel\/#breadcrumb\",\"itemListElement\":[{\"@type\":\"ListItem\",\"position\":1,\"name\":\"\u0413\u043b\u0430\u0432\u043d\u0430\u044f \u0441\u0442\u0440\u0430\u043d\u0438\u0446\u0430\",\"item\":\"https:\/\/holyland.md\/ro\/\"},{\"@type\":\"ListItem\",\"position\":2,\"name\":\"Catalog produse HolyLand\",\"item\":\"https:\/\/holyland.md\/ro\/catalog\/\"},{\"@type\":\"ListItem\",\"position\":3,\"name\":\"ALPHA COMPLEX EYE CONTOUR GEL\"}]},{\"@type\":\"WebSite\",\"@id\":\"https:\/\/holyland.md\/ro\/#website\",\"url\":\"https:\/\/holyland.md\/ro\/\",\"name\":\"Holy Land Cosmetics\",\"description\":\"\",\"publisher\":{\"@id\":\"https:\/\/holyland.md\/ro\/#organization\"},\"potentialAction\":[{\"@type\":\"SearchAction\",\"target\":{\"@type\":\"EntryPoint\",\"urlTemplate\":\"https:\/\/holyland.md\/ro\/?s={search_term_string}\"},\"query-input\":\"required name=search_term_string\"}],\"inLanguage\":\"ro-RO\"},{\"@type\":\"Organization\",\"@id\":\"https:\/\/holyland.md\/ro\/#organization\",\"name\":\"Holy Land Cosmetics\",\"url\":\"https:\/\/holyland.md\/ro\/\",\"logo\":{\"@type\":\"ImageObject\",\"inLanguage\":\"ro-RO\",\"@id\":\"https:\/\/holyland.md\/ro\/#\/schema\/logo\/image\/\",\"url\":\"https:\/\/holyland.md\/wp-content\/uploads\/2020\/03\/hl-always-active.png\",\"contentUrl\":\"https:\/\/holyland.md\/wp-content\/uploads\/2020\/03\/hl-always-active.png\",\"width\":1437,\"height\":892,\"caption\":\"Holy Land Cosmetics\"},\"image\":{\"@id\":\"https:\/\/holyland.md\/ro\/#\/schema\/logo\/image\/\"}}]}<\/script>\n<!-- \/ Yoast SEO plugin. -->","yoast_head_json":{"title":"ALPHA COMPLEX EYE CONTOUR GEL | Holy Land Cosmetics","robots":{"index":"index","follow":"follow","max-snippet":"max-snippet:-1","max-image-preview":"max-image-preview:large","max-video-preview":"max-video-preview:-1"},"canonical":"https:\/\/holyland.md\/ro\/product\/alpha-complex-eye-contour-gel\/","og_locale":"ro_RO","og_type":"article","og_title":"ALPHA COMPLEX EYE CONTOUR GEL | Holy Land Cosmetics","og_description":"Volum: 20 ml","og_url":"https:\/\/holyland.md\/ro\/product\/alpha-complex-eye-contour-gel\/","og_site_name":"Holy Land Cosmetics","article_modified_time":"2026-03-24T11:07:17+00:00","og_image":[{"width":560,"height":560,"url":"https:\/\/holyland.md\/wp-content\/uploads\/2020\/05\/ALPHA-COMPLEX-EYE-CONTOUR-GEL.jpg","type":"image\/jpeg"}],"twitter_card":"summary_large_image","twitter_misc":{"Timp estimat pentru citire":"1 minut"},"schema":{"@context":"https:\/\/schema.org","@graph":[{"@type":"WebPage","@id":"https:\/\/holyland.md\/ro\/product\/alpha-complex-eye-contour-gel\/","url":"https:\/\/holyland.md\/ro\/product\/alpha-complex-eye-contour-gel\/","name":"ALPHA COMPLEX EYE CONTOUR GEL | Holy Land Cosmetics","isPartOf":{"@id":"https:\/\/holyland.md\/ro\/#website"},"primaryImageOfPage":{"@id":"https:\/\/holyland.md\/ro\/product\/alpha-complex-eye-contour-gel\/#primaryimage"},"image":{"@id":"https:\/\/holyland.md\/ro\/product\/alpha-complex-eye-contour-gel\/#primaryimage"},"thumbnailUrl":"https:\/\/holyland.md\/wp-content\/uploads\/2020\/05\/ALPHA-COMPLEX-EYE-CONTOUR-GEL.jpg","datePublished":"2020-05-04T19:53:37+00:00","dateModified":"2026-03-24T11:07:17+00:00","breadcrumb":{"@id":"https:\/\/holyland.md\/ro\/product\/alpha-complex-eye-contour-gel\/#breadcrumb"},"inLanguage":"ro-RO","potentialAction":[{"@type":"ReadAction","target":["https:\/\/holyland.md\/ro\/product\/alpha-complex-eye-contour-gel\/"]}]},{"@type":"ImageObject","inLanguage":"ro-RO","@id":"https:\/\/holyland.md\/ro\/product\/alpha-complex-eye-contour-gel\/#primaryimage","url":"https:\/\/holyland.md\/wp-content\/uploads\/2020\/05\/ALPHA-COMPLEX-EYE-CONTOUR-GEL.jpg","contentUrl":"https:\/\/holyland.md\/wp-content\/uploads\/2020\/05\/ALPHA-COMPLEX-EYE-CONTOUR-GEL.jpg","width":560,"height":560,"caption":"\u0413\u0435\u043b\u044c \u0441 \u0444\u0440\u0443\u043a\u0442\u043e\u0432\u044b\u043c\u0438 \u044d\u043a\u0441\u0442\u0440\u0430\u043a\u0442\u0430\u043c\u0438 \u0434\u043b\u044f \u0438\u0441\u043f\u043e\u043b\u044c\u0437\u043e\u0432\u0430\u043d\u0438\u044f \u0432 \u043f\u0435\u0440\u0438\u043e\u0440\u0431\u0438\u0442\u0430\u043b\u044c\u043d\u043e\u0439 \u043e\u0431\u043b\u0430\u0441\u0442\u0438. \u0421\u043f\u043e\u0441\u043e\u0431\u0441\u0442\u0432\u0443\u0435\u0442 \u043e\u0431\u043d\u043e\u0432\u043b\u0435\u043d\u0438\u044e, \u0432\u044b\u0440\u0430\u0432\u043d\u0438\u0432\u0430\u043d\u0438\u044e \u0442\u0435\u043a\u0441\u0442\u0443\u0440\u044b \u0438 \u0446\u0432\u0435\u0442\u0430 \u043a\u043e\u0436\u0438, \u0442\u043e\u043d\u0438\u0437\u0438\u0440\u0443\u0435\u0442. \u0410\u043a\u0442\u0438\u0432\u043d\u044b\u0435 \u0438\u043d\u0433\u0440\u0435\u0434\u0438\u0435\u043d\u0442\u044b: \u044d\u043a\u0441\u0442\u0440\u0430\u043a\u0442 \u0447\u0435\u0440\u043d\u0438\u043a\u0438, \u044d\u043a\u0441\u0442\u0440\u0430\u043a\u0442 \u0441\u0430\u0445\u0430\u0440\u043d\u043e\u0433\u043e \u0442\u0440\u043e\u0441\u0442\u043d\u0438\u043a\u0430, \u043b\u0438\u043c\u043e\u043d\u0430, \u0430\u043f\u0435\u043b\u044c\u0441\u0438\u043d\u0430, \u0441\u0430\u0445\u0430\u0440\u043d\u043e\u0433\u043e \u043a\u043b\u0435\u043d\u0430, \u0440\u043e\u043c\u0430\u0448\u043a\u0438, \u043c\u0430\u0441\u043b\u043e \u041a\u0443\u043a\u0443\u0438 \u0438 \u0446\u0432\u0435\u0442\u043a\u043e\u0432 \u0440\u043e\u043c\u0430\u0448\u043a\u0438, \u0431\u0438\u0441\u0430\u0431\u043e\u043b\u043e\u043b. \u041f\u0440\u0438\u043c\u0435\u043d\u0435\u043d\u0438\u0435: \u041d\u0430\u043d\u043e\u0441\u0438\u0442\u044c \u043d\u0430 \u043e\u0447\u0438\u0449\u0435\u043d\u043d\u0443\u044e \u043a\u043e\u0436\u0443 \u0432 \u043d\u0435\u0431\u043e\u043b\u044c\u0448\u043e\u043c \u043a\u043e\u043b\u0438\u0447\u0435\u0441\u0442\u0432\u0435. \u041d\u0435 \u043d\u0430\u043d\u043e\u0441\u0438\u0442\u044c \u043d\u0430 \u043f\u043e\u0434\u0432\u0438\u0436\u043d\u044b\u0435 \u0447\u0430\u0441\u0442\u0438 \u0432\u0435\u043a. \u0418\u0441\u043f\u043e\u043b\u044c\u0437\u043e\u0432\u0430\u0442\u044c 3 \u0440\u0430\u0437\u0430 \u0432 \u043d\u0435\u0434\u0435\u043b\u044e \u0438\u043b\u0438 \u043a\u0430\u043a \u0440\u0435\u043a\u043e\u043c\u0435\u043d\u0434\u043e\u0432\u0430\u043d\u043e \u0441\u043f\u0435\u0446\u0438\u0430\u043b\u0438\u0441\u0442\u043e\u043c."},{"@type":"BreadcrumbList","@id":"https:\/\/holyland.md\/ro\/product\/alpha-complex-eye-contour-gel\/#breadcrumb","itemListElement":[{"@type":"ListItem","position":1,"name":"\u0413\u043b\u0430\u0432\u043d\u0430\u044f \u0441\u0442\u0440\u0430\u043d\u0438\u0446\u0430","item":"https:\/\/holyland.md\/ro\/"},{"@type":"ListItem","position":2,"name":"Catalog produse HolyLand","item":"https:\/\/holyland.md\/ro\/catalog\/"},{"@type":"ListItem","position":3,"name":"ALPHA COMPLEX EYE CONTOUR GEL"}]},{"@type":"WebSite","@id":"https:\/\/holyland.md\/ro\/#website","url":"https:\/\/holyland.md\/ro\/","name":"Holy Land Cosmetics","description":"","publisher":{"@id":"https:\/\/holyland.md\/ro\/#organization"},"potentialAction":[{"@type":"SearchAction","target":{"@type":"EntryPoint","urlTemplate":"https:\/\/holyland.md\/ro\/?s={search_term_string}"},"query-input":"required name=search_term_string"}],"inLanguage":"ro-RO"},{"@type":"Organization","@id":"https:\/\/holyland.md\/ro\/#organization","name":"Holy Land Cosmetics","url":"https:\/\/holyland.md\/ro\/","logo":{"@type":"ImageObject","inLanguage":"ro-RO","@id":"https:\/\/holyland.md\/ro\/#\/schema\/logo\/image\/","url":"https:\/\/holyland.md\/wp-content\/uploads\/2020\/03\/hl-always-active.png","contentUrl":"https:\/\/holyland.md\/wp-content\/uploads\/2020\/03\/hl-always-active.png","width":1437,"height":892,"caption":"Holy Land Cosmetics"},"image":{"@id":"https:\/\/holyland.md\/ro\/#\/schema\/logo\/image\/"}}]}},"_links":{"self":[{"href":"https:\/\/holyland.md\/ro\/wp-json\/wp\/v2\/product\/1593"}],"collection":[{"href":"https:\/\/holyland.md\/ro\/wp-json\/wp\/v2\/product"}],"about":[{"href":"https:\/\/holyland.md\/ro\/wp-json\/wp\/v2\/types\/product"}],"wp:featuredmedia":[{"embeddable":true,"href":"https:\/\/holyland.md\/ro\/wp-json\/wp\/v2\/media\/1592"}],"wp:attachment":[{"href":"https:\/\/holyland.md\/ro\/wp-json\/wp\/v2\/media?parent=1593"}],"wp:term":[{"taxonomy":"product_cat","embeddable":true,"href":"https:\/\/holyland.md\/ro\/wp-json\/wp\/v2\/product_cat?post=1593"},{"taxonomy":"product_tag","embeddable":true,"href":"https:\/\/holyland.md\/ro\/wp-json\/wp\/v2\/product_tag?post=1593"}],"curies":[{"name":"wp","href":"https:\/\/api.w.org\/{rel}","templated":true}]}}