{"id":1603,"date":"2020-04-24T19:03:44","date_gmt":"2020-04-24T16:03:44","guid":{"rendered":"https:\/\/holyland.md\/product\/sugar-soap\/"},"modified":"2026-03-23T15:02:53","modified_gmt":"2026-03-23T12:02:53","slug":"a%d1%81nox-sugar-soap","status":"publish","type":"product","link":"https:\/\/holyland.md\/ro\/product\/a%d1%81nox-sugar-soap\/","title":{"rendered":"A\u0421NOX SUGAR SOAP"},"content":{"rendered":"<p><strong>S\u0103pun:<\/strong><\/p>\n<p>S\u0103punul curativ efficient bazat pe principii active ca sucul de l\u0103m\u00e2ie \u0219i zah\u0103r, destinat pentru echilibrarea tenului problematic. Combina\u021bia activ\u0103 \u00eenl\u0103tur\u0103 celulele moarte, controleaz\u0103 sebumul \u0219i erup\u021bii, reduce luciul gras pentru un aspect s\u0103n\u0103tos \u0219i proasp\u0103t.<\/p>\n<p><strong>Principii active:<\/strong><\/p>\n<p>Sucul de lam\u00e2ie, zah\u0103r<\/p>\n<p><strong>Mod de folosire:<\/strong><\/p>\n<p>Se aplic\u0103 pe pielea umed\u0103 \u0219i se maseaz\u0103 delicat prin mi\u0219c\u0103ri circulare. De cl\u0103tit cu ap\u0103 cald\u0103.<br \/>\nSe evit\u0103 contact cu ochi.<br \/>\n\u00cen cazul senza\u021biilor de pi\u0219c\u0103turi sau apari\u021biei ro\u0219e\u021bii, de terminat utilizare. \u00cen cazul nimeririi \u00een ochi, de sp\u0103lat imediat cu o mare cantitate de ap\u0103 curat\u0103. A nu se l\u0103sa la vedere \u0219i \u00eendem\u00e2na copiilor mici.<\/p>\n","protected":false},"excerpt":{"rendered":"<p>Volum: 125 ml<\/p>\n","protected":false},"featured_media":3509,"template":"","meta":[],"product_cat":[89,134],"product_tag":[],"class_list":{"0":"post-1603","1":"product","2":"type-product","3":"status-publish","4":"has-post-thumbnail","6":"product_cat-acnox-hl","7":"product_cat-curatare","9":"first","10":"instock","11":"shipping-taxable","12":"purchasable","13":"product-type-simple"},"yoast_head":"<!-- This site is optimized with the Yoast SEO plugin v23.3 - https:\/\/yoast.com\/wordpress\/plugins\/seo\/ -->\n<title>ACNOX SUGAR SOAP<\/title>\n<meta name=\"robots\" content=\"index, follow, max-snippet:-1, max-image-preview:large, max-video-preview:-1\" \/>\n<link rel=\"canonical\" href=\"https:\/\/holyland.md\/ro\/product\/a%d1%81nox-sugar-soap\/\" \/>\n<meta property=\"og:locale\" content=\"ro_RO\" \/>\n<meta property=\"og:type\" content=\"article\" \/>\n<meta property=\"og:title\" content=\"ACNOX SUGAR SOAP\" \/>\n<meta property=\"og:description\" content=\"Volum: 125 ml\" \/>\n<meta property=\"og:url\" content=\"https:\/\/holyland.md\/ro\/product\/a%d1%81nox-sugar-soap\/\" \/>\n<meta property=\"og:site_name\" content=\"Holy Land Cosmetics\" \/>\n<meta property=\"article:modified_time\" content=\"2026-03-23T12:02:53+00:00\" \/>\n<meta property=\"og:image\" content=\"https:\/\/holyland.md\/wp-content\/uploads\/2020\/04\/ANOX-SUGAR-SOAP.jpg\" \/>\n\t<meta property=\"og:image:width\" content=\"1000\" \/>\n\t<meta property=\"og:image:height\" content=\"1000\" \/>\n\t<meta property=\"og:image:type\" content=\"image\/jpeg\" \/>\n<meta name=\"twitter:card\" content=\"summary_large_image\" \/>\n<meta name=\"twitter:label1\" content=\"Timp estimat pentru citire\" \/>\n\t<meta name=\"twitter:data1\" content=\"1 minut\" \/>\n<script type=\"application\/ld+json\" class=\"yoast-schema-graph\">{\"@context\":\"https:\/\/schema.org\",\"@graph\":[{\"@type\":\"WebPage\",\"@id\":\"https:\/\/holyland.md\/ro\/product\/a%d1%81nox-sugar-soap\/\",\"url\":\"https:\/\/holyland.md\/ro\/product\/a%d1%81nox-sugar-soap\/\",\"name\":\"ACNOX SUGAR SOAP\",\"isPartOf\":{\"@id\":\"https:\/\/holyland.md\/ro\/#website\"},\"primaryImageOfPage\":{\"@id\":\"https:\/\/holyland.md\/ro\/product\/a%d1%81nox-sugar-soap\/#primaryimage\"},\"image\":{\"@id\":\"https:\/\/holyland.md\/ro\/product\/a%d1%81nox-sugar-soap\/#primaryimage\"},\"thumbnailUrl\":\"https:\/\/holyland.md\/wp-content\/uploads\/2020\/04\/ANOX-SUGAR-SOAP.jpg\",\"datePublished\":\"2020-04-24T16:03:44+00:00\",\"dateModified\":\"2026-03-23T12:02:53+00:00\",\"breadcrumb\":{\"@id\":\"https:\/\/holyland.md\/ro\/product\/a%d1%81nox-sugar-soap\/#breadcrumb\"},\"inLanguage\":\"ro-RO\",\"potentialAction\":[{\"@type\":\"ReadAction\",\"target\":[\"https:\/\/holyland.md\/ro\/product\/a%d1%81nox-sugar-soap\/\"]}]},{\"@type\":\"ImageObject\",\"inLanguage\":\"ro-RO\",\"@id\":\"https:\/\/holyland.md\/ro\/product\/a%d1%81nox-sugar-soap\/#primaryimage\",\"url\":\"https:\/\/holyland.md\/wp-content\/uploads\/2020\/04\/ANOX-SUGAR-SOAP.jpg\",\"contentUrl\":\"https:\/\/holyland.md\/wp-content\/uploads\/2020\/04\/ANOX-SUGAR-SOAP.jpg\",\"width\":1000,\"height\":1000},{\"@type\":\"BreadcrumbList\",\"@id\":\"https:\/\/holyland.md\/ro\/product\/a%d1%81nox-sugar-soap\/#breadcrumb\",\"itemListElement\":[{\"@type\":\"ListItem\",\"position\":1,\"name\":\"\u0413\u043b\u0430\u0432\u043d\u0430\u044f \u0441\u0442\u0440\u0430\u043d\u0438\u0446\u0430\",\"item\":\"https:\/\/holyland.md\/ro\/\"},{\"@type\":\"ListItem\",\"position\":2,\"name\":\"Catalog produse HolyLand\",\"item\":\"https:\/\/holyland.md\/ro\/catalog\/\"},{\"@type\":\"ListItem\",\"position\":3,\"name\":\"A\u0421NOX SUGAR SOAP\"}]},{\"@type\":\"WebSite\",\"@id\":\"https:\/\/holyland.md\/ro\/#website\",\"url\":\"https:\/\/holyland.md\/ro\/\",\"name\":\"Holy Land Cosmetics\",\"description\":\"\",\"publisher\":{\"@id\":\"https:\/\/holyland.md\/ro\/#organization\"},\"potentialAction\":[{\"@type\":\"SearchAction\",\"target\":{\"@type\":\"EntryPoint\",\"urlTemplate\":\"https:\/\/holyland.md\/ro\/?s={search_term_string}\"},\"query-input\":\"required name=search_term_string\"}],\"inLanguage\":\"ro-RO\"},{\"@type\":\"Organization\",\"@id\":\"https:\/\/holyland.md\/ro\/#organization\",\"name\":\"Holy Land Cosmetics\",\"url\":\"https:\/\/holyland.md\/ro\/\",\"logo\":{\"@type\":\"ImageObject\",\"inLanguage\":\"ro-RO\",\"@id\":\"https:\/\/holyland.md\/ro\/#\/schema\/logo\/image\/\",\"url\":\"https:\/\/holyland.md\/wp-content\/uploads\/2020\/03\/hl-always-active.png\",\"contentUrl\":\"https:\/\/holyland.md\/wp-content\/uploads\/2020\/03\/hl-always-active.png\",\"width\":1437,\"height\":892,\"caption\":\"Holy Land Cosmetics\"},\"image\":{\"@id\":\"https:\/\/holyland.md\/ro\/#\/schema\/logo\/image\/\"}}]}<\/script>\n<!-- \/ Yoast SEO plugin. -->","yoast_head_json":{"title":"ACNOX SUGAR SOAP","robots":{"index":"index","follow":"follow","max-snippet":"max-snippet:-1","max-image-preview":"max-image-preview:large","max-video-preview":"max-video-preview:-1"},"canonical":"https:\/\/holyland.md\/ro\/product\/a%d1%81nox-sugar-soap\/","og_locale":"ro_RO","og_type":"article","og_title":"ACNOX SUGAR SOAP","og_description":"Volum: 125 ml","og_url":"https:\/\/holyland.md\/ro\/product\/a%d1%81nox-sugar-soap\/","og_site_name":"Holy Land Cosmetics","article_modified_time":"2026-03-23T12:02:53+00:00","og_image":[{"width":1000,"height":1000,"url":"https:\/\/holyland.md\/wp-content\/uploads\/2020\/04\/ANOX-SUGAR-SOAP.jpg","type":"image\/jpeg"}],"twitter_card":"summary_large_image","twitter_misc":{"Timp estimat pentru citire":"1 minut"},"schema":{"@context":"https:\/\/schema.org","@graph":[{"@type":"WebPage","@id":"https:\/\/holyland.md\/ro\/product\/a%d1%81nox-sugar-soap\/","url":"https:\/\/holyland.md\/ro\/product\/a%d1%81nox-sugar-soap\/","name":"ACNOX SUGAR SOAP","isPartOf":{"@id":"https:\/\/holyland.md\/ro\/#website"},"primaryImageOfPage":{"@id":"https:\/\/holyland.md\/ro\/product\/a%d1%81nox-sugar-soap\/#primaryimage"},"image":{"@id":"https:\/\/holyland.md\/ro\/product\/a%d1%81nox-sugar-soap\/#primaryimage"},"thumbnailUrl":"https:\/\/holyland.md\/wp-content\/uploads\/2020\/04\/ANOX-SUGAR-SOAP.jpg","datePublished":"2020-04-24T16:03:44+00:00","dateModified":"2026-03-23T12:02:53+00:00","breadcrumb":{"@id":"https:\/\/holyland.md\/ro\/product\/a%d1%81nox-sugar-soap\/#breadcrumb"},"inLanguage":"ro-RO","potentialAction":[{"@type":"ReadAction","target":["https:\/\/holyland.md\/ro\/product\/a%d1%81nox-sugar-soap\/"]}]},{"@type":"ImageObject","inLanguage":"ro-RO","@id":"https:\/\/holyland.md\/ro\/product\/a%d1%81nox-sugar-soap\/#primaryimage","url":"https:\/\/holyland.md\/wp-content\/uploads\/2020\/04\/ANOX-SUGAR-SOAP.jpg","contentUrl":"https:\/\/holyland.md\/wp-content\/uploads\/2020\/04\/ANOX-SUGAR-SOAP.jpg","width":1000,"height":1000},{"@type":"BreadcrumbList","@id":"https:\/\/holyland.md\/ro\/product\/a%d1%81nox-sugar-soap\/#breadcrumb","itemListElement":[{"@type":"ListItem","position":1,"name":"\u0413\u043b\u0430\u0432\u043d\u0430\u044f \u0441\u0442\u0440\u0430\u043d\u0438\u0446\u0430","item":"https:\/\/holyland.md\/ro\/"},{"@type":"ListItem","position":2,"name":"Catalog produse HolyLand","item":"https:\/\/holyland.md\/ro\/catalog\/"},{"@type":"ListItem","position":3,"name":"A\u0421NOX SUGAR SOAP"}]},{"@type":"WebSite","@id":"https:\/\/holyland.md\/ro\/#website","url":"https:\/\/holyland.md\/ro\/","name":"Holy Land Cosmetics","description":"","publisher":{"@id":"https:\/\/holyland.md\/ro\/#organization"},"potentialAction":[{"@type":"SearchAction","target":{"@type":"EntryPoint","urlTemplate":"https:\/\/holyland.md\/ro\/?s={search_term_string}"},"query-input":"required name=search_term_string"}],"inLanguage":"ro-RO"},{"@type":"Organization","@id":"https:\/\/holyland.md\/ro\/#organization","name":"Holy Land Cosmetics","url":"https:\/\/holyland.md\/ro\/","logo":{"@type":"ImageObject","inLanguage":"ro-RO","@id":"https:\/\/holyland.md\/ro\/#\/schema\/logo\/image\/","url":"https:\/\/holyland.md\/wp-content\/uploads\/2020\/03\/hl-always-active.png","contentUrl":"https:\/\/holyland.md\/wp-content\/uploads\/2020\/03\/hl-always-active.png","width":1437,"height":892,"caption":"Holy Land Cosmetics"},"image":{"@id":"https:\/\/holyland.md\/ro\/#\/schema\/logo\/image\/"}}]}},"_links":{"self":[{"href":"https:\/\/holyland.md\/ro\/wp-json\/wp\/v2\/product\/1603"}],"collection":[{"href":"https:\/\/holyland.md\/ro\/wp-json\/wp\/v2\/product"}],"about":[{"href":"https:\/\/holyland.md\/ro\/wp-json\/wp\/v2\/types\/product"}],"wp:featuredmedia":[{"embeddable":true,"href":"https:\/\/holyland.md\/ro\/wp-json\/wp\/v2\/media\/3509"}],"wp:attachment":[{"href":"https:\/\/holyland.md\/ro\/wp-json\/wp\/v2\/media?parent=1603"}],"wp:term":[{"taxonomy":"product_cat","embeddable":true,"href":"https:\/\/holyland.md\/ro\/wp-json\/wp\/v2\/product_cat?post=1603"},{"taxonomy":"product_tag","embeddable":true,"href":"https:\/\/holyland.md\/ro\/wp-json\/wp\/v2\/product_tag?post=1603"}],"curies":[{"name":"wp","href":"https:\/\/api.w.org\/{rel}","templated":true}]}}