{"id":1618,"date":"2020-04-24T19:00:26","date_gmt":"2020-04-24T16:00:26","guid":{"rendered":"https:\/\/holyland.md\/product\/hydrating-lotion\/"},"modified":"2026-03-24T14:39:33","modified_gmt":"2026-03-24T11:39:33","slug":"hydrating-lotion","status":"publish","type":"product","link":"https:\/\/holyland.md\/ro\/product\/hydrating-lotion\/","title":{"rendered":"A-NOX PLUS RETINOL HYDRATING LOTION"},"content":{"rendered":"<p>Emulsie hidratant\u0103 u\u015foar\u0103 bazat\u0103 pe componente emoliente, calmante \u015fi retinol.<\/p>\n<p><strong>Principii active:<\/strong><\/p>\n<p>Retinol, extracte de hamamelis, t\u0103t\u0103neas\u0103, p\u0103tlagin\u0103, leucin\u0103, serin\u0103, prolin\u0103, glutamin\u0103, protein\u0103 hidrolizat\u0103 de gr\u00eeu.<\/p>\n<p><strong>Mod de folosire:<\/strong><\/p>\n<p>De aplicat pe pielea curat\u0103. De utilizat 1 dat\u0103 pe zi sau conform recomand\u0103rilor specialistului Dumneavoastr\u0103.<\/p>\n","protected":false},"excerpt":{"rendered":"<p>Volum: 60 ml<\/p>\n","protected":false},"featured_media":1619,"template":"","meta":[],"product_cat":[90,131],"product_tag":[],"class_list":{"0":"post-1618","1":"product","2":"type-product","3":"status-publish","4":"has-post-thumbnail","6":"product_cat-a-nox-plus-retinol-hl","7":"product_cat-lotiuni","9":"first","10":"outofstock","11":"shipping-taxable","12":"purchasable","13":"product-type-simple"},"yoast_head":"<!-- This site is optimized with the Yoast SEO plugin v23.3 - https:\/\/yoast.com\/wordpress\/plugins\/seo\/ -->\n<title>A-NOX PLUS RETINOL HYDRATING LOTION<\/title>\n<meta name=\"robots\" content=\"index, follow, max-snippet:-1, max-image-preview:large, max-video-preview:-1\" \/>\n<link rel=\"canonical\" href=\"https:\/\/holyland.md\/ro\/product\/hydrating-lotion\/\" \/>\n<meta property=\"og:locale\" content=\"ro_RO\" \/>\n<meta property=\"og:type\" content=\"article\" \/>\n<meta property=\"og:title\" content=\"A-NOX PLUS RETINOL HYDRATING LOTION\" \/>\n<meta property=\"og:description\" content=\"Volum: 60 ml\" \/>\n<meta property=\"og:url\" content=\"https:\/\/holyland.md\/ro\/product\/hydrating-lotion\/\" \/>\n<meta property=\"og:site_name\" content=\"Holy Land Cosmetics\" \/>\n<meta property=\"article:modified_time\" content=\"2026-03-24T11:39:33+00:00\" \/>\n<meta property=\"og:image\" content=\"https:\/\/holyland.md\/wp-content\/uploads\/2020\/04\/hydrating_lotion.jpg\" \/>\n\t<meta property=\"og:image:width\" content=\"550\" \/>\n\t<meta property=\"og:image:height\" content=\"456\" \/>\n\t<meta property=\"og:image:type\" content=\"image\/jpeg\" \/>\n<meta name=\"twitter:card\" content=\"summary_large_image\" \/>\n<meta name=\"twitter:label1\" content=\"Timp estimat pentru citire\" \/>\n\t<meta name=\"twitter:data1\" content=\"1 minut\" \/>\n<script type=\"application\/ld+json\" class=\"yoast-schema-graph\">{\"@context\":\"https:\/\/schema.org\",\"@graph\":[{\"@type\":\"WebPage\",\"@id\":\"https:\/\/holyland.md\/ro\/product\/hydrating-lotion\/\",\"url\":\"https:\/\/holyland.md\/ro\/product\/hydrating-lotion\/\",\"name\":\"A-NOX PLUS RETINOL HYDRATING LOTION\",\"isPartOf\":{\"@id\":\"https:\/\/holyland.md\/ro\/#website\"},\"primaryImageOfPage\":{\"@id\":\"https:\/\/holyland.md\/ro\/product\/hydrating-lotion\/#primaryimage\"},\"image\":{\"@id\":\"https:\/\/holyland.md\/ro\/product\/hydrating-lotion\/#primaryimage\"},\"thumbnailUrl\":\"https:\/\/holyland.md\/wp-content\/uploads\/2020\/04\/hydrating_lotion.jpg\",\"datePublished\":\"2020-04-24T16:00:26+00:00\",\"dateModified\":\"2026-03-24T11:39:33+00:00\",\"breadcrumb\":{\"@id\":\"https:\/\/holyland.md\/ro\/product\/hydrating-lotion\/#breadcrumb\"},\"inLanguage\":\"ro-RO\",\"potentialAction\":[{\"@type\":\"ReadAction\",\"target\":[\"https:\/\/holyland.md\/ro\/product\/hydrating-lotion\/\"]}]},{\"@type\":\"ImageObject\",\"inLanguage\":\"ro-RO\",\"@id\":\"https:\/\/holyland.md\/ro\/product\/hydrating-lotion\/#primaryimage\",\"url\":\"https:\/\/holyland.md\/wp-content\/uploads\/2020\/04\/hydrating_lotion.jpg\",\"contentUrl\":\"https:\/\/holyland.md\/wp-content\/uploads\/2020\/04\/hydrating_lotion.jpg\",\"width\":550,\"height\":456},{\"@type\":\"BreadcrumbList\",\"@id\":\"https:\/\/holyland.md\/ro\/product\/hydrating-lotion\/#breadcrumb\",\"itemListElement\":[{\"@type\":\"ListItem\",\"position\":1,\"name\":\"\u0413\u043b\u0430\u0432\u043d\u0430\u044f \u0441\u0442\u0440\u0430\u043d\u0438\u0446\u0430\",\"item\":\"https:\/\/holyland.md\/ro\/\"},{\"@type\":\"ListItem\",\"position\":2,\"name\":\"Catalog produse HolyLand\",\"item\":\"https:\/\/holyland.md\/ro\/catalog\/\"},{\"@type\":\"ListItem\",\"position\":3,\"name\":\"A-NOX PLUS RETINOL HYDRATING LOTION\"}]},{\"@type\":\"WebSite\",\"@id\":\"https:\/\/holyland.md\/ro\/#website\",\"url\":\"https:\/\/holyland.md\/ro\/\",\"name\":\"Holy Land Cosmetics\",\"description\":\"\",\"publisher\":{\"@id\":\"https:\/\/holyland.md\/ro\/#organization\"},\"potentialAction\":[{\"@type\":\"SearchAction\",\"target\":{\"@type\":\"EntryPoint\",\"urlTemplate\":\"https:\/\/holyland.md\/ro\/?s={search_term_string}\"},\"query-input\":\"required name=search_term_string\"}],\"inLanguage\":\"ro-RO\"},{\"@type\":\"Organization\",\"@id\":\"https:\/\/holyland.md\/ro\/#organization\",\"name\":\"Holy Land Cosmetics\",\"url\":\"https:\/\/holyland.md\/ro\/\",\"logo\":{\"@type\":\"ImageObject\",\"inLanguage\":\"ro-RO\",\"@id\":\"https:\/\/holyland.md\/ro\/#\/schema\/logo\/image\/\",\"url\":\"https:\/\/holyland.md\/wp-content\/uploads\/2020\/03\/hl-always-active.png\",\"contentUrl\":\"https:\/\/holyland.md\/wp-content\/uploads\/2020\/03\/hl-always-active.png\",\"width\":1437,\"height\":892,\"caption\":\"Holy Land Cosmetics\"},\"image\":{\"@id\":\"https:\/\/holyland.md\/ro\/#\/schema\/logo\/image\/\"}}]}<\/script>\n<!-- \/ Yoast SEO plugin. -->","yoast_head_json":{"title":"A-NOX PLUS RETINOL HYDRATING LOTION","robots":{"index":"index","follow":"follow","max-snippet":"max-snippet:-1","max-image-preview":"max-image-preview:large","max-video-preview":"max-video-preview:-1"},"canonical":"https:\/\/holyland.md\/ro\/product\/hydrating-lotion\/","og_locale":"ro_RO","og_type":"article","og_title":"A-NOX PLUS RETINOL HYDRATING LOTION","og_description":"Volum: 60 ml","og_url":"https:\/\/holyland.md\/ro\/product\/hydrating-lotion\/","og_site_name":"Holy Land Cosmetics","article_modified_time":"2026-03-24T11:39:33+00:00","og_image":[{"width":550,"height":456,"url":"https:\/\/holyland.md\/wp-content\/uploads\/2020\/04\/hydrating_lotion.jpg","type":"image\/jpeg"}],"twitter_card":"summary_large_image","twitter_misc":{"Timp estimat pentru citire":"1 minut"},"schema":{"@context":"https:\/\/schema.org","@graph":[{"@type":"WebPage","@id":"https:\/\/holyland.md\/ro\/product\/hydrating-lotion\/","url":"https:\/\/holyland.md\/ro\/product\/hydrating-lotion\/","name":"A-NOX PLUS RETINOL HYDRATING LOTION","isPartOf":{"@id":"https:\/\/holyland.md\/ro\/#website"},"primaryImageOfPage":{"@id":"https:\/\/holyland.md\/ro\/product\/hydrating-lotion\/#primaryimage"},"image":{"@id":"https:\/\/holyland.md\/ro\/product\/hydrating-lotion\/#primaryimage"},"thumbnailUrl":"https:\/\/holyland.md\/wp-content\/uploads\/2020\/04\/hydrating_lotion.jpg","datePublished":"2020-04-24T16:00:26+00:00","dateModified":"2026-03-24T11:39:33+00:00","breadcrumb":{"@id":"https:\/\/holyland.md\/ro\/product\/hydrating-lotion\/#breadcrumb"},"inLanguage":"ro-RO","potentialAction":[{"@type":"ReadAction","target":["https:\/\/holyland.md\/ro\/product\/hydrating-lotion\/"]}]},{"@type":"ImageObject","inLanguage":"ro-RO","@id":"https:\/\/holyland.md\/ro\/product\/hydrating-lotion\/#primaryimage","url":"https:\/\/holyland.md\/wp-content\/uploads\/2020\/04\/hydrating_lotion.jpg","contentUrl":"https:\/\/holyland.md\/wp-content\/uploads\/2020\/04\/hydrating_lotion.jpg","width":550,"height":456},{"@type":"BreadcrumbList","@id":"https:\/\/holyland.md\/ro\/product\/hydrating-lotion\/#breadcrumb","itemListElement":[{"@type":"ListItem","position":1,"name":"\u0413\u043b\u0430\u0432\u043d\u0430\u044f \u0441\u0442\u0440\u0430\u043d\u0438\u0446\u0430","item":"https:\/\/holyland.md\/ro\/"},{"@type":"ListItem","position":2,"name":"Catalog produse HolyLand","item":"https:\/\/holyland.md\/ro\/catalog\/"},{"@type":"ListItem","position":3,"name":"A-NOX PLUS RETINOL HYDRATING LOTION"}]},{"@type":"WebSite","@id":"https:\/\/holyland.md\/ro\/#website","url":"https:\/\/holyland.md\/ro\/","name":"Holy Land Cosmetics","description":"","publisher":{"@id":"https:\/\/holyland.md\/ro\/#organization"},"potentialAction":[{"@type":"SearchAction","target":{"@type":"EntryPoint","urlTemplate":"https:\/\/holyland.md\/ro\/?s={search_term_string}"},"query-input":"required name=search_term_string"}],"inLanguage":"ro-RO"},{"@type":"Organization","@id":"https:\/\/holyland.md\/ro\/#organization","name":"Holy Land Cosmetics","url":"https:\/\/holyland.md\/ro\/","logo":{"@type":"ImageObject","inLanguage":"ro-RO","@id":"https:\/\/holyland.md\/ro\/#\/schema\/logo\/image\/","url":"https:\/\/holyland.md\/wp-content\/uploads\/2020\/03\/hl-always-active.png","contentUrl":"https:\/\/holyland.md\/wp-content\/uploads\/2020\/03\/hl-always-active.png","width":1437,"height":892,"caption":"Holy Land Cosmetics"},"image":{"@id":"https:\/\/holyland.md\/ro\/#\/schema\/logo\/image\/"}}]}},"_links":{"self":[{"href":"https:\/\/holyland.md\/ro\/wp-json\/wp\/v2\/product\/1618"}],"collection":[{"href":"https:\/\/holyland.md\/ro\/wp-json\/wp\/v2\/product"}],"about":[{"href":"https:\/\/holyland.md\/ro\/wp-json\/wp\/v2\/types\/product"}],"wp:featuredmedia":[{"embeddable":true,"href":"https:\/\/holyland.md\/ro\/wp-json\/wp\/v2\/media\/1619"}],"wp:attachment":[{"href":"https:\/\/holyland.md\/ro\/wp-json\/wp\/v2\/media?parent=1618"}],"wp:term":[{"taxonomy":"product_cat","embeddable":true,"href":"https:\/\/holyland.md\/ro\/wp-json\/wp\/v2\/product_cat?post=1618"},{"taxonomy":"product_tag","embeddable":true,"href":"https:\/\/holyland.md\/ro\/wp-json\/wp\/v2\/product_tag?post=1618"}],"curies":[{"name":"wp","href":"https:\/\/api.w.org\/{rel}","templated":true}]}}