{"id":1636,"date":"2020-04-27T10:51:05","date_gmt":"2020-04-27T07:51:05","guid":{"rendered":"https:\/\/holyland.md\/product\/bio-repair-gel-cleanser\/"},"modified":"2026-04-29T14:14:04","modified_gmt":"2026-04-29T11:14:04","slug":"bio-repair-gel-cleanser","status":"publish","type":"product","link":"https:\/\/holyland.md\/ro\/product\/bio-repair-gel-cleanser\/","title":{"rendered":"BIO REPAIR GEL CLEANSER"},"content":{"rendered":"<p>Un produs de nou\u0103 genera\u021bie de tipul gel-cleanser, ceea ce \u00eenseamn\u0103 cea mai delicat\u0103 cur\u0103\u021bare \u00een prezen\u021ba componentelor spumante. \u00cendep\u0103rteaz\u0103 calitativ impurit\u0103\u021bile totodat\u0103 hidrat\u00e2nd pielea datorit\u0103 ureei, concentra\u021biei sc\u0103zute de acid citric \u0219i lizatului enzimelor bifidobacteriilor. Potrivit pentru toate tipurile de piele.<\/p>\n<p><strong>Principii active:<\/strong><\/p>\n<p>Lizat enzimelor de bifidobacterii.<\/p>\n<p><strong>Mod de folosire:<\/strong><\/p>\n<p>Se saponific\u0103 o cantitate mic\u0103 de gel cu m\u00e2inile umede \u0219i se distribuie prin masaj pe toat\u0103 suprafa\u021ba: fa\u021b\u0103, g\u00e2t, decolteu. Apoi se cl\u0103te\u0219te bine cu ap\u0103 cald\u0103. Preparatul \u00eendep\u0103rteaz\u0103 perfect impurit\u0103\u021bile \u0219i machiajul. Nu irit\u0103 ochii. Se utilizeaz\u0103 o dat\u0103 pe zi sau conform recomand\u0103rilor esteticianului.<\/p>\n","protected":false},"excerpt":{"rendered":"<p>Volum: 250 ml<\/p>\n","protected":false},"featured_media":3091,"template":"","meta":[],"product_cat":[98,134],"product_tag":[],"class_list":{"0":"post-1636","1":"product","2":"type-product","3":"status-publish","4":"has-post-thumbnail","6":"product_cat-bio-repair-hl","7":"product_cat-curatare","9":"first","10":"instock","11":"shipping-taxable","12":"purchasable","13":"product-type-simple"},"yoast_head":"<!-- This site is optimized with the Yoast SEO plugin v23.3 - https:\/\/yoast.com\/wordpress\/plugins\/seo\/ -->\n<title>BIO REPAIR GEL CLEANSER | Holy Land Cosmetics<\/title>\n<meta name=\"robots\" content=\"index, follow, max-snippet:-1, max-image-preview:large, max-video-preview:-1\" \/>\n<link rel=\"canonical\" href=\"https:\/\/holyland.md\/ro\/product\/bio-repair-gel-cleanser\/\" \/>\n<meta property=\"og:locale\" content=\"ro_RO\" \/>\n<meta property=\"og:type\" content=\"article\" \/>\n<meta property=\"og:title\" content=\"BIO REPAIR GEL CLEANSER | Holy Land Cosmetics\" \/>\n<meta property=\"og:description\" content=\"Volum: 250 ml\" \/>\n<meta property=\"og:url\" content=\"https:\/\/holyland.md\/ro\/product\/bio-repair-gel-cleanser\/\" \/>\n<meta property=\"og:site_name\" content=\"Holy Land Cosmetics\" \/>\n<meta property=\"article:modified_time\" content=\"2026-04-29T11:14:04+00:00\" \/>\n<meta property=\"og:image\" content=\"https:\/\/holyland.md\/wp-content\/uploads\/2020\/04\/BIO-REPAIR-GEL-CLEANSER.jpg\" \/>\n\t<meta property=\"og:image:width\" content=\"1000\" \/>\n\t<meta property=\"og:image:height\" content=\"1000\" \/>\n\t<meta property=\"og:image:type\" content=\"image\/jpeg\" \/>\n<meta name=\"twitter:card\" content=\"summary_large_image\" \/>\n<meta name=\"twitter:label1\" content=\"Timp estimat pentru citire\" \/>\n\t<meta name=\"twitter:data1\" content=\"1 minut\" \/>\n<script type=\"application\/ld+json\" class=\"yoast-schema-graph\">{\"@context\":\"https:\/\/schema.org\",\"@graph\":[{\"@type\":\"WebPage\",\"@id\":\"https:\/\/holyland.md\/ro\/product\/bio-repair-gel-cleanser\/\",\"url\":\"https:\/\/holyland.md\/ro\/product\/bio-repair-gel-cleanser\/\",\"name\":\"BIO REPAIR GEL CLEANSER | Holy Land Cosmetics\",\"isPartOf\":{\"@id\":\"https:\/\/holyland.md\/ro\/#website\"},\"primaryImageOfPage\":{\"@id\":\"https:\/\/holyland.md\/ro\/product\/bio-repair-gel-cleanser\/#primaryimage\"},\"image\":{\"@id\":\"https:\/\/holyland.md\/ro\/product\/bio-repair-gel-cleanser\/#primaryimage\"},\"thumbnailUrl\":\"https:\/\/holyland.md\/wp-content\/uploads\/2020\/04\/BIO-REPAIR-GEL-CLEANSER.jpg\",\"datePublished\":\"2020-04-27T07:51:05+00:00\",\"dateModified\":\"2026-04-29T11:14:04+00:00\",\"breadcrumb\":{\"@id\":\"https:\/\/holyland.md\/ro\/product\/bio-repair-gel-cleanser\/#breadcrumb\"},\"inLanguage\":\"ro-RO\",\"potentialAction\":[{\"@type\":\"ReadAction\",\"target\":[\"https:\/\/holyland.md\/ro\/product\/bio-repair-gel-cleanser\/\"]}]},{\"@type\":\"ImageObject\",\"inLanguage\":\"ro-RO\",\"@id\":\"https:\/\/holyland.md\/ro\/product\/bio-repair-gel-cleanser\/#primaryimage\",\"url\":\"https:\/\/holyland.md\/wp-content\/uploads\/2020\/04\/BIO-REPAIR-GEL-CLEANSER.jpg\",\"contentUrl\":\"https:\/\/holyland.md\/wp-content\/uploads\/2020\/04\/BIO-REPAIR-GEL-CLEANSER.jpg\",\"width\":1000,\"height\":1000},{\"@type\":\"BreadcrumbList\",\"@id\":\"https:\/\/holyland.md\/ro\/product\/bio-repair-gel-cleanser\/#breadcrumb\",\"itemListElement\":[{\"@type\":\"ListItem\",\"position\":1,\"name\":\"\u0413\u043b\u0430\u0432\u043d\u0430\u044f \u0441\u0442\u0440\u0430\u043d\u0438\u0446\u0430\",\"item\":\"https:\/\/holyland.md\/ro\/\"},{\"@type\":\"ListItem\",\"position\":2,\"name\":\"Catalog produse HolyLand\",\"item\":\"https:\/\/holyland.md\/ro\/catalog\/\"},{\"@type\":\"ListItem\",\"position\":3,\"name\":\"BIO REPAIR GEL CLEANSER\"}]},{\"@type\":\"WebSite\",\"@id\":\"https:\/\/holyland.md\/ro\/#website\",\"url\":\"https:\/\/holyland.md\/ro\/\",\"name\":\"Holy Land Cosmetics\",\"description\":\"\",\"publisher\":{\"@id\":\"https:\/\/holyland.md\/ro\/#organization\"},\"potentialAction\":[{\"@type\":\"SearchAction\",\"target\":{\"@type\":\"EntryPoint\",\"urlTemplate\":\"https:\/\/holyland.md\/ro\/?s={search_term_string}\"},\"query-input\":\"required name=search_term_string\"}],\"inLanguage\":\"ro-RO\"},{\"@type\":\"Organization\",\"@id\":\"https:\/\/holyland.md\/ro\/#organization\",\"name\":\"Holy Land Cosmetics\",\"url\":\"https:\/\/holyland.md\/ro\/\",\"logo\":{\"@type\":\"ImageObject\",\"inLanguage\":\"ro-RO\",\"@id\":\"https:\/\/holyland.md\/ro\/#\/schema\/logo\/image\/\",\"url\":\"https:\/\/holyland.md\/wp-content\/uploads\/2020\/03\/hl-always-active.png\",\"contentUrl\":\"https:\/\/holyland.md\/wp-content\/uploads\/2020\/03\/hl-always-active.png\",\"width\":1437,\"height\":892,\"caption\":\"Holy Land Cosmetics\"},\"image\":{\"@id\":\"https:\/\/holyland.md\/ro\/#\/schema\/logo\/image\/\"}}]}<\/script>\n<!-- \/ Yoast SEO plugin. -->","yoast_head_json":{"title":"BIO REPAIR GEL CLEANSER | Holy Land Cosmetics","robots":{"index":"index","follow":"follow","max-snippet":"max-snippet:-1","max-image-preview":"max-image-preview:large","max-video-preview":"max-video-preview:-1"},"canonical":"https:\/\/holyland.md\/ro\/product\/bio-repair-gel-cleanser\/","og_locale":"ro_RO","og_type":"article","og_title":"BIO REPAIR GEL CLEANSER | Holy Land Cosmetics","og_description":"Volum: 250 ml","og_url":"https:\/\/holyland.md\/ro\/product\/bio-repair-gel-cleanser\/","og_site_name":"Holy Land Cosmetics","article_modified_time":"2026-04-29T11:14:04+00:00","og_image":[{"width":1000,"height":1000,"url":"https:\/\/holyland.md\/wp-content\/uploads\/2020\/04\/BIO-REPAIR-GEL-CLEANSER.jpg","type":"image\/jpeg"}],"twitter_card":"summary_large_image","twitter_misc":{"Timp estimat pentru citire":"1 minut"},"schema":{"@context":"https:\/\/schema.org","@graph":[{"@type":"WebPage","@id":"https:\/\/holyland.md\/ro\/product\/bio-repair-gel-cleanser\/","url":"https:\/\/holyland.md\/ro\/product\/bio-repair-gel-cleanser\/","name":"BIO REPAIR GEL CLEANSER | Holy Land Cosmetics","isPartOf":{"@id":"https:\/\/holyland.md\/ro\/#website"},"primaryImageOfPage":{"@id":"https:\/\/holyland.md\/ro\/product\/bio-repair-gel-cleanser\/#primaryimage"},"image":{"@id":"https:\/\/holyland.md\/ro\/product\/bio-repair-gel-cleanser\/#primaryimage"},"thumbnailUrl":"https:\/\/holyland.md\/wp-content\/uploads\/2020\/04\/BIO-REPAIR-GEL-CLEANSER.jpg","datePublished":"2020-04-27T07:51:05+00:00","dateModified":"2026-04-29T11:14:04+00:00","breadcrumb":{"@id":"https:\/\/holyland.md\/ro\/product\/bio-repair-gel-cleanser\/#breadcrumb"},"inLanguage":"ro-RO","potentialAction":[{"@type":"ReadAction","target":["https:\/\/holyland.md\/ro\/product\/bio-repair-gel-cleanser\/"]}]},{"@type":"ImageObject","inLanguage":"ro-RO","@id":"https:\/\/holyland.md\/ro\/product\/bio-repair-gel-cleanser\/#primaryimage","url":"https:\/\/holyland.md\/wp-content\/uploads\/2020\/04\/BIO-REPAIR-GEL-CLEANSER.jpg","contentUrl":"https:\/\/holyland.md\/wp-content\/uploads\/2020\/04\/BIO-REPAIR-GEL-CLEANSER.jpg","width":1000,"height":1000},{"@type":"BreadcrumbList","@id":"https:\/\/holyland.md\/ro\/product\/bio-repair-gel-cleanser\/#breadcrumb","itemListElement":[{"@type":"ListItem","position":1,"name":"\u0413\u043b\u0430\u0432\u043d\u0430\u044f \u0441\u0442\u0440\u0430\u043d\u0438\u0446\u0430","item":"https:\/\/holyland.md\/ro\/"},{"@type":"ListItem","position":2,"name":"Catalog produse HolyLand","item":"https:\/\/holyland.md\/ro\/catalog\/"},{"@type":"ListItem","position":3,"name":"BIO REPAIR GEL CLEANSER"}]},{"@type":"WebSite","@id":"https:\/\/holyland.md\/ro\/#website","url":"https:\/\/holyland.md\/ro\/","name":"Holy Land Cosmetics","description":"","publisher":{"@id":"https:\/\/holyland.md\/ro\/#organization"},"potentialAction":[{"@type":"SearchAction","target":{"@type":"EntryPoint","urlTemplate":"https:\/\/holyland.md\/ro\/?s={search_term_string}"},"query-input":"required name=search_term_string"}],"inLanguage":"ro-RO"},{"@type":"Organization","@id":"https:\/\/holyland.md\/ro\/#organization","name":"Holy Land Cosmetics","url":"https:\/\/holyland.md\/ro\/","logo":{"@type":"ImageObject","inLanguage":"ro-RO","@id":"https:\/\/holyland.md\/ro\/#\/schema\/logo\/image\/","url":"https:\/\/holyland.md\/wp-content\/uploads\/2020\/03\/hl-always-active.png","contentUrl":"https:\/\/holyland.md\/wp-content\/uploads\/2020\/03\/hl-always-active.png","width":1437,"height":892,"caption":"Holy Land Cosmetics"},"image":{"@id":"https:\/\/holyland.md\/ro\/#\/schema\/logo\/image\/"}}]}},"_links":{"self":[{"href":"https:\/\/holyland.md\/ro\/wp-json\/wp\/v2\/product\/1636"}],"collection":[{"href":"https:\/\/holyland.md\/ro\/wp-json\/wp\/v2\/product"}],"about":[{"href":"https:\/\/holyland.md\/ro\/wp-json\/wp\/v2\/types\/product"}],"wp:featuredmedia":[{"embeddable":true,"href":"https:\/\/holyland.md\/ro\/wp-json\/wp\/v2\/media\/3091"}],"wp:attachment":[{"href":"https:\/\/holyland.md\/ro\/wp-json\/wp\/v2\/media?parent=1636"}],"wp:term":[{"taxonomy":"product_cat","embeddable":true,"href":"https:\/\/holyland.md\/ro\/wp-json\/wp\/v2\/product_cat?post=1636"},{"taxonomy":"product_tag","embeddable":true,"href":"https:\/\/holyland.md\/ro\/wp-json\/wp\/v2\/product_tag?post=1636"}],"curies":[{"name":"wp","href":"https:\/\/api.w.org\/{rel}","templated":true}]}}