{"id":1642,"date":"2020-04-27T10:59:45","date_gmt":"2020-04-27T07:59:45","guid":{"rendered":"https:\/\/holyland.md\/product\/bio-repair-day-care\/"},"modified":"2026-03-23T14:59:54","modified_gmt":"2026-03-23T11:59:54","slug":"bio-repair-day-care","status":"publish","type":"product","link":"https:\/\/holyland.md\/ro\/product\/bio-repair-day-care\/","title":{"rendered":"BIO REPAIR DAY CARE"},"content":{"rendered":"<p>O crem\u0103 de zi u\u0219oar\u0103, cu protec\u021bie solar\u0103 cotidian\u0103 de SPF 15 \u0219i un finisaj mat. Crem\u0103 fin\u0103, absolut sigur\u0103 \u0219i necomedogen\u0103. Hidrateaz\u0103 \u0219i regenereaz\u0103 perfect pielea. Ingredientul s\u0103u unic, inozitolul, \u00eenmoaie, previne pierderea de ap\u0103 transepidermic\u0103 (TEWL) \u0219i este o component\u0103 esen\u021bial\u0103 pentru pielea iritat\u0103. Serve\u0219te drep o baz\u0103 bun\u0103 pentru aplicarea machiajului.<\/p>\n<p><strong>Principii active:<\/strong><\/p>\n<p>Lizat de bifidobacterii, colagen hidrolizat, elastina, vitamina E, lactat de sodiu, glicin\u0103, niacinamid, inozitol.<\/p>\n<p><strong>Mod de folosire:<\/strong><\/p>\n<p>Aplica\u021bi-o ca etapa final\u0103 rutinei de diminea\u021b\u0103. Distribui\u021bi o cantitate mic\u0103 de crem\u0103 uniform pe suprafa\u021ba pielii \u0219i introduce\u021bi-o cu v\u00e2rful degetelor prin tapotament p\u00e2n\u0103 la absorb\u021bia complet\u0103. A se utiliza o dat\u0103 pe zi sau conform recomand\u0103rilor specialistului Dumneavoastr\u0103.<\/p>\n","protected":false},"excerpt":{"rendered":"<p>Volum: 50 ml<\/p>\n","protected":false},"featured_media":3143,"template":"","meta":[],"product_cat":[98],"product_tag":[],"class_list":{"0":"post-1642","1":"product","2":"type-product","3":"status-publish","4":"has-post-thumbnail","6":"product_cat-bio-repair-hl","8":"first","9":"instock","10":"shipping-taxable","11":"purchasable","12":"product-type-simple"},"yoast_head":"<!-- This site is optimized with the Yoast SEO plugin v23.3 - https:\/\/yoast.com\/wordpress\/plugins\/seo\/ -->\n<title>BIO REPAIR DAY CARE | Holy Land Cosmetics<\/title>\n<meta name=\"robots\" content=\"index, follow, max-snippet:-1, max-image-preview:large, max-video-preview:-1\" \/>\n<link rel=\"canonical\" href=\"https:\/\/holyland.md\/ro\/product\/bio-repair-day-care\/\" \/>\n<meta property=\"og:locale\" content=\"ro_RO\" \/>\n<meta property=\"og:type\" content=\"article\" \/>\n<meta property=\"og:title\" content=\"BIO REPAIR DAY CARE | Holy Land Cosmetics\" \/>\n<meta property=\"og:description\" content=\"Volum: 50 ml\" \/>\n<meta property=\"og:url\" content=\"https:\/\/holyland.md\/ro\/product\/bio-repair-day-care\/\" \/>\n<meta property=\"og:site_name\" content=\"Holy Land Cosmetics\" \/>\n<meta property=\"article:modified_time\" content=\"2026-03-23T11:59:54+00:00\" \/>\n<meta property=\"og:image\" content=\"https:\/\/holyland.md\/wp-content\/uploads\/2020\/04\/BIO-REPAIR-DAY-CARE.jpg\" \/>\n\t<meta property=\"og:image:width\" content=\"1000\" \/>\n\t<meta property=\"og:image:height\" content=\"1000\" \/>\n\t<meta property=\"og:image:type\" content=\"image\/jpeg\" \/>\n<meta name=\"twitter:card\" content=\"summary_large_image\" \/>\n<meta name=\"twitter:label1\" content=\"Timp estimat pentru citire\" \/>\n\t<meta name=\"twitter:data1\" content=\"1 minut\" \/>\n<script type=\"application\/ld+json\" class=\"yoast-schema-graph\">{\"@context\":\"https:\/\/schema.org\",\"@graph\":[{\"@type\":\"WebPage\",\"@id\":\"https:\/\/holyland.md\/ro\/product\/bio-repair-day-care\/\",\"url\":\"https:\/\/holyland.md\/ro\/product\/bio-repair-day-care\/\",\"name\":\"BIO REPAIR DAY CARE | Holy Land Cosmetics\",\"isPartOf\":{\"@id\":\"https:\/\/holyland.md\/ro\/#website\"},\"primaryImageOfPage\":{\"@id\":\"https:\/\/holyland.md\/ro\/product\/bio-repair-day-care\/#primaryimage\"},\"image\":{\"@id\":\"https:\/\/holyland.md\/ro\/product\/bio-repair-day-care\/#primaryimage\"},\"thumbnailUrl\":\"https:\/\/holyland.md\/wp-content\/uploads\/2020\/04\/BIO-REPAIR-DAY-CARE.jpg\",\"datePublished\":\"2020-04-27T07:59:45+00:00\",\"dateModified\":\"2026-03-23T11:59:54+00:00\",\"breadcrumb\":{\"@id\":\"https:\/\/holyland.md\/ro\/product\/bio-repair-day-care\/#breadcrumb\"},\"inLanguage\":\"ro-RO\",\"potentialAction\":[{\"@type\":\"ReadAction\",\"target\":[\"https:\/\/holyland.md\/ro\/product\/bio-repair-day-care\/\"]}]},{\"@type\":\"ImageObject\",\"inLanguage\":\"ro-RO\",\"@id\":\"https:\/\/holyland.md\/ro\/product\/bio-repair-day-care\/#primaryimage\",\"url\":\"https:\/\/holyland.md\/wp-content\/uploads\/2020\/04\/BIO-REPAIR-DAY-CARE.jpg\",\"contentUrl\":\"https:\/\/holyland.md\/wp-content\/uploads\/2020\/04\/BIO-REPAIR-DAY-CARE.jpg\",\"width\":1000,\"height\":1000},{\"@type\":\"BreadcrumbList\",\"@id\":\"https:\/\/holyland.md\/ro\/product\/bio-repair-day-care\/#breadcrumb\",\"itemListElement\":[{\"@type\":\"ListItem\",\"position\":1,\"name\":\"\u0413\u043b\u0430\u0432\u043d\u0430\u044f \u0441\u0442\u0440\u0430\u043d\u0438\u0446\u0430\",\"item\":\"https:\/\/holyland.md\/ro\/\"},{\"@type\":\"ListItem\",\"position\":2,\"name\":\"Catalog produse HolyLand\",\"item\":\"https:\/\/holyland.md\/ro\/catalog\/\"},{\"@type\":\"ListItem\",\"position\":3,\"name\":\"BIO REPAIR DAY CARE\"}]},{\"@type\":\"WebSite\",\"@id\":\"https:\/\/holyland.md\/ro\/#website\",\"url\":\"https:\/\/holyland.md\/ro\/\",\"name\":\"Holy Land Cosmetics\",\"description\":\"\",\"publisher\":{\"@id\":\"https:\/\/holyland.md\/ro\/#organization\"},\"potentialAction\":[{\"@type\":\"SearchAction\",\"target\":{\"@type\":\"EntryPoint\",\"urlTemplate\":\"https:\/\/holyland.md\/ro\/?s={search_term_string}\"},\"query-input\":\"required name=search_term_string\"}],\"inLanguage\":\"ro-RO\"},{\"@type\":\"Organization\",\"@id\":\"https:\/\/holyland.md\/ro\/#organization\",\"name\":\"Holy Land Cosmetics\",\"url\":\"https:\/\/holyland.md\/ro\/\",\"logo\":{\"@type\":\"ImageObject\",\"inLanguage\":\"ro-RO\",\"@id\":\"https:\/\/holyland.md\/ro\/#\/schema\/logo\/image\/\",\"url\":\"https:\/\/holyland.md\/wp-content\/uploads\/2020\/03\/hl-always-active.png\",\"contentUrl\":\"https:\/\/holyland.md\/wp-content\/uploads\/2020\/03\/hl-always-active.png\",\"width\":1437,\"height\":892,\"caption\":\"Holy Land Cosmetics\"},\"image\":{\"@id\":\"https:\/\/holyland.md\/ro\/#\/schema\/logo\/image\/\"}}]}<\/script>\n<!-- \/ Yoast SEO plugin. -->","yoast_head_json":{"title":"BIO REPAIR DAY CARE | Holy Land Cosmetics","robots":{"index":"index","follow":"follow","max-snippet":"max-snippet:-1","max-image-preview":"max-image-preview:large","max-video-preview":"max-video-preview:-1"},"canonical":"https:\/\/holyland.md\/ro\/product\/bio-repair-day-care\/","og_locale":"ro_RO","og_type":"article","og_title":"BIO REPAIR DAY CARE | Holy Land Cosmetics","og_description":"Volum: 50 ml","og_url":"https:\/\/holyland.md\/ro\/product\/bio-repair-day-care\/","og_site_name":"Holy Land Cosmetics","article_modified_time":"2026-03-23T11:59:54+00:00","og_image":[{"width":1000,"height":1000,"url":"https:\/\/holyland.md\/wp-content\/uploads\/2020\/04\/BIO-REPAIR-DAY-CARE.jpg","type":"image\/jpeg"}],"twitter_card":"summary_large_image","twitter_misc":{"Timp estimat pentru citire":"1 minut"},"schema":{"@context":"https:\/\/schema.org","@graph":[{"@type":"WebPage","@id":"https:\/\/holyland.md\/ro\/product\/bio-repair-day-care\/","url":"https:\/\/holyland.md\/ro\/product\/bio-repair-day-care\/","name":"BIO REPAIR DAY CARE | Holy Land Cosmetics","isPartOf":{"@id":"https:\/\/holyland.md\/ro\/#website"},"primaryImageOfPage":{"@id":"https:\/\/holyland.md\/ro\/product\/bio-repair-day-care\/#primaryimage"},"image":{"@id":"https:\/\/holyland.md\/ro\/product\/bio-repair-day-care\/#primaryimage"},"thumbnailUrl":"https:\/\/holyland.md\/wp-content\/uploads\/2020\/04\/BIO-REPAIR-DAY-CARE.jpg","datePublished":"2020-04-27T07:59:45+00:00","dateModified":"2026-03-23T11:59:54+00:00","breadcrumb":{"@id":"https:\/\/holyland.md\/ro\/product\/bio-repair-day-care\/#breadcrumb"},"inLanguage":"ro-RO","potentialAction":[{"@type":"ReadAction","target":["https:\/\/holyland.md\/ro\/product\/bio-repair-day-care\/"]}]},{"@type":"ImageObject","inLanguage":"ro-RO","@id":"https:\/\/holyland.md\/ro\/product\/bio-repair-day-care\/#primaryimage","url":"https:\/\/holyland.md\/wp-content\/uploads\/2020\/04\/BIO-REPAIR-DAY-CARE.jpg","contentUrl":"https:\/\/holyland.md\/wp-content\/uploads\/2020\/04\/BIO-REPAIR-DAY-CARE.jpg","width":1000,"height":1000},{"@type":"BreadcrumbList","@id":"https:\/\/holyland.md\/ro\/product\/bio-repair-day-care\/#breadcrumb","itemListElement":[{"@type":"ListItem","position":1,"name":"\u0413\u043b\u0430\u0432\u043d\u0430\u044f \u0441\u0442\u0440\u0430\u043d\u0438\u0446\u0430","item":"https:\/\/holyland.md\/ro\/"},{"@type":"ListItem","position":2,"name":"Catalog produse HolyLand","item":"https:\/\/holyland.md\/ro\/catalog\/"},{"@type":"ListItem","position":3,"name":"BIO REPAIR DAY CARE"}]},{"@type":"WebSite","@id":"https:\/\/holyland.md\/ro\/#website","url":"https:\/\/holyland.md\/ro\/","name":"Holy Land Cosmetics","description":"","publisher":{"@id":"https:\/\/holyland.md\/ro\/#organization"},"potentialAction":[{"@type":"SearchAction","target":{"@type":"EntryPoint","urlTemplate":"https:\/\/holyland.md\/ro\/?s={search_term_string}"},"query-input":"required name=search_term_string"}],"inLanguage":"ro-RO"},{"@type":"Organization","@id":"https:\/\/holyland.md\/ro\/#organization","name":"Holy Land Cosmetics","url":"https:\/\/holyland.md\/ro\/","logo":{"@type":"ImageObject","inLanguage":"ro-RO","@id":"https:\/\/holyland.md\/ro\/#\/schema\/logo\/image\/","url":"https:\/\/holyland.md\/wp-content\/uploads\/2020\/03\/hl-always-active.png","contentUrl":"https:\/\/holyland.md\/wp-content\/uploads\/2020\/03\/hl-always-active.png","width":1437,"height":892,"caption":"Holy Land Cosmetics"},"image":{"@id":"https:\/\/holyland.md\/ro\/#\/schema\/logo\/image\/"}}]}},"_links":{"self":[{"href":"https:\/\/holyland.md\/ro\/wp-json\/wp\/v2\/product\/1642"}],"collection":[{"href":"https:\/\/holyland.md\/ro\/wp-json\/wp\/v2\/product"}],"about":[{"href":"https:\/\/holyland.md\/ro\/wp-json\/wp\/v2\/types\/product"}],"wp:featuredmedia":[{"embeddable":true,"href":"https:\/\/holyland.md\/ro\/wp-json\/wp\/v2\/media\/3143"}],"wp:attachment":[{"href":"https:\/\/holyland.md\/ro\/wp-json\/wp\/v2\/media?parent=1642"}],"wp:term":[{"taxonomy":"product_cat","embeddable":true,"href":"https:\/\/holyland.md\/ro\/wp-json\/wp\/v2\/product_cat?post=1642"},{"taxonomy":"product_tag","embeddable":true,"href":"https:\/\/holyland.md\/ro\/wp-json\/wp\/v2\/product_tag?post=1642"}],"curies":[{"name":"wp","href":"https:\/\/api.w.org\/{rel}","templated":true}]}}