{"id":1644,"date":"2020-04-27T11:04:06","date_gmt":"2020-04-27T08:04:06","guid":{"rendered":"https:\/\/holyland.md\/product\/bio-repair-night-care\/"},"modified":"2026-03-23T14:59:14","modified_gmt":"2026-03-23T11:59:14","slug":"bio-repair-night-care","status":"publish","type":"product","link":"https:\/\/holyland.md\/ro\/product\/bio-repair-night-care\/","title":{"rendered":"BIO REPAIR NIGHT CARE"},"content":{"rendered":"<p>O crem\u0103 de noapte regenerant\u0103 dens\u0103, f\u0103r\u0103 ulei. \u00cendep\u0103rteaz\u0103 perfect usc\u0103ciunea, descuamarea, disconfortul \u0219i senza\u021bia de str\u00e2ngere, restabile\u0219te pielea dup\u0103 orice factor d\u0103un\u0103tor: condi\u021bii meteorologice nefavorabile (soare, \u00eenghe\u021b, v\u00e2nt etc.), \u0219\u021befuire mecanic\u0103 \u0219i chimic\u0103, chirurgie plastic\u0103 etc. Colagenul \u0219i elastina hidrolizate de originea non-animal\u0103 formeaz\u0103 o pelicul\u0103 respirabil\u0103 pe suprafa\u021ba pielii, prevenind pierderea crescut\u0103 de ap\u0103 transepidermic\u0103 (TEWL). Produsul, la fel ca \u0219i \u00eentreaga gama BIO REPAIR, este hipoalergenic \u0219i absolut sigur, deoarece componentele sale principale repet\u0103 factorul natural de hidratare (NMF) al pielii.<\/p>\n<p><strong>Principii active:<\/strong><\/p>\n<p>Lizat de bifidobacterii, colagen hidrolizat, elastina hidrolizat\u0103, vitamina E, acid lactic.<\/p>\n<p><strong>Mod de folosire:<\/strong><\/p>\n<p>Dup\u0103 o cur\u0103\u021bare minu\u021bioas\u0103 \u00een doi pa\u0219i, aplica\u021bi o cantitate mic\u0103 de crem\u0103 pe fa\u021b\u0103. Se \u00eentinde cu m\u00e2inile moi calde \u0219i se las\u0103 p\u00e2n\u0103 la absoarb\u021bie complet\u0103. \u00cen perioada de iarn\u0103, serve\u0219te perfect ca o crem\u0103 protectoare. Evita\u021bi s\u0103 aplica\u021bi cantit\u0103\u021bi excesive. Aplica\u021bi o dat\u0103 pe zip e timpul noap\u021bii sau conform recomand\u0103rilor specialistului dumneavoastr\u0103.<\/p>\n","protected":false},"excerpt":{"rendered":"<p>Volum: 50 ml<\/p>\n","protected":false},"featured_media":3184,"template":"","meta":[],"product_cat":[98],"product_tag":[],"class_list":{"0":"post-1644","1":"product","2":"type-product","3":"status-publish","4":"has-post-thumbnail","6":"product_cat-bio-repair-hl","8":"first","9":"instock","10":"shipping-taxable","11":"purchasable","12":"product-type-simple"},"yoast_head":"<!-- This site is optimized with the Yoast SEO plugin v23.3 - https:\/\/yoast.com\/wordpress\/plugins\/seo\/ -->\n<title>BIO REPAIR NIGHT CARE | Holy Land Cosmetics<\/title>\n<meta name=\"robots\" content=\"index, follow, max-snippet:-1, max-image-preview:large, max-video-preview:-1\" \/>\n<link rel=\"canonical\" href=\"https:\/\/holyland.md\/ro\/product\/bio-repair-night-care\/\" \/>\n<meta property=\"og:locale\" content=\"ro_RO\" \/>\n<meta property=\"og:type\" content=\"article\" \/>\n<meta property=\"og:title\" content=\"BIO REPAIR NIGHT CARE | Holy Land Cosmetics\" \/>\n<meta property=\"og:description\" content=\"Volum: 50 ml\" \/>\n<meta property=\"og:url\" content=\"https:\/\/holyland.md\/ro\/product\/bio-repair-night-care\/\" \/>\n<meta property=\"og:site_name\" content=\"Holy Land Cosmetics\" \/>\n<meta property=\"article:modified_time\" content=\"2026-03-23T11:59:14+00:00\" \/>\n<meta property=\"og:image\" content=\"https:\/\/holyland.md\/wp-content\/uploads\/2020\/04\/BIO-REPAIR-NIGHT-CARE.jpg\" \/>\n\t<meta property=\"og:image:width\" content=\"1000\" \/>\n\t<meta property=\"og:image:height\" content=\"1000\" \/>\n\t<meta property=\"og:image:type\" content=\"image\/jpeg\" \/>\n<meta name=\"twitter:card\" content=\"summary_large_image\" \/>\n<meta name=\"twitter:label1\" content=\"Timp estimat pentru citire\" \/>\n\t<meta name=\"twitter:data1\" content=\"2 minute\" \/>\n<script type=\"application\/ld+json\" class=\"yoast-schema-graph\">{\"@context\":\"https:\/\/schema.org\",\"@graph\":[{\"@type\":\"WebPage\",\"@id\":\"https:\/\/holyland.md\/ro\/product\/bio-repair-night-care\/\",\"url\":\"https:\/\/holyland.md\/ro\/product\/bio-repair-night-care\/\",\"name\":\"BIO REPAIR NIGHT CARE | Holy Land Cosmetics\",\"isPartOf\":{\"@id\":\"https:\/\/holyland.md\/ro\/#website\"},\"primaryImageOfPage\":{\"@id\":\"https:\/\/holyland.md\/ro\/product\/bio-repair-night-care\/#primaryimage\"},\"image\":{\"@id\":\"https:\/\/holyland.md\/ro\/product\/bio-repair-night-care\/#primaryimage\"},\"thumbnailUrl\":\"https:\/\/holyland.md\/wp-content\/uploads\/2020\/04\/BIO-REPAIR-NIGHT-CARE.jpg\",\"datePublished\":\"2020-04-27T08:04:06+00:00\",\"dateModified\":\"2026-03-23T11:59:14+00:00\",\"breadcrumb\":{\"@id\":\"https:\/\/holyland.md\/ro\/product\/bio-repair-night-care\/#breadcrumb\"},\"inLanguage\":\"ro-RO\",\"potentialAction\":[{\"@type\":\"ReadAction\",\"target\":[\"https:\/\/holyland.md\/ro\/product\/bio-repair-night-care\/\"]}]},{\"@type\":\"ImageObject\",\"inLanguage\":\"ro-RO\",\"@id\":\"https:\/\/holyland.md\/ro\/product\/bio-repair-night-care\/#primaryimage\",\"url\":\"https:\/\/holyland.md\/wp-content\/uploads\/2020\/04\/BIO-REPAIR-NIGHT-CARE.jpg\",\"contentUrl\":\"https:\/\/holyland.md\/wp-content\/uploads\/2020\/04\/BIO-REPAIR-NIGHT-CARE.jpg\",\"width\":1000,\"height\":1000},{\"@type\":\"BreadcrumbList\",\"@id\":\"https:\/\/holyland.md\/ro\/product\/bio-repair-night-care\/#breadcrumb\",\"itemListElement\":[{\"@type\":\"ListItem\",\"position\":1,\"name\":\"\u0413\u043b\u0430\u0432\u043d\u0430\u044f \u0441\u0442\u0440\u0430\u043d\u0438\u0446\u0430\",\"item\":\"https:\/\/holyland.md\/ro\/\"},{\"@type\":\"ListItem\",\"position\":2,\"name\":\"Catalog produse HolyLand\",\"item\":\"https:\/\/holyland.md\/ro\/catalog\/\"},{\"@type\":\"ListItem\",\"position\":3,\"name\":\"BIO REPAIR NIGHT CARE\"}]},{\"@type\":\"WebSite\",\"@id\":\"https:\/\/holyland.md\/ro\/#website\",\"url\":\"https:\/\/holyland.md\/ro\/\",\"name\":\"Holy Land Cosmetics\",\"description\":\"\",\"publisher\":{\"@id\":\"https:\/\/holyland.md\/ro\/#organization\"},\"potentialAction\":[{\"@type\":\"SearchAction\",\"target\":{\"@type\":\"EntryPoint\",\"urlTemplate\":\"https:\/\/holyland.md\/ro\/?s={search_term_string}\"},\"query-input\":\"required name=search_term_string\"}],\"inLanguage\":\"ro-RO\"},{\"@type\":\"Organization\",\"@id\":\"https:\/\/holyland.md\/ro\/#organization\",\"name\":\"Holy Land Cosmetics\",\"url\":\"https:\/\/holyland.md\/ro\/\",\"logo\":{\"@type\":\"ImageObject\",\"inLanguage\":\"ro-RO\",\"@id\":\"https:\/\/holyland.md\/ro\/#\/schema\/logo\/image\/\",\"url\":\"https:\/\/holyland.md\/wp-content\/uploads\/2020\/03\/hl-always-active.png\",\"contentUrl\":\"https:\/\/holyland.md\/wp-content\/uploads\/2020\/03\/hl-always-active.png\",\"width\":1437,\"height\":892,\"caption\":\"Holy Land Cosmetics\"},\"image\":{\"@id\":\"https:\/\/holyland.md\/ro\/#\/schema\/logo\/image\/\"}}]}<\/script>\n<!-- \/ Yoast SEO plugin. -->","yoast_head_json":{"title":"BIO REPAIR NIGHT CARE | Holy Land Cosmetics","robots":{"index":"index","follow":"follow","max-snippet":"max-snippet:-1","max-image-preview":"max-image-preview:large","max-video-preview":"max-video-preview:-1"},"canonical":"https:\/\/holyland.md\/ro\/product\/bio-repair-night-care\/","og_locale":"ro_RO","og_type":"article","og_title":"BIO REPAIR NIGHT CARE | Holy Land Cosmetics","og_description":"Volum: 50 ml","og_url":"https:\/\/holyland.md\/ro\/product\/bio-repair-night-care\/","og_site_name":"Holy Land Cosmetics","article_modified_time":"2026-03-23T11:59:14+00:00","og_image":[{"width":1000,"height":1000,"url":"https:\/\/holyland.md\/wp-content\/uploads\/2020\/04\/BIO-REPAIR-NIGHT-CARE.jpg","type":"image\/jpeg"}],"twitter_card":"summary_large_image","twitter_misc":{"Timp estimat pentru citire":"2 minute"},"schema":{"@context":"https:\/\/schema.org","@graph":[{"@type":"WebPage","@id":"https:\/\/holyland.md\/ro\/product\/bio-repair-night-care\/","url":"https:\/\/holyland.md\/ro\/product\/bio-repair-night-care\/","name":"BIO REPAIR NIGHT CARE | Holy Land Cosmetics","isPartOf":{"@id":"https:\/\/holyland.md\/ro\/#website"},"primaryImageOfPage":{"@id":"https:\/\/holyland.md\/ro\/product\/bio-repair-night-care\/#primaryimage"},"image":{"@id":"https:\/\/holyland.md\/ro\/product\/bio-repair-night-care\/#primaryimage"},"thumbnailUrl":"https:\/\/holyland.md\/wp-content\/uploads\/2020\/04\/BIO-REPAIR-NIGHT-CARE.jpg","datePublished":"2020-04-27T08:04:06+00:00","dateModified":"2026-03-23T11:59:14+00:00","breadcrumb":{"@id":"https:\/\/holyland.md\/ro\/product\/bio-repair-night-care\/#breadcrumb"},"inLanguage":"ro-RO","potentialAction":[{"@type":"ReadAction","target":["https:\/\/holyland.md\/ro\/product\/bio-repair-night-care\/"]}]},{"@type":"ImageObject","inLanguage":"ro-RO","@id":"https:\/\/holyland.md\/ro\/product\/bio-repair-night-care\/#primaryimage","url":"https:\/\/holyland.md\/wp-content\/uploads\/2020\/04\/BIO-REPAIR-NIGHT-CARE.jpg","contentUrl":"https:\/\/holyland.md\/wp-content\/uploads\/2020\/04\/BIO-REPAIR-NIGHT-CARE.jpg","width":1000,"height":1000},{"@type":"BreadcrumbList","@id":"https:\/\/holyland.md\/ro\/product\/bio-repair-night-care\/#breadcrumb","itemListElement":[{"@type":"ListItem","position":1,"name":"\u0413\u043b\u0430\u0432\u043d\u0430\u044f \u0441\u0442\u0440\u0430\u043d\u0438\u0446\u0430","item":"https:\/\/holyland.md\/ro\/"},{"@type":"ListItem","position":2,"name":"Catalog produse HolyLand","item":"https:\/\/holyland.md\/ro\/catalog\/"},{"@type":"ListItem","position":3,"name":"BIO REPAIR NIGHT CARE"}]},{"@type":"WebSite","@id":"https:\/\/holyland.md\/ro\/#website","url":"https:\/\/holyland.md\/ro\/","name":"Holy Land Cosmetics","description":"","publisher":{"@id":"https:\/\/holyland.md\/ro\/#organization"},"potentialAction":[{"@type":"SearchAction","target":{"@type":"EntryPoint","urlTemplate":"https:\/\/holyland.md\/ro\/?s={search_term_string}"},"query-input":"required name=search_term_string"}],"inLanguage":"ro-RO"},{"@type":"Organization","@id":"https:\/\/holyland.md\/ro\/#organization","name":"Holy Land Cosmetics","url":"https:\/\/holyland.md\/ro\/","logo":{"@type":"ImageObject","inLanguage":"ro-RO","@id":"https:\/\/holyland.md\/ro\/#\/schema\/logo\/image\/","url":"https:\/\/holyland.md\/wp-content\/uploads\/2020\/03\/hl-always-active.png","contentUrl":"https:\/\/holyland.md\/wp-content\/uploads\/2020\/03\/hl-always-active.png","width":1437,"height":892,"caption":"Holy Land Cosmetics"},"image":{"@id":"https:\/\/holyland.md\/ro\/#\/schema\/logo\/image\/"}}]}},"_links":{"self":[{"href":"https:\/\/holyland.md\/ro\/wp-json\/wp\/v2\/product\/1644"}],"collection":[{"href":"https:\/\/holyland.md\/ro\/wp-json\/wp\/v2\/product"}],"about":[{"href":"https:\/\/holyland.md\/ro\/wp-json\/wp\/v2\/types\/product"}],"wp:featuredmedia":[{"embeddable":true,"href":"https:\/\/holyland.md\/ro\/wp-json\/wp\/v2\/media\/3184"}],"wp:attachment":[{"href":"https:\/\/holyland.md\/ro\/wp-json\/wp\/v2\/media?parent=1644"}],"wp:term":[{"taxonomy":"product_cat","embeddable":true,"href":"https:\/\/holyland.md\/ro\/wp-json\/wp\/v2\/product_cat?post=1644"},{"taxonomy":"product_tag","embeddable":true,"href":"https:\/\/holyland.md\/ro\/wp-json\/wp\/v2\/product_tag?post=1644"}],"curies":[{"name":"wp","href":"https:\/\/api.w.org\/{rel}","templated":true}]}}