{"id":1653,"date":"2020-04-27T18:57:28","date_gmt":"2020-04-27T15:57:28","guid":{"rendered":"https:\/\/holyland.md\/product\/bio-repair-set\/"},"modified":"2026-03-24T14:10:36","modified_gmt":"2026-03-24T11:10:36","slug":"bio-repair-set","status":"publish","type":"product","link":"https:\/\/holyland.md\/ro\/product\/bio-repair-set\/","title":{"rendered":"BIO REPAIR SET"},"content":{"rendered":"<p>Set: BIO REPAIR GEL CLEANSER 125 ml, BIO REPAIR DAY CARE 50 ml, BIO REPAIR NIGHT CARE 50 ml.<\/p>\n<p><strong>\u041d\u0430\u0431\u043e\u0440:<\/strong><\/p>\n<p><a href=\"https:\/\/holyland.md\/ro\/product\/bio-repair-gel-cleanser\/\" target=\"_blank\" rel=\"noopener noreferrer\"><strong>BIO REPAIR GEL CLEANSER 125 ml<\/strong><\/a><\/p>\n<p><strong>Descriere:<\/strong><\/p>\n<p>Un produs de nou\u0103 genera\u021bie de tipul gel-cleanser, ceea ce \u00eenseamn\u0103 cea mai delicat\u0103 cur\u0103\u021bare \u00een prezen\u021ba componentelor spumante. \u00cendep\u0103rteaz\u0103 calitativ impurit\u0103\u021bile totodat\u0103 hidrat\u00e2nd pielea datorit\u0103 ureei, concentra\u021biei sc\u0103zute de acid citric \u0219i lizatului enzimelor bifidobacteriilor. Potrivit pentru toate tipurile de piele.<\/p>\n<p><strong>Principii active:<\/strong><\/p>\n<p>Lizat enzimelor de bifidobacterii.<\/p>\n<p><strong>Mod de folosire:<\/strong><\/p>\n<p>Se saponific\u0103 o cantitate mic\u0103 de gel cu m\u00e2inile umede \u0219i se distribuie prin masaj pe toat\u0103 suprafa\u021ba: fa\u021b\u0103, g\u00e2t, decolteu. Apoi se cl\u0103te\u0219te bine cu ap\u0103 cald\u0103. Preparatul \u00eendep\u0103rteaz\u0103 perfect impurit\u0103\u021bile \u0219i machiajul. Nu irit\u0103 ochii. Se utilizeaz\u0103 o dat\u0103 pe zi sau conform recomand\u0103rilor esteticianului.<\/p>\n<p><a href=\"https:\/\/holyland.md\/ro\/product\/bio-repair-day-care\/\" target=\"_blank\" rel=\"noopener noreferrer\"><strong>BIO REPAIR DAY CARE 50 ml<\/strong><\/a><\/p>\n<p><strong>Descriere:<\/strong><\/p>\n<p>O crem\u0103 de zi u\u0219oar\u0103, cu protec\u021bie solar\u0103 cotidian\u0103 de SPF 15 \u0219i un finisaj mat. Crem\u0103 fin\u0103, absolut sigur\u0103 \u0219i necomedogen\u0103. Hidrateaz\u0103 \u0219i regenereaz\u0103 perfect pielea. Ingredientul s\u0103u unic, inozitolul, \u00eenmoaie, previne pierderea de ap\u0103 transepidermic\u0103 (TEWL) \u0219i este o component\u0103 esen\u021bial\u0103 pentru pielea iritat\u0103. Serve\u0219te drep o baz\u0103 bun\u0103 pentru aplicarea machiajului.<\/p>\n<p><strong>Principii active:<\/strong><\/p>\n<p>Lizat de bifidobacterii, colagen hidrolizat, elastina, vitamina E, lactat de sodiu, glicin\u0103, niacinamid, inozitol.<\/p>\n<p><strong>Mod de folosire:<\/strong><\/p>\n<p>Aplica\u021bi-o ca etapa final\u0103 rutinei de diminea\u021b\u0103. Distribui\u021bi o cantitate mic\u0103 de crem\u0103 uniform pe suprafa\u021ba pielii \u0219i introduce\u021bi-o cu v\u00e2rful degetelor prin tapotament p\u00e2n\u0103 la absorb\u021bia complet\u0103. A se utiliza o dat\u0103 pe zi sau conform recomand\u0103rilor specialistului Dumneavoastr\u0103.<\/p>\n<p><a href=\"https:\/\/holyland.md\/ro\/product\/bio-repair-night-care\/\" target=\"_blank\" rel=\"noopener noreferrer\"><strong>BIO REPAIR NIGHT CARE 50 ml<\/strong><\/a><\/p>\n<p><strong>Descriere:<\/strong><\/p>\n<p>O crem\u0103 de noapte regenerant\u0103 dens\u0103, f\u0103r\u0103 ulei. \u00cendep\u0103rteaz\u0103 perfect usc\u0103ciunea, descuamarea, disconfortul \u0219i senza\u021bia de str\u00e2ngere, restabile\u0219te pielea dup\u0103 orice factor d\u0103un\u0103tor: condi\u021bii meteorologice nefavorabile (soare, \u00eenghe\u021b, v\u00e2nt etc.), \u0219\u021befuire mecanic\u0103 \u0219i chimic\u0103, chirurgie plastic\u0103 etc. Colagenul \u0219i elastina hidrolizate de originea non-animal\u0103 formeaz\u0103 o pelicul\u0103 respirabil\u0103 pe suprafa\u021ba pielii, prevenind pierderea crescut\u0103 de ap\u0103 transepidermic\u0103 (TEWL). Produsul, la fel ca \u0219i \u00eentreaga gama BIO REPAIR, este hipoalergenic \u0219i absolut sigur, deoarece componentele sale principale repet\u0103 factorul natural de hidratare (NMF) al pielii.<\/p>\n<p><strong>Principii active:<\/strong><\/p>\n<p>Lizat de bifidobacterii, colagen hidrolizat, elastina hidrolizat\u0103, vitamina E, acid lactic.<\/p>\n<p><strong>Mod de folosire:<\/strong><\/p>\n<p>Dup\u0103 o cur\u0103\u021bare minu\u021bioas\u0103 \u00een doi pa\u0219i, aplica\u021bi o cantitate mic\u0103 de crem\u0103 pe fa\u021b\u0103. Se \u00eentinde cu m\u00e2inile moi calde \u0219i se las\u0103 p\u00e2n\u0103 la absoarb\u021bie complet\u0103. \u00cen perioada de iarn\u0103, serve\u0219te perfect ca o crem\u0103 protectoare. Evita\u021bi s\u0103 aplica\u021bi cantit\u0103\u021bi excesive. Aplica\u021bi o dat\u0103 pe zip e timpul noap\u021bii sau conform recomand\u0103rilor specialistului dumneavoastr\u0103.<\/p>\n","protected":false},"excerpt":{"rendered":"<p>Set<\/p>\n","protected":false},"featured_media":3237,"template":"","meta":[],"product_cat":[133],"product_tag":[],"class_list":{"0":"post-1653","1":"product","2":"type-product","3":"status-publish","4":"has-post-thumbnail","6":"product_cat-seturi","8":"first","9":"instock","10":"shipping-taxable","11":"purchasable","12":"product-type-simple"},"yoast_head":"<!-- This site is optimized with the Yoast SEO plugin v23.3 - https:\/\/yoast.com\/wordpress\/plugins\/seo\/ -->\n<title>BIO REPAIR SET | Holy Land Cosmetics<\/title>\n<meta name=\"robots\" content=\"index, follow, max-snippet:-1, max-image-preview:large, max-video-preview:-1\" \/>\n<link rel=\"canonical\" href=\"https:\/\/holyland.md\/ro\/product\/bio-repair-set\/\" \/>\n<meta property=\"og:locale\" content=\"ro_RO\" \/>\n<meta property=\"og:type\" content=\"article\" \/>\n<meta property=\"og:title\" content=\"BIO REPAIR SET | Holy Land Cosmetics\" \/>\n<meta property=\"og:description\" content=\"Set\" \/>\n<meta property=\"og:url\" content=\"https:\/\/holyland.md\/ro\/product\/bio-repair-set\/\" \/>\n<meta property=\"og:site_name\" content=\"Holy Land Cosmetics\" \/>\n<meta property=\"article:modified_time\" content=\"2026-03-24T11:10:36+00:00\" \/>\n<meta property=\"og:image\" content=\"https:\/\/holyland.md\/wp-content\/uploads\/2020\/04\/SET-BIO-REPAIR.jpg\" \/>\n\t<meta property=\"og:image:width\" content=\"1000\" \/>\n\t<meta property=\"og:image:height\" content=\"1000\" \/>\n\t<meta property=\"og:image:type\" content=\"image\/jpeg\" \/>\n<meta name=\"twitter:card\" content=\"summary_large_image\" \/>\n<meta name=\"twitter:label1\" content=\"Timp estimat pentru citire\" \/>\n\t<meta name=\"twitter:data1\" content=\"3 minute\" \/>\n<script type=\"application\/ld+json\" class=\"yoast-schema-graph\">{\"@context\":\"https:\/\/schema.org\",\"@graph\":[{\"@type\":\"WebPage\",\"@id\":\"https:\/\/holyland.md\/ro\/product\/bio-repair-set\/\",\"url\":\"https:\/\/holyland.md\/ro\/product\/bio-repair-set\/\",\"name\":\"BIO REPAIR SET | Holy Land Cosmetics\",\"isPartOf\":{\"@id\":\"https:\/\/holyland.md\/ro\/#website\"},\"primaryImageOfPage\":{\"@id\":\"https:\/\/holyland.md\/ro\/product\/bio-repair-set\/#primaryimage\"},\"image\":{\"@id\":\"https:\/\/holyland.md\/ro\/product\/bio-repair-set\/#primaryimage\"},\"thumbnailUrl\":\"https:\/\/holyland.md\/wp-content\/uploads\/2020\/04\/SET-BIO-REPAIR.jpg\",\"datePublished\":\"2020-04-27T15:57:28+00:00\",\"dateModified\":\"2026-03-24T11:10:36+00:00\",\"breadcrumb\":{\"@id\":\"https:\/\/holyland.md\/ro\/product\/bio-repair-set\/#breadcrumb\"},\"inLanguage\":\"ro-RO\",\"potentialAction\":[{\"@type\":\"ReadAction\",\"target\":[\"https:\/\/holyland.md\/ro\/product\/bio-repair-set\/\"]}]},{\"@type\":\"ImageObject\",\"inLanguage\":\"ro-RO\",\"@id\":\"https:\/\/holyland.md\/ro\/product\/bio-repair-set\/#primaryimage\",\"url\":\"https:\/\/holyland.md\/wp-content\/uploads\/2020\/04\/SET-BIO-REPAIR.jpg\",\"contentUrl\":\"https:\/\/holyland.md\/wp-content\/uploads\/2020\/04\/SET-BIO-REPAIR.jpg\",\"width\":1000,\"height\":1000},{\"@type\":\"BreadcrumbList\",\"@id\":\"https:\/\/holyland.md\/ro\/product\/bio-repair-set\/#breadcrumb\",\"itemListElement\":[{\"@type\":\"ListItem\",\"position\":1,\"name\":\"\u0413\u043b\u0430\u0432\u043d\u0430\u044f \u0441\u0442\u0440\u0430\u043d\u0438\u0446\u0430\",\"item\":\"https:\/\/holyland.md\/ro\/\"},{\"@type\":\"ListItem\",\"position\":2,\"name\":\"Catalog produse HolyLand\",\"item\":\"https:\/\/holyland.md\/ro\/catalog\/\"},{\"@type\":\"ListItem\",\"position\":3,\"name\":\"BIO REPAIR SET\"}]},{\"@type\":\"WebSite\",\"@id\":\"https:\/\/holyland.md\/ro\/#website\",\"url\":\"https:\/\/holyland.md\/ro\/\",\"name\":\"Holy Land Cosmetics\",\"description\":\"\",\"publisher\":{\"@id\":\"https:\/\/holyland.md\/ro\/#organization\"},\"potentialAction\":[{\"@type\":\"SearchAction\",\"target\":{\"@type\":\"EntryPoint\",\"urlTemplate\":\"https:\/\/holyland.md\/ro\/?s={search_term_string}\"},\"query-input\":\"required name=search_term_string\"}],\"inLanguage\":\"ro-RO\"},{\"@type\":\"Organization\",\"@id\":\"https:\/\/holyland.md\/ro\/#organization\",\"name\":\"Holy Land Cosmetics\",\"url\":\"https:\/\/holyland.md\/ro\/\",\"logo\":{\"@type\":\"ImageObject\",\"inLanguage\":\"ro-RO\",\"@id\":\"https:\/\/holyland.md\/ro\/#\/schema\/logo\/image\/\",\"url\":\"https:\/\/holyland.md\/wp-content\/uploads\/2020\/03\/hl-always-active.png\",\"contentUrl\":\"https:\/\/holyland.md\/wp-content\/uploads\/2020\/03\/hl-always-active.png\",\"width\":1437,\"height\":892,\"caption\":\"Holy Land Cosmetics\"},\"image\":{\"@id\":\"https:\/\/holyland.md\/ro\/#\/schema\/logo\/image\/\"}}]}<\/script>\n<!-- \/ Yoast SEO plugin. -->","yoast_head_json":{"title":"BIO REPAIR SET | Holy Land Cosmetics","robots":{"index":"index","follow":"follow","max-snippet":"max-snippet:-1","max-image-preview":"max-image-preview:large","max-video-preview":"max-video-preview:-1"},"canonical":"https:\/\/holyland.md\/ro\/product\/bio-repair-set\/","og_locale":"ro_RO","og_type":"article","og_title":"BIO REPAIR SET | Holy Land Cosmetics","og_description":"Set","og_url":"https:\/\/holyland.md\/ro\/product\/bio-repair-set\/","og_site_name":"Holy Land Cosmetics","article_modified_time":"2026-03-24T11:10:36+00:00","og_image":[{"width":1000,"height":1000,"url":"https:\/\/holyland.md\/wp-content\/uploads\/2020\/04\/SET-BIO-REPAIR.jpg","type":"image\/jpeg"}],"twitter_card":"summary_large_image","twitter_misc":{"Timp estimat pentru citire":"3 minute"},"schema":{"@context":"https:\/\/schema.org","@graph":[{"@type":"WebPage","@id":"https:\/\/holyland.md\/ro\/product\/bio-repair-set\/","url":"https:\/\/holyland.md\/ro\/product\/bio-repair-set\/","name":"BIO REPAIR SET | Holy Land Cosmetics","isPartOf":{"@id":"https:\/\/holyland.md\/ro\/#website"},"primaryImageOfPage":{"@id":"https:\/\/holyland.md\/ro\/product\/bio-repair-set\/#primaryimage"},"image":{"@id":"https:\/\/holyland.md\/ro\/product\/bio-repair-set\/#primaryimage"},"thumbnailUrl":"https:\/\/holyland.md\/wp-content\/uploads\/2020\/04\/SET-BIO-REPAIR.jpg","datePublished":"2020-04-27T15:57:28+00:00","dateModified":"2026-03-24T11:10:36+00:00","breadcrumb":{"@id":"https:\/\/holyland.md\/ro\/product\/bio-repair-set\/#breadcrumb"},"inLanguage":"ro-RO","potentialAction":[{"@type":"ReadAction","target":["https:\/\/holyland.md\/ro\/product\/bio-repair-set\/"]}]},{"@type":"ImageObject","inLanguage":"ro-RO","@id":"https:\/\/holyland.md\/ro\/product\/bio-repair-set\/#primaryimage","url":"https:\/\/holyland.md\/wp-content\/uploads\/2020\/04\/SET-BIO-REPAIR.jpg","contentUrl":"https:\/\/holyland.md\/wp-content\/uploads\/2020\/04\/SET-BIO-REPAIR.jpg","width":1000,"height":1000},{"@type":"BreadcrumbList","@id":"https:\/\/holyland.md\/ro\/product\/bio-repair-set\/#breadcrumb","itemListElement":[{"@type":"ListItem","position":1,"name":"\u0413\u043b\u0430\u0432\u043d\u0430\u044f \u0441\u0442\u0440\u0430\u043d\u0438\u0446\u0430","item":"https:\/\/holyland.md\/ro\/"},{"@type":"ListItem","position":2,"name":"Catalog produse HolyLand","item":"https:\/\/holyland.md\/ro\/catalog\/"},{"@type":"ListItem","position":3,"name":"BIO REPAIR SET"}]},{"@type":"WebSite","@id":"https:\/\/holyland.md\/ro\/#website","url":"https:\/\/holyland.md\/ro\/","name":"Holy Land Cosmetics","description":"","publisher":{"@id":"https:\/\/holyland.md\/ro\/#organization"},"potentialAction":[{"@type":"SearchAction","target":{"@type":"EntryPoint","urlTemplate":"https:\/\/holyland.md\/ro\/?s={search_term_string}"},"query-input":"required name=search_term_string"}],"inLanguage":"ro-RO"},{"@type":"Organization","@id":"https:\/\/holyland.md\/ro\/#organization","name":"Holy Land Cosmetics","url":"https:\/\/holyland.md\/ro\/","logo":{"@type":"ImageObject","inLanguage":"ro-RO","@id":"https:\/\/holyland.md\/ro\/#\/schema\/logo\/image\/","url":"https:\/\/holyland.md\/wp-content\/uploads\/2020\/03\/hl-always-active.png","contentUrl":"https:\/\/holyland.md\/wp-content\/uploads\/2020\/03\/hl-always-active.png","width":1437,"height":892,"caption":"Holy Land Cosmetics"},"image":{"@id":"https:\/\/holyland.md\/ro\/#\/schema\/logo\/image\/"}}]}},"_links":{"self":[{"href":"https:\/\/holyland.md\/ro\/wp-json\/wp\/v2\/product\/1653"}],"collection":[{"href":"https:\/\/holyland.md\/ro\/wp-json\/wp\/v2\/product"}],"about":[{"href":"https:\/\/holyland.md\/ro\/wp-json\/wp\/v2\/types\/product"}],"wp:featuredmedia":[{"embeddable":true,"href":"https:\/\/holyland.md\/ro\/wp-json\/wp\/v2\/media\/3237"}],"wp:attachment":[{"href":"https:\/\/holyland.md\/ro\/wp-json\/wp\/v2\/media?parent=1653"}],"wp:term":[{"taxonomy":"product_cat","embeddable":true,"href":"https:\/\/holyland.md\/ro\/wp-json\/wp\/v2\/product_cat?post=1653"},{"taxonomy":"product_tag","embeddable":true,"href":"https:\/\/holyland.md\/ro\/wp-json\/wp\/v2\/product_tag?post=1653"}],"curies":[{"name":"wp","href":"https:\/\/api.w.org\/{rel}","templated":true}]}}