{"id":1655,"date":"2020-04-24T18:17:33","date_gmt":"2020-04-24T15:17:33","guid":{"rendered":"https:\/\/holyland.md\/product\/boldcare-starting-lotion\/"},"modified":"2026-03-23T15:03:48","modified_gmt":"2026-03-23T12:03:48","slug":"boldcare-starting-lotion","status":"publish","type":"product","link":"https:\/\/holyland.md\/ro\/product\/boldcare-starting-lotion\/","title":{"rendered":"BOLDCARE STARTING LOTION"},"content":{"rendered":"<p>Un cocktail puternic de extracte de fructe \u0219i acizi, combinat cu peptide miorelaxante. Are un efect de netezire \u0219i tonifiere. Stimuleaz\u0103 procesele metabolice \u0219i accelereaz\u0103 re\u00eennoirea celulelor. \u00cembun\u0103t\u0103\u021be\u0219te circula\u021bia s\u00e2ngelui \u0219i efectul de drenaj. Promoveaz\u0103 p\u0103trunderea componentelor active ale altor medicamente.<\/p>\n<p><strong>Principii active:<\/strong><\/p>\n<p>Extract de afine, de rodii, de trestie de zah\u0103r, de ar\u0163ar, de portocale, de l\u0103m\u00eeie, de ceai verde, acid lactic, glicolic, citric.<\/p>\n<p><strong>Mod de folosire:<\/strong><\/p>\n<p>Se toarn\u0103 aproximativ 2 ml de lo\u021biune pe marginea unui disc de vata \u0219i cu efort, cu o presiune, se \u0219terg absolut toate zonele fe\u021bei, inclusiv pleoapele (de-a lungul p\u0103r\u021bilor osoase), buzele, g\u00e2tul \u0219i decolteul. Se aplic\u0103 diminea\u021ba la sf\u00e2r\u0219itul unei cur\u0103\u021b\u0103ri delicate pentru a v\u0103 asigura o fa\u021b\u0103 frumoas\u0103 \u0219i proasp\u0103t\u0103 pentru \u00eentreaga zi, la fel ca dup\u0103 o procedur\u0103 cosmetic\u0103.<\/p>\n","protected":false},"excerpt":{"rendered":"<p>Volum: 150 ml<\/p>\n","protected":false},"featured_media":3976,"template":"","meta":[],"product_cat":[100,131],"product_tag":[],"class_list":{"0":"post-1655","1":"product","2":"type-product","3":"status-publish","4":"has-post-thumbnail","6":"product_cat-boldcar-hl","7":"product_cat-lotiuni","9":"first","10":"outofstock","11":"shipping-taxable","12":"purchasable","13":"product-type-simple"},"yoast_head":"<!-- This site is optimized with the Yoast SEO plugin v23.3 - https:\/\/yoast.com\/wordpress\/plugins\/seo\/ -->\n<title>BOLDCARE STARTING LOTION | Holy Land Cosmetics<\/title>\n<meta name=\"robots\" content=\"index, follow, max-snippet:-1, max-image-preview:large, max-video-preview:-1\" \/>\n<link rel=\"canonical\" href=\"https:\/\/holyland.md\/ro\/product\/boldcare-starting-lotion\/\" \/>\n<meta property=\"og:locale\" content=\"ro_RO\" \/>\n<meta property=\"og:type\" content=\"article\" \/>\n<meta property=\"og:title\" content=\"BOLDCARE STARTING LOTION | Holy Land Cosmetics\" \/>\n<meta property=\"og:description\" content=\"Volum: 150 ml\" \/>\n<meta property=\"og:url\" content=\"https:\/\/holyland.md\/ro\/product\/boldcare-starting-lotion\/\" \/>\n<meta property=\"og:site_name\" content=\"Holy Land Cosmetics\" \/>\n<meta property=\"article:modified_time\" content=\"2026-03-23T12:03:48+00:00\" \/>\n<meta property=\"og:image\" content=\"https:\/\/holyland.md\/wp-content\/uploads\/2020\/04\/BOLDCARE-STARTING-LOTION.jpg\" \/>\n\t<meta property=\"og:image:width\" content=\"1000\" \/>\n\t<meta property=\"og:image:height\" content=\"1000\" \/>\n\t<meta property=\"og:image:type\" content=\"image\/jpeg\" \/>\n<meta name=\"twitter:card\" content=\"summary_large_image\" \/>\n<meta name=\"twitter:label1\" content=\"Timp estimat pentru citire\" \/>\n\t<meta name=\"twitter:data1\" content=\"1 minut\" \/>\n<script type=\"application\/ld+json\" class=\"yoast-schema-graph\">{\"@context\":\"https:\/\/schema.org\",\"@graph\":[{\"@type\":\"WebPage\",\"@id\":\"https:\/\/holyland.md\/ro\/product\/boldcare-starting-lotion\/\",\"url\":\"https:\/\/holyland.md\/ro\/product\/boldcare-starting-lotion\/\",\"name\":\"BOLDCARE STARTING LOTION | Holy Land Cosmetics\",\"isPartOf\":{\"@id\":\"https:\/\/holyland.md\/ro\/#website\"},\"primaryImageOfPage\":{\"@id\":\"https:\/\/holyland.md\/ro\/product\/boldcare-starting-lotion\/#primaryimage\"},\"image\":{\"@id\":\"https:\/\/holyland.md\/ro\/product\/boldcare-starting-lotion\/#primaryimage\"},\"thumbnailUrl\":\"https:\/\/holyland.md\/wp-content\/uploads\/2020\/04\/BOLDCARE-STARTING-LOTION.jpg\",\"datePublished\":\"2020-04-24T15:17:33+00:00\",\"dateModified\":\"2026-03-23T12:03:48+00:00\",\"breadcrumb\":{\"@id\":\"https:\/\/holyland.md\/ro\/product\/boldcare-starting-lotion\/#breadcrumb\"},\"inLanguage\":\"ro-RO\",\"potentialAction\":[{\"@type\":\"ReadAction\",\"target\":[\"https:\/\/holyland.md\/ro\/product\/boldcare-starting-lotion\/\"]}]},{\"@type\":\"ImageObject\",\"inLanguage\":\"ro-RO\",\"@id\":\"https:\/\/holyland.md\/ro\/product\/boldcare-starting-lotion\/#primaryimage\",\"url\":\"https:\/\/holyland.md\/wp-content\/uploads\/2020\/04\/BOLDCARE-STARTING-LOTION.jpg\",\"contentUrl\":\"https:\/\/holyland.md\/wp-content\/uploads\/2020\/04\/BOLDCARE-STARTING-LOTION.jpg\",\"width\":1000,\"height\":1000,\"caption\":\"BOLDCARE-STARTING-LOTION\"},{\"@type\":\"BreadcrumbList\",\"@id\":\"https:\/\/holyland.md\/ro\/product\/boldcare-starting-lotion\/#breadcrumb\",\"itemListElement\":[{\"@type\":\"ListItem\",\"position\":1,\"name\":\"\u0413\u043b\u0430\u0432\u043d\u0430\u044f \u0441\u0442\u0440\u0430\u043d\u0438\u0446\u0430\",\"item\":\"https:\/\/holyland.md\/ro\/\"},{\"@type\":\"ListItem\",\"position\":2,\"name\":\"Catalog produse HolyLand\",\"item\":\"https:\/\/holyland.md\/ro\/catalog\/\"},{\"@type\":\"ListItem\",\"position\":3,\"name\":\"BOLDCARE STARTING LOTION\"}]},{\"@type\":\"WebSite\",\"@id\":\"https:\/\/holyland.md\/ro\/#website\",\"url\":\"https:\/\/holyland.md\/ro\/\",\"name\":\"Holy Land Cosmetics\",\"description\":\"\",\"publisher\":{\"@id\":\"https:\/\/holyland.md\/ro\/#organization\"},\"potentialAction\":[{\"@type\":\"SearchAction\",\"target\":{\"@type\":\"EntryPoint\",\"urlTemplate\":\"https:\/\/holyland.md\/ro\/?s={search_term_string}\"},\"query-input\":\"required name=search_term_string\"}],\"inLanguage\":\"ro-RO\"},{\"@type\":\"Organization\",\"@id\":\"https:\/\/holyland.md\/ro\/#organization\",\"name\":\"Holy Land Cosmetics\",\"url\":\"https:\/\/holyland.md\/ro\/\",\"logo\":{\"@type\":\"ImageObject\",\"inLanguage\":\"ro-RO\",\"@id\":\"https:\/\/holyland.md\/ro\/#\/schema\/logo\/image\/\",\"url\":\"https:\/\/holyland.md\/wp-content\/uploads\/2020\/03\/hl-always-active.png\",\"contentUrl\":\"https:\/\/holyland.md\/wp-content\/uploads\/2020\/03\/hl-always-active.png\",\"width\":1437,\"height\":892,\"caption\":\"Holy Land Cosmetics\"},\"image\":{\"@id\":\"https:\/\/holyland.md\/ro\/#\/schema\/logo\/image\/\"}}]}<\/script>\n<!-- \/ Yoast SEO plugin. -->","yoast_head_json":{"title":"BOLDCARE STARTING LOTION | Holy Land Cosmetics","robots":{"index":"index","follow":"follow","max-snippet":"max-snippet:-1","max-image-preview":"max-image-preview:large","max-video-preview":"max-video-preview:-1"},"canonical":"https:\/\/holyland.md\/ro\/product\/boldcare-starting-lotion\/","og_locale":"ro_RO","og_type":"article","og_title":"BOLDCARE STARTING LOTION | Holy Land Cosmetics","og_description":"Volum: 150 ml","og_url":"https:\/\/holyland.md\/ro\/product\/boldcare-starting-lotion\/","og_site_name":"Holy Land Cosmetics","article_modified_time":"2026-03-23T12:03:48+00:00","og_image":[{"width":1000,"height":1000,"url":"https:\/\/holyland.md\/wp-content\/uploads\/2020\/04\/BOLDCARE-STARTING-LOTION.jpg","type":"image\/jpeg"}],"twitter_card":"summary_large_image","twitter_misc":{"Timp estimat pentru citire":"1 minut"},"schema":{"@context":"https:\/\/schema.org","@graph":[{"@type":"WebPage","@id":"https:\/\/holyland.md\/ro\/product\/boldcare-starting-lotion\/","url":"https:\/\/holyland.md\/ro\/product\/boldcare-starting-lotion\/","name":"BOLDCARE STARTING LOTION | Holy Land Cosmetics","isPartOf":{"@id":"https:\/\/holyland.md\/ro\/#website"},"primaryImageOfPage":{"@id":"https:\/\/holyland.md\/ro\/product\/boldcare-starting-lotion\/#primaryimage"},"image":{"@id":"https:\/\/holyland.md\/ro\/product\/boldcare-starting-lotion\/#primaryimage"},"thumbnailUrl":"https:\/\/holyland.md\/wp-content\/uploads\/2020\/04\/BOLDCARE-STARTING-LOTION.jpg","datePublished":"2020-04-24T15:17:33+00:00","dateModified":"2026-03-23T12:03:48+00:00","breadcrumb":{"@id":"https:\/\/holyland.md\/ro\/product\/boldcare-starting-lotion\/#breadcrumb"},"inLanguage":"ro-RO","potentialAction":[{"@type":"ReadAction","target":["https:\/\/holyland.md\/ro\/product\/boldcare-starting-lotion\/"]}]},{"@type":"ImageObject","inLanguage":"ro-RO","@id":"https:\/\/holyland.md\/ro\/product\/boldcare-starting-lotion\/#primaryimage","url":"https:\/\/holyland.md\/wp-content\/uploads\/2020\/04\/BOLDCARE-STARTING-LOTION.jpg","contentUrl":"https:\/\/holyland.md\/wp-content\/uploads\/2020\/04\/BOLDCARE-STARTING-LOTION.jpg","width":1000,"height":1000,"caption":"BOLDCARE-STARTING-LOTION"},{"@type":"BreadcrumbList","@id":"https:\/\/holyland.md\/ro\/product\/boldcare-starting-lotion\/#breadcrumb","itemListElement":[{"@type":"ListItem","position":1,"name":"\u0413\u043b\u0430\u0432\u043d\u0430\u044f \u0441\u0442\u0440\u0430\u043d\u0438\u0446\u0430","item":"https:\/\/holyland.md\/ro\/"},{"@type":"ListItem","position":2,"name":"Catalog produse HolyLand","item":"https:\/\/holyland.md\/ro\/catalog\/"},{"@type":"ListItem","position":3,"name":"BOLDCARE STARTING LOTION"}]},{"@type":"WebSite","@id":"https:\/\/holyland.md\/ro\/#website","url":"https:\/\/holyland.md\/ro\/","name":"Holy Land Cosmetics","description":"","publisher":{"@id":"https:\/\/holyland.md\/ro\/#organization"},"potentialAction":[{"@type":"SearchAction","target":{"@type":"EntryPoint","urlTemplate":"https:\/\/holyland.md\/ro\/?s={search_term_string}"},"query-input":"required name=search_term_string"}],"inLanguage":"ro-RO"},{"@type":"Organization","@id":"https:\/\/holyland.md\/ro\/#organization","name":"Holy Land Cosmetics","url":"https:\/\/holyland.md\/ro\/","logo":{"@type":"ImageObject","inLanguage":"ro-RO","@id":"https:\/\/holyland.md\/ro\/#\/schema\/logo\/image\/","url":"https:\/\/holyland.md\/wp-content\/uploads\/2020\/03\/hl-always-active.png","contentUrl":"https:\/\/holyland.md\/wp-content\/uploads\/2020\/03\/hl-always-active.png","width":1437,"height":892,"caption":"Holy Land Cosmetics"},"image":{"@id":"https:\/\/holyland.md\/ro\/#\/schema\/logo\/image\/"}}]}},"_links":{"self":[{"href":"https:\/\/holyland.md\/ro\/wp-json\/wp\/v2\/product\/1655"}],"collection":[{"href":"https:\/\/holyland.md\/ro\/wp-json\/wp\/v2\/product"}],"about":[{"href":"https:\/\/holyland.md\/ro\/wp-json\/wp\/v2\/types\/product"}],"wp:featuredmedia":[{"embeddable":true,"href":"https:\/\/holyland.md\/ro\/wp-json\/wp\/v2\/media\/3976"}],"wp:attachment":[{"href":"https:\/\/holyland.md\/ro\/wp-json\/wp\/v2\/media?parent=1655"}],"wp:term":[{"taxonomy":"product_cat","embeddable":true,"href":"https:\/\/holyland.md\/ro\/wp-json\/wp\/v2\/product_cat?post=1655"},{"taxonomy":"product_tag","embeddable":true,"href":"https:\/\/holyland.md\/ro\/wp-json\/wp\/v2\/product_tag?post=1655"}],"curies":[{"name":"wp","href":"https:\/\/api.w.org\/{rel}","templated":true}]}}