{"id":1664,"date":"2020-04-24T17:18:56","date_gmt":"2020-04-24T14:18:56","guid":{"rendered":"https:\/\/holyland.md\/product\/c-the-success-cleanser\/"},"modified":"2026-03-24T14:46:32","modified_gmt":"2026-03-24T11:46:32","slug":"c-the-success-cleanser","status":"publish","type":"product","link":"https:\/\/holyland.md\/ro\/product\/c-the-success-cleanser\/","title":{"rendered":"C THE SUCCESS CLEANSER"},"content":{"rendered":"<p>O emulsie cremoas\u0103 de cur\u0103\u021bare profund\u0103 pe baz\u0103 de acizi de fructe cu o concentra\u021bie ridicat\u0103 de vitamina C. Cleanser cur\u0103\u021b\u0103 delicat pielea, \u0219i nu numai c\u0103 previne deshidratarea, ci \u0219i hidrateaz\u0103, elimin\u0103 descuamare, str\u00e2ngere, ridurile fine. Datorit\u0103 extractelor de fructe, produsul previne formarea de comedoane \u0219i, datorit\u0103 vitaminei C, uniformizeaz\u0103 tenul \u0219i restabile\u0219te procesele de formare \u0219i transfer ale pigmentului pielii.<\/p>\n<p><strong>Principii active:<\/strong><\/p>\n<p>Extract de afine, de trestie de zah\u0103r, de ar\u0163ar de zah\u0103r, de l\u0103m\u00eeie, de portocale, acid ascorbic \u015fi glicirizinic, pantenol, alantoin.<\/p>\n<p><strong>Mod de folosire:<\/strong><\/p>\n<p>Este important s\u0103 urma\u021bi recomandarea principal\u0103 &#8211; contactul preparatului cu pielea \u00eentr-o form\u0103 concentrat\u0103. Pentru a face acest lucru, produsul de cur\u0103\u021bare se aplic\u0103 cu m\u00e2inile uscate pe fa\u021ba uscat\u0103, se maseaz\u0103 timp de 5 minute \u0219i se spal\u0103 cu ap\u0103 cald\u0103. Utiliza\u021bi de 1-2 ori pe zi, \u00een func\u021bie de recomandarea specialistului dumneavoastr\u0103.<\/p>\n","protected":false},"excerpt":{"rendered":"<p>Volum: 250 ml<\/p>\n","protected":false},"featured_media":3019,"template":"","meta":[],"product_cat":[103,134],"product_tag":[],"class_list":{"0":"post-1664","1":"product","2":"type-product","3":"status-publish","4":"has-post-thumbnail","6":"product_cat-c-the-success-hl","7":"product_cat-curatare","9":"first","10":"instock","11":"shipping-taxable","12":"purchasable","13":"product-type-simple"},"yoast_head":"<!-- This site is optimized with the Yoast SEO plugin v23.3 - https:\/\/yoast.com\/wordpress\/plugins\/seo\/ -->\n<title>C THE SUCCESS CLEANSER<\/title>\n<meta name=\"robots\" content=\"index, follow, max-snippet:-1, max-image-preview:large, max-video-preview:-1\" \/>\n<link rel=\"canonical\" href=\"https:\/\/holyland.md\/ro\/product\/c-the-success-cleanser\/\" \/>\n<meta property=\"og:locale\" content=\"ro_RO\" \/>\n<meta property=\"og:type\" content=\"article\" \/>\n<meta property=\"og:title\" content=\"C THE SUCCESS CLEANSER\" \/>\n<meta property=\"og:description\" content=\"Volum: 250 ml\" \/>\n<meta property=\"og:url\" content=\"https:\/\/holyland.md\/ro\/product\/c-the-success-cleanser\/\" \/>\n<meta property=\"og:site_name\" content=\"Holy Land Cosmetics\" \/>\n<meta property=\"article:modified_time\" content=\"2026-03-24T11:46:32+00:00\" \/>\n<meta property=\"og:image\" content=\"https:\/\/holyland.md\/wp-content\/uploads\/2020\/04\/C-THE-SUCCESS-CLEANSER.jpg\" \/>\n\t<meta property=\"og:image:width\" content=\"1000\" \/>\n\t<meta property=\"og:image:height\" content=\"1000\" \/>\n\t<meta property=\"og:image:type\" content=\"image\/jpeg\" \/>\n<meta name=\"twitter:card\" content=\"summary_large_image\" \/>\n<meta name=\"twitter:label1\" content=\"Timp estimat pentru citire\" \/>\n\t<meta name=\"twitter:data1\" content=\"1 minut\" \/>\n<script type=\"application\/ld+json\" class=\"yoast-schema-graph\">{\"@context\":\"https:\/\/schema.org\",\"@graph\":[{\"@type\":\"WebPage\",\"@id\":\"https:\/\/holyland.md\/ro\/product\/c-the-success-cleanser\/\",\"url\":\"https:\/\/holyland.md\/ro\/product\/c-the-success-cleanser\/\",\"name\":\"C THE SUCCESS CLEANSER\",\"isPartOf\":{\"@id\":\"https:\/\/holyland.md\/ro\/#website\"},\"primaryImageOfPage\":{\"@id\":\"https:\/\/holyland.md\/ro\/product\/c-the-success-cleanser\/#primaryimage\"},\"image\":{\"@id\":\"https:\/\/holyland.md\/ro\/product\/c-the-success-cleanser\/#primaryimage\"},\"thumbnailUrl\":\"https:\/\/holyland.md\/wp-content\/uploads\/2020\/04\/C-THE-SUCCESS-CLEANSER.jpg\",\"datePublished\":\"2020-04-24T14:18:56+00:00\",\"dateModified\":\"2026-03-24T11:46:32+00:00\",\"breadcrumb\":{\"@id\":\"https:\/\/holyland.md\/ro\/product\/c-the-success-cleanser\/#breadcrumb\"},\"inLanguage\":\"ro-RO\",\"potentialAction\":[{\"@type\":\"ReadAction\",\"target\":[\"https:\/\/holyland.md\/ro\/product\/c-the-success-cleanser\/\"]}]},{\"@type\":\"ImageObject\",\"inLanguage\":\"ro-RO\",\"@id\":\"https:\/\/holyland.md\/ro\/product\/c-the-success-cleanser\/#primaryimage\",\"url\":\"https:\/\/holyland.md\/wp-content\/uploads\/2020\/04\/C-THE-SUCCESS-CLEANSER.jpg\",\"contentUrl\":\"https:\/\/holyland.md\/wp-content\/uploads\/2020\/04\/C-THE-SUCCESS-CLEANSER.jpg\",\"width\":1000,\"height\":1000},{\"@type\":\"BreadcrumbList\",\"@id\":\"https:\/\/holyland.md\/ro\/product\/c-the-success-cleanser\/#breadcrumb\",\"itemListElement\":[{\"@type\":\"ListItem\",\"position\":1,\"name\":\"\u0413\u043b\u0430\u0432\u043d\u0430\u044f \u0441\u0442\u0440\u0430\u043d\u0438\u0446\u0430\",\"item\":\"https:\/\/holyland.md\/ro\/\"},{\"@type\":\"ListItem\",\"position\":2,\"name\":\"Catalog produse HolyLand\",\"item\":\"https:\/\/holyland.md\/ro\/catalog\/\"},{\"@type\":\"ListItem\",\"position\":3,\"name\":\"C THE SUCCESS CLEANSER\"}]},{\"@type\":\"WebSite\",\"@id\":\"https:\/\/holyland.md\/ro\/#website\",\"url\":\"https:\/\/holyland.md\/ro\/\",\"name\":\"Holy Land Cosmetics\",\"description\":\"\",\"publisher\":{\"@id\":\"https:\/\/holyland.md\/ro\/#organization\"},\"potentialAction\":[{\"@type\":\"SearchAction\",\"target\":{\"@type\":\"EntryPoint\",\"urlTemplate\":\"https:\/\/holyland.md\/ro\/?s={search_term_string}\"},\"query-input\":\"required name=search_term_string\"}],\"inLanguage\":\"ro-RO\"},{\"@type\":\"Organization\",\"@id\":\"https:\/\/holyland.md\/ro\/#organization\",\"name\":\"Holy Land Cosmetics\",\"url\":\"https:\/\/holyland.md\/ro\/\",\"logo\":{\"@type\":\"ImageObject\",\"inLanguage\":\"ro-RO\",\"@id\":\"https:\/\/holyland.md\/ro\/#\/schema\/logo\/image\/\",\"url\":\"https:\/\/holyland.md\/wp-content\/uploads\/2020\/03\/hl-always-active.png\",\"contentUrl\":\"https:\/\/holyland.md\/wp-content\/uploads\/2020\/03\/hl-always-active.png\",\"width\":1437,\"height\":892,\"caption\":\"Holy Land Cosmetics\"},\"image\":{\"@id\":\"https:\/\/holyland.md\/ro\/#\/schema\/logo\/image\/\"}}]}<\/script>\n<!-- \/ Yoast SEO plugin. -->","yoast_head_json":{"title":"C THE SUCCESS CLEANSER","robots":{"index":"index","follow":"follow","max-snippet":"max-snippet:-1","max-image-preview":"max-image-preview:large","max-video-preview":"max-video-preview:-1"},"canonical":"https:\/\/holyland.md\/ro\/product\/c-the-success-cleanser\/","og_locale":"ro_RO","og_type":"article","og_title":"C THE SUCCESS CLEANSER","og_description":"Volum: 250 ml","og_url":"https:\/\/holyland.md\/ro\/product\/c-the-success-cleanser\/","og_site_name":"Holy Land Cosmetics","article_modified_time":"2026-03-24T11:46:32+00:00","og_image":[{"width":1000,"height":1000,"url":"https:\/\/holyland.md\/wp-content\/uploads\/2020\/04\/C-THE-SUCCESS-CLEANSER.jpg","type":"image\/jpeg"}],"twitter_card":"summary_large_image","twitter_misc":{"Timp estimat pentru citire":"1 minut"},"schema":{"@context":"https:\/\/schema.org","@graph":[{"@type":"WebPage","@id":"https:\/\/holyland.md\/ro\/product\/c-the-success-cleanser\/","url":"https:\/\/holyland.md\/ro\/product\/c-the-success-cleanser\/","name":"C THE SUCCESS CLEANSER","isPartOf":{"@id":"https:\/\/holyland.md\/ro\/#website"},"primaryImageOfPage":{"@id":"https:\/\/holyland.md\/ro\/product\/c-the-success-cleanser\/#primaryimage"},"image":{"@id":"https:\/\/holyland.md\/ro\/product\/c-the-success-cleanser\/#primaryimage"},"thumbnailUrl":"https:\/\/holyland.md\/wp-content\/uploads\/2020\/04\/C-THE-SUCCESS-CLEANSER.jpg","datePublished":"2020-04-24T14:18:56+00:00","dateModified":"2026-03-24T11:46:32+00:00","breadcrumb":{"@id":"https:\/\/holyland.md\/ro\/product\/c-the-success-cleanser\/#breadcrumb"},"inLanguage":"ro-RO","potentialAction":[{"@type":"ReadAction","target":["https:\/\/holyland.md\/ro\/product\/c-the-success-cleanser\/"]}]},{"@type":"ImageObject","inLanguage":"ro-RO","@id":"https:\/\/holyland.md\/ro\/product\/c-the-success-cleanser\/#primaryimage","url":"https:\/\/holyland.md\/wp-content\/uploads\/2020\/04\/C-THE-SUCCESS-CLEANSER.jpg","contentUrl":"https:\/\/holyland.md\/wp-content\/uploads\/2020\/04\/C-THE-SUCCESS-CLEANSER.jpg","width":1000,"height":1000},{"@type":"BreadcrumbList","@id":"https:\/\/holyland.md\/ro\/product\/c-the-success-cleanser\/#breadcrumb","itemListElement":[{"@type":"ListItem","position":1,"name":"\u0413\u043b\u0430\u0432\u043d\u0430\u044f \u0441\u0442\u0440\u0430\u043d\u0438\u0446\u0430","item":"https:\/\/holyland.md\/ro\/"},{"@type":"ListItem","position":2,"name":"Catalog produse HolyLand","item":"https:\/\/holyland.md\/ro\/catalog\/"},{"@type":"ListItem","position":3,"name":"C THE SUCCESS CLEANSER"}]},{"@type":"WebSite","@id":"https:\/\/holyland.md\/ro\/#website","url":"https:\/\/holyland.md\/ro\/","name":"Holy Land Cosmetics","description":"","publisher":{"@id":"https:\/\/holyland.md\/ro\/#organization"},"potentialAction":[{"@type":"SearchAction","target":{"@type":"EntryPoint","urlTemplate":"https:\/\/holyland.md\/ro\/?s={search_term_string}"},"query-input":"required name=search_term_string"}],"inLanguage":"ro-RO"},{"@type":"Organization","@id":"https:\/\/holyland.md\/ro\/#organization","name":"Holy Land Cosmetics","url":"https:\/\/holyland.md\/ro\/","logo":{"@type":"ImageObject","inLanguage":"ro-RO","@id":"https:\/\/holyland.md\/ro\/#\/schema\/logo\/image\/","url":"https:\/\/holyland.md\/wp-content\/uploads\/2020\/03\/hl-always-active.png","contentUrl":"https:\/\/holyland.md\/wp-content\/uploads\/2020\/03\/hl-always-active.png","width":1437,"height":892,"caption":"Holy Land Cosmetics"},"image":{"@id":"https:\/\/holyland.md\/ro\/#\/schema\/logo\/image\/"}}]}},"_links":{"self":[{"href":"https:\/\/holyland.md\/ro\/wp-json\/wp\/v2\/product\/1664"}],"collection":[{"href":"https:\/\/holyland.md\/ro\/wp-json\/wp\/v2\/product"}],"about":[{"href":"https:\/\/holyland.md\/ro\/wp-json\/wp\/v2\/types\/product"}],"wp:featuredmedia":[{"embeddable":true,"href":"https:\/\/holyland.md\/ro\/wp-json\/wp\/v2\/media\/3019"}],"wp:attachment":[{"href":"https:\/\/holyland.md\/ro\/wp-json\/wp\/v2\/media?parent=1664"}],"wp:term":[{"taxonomy":"product_cat","embeddable":true,"href":"https:\/\/holyland.md\/ro\/wp-json\/wp\/v2\/product_cat?post=1664"},{"taxonomy":"product_tag","embeddable":true,"href":"https:\/\/holyland.md\/ro\/wp-json\/wp\/v2\/product_tag?post=1664"}],"curies":[{"name":"wp","href":"https:\/\/api.w.org\/{rel}","templated":true}]}}