{"id":1672,"date":"2020-04-24T17:27:37","date_gmt":"2020-04-24T14:27:37","guid":{"rendered":"https:\/\/holyland.md\/product\/c-the-success-intensive-eye-cream\/"},"modified":"2026-03-24T14:46:22","modified_gmt":"2026-03-24T11:46:22","slug":"c-the-success-intensive-eye-cream","status":"publish","type":"product","link":"https:\/\/holyland.md\/ro\/product\/c-the-success-intensive-eye-cream\/","title":{"rendered":"C THE SUCCESS INTENSIVE EYE CREAM"},"content":{"rendered":"<p>O crem\u0103 special\u0103 pentru ochi cu un efect pronun\u021bat anti-\u00eemb\u0103tr\u00e2nire. Complexul de componente anti-\u00eemb\u0103tr\u00e2nire: ascorbilfosfat de sodiu, vitamina E, hialuronat de sodiu, extract de yam s\u0103lbatic, steroli de soia \u0219i carnozin\u0103 &#8211; regenereaz\u0103 \u00een mod activ pielea, protejeaz\u0103 componentele sale de oxidare, previn formarea leg\u0103turilor \u00eencruci\u0219ate inutile \u00eentre lan\u021burile de colagen etc. Restul ingredientelor, precum untul de shea, lecitina, extractele vegetale, ofer\u0103 un nivel optim de hidratare a pielii.<br \/>\n<strong>Principii active:<\/strong><\/p>\n<p>Ulei shea, ascorbilfosfat de sodiu, hialuronat de sodiu, vitamina E, pantenol, extract din semin\u0163e de mere, de r\u0103d\u0103cin\u0103 de yam s\u0103lbatic, steroli de soia, extract de gincgo biloba, lecitina, carnozina, bixa orelean\u0103.<\/p>\n<p><strong>Mod de folosire:<\/strong><\/p>\n<p>De aplicat o cantitate mic\u0103 de crem\u0103 pe pielea cur\u0103\u021bat\u0103 a pleoapelor \u0219i \u00eembiba\u021bi-l prin mi\u0219c\u0103ri de tapotament. Evita\u021bi s\u0103 aplica\u021bi crem\u0103 pe partea mobil\u0103 a pleoapelor! De utilizat o dat\u0103 pe zi sau conform recomand\u0103rilor unui specialist.<\/p>\n","protected":false},"excerpt":{"rendered":"<p>Volum: 15 ml<\/p>\n","protected":false},"featured_media":3049,"template":"","meta":[],"product_cat":[103,126,130],"product_tag":[],"class_list":{"0":"post-1672","1":"product","2":"type-product","3":"status-publish","4":"has-post-thumbnail","6":"product_cat-c-the-success-hl","7":"product_cat-pentru-ochi","8":"product_cat-creme","10":"first","11":"instock","12":"shipping-taxable","13":"purchasable","14":"product-type-simple"},"yoast_head":"<!-- This site is optimized with the Yoast SEO plugin v23.3 - https:\/\/yoast.com\/wordpress\/plugins\/seo\/ -->\n<title>C THE SUCCESS INTENSIVE EYE CREAM<\/title>\n<meta name=\"robots\" content=\"index, follow, max-snippet:-1, max-image-preview:large, max-video-preview:-1\" \/>\n<link rel=\"canonical\" href=\"https:\/\/holyland.md\/ro\/product\/c-the-success-intensive-eye-cream\/\" \/>\n<meta property=\"og:locale\" content=\"ro_RO\" \/>\n<meta property=\"og:type\" content=\"article\" \/>\n<meta property=\"og:title\" content=\"C THE SUCCESS INTENSIVE EYE CREAM\" \/>\n<meta property=\"og:description\" content=\"Volum: 15 ml\" \/>\n<meta property=\"og:url\" content=\"https:\/\/holyland.md\/ro\/product\/c-the-success-intensive-eye-cream\/\" \/>\n<meta property=\"og:site_name\" content=\"Holy Land Cosmetics\" \/>\n<meta property=\"article:modified_time\" content=\"2026-03-24T11:46:22+00:00\" \/>\n<meta property=\"og:image\" content=\"https:\/\/holyland.md\/wp-content\/uploads\/2020\/04\/C-THE-SUCCESS-INTENSIVE-EYE-CREAM-2.jpg\" \/>\n\t<meta property=\"og:image:width\" content=\"1000\" \/>\n\t<meta property=\"og:image:height\" content=\"1000\" \/>\n\t<meta property=\"og:image:type\" content=\"image\/jpeg\" \/>\n<meta name=\"twitter:card\" content=\"summary_large_image\" \/>\n<meta name=\"twitter:label1\" content=\"Timp estimat pentru citire\" \/>\n\t<meta name=\"twitter:data1\" content=\"1 minut\" \/>\n<script type=\"application\/ld+json\" class=\"yoast-schema-graph\">{\"@context\":\"https:\/\/schema.org\",\"@graph\":[{\"@type\":\"WebPage\",\"@id\":\"https:\/\/holyland.md\/ro\/product\/c-the-success-intensive-eye-cream\/\",\"url\":\"https:\/\/holyland.md\/ro\/product\/c-the-success-intensive-eye-cream\/\",\"name\":\"C THE SUCCESS INTENSIVE EYE CREAM\",\"isPartOf\":{\"@id\":\"https:\/\/holyland.md\/ro\/#website\"},\"primaryImageOfPage\":{\"@id\":\"https:\/\/holyland.md\/ro\/product\/c-the-success-intensive-eye-cream\/#primaryimage\"},\"image\":{\"@id\":\"https:\/\/holyland.md\/ro\/product\/c-the-success-intensive-eye-cream\/#primaryimage\"},\"thumbnailUrl\":\"https:\/\/holyland.md\/wp-content\/uploads\/2020\/04\/C-THE-SUCCESS-INTENSIVE-EYE-CREAM-2.jpg\",\"datePublished\":\"2020-04-24T14:27:37+00:00\",\"dateModified\":\"2026-03-24T11:46:22+00:00\",\"breadcrumb\":{\"@id\":\"https:\/\/holyland.md\/ro\/product\/c-the-success-intensive-eye-cream\/#breadcrumb\"},\"inLanguage\":\"ro-RO\",\"potentialAction\":[{\"@type\":\"ReadAction\",\"target\":[\"https:\/\/holyland.md\/ro\/product\/c-the-success-intensive-eye-cream\/\"]}]},{\"@type\":\"ImageObject\",\"inLanguage\":\"ro-RO\",\"@id\":\"https:\/\/holyland.md\/ro\/product\/c-the-success-intensive-eye-cream\/#primaryimage\",\"url\":\"https:\/\/holyland.md\/wp-content\/uploads\/2020\/04\/C-THE-SUCCESS-INTENSIVE-EYE-CREAM-2.jpg\",\"contentUrl\":\"https:\/\/holyland.md\/wp-content\/uploads\/2020\/04\/C-THE-SUCCESS-INTENSIVE-EYE-CREAM-2.jpg\",\"width\":1000,\"height\":1000},{\"@type\":\"BreadcrumbList\",\"@id\":\"https:\/\/holyland.md\/ro\/product\/c-the-success-intensive-eye-cream\/#breadcrumb\",\"itemListElement\":[{\"@type\":\"ListItem\",\"position\":1,\"name\":\"\u0413\u043b\u0430\u0432\u043d\u0430\u044f \u0441\u0442\u0440\u0430\u043d\u0438\u0446\u0430\",\"item\":\"https:\/\/holyland.md\/ro\/\"},{\"@type\":\"ListItem\",\"position\":2,\"name\":\"Catalog produse HolyLand\",\"item\":\"https:\/\/holyland.md\/ro\/catalog\/\"},{\"@type\":\"ListItem\",\"position\":3,\"name\":\"C THE SUCCESS INTENSIVE EYE CREAM\"}]},{\"@type\":\"WebSite\",\"@id\":\"https:\/\/holyland.md\/ro\/#website\",\"url\":\"https:\/\/holyland.md\/ro\/\",\"name\":\"Holy Land Cosmetics\",\"description\":\"\",\"publisher\":{\"@id\":\"https:\/\/holyland.md\/ro\/#organization\"},\"potentialAction\":[{\"@type\":\"SearchAction\",\"target\":{\"@type\":\"EntryPoint\",\"urlTemplate\":\"https:\/\/holyland.md\/ro\/?s={search_term_string}\"},\"query-input\":\"required name=search_term_string\"}],\"inLanguage\":\"ro-RO\"},{\"@type\":\"Organization\",\"@id\":\"https:\/\/holyland.md\/ro\/#organization\",\"name\":\"Holy Land Cosmetics\",\"url\":\"https:\/\/holyland.md\/ro\/\",\"logo\":{\"@type\":\"ImageObject\",\"inLanguage\":\"ro-RO\",\"@id\":\"https:\/\/holyland.md\/ro\/#\/schema\/logo\/image\/\",\"url\":\"https:\/\/holyland.md\/wp-content\/uploads\/2020\/03\/hl-always-active.png\",\"contentUrl\":\"https:\/\/holyland.md\/wp-content\/uploads\/2020\/03\/hl-always-active.png\",\"width\":1437,\"height\":892,\"caption\":\"Holy Land Cosmetics\"},\"image\":{\"@id\":\"https:\/\/holyland.md\/ro\/#\/schema\/logo\/image\/\"}}]}<\/script>\n<!-- \/ Yoast SEO plugin. -->","yoast_head_json":{"title":"C THE SUCCESS INTENSIVE EYE CREAM","robots":{"index":"index","follow":"follow","max-snippet":"max-snippet:-1","max-image-preview":"max-image-preview:large","max-video-preview":"max-video-preview:-1"},"canonical":"https:\/\/holyland.md\/ro\/product\/c-the-success-intensive-eye-cream\/","og_locale":"ro_RO","og_type":"article","og_title":"C THE SUCCESS INTENSIVE EYE CREAM","og_description":"Volum: 15 ml","og_url":"https:\/\/holyland.md\/ro\/product\/c-the-success-intensive-eye-cream\/","og_site_name":"Holy Land Cosmetics","article_modified_time":"2026-03-24T11:46:22+00:00","og_image":[{"width":1000,"height":1000,"url":"https:\/\/holyland.md\/wp-content\/uploads\/2020\/04\/C-THE-SUCCESS-INTENSIVE-EYE-CREAM-2.jpg","type":"image\/jpeg"}],"twitter_card":"summary_large_image","twitter_misc":{"Timp estimat pentru citire":"1 minut"},"schema":{"@context":"https:\/\/schema.org","@graph":[{"@type":"WebPage","@id":"https:\/\/holyland.md\/ro\/product\/c-the-success-intensive-eye-cream\/","url":"https:\/\/holyland.md\/ro\/product\/c-the-success-intensive-eye-cream\/","name":"C THE SUCCESS INTENSIVE EYE CREAM","isPartOf":{"@id":"https:\/\/holyland.md\/ro\/#website"},"primaryImageOfPage":{"@id":"https:\/\/holyland.md\/ro\/product\/c-the-success-intensive-eye-cream\/#primaryimage"},"image":{"@id":"https:\/\/holyland.md\/ro\/product\/c-the-success-intensive-eye-cream\/#primaryimage"},"thumbnailUrl":"https:\/\/holyland.md\/wp-content\/uploads\/2020\/04\/C-THE-SUCCESS-INTENSIVE-EYE-CREAM-2.jpg","datePublished":"2020-04-24T14:27:37+00:00","dateModified":"2026-03-24T11:46:22+00:00","breadcrumb":{"@id":"https:\/\/holyland.md\/ro\/product\/c-the-success-intensive-eye-cream\/#breadcrumb"},"inLanguage":"ro-RO","potentialAction":[{"@type":"ReadAction","target":["https:\/\/holyland.md\/ro\/product\/c-the-success-intensive-eye-cream\/"]}]},{"@type":"ImageObject","inLanguage":"ro-RO","@id":"https:\/\/holyland.md\/ro\/product\/c-the-success-intensive-eye-cream\/#primaryimage","url":"https:\/\/holyland.md\/wp-content\/uploads\/2020\/04\/C-THE-SUCCESS-INTENSIVE-EYE-CREAM-2.jpg","contentUrl":"https:\/\/holyland.md\/wp-content\/uploads\/2020\/04\/C-THE-SUCCESS-INTENSIVE-EYE-CREAM-2.jpg","width":1000,"height":1000},{"@type":"BreadcrumbList","@id":"https:\/\/holyland.md\/ro\/product\/c-the-success-intensive-eye-cream\/#breadcrumb","itemListElement":[{"@type":"ListItem","position":1,"name":"\u0413\u043b\u0430\u0432\u043d\u0430\u044f \u0441\u0442\u0440\u0430\u043d\u0438\u0446\u0430","item":"https:\/\/holyland.md\/ro\/"},{"@type":"ListItem","position":2,"name":"Catalog produse HolyLand","item":"https:\/\/holyland.md\/ro\/catalog\/"},{"@type":"ListItem","position":3,"name":"C THE SUCCESS INTENSIVE EYE CREAM"}]},{"@type":"WebSite","@id":"https:\/\/holyland.md\/ro\/#website","url":"https:\/\/holyland.md\/ro\/","name":"Holy Land Cosmetics","description":"","publisher":{"@id":"https:\/\/holyland.md\/ro\/#organization"},"potentialAction":[{"@type":"SearchAction","target":{"@type":"EntryPoint","urlTemplate":"https:\/\/holyland.md\/ro\/?s={search_term_string}"},"query-input":"required name=search_term_string"}],"inLanguage":"ro-RO"},{"@type":"Organization","@id":"https:\/\/holyland.md\/ro\/#organization","name":"Holy Land Cosmetics","url":"https:\/\/holyland.md\/ro\/","logo":{"@type":"ImageObject","inLanguage":"ro-RO","@id":"https:\/\/holyland.md\/ro\/#\/schema\/logo\/image\/","url":"https:\/\/holyland.md\/wp-content\/uploads\/2020\/03\/hl-always-active.png","contentUrl":"https:\/\/holyland.md\/wp-content\/uploads\/2020\/03\/hl-always-active.png","width":1437,"height":892,"caption":"Holy Land Cosmetics"},"image":{"@id":"https:\/\/holyland.md\/ro\/#\/schema\/logo\/image\/"}}]}},"_links":{"self":[{"href":"https:\/\/holyland.md\/ro\/wp-json\/wp\/v2\/product\/1672"}],"collection":[{"href":"https:\/\/holyland.md\/ro\/wp-json\/wp\/v2\/product"}],"about":[{"href":"https:\/\/holyland.md\/ro\/wp-json\/wp\/v2\/types\/product"}],"wp:featuredmedia":[{"embeddable":true,"href":"https:\/\/holyland.md\/ro\/wp-json\/wp\/v2\/media\/3049"}],"wp:attachment":[{"href":"https:\/\/holyland.md\/ro\/wp-json\/wp\/v2\/media?parent=1672"}],"wp:term":[{"taxonomy":"product_cat","embeddable":true,"href":"https:\/\/holyland.md\/ro\/wp-json\/wp\/v2\/product_cat?post=1672"},{"taxonomy":"product_tag","embeddable":true,"href":"https:\/\/holyland.md\/ro\/wp-json\/wp\/v2\/product_tag?post=1672"}],"curies":[{"name":"wp","href":"https:\/\/api.w.org\/{rel}","templated":true}]}}