{"id":1674,"date":"2020-04-24T17:36:12","date_gmt":"2020-04-24T14:36:12","guid":{"rendered":"https:\/\/holyland.md\/product\/c-the-success-intensive-treatment-mask\/"},"modified":"2026-03-24T14:45:52","modified_gmt":"2026-03-24T11:45:52","slug":"c-the-success-intensive-treatment-mask","status":"publish","type":"product","link":"https:\/\/holyland.md\/ro\/product\/c-the-success-intensive-treatment-mask\/","title":{"rendered":"C THE SUCCESS INTENSIVE TREATMENT MASK"},"content":{"rendered":"<p>O masc\u0103 astringent\u0103, revigorant\u0103, cu efect de lifting, de \u00een\u0103lbire \u0219i de highlighter. \u00cen plus fa\u021b\u0103 de ac\u021biunea declarat\u0103, masca calmeaz\u0103 perfect pielea datorit\u0103 alantoinei. Extractele din plante de Scutellaria Baikal \u0219i Saxifrage asigur\u0103 corectarea culorii tonului fe\u021bei. Iar particulele de mica las\u0103 o str\u0103lucire pl\u0103cut\u0103 \u0219i fin\u0103 pe piele chiar \u0219i dup\u0103 \u00eendep\u0103rtarea m\u0103\u0219tii de pe piele.<\/p>\n<p><strong>Principii active:<\/strong><\/p>\n<p>Caolin, carbonat de magneziu, alantoin, acid citric, extract de ridichie neagr\u0103, Scutellaria, Saxifrage, Struguri Ro\u015fii, semin\u0163e de Bixa Orellana, ulei de iarba de l\u0103m\u00e2ie (Lemongrass).<\/p>\n<p><strong>Mod de folosire:<\/strong><\/p>\n<p>De aplicat pe piele \u00eentr-un strat uniform sub\u021bire, dar nu transparent. De l\u0103sat timp de 15 minute, apoi de cl\u0103tit u\u0219or cu ap\u0103 cald\u0103. De folosit de 1-2 ori pe s\u0103pt\u0103m\u00e2n\u0103 sau conform recomand\u0103rilor specialistului Dumneavoastr\u0103.<\/p>\n","protected":false},"excerpt":{"rendered":"<p>Volum: 50 ml<\/p>\n","protected":false},"featured_media":3062,"template":"","meta":[],"product_cat":[103],"product_tag":[],"class_list":{"0":"post-1674","1":"product","2":"type-product","3":"status-publish","4":"has-post-thumbnail","6":"product_cat-c-the-success-hl","8":"first","9":"instock","10":"shipping-taxable","11":"purchasable","12":"product-type-simple"},"yoast_head":"<!-- This site is optimized with the Yoast SEO plugin v23.3 - https:\/\/yoast.com\/wordpress\/plugins\/seo\/ -->\n<title>C THE SUCCESS INTENSIVE TREATMENT MASK | Holy Land Cosmetics<\/title>\n<meta name=\"robots\" content=\"index, follow, max-snippet:-1, max-image-preview:large, max-video-preview:-1\" \/>\n<link rel=\"canonical\" href=\"https:\/\/holyland.md\/ro\/product\/c-the-success-intensive-treatment-mask\/\" \/>\n<meta property=\"og:locale\" content=\"ro_RO\" \/>\n<meta property=\"og:type\" content=\"article\" \/>\n<meta property=\"og:title\" content=\"C THE SUCCESS INTENSIVE TREATMENT MASK | Holy Land Cosmetics\" \/>\n<meta property=\"og:description\" content=\"Volum: 50 ml\" \/>\n<meta property=\"og:url\" content=\"https:\/\/holyland.md\/ro\/product\/c-the-success-intensive-treatment-mask\/\" \/>\n<meta property=\"og:site_name\" content=\"Holy Land Cosmetics\" \/>\n<meta property=\"article:modified_time\" content=\"2026-03-24T11:45:52+00:00\" \/>\n<meta property=\"og:image\" content=\"https:\/\/holyland.md\/wp-content\/uploads\/2020\/04\/C-THE-SUCCESS-INTENSIVE-TREATMENT-MASK.jpg\" \/>\n\t<meta property=\"og:image:width\" content=\"1000\" \/>\n\t<meta property=\"og:image:height\" content=\"1000\" \/>\n\t<meta property=\"og:image:type\" content=\"image\/jpeg\" \/>\n<meta name=\"twitter:card\" content=\"summary_large_image\" \/>\n<meta name=\"twitter:label1\" content=\"Timp estimat pentru citire\" \/>\n\t<meta name=\"twitter:data1\" content=\"1 minut\" \/>\n<script type=\"application\/ld+json\" class=\"yoast-schema-graph\">{\"@context\":\"https:\/\/schema.org\",\"@graph\":[{\"@type\":\"WebPage\",\"@id\":\"https:\/\/holyland.md\/ro\/product\/c-the-success-intensive-treatment-mask\/\",\"url\":\"https:\/\/holyland.md\/ro\/product\/c-the-success-intensive-treatment-mask\/\",\"name\":\"C THE SUCCESS INTENSIVE TREATMENT MASK | Holy Land Cosmetics\",\"isPartOf\":{\"@id\":\"https:\/\/holyland.md\/ro\/#website\"},\"primaryImageOfPage\":{\"@id\":\"https:\/\/holyland.md\/ro\/product\/c-the-success-intensive-treatment-mask\/#primaryimage\"},\"image\":{\"@id\":\"https:\/\/holyland.md\/ro\/product\/c-the-success-intensive-treatment-mask\/#primaryimage\"},\"thumbnailUrl\":\"https:\/\/holyland.md\/wp-content\/uploads\/2020\/04\/C-THE-SUCCESS-INTENSIVE-TREATMENT-MASK.jpg\",\"datePublished\":\"2020-04-24T14:36:12+00:00\",\"dateModified\":\"2026-03-24T11:45:52+00:00\",\"breadcrumb\":{\"@id\":\"https:\/\/holyland.md\/ro\/product\/c-the-success-intensive-treatment-mask\/#breadcrumb\"},\"inLanguage\":\"ro-RO\",\"potentialAction\":[{\"@type\":\"ReadAction\",\"target\":[\"https:\/\/holyland.md\/ro\/product\/c-the-success-intensive-treatment-mask\/\"]}]},{\"@type\":\"ImageObject\",\"inLanguage\":\"ro-RO\",\"@id\":\"https:\/\/holyland.md\/ro\/product\/c-the-success-intensive-treatment-mask\/#primaryimage\",\"url\":\"https:\/\/holyland.md\/wp-content\/uploads\/2020\/04\/C-THE-SUCCESS-INTENSIVE-TREATMENT-MASK.jpg\",\"contentUrl\":\"https:\/\/holyland.md\/wp-content\/uploads\/2020\/04\/C-THE-SUCCESS-INTENSIVE-TREATMENT-MASK.jpg\",\"width\":1000,\"height\":1000},{\"@type\":\"BreadcrumbList\",\"@id\":\"https:\/\/holyland.md\/ro\/product\/c-the-success-intensive-treatment-mask\/#breadcrumb\",\"itemListElement\":[{\"@type\":\"ListItem\",\"position\":1,\"name\":\"\u0413\u043b\u0430\u0432\u043d\u0430\u044f \u0441\u0442\u0440\u0430\u043d\u0438\u0446\u0430\",\"item\":\"https:\/\/holyland.md\/ro\/\"},{\"@type\":\"ListItem\",\"position\":2,\"name\":\"Catalog produse HolyLand\",\"item\":\"https:\/\/holyland.md\/ro\/catalog\/\"},{\"@type\":\"ListItem\",\"position\":3,\"name\":\"C THE SUCCESS INTENSIVE TREATMENT MASK\"}]},{\"@type\":\"WebSite\",\"@id\":\"https:\/\/holyland.md\/ro\/#website\",\"url\":\"https:\/\/holyland.md\/ro\/\",\"name\":\"Holy Land Cosmetics\",\"description\":\"\",\"publisher\":{\"@id\":\"https:\/\/holyland.md\/ro\/#organization\"},\"potentialAction\":[{\"@type\":\"SearchAction\",\"target\":{\"@type\":\"EntryPoint\",\"urlTemplate\":\"https:\/\/holyland.md\/ro\/?s={search_term_string}\"},\"query-input\":\"required name=search_term_string\"}],\"inLanguage\":\"ro-RO\"},{\"@type\":\"Organization\",\"@id\":\"https:\/\/holyland.md\/ro\/#organization\",\"name\":\"Holy Land Cosmetics\",\"url\":\"https:\/\/holyland.md\/ro\/\",\"logo\":{\"@type\":\"ImageObject\",\"inLanguage\":\"ro-RO\",\"@id\":\"https:\/\/holyland.md\/ro\/#\/schema\/logo\/image\/\",\"url\":\"https:\/\/holyland.md\/wp-content\/uploads\/2020\/03\/hl-always-active.png\",\"contentUrl\":\"https:\/\/holyland.md\/wp-content\/uploads\/2020\/03\/hl-always-active.png\",\"width\":1437,\"height\":892,\"caption\":\"Holy Land Cosmetics\"},\"image\":{\"@id\":\"https:\/\/holyland.md\/ro\/#\/schema\/logo\/image\/\"}}]}<\/script>\n<!-- \/ Yoast SEO plugin. -->","yoast_head_json":{"title":"C THE SUCCESS INTENSIVE TREATMENT MASK | Holy Land Cosmetics","robots":{"index":"index","follow":"follow","max-snippet":"max-snippet:-1","max-image-preview":"max-image-preview:large","max-video-preview":"max-video-preview:-1"},"canonical":"https:\/\/holyland.md\/ro\/product\/c-the-success-intensive-treatment-mask\/","og_locale":"ro_RO","og_type":"article","og_title":"C THE SUCCESS INTENSIVE TREATMENT MASK | Holy Land Cosmetics","og_description":"Volum: 50 ml","og_url":"https:\/\/holyland.md\/ro\/product\/c-the-success-intensive-treatment-mask\/","og_site_name":"Holy Land Cosmetics","article_modified_time":"2026-03-24T11:45:52+00:00","og_image":[{"width":1000,"height":1000,"url":"https:\/\/holyland.md\/wp-content\/uploads\/2020\/04\/C-THE-SUCCESS-INTENSIVE-TREATMENT-MASK.jpg","type":"image\/jpeg"}],"twitter_card":"summary_large_image","twitter_misc":{"Timp estimat pentru citire":"1 minut"},"schema":{"@context":"https:\/\/schema.org","@graph":[{"@type":"WebPage","@id":"https:\/\/holyland.md\/ro\/product\/c-the-success-intensive-treatment-mask\/","url":"https:\/\/holyland.md\/ro\/product\/c-the-success-intensive-treatment-mask\/","name":"C THE SUCCESS INTENSIVE TREATMENT MASK | Holy Land Cosmetics","isPartOf":{"@id":"https:\/\/holyland.md\/ro\/#website"},"primaryImageOfPage":{"@id":"https:\/\/holyland.md\/ro\/product\/c-the-success-intensive-treatment-mask\/#primaryimage"},"image":{"@id":"https:\/\/holyland.md\/ro\/product\/c-the-success-intensive-treatment-mask\/#primaryimage"},"thumbnailUrl":"https:\/\/holyland.md\/wp-content\/uploads\/2020\/04\/C-THE-SUCCESS-INTENSIVE-TREATMENT-MASK.jpg","datePublished":"2020-04-24T14:36:12+00:00","dateModified":"2026-03-24T11:45:52+00:00","breadcrumb":{"@id":"https:\/\/holyland.md\/ro\/product\/c-the-success-intensive-treatment-mask\/#breadcrumb"},"inLanguage":"ro-RO","potentialAction":[{"@type":"ReadAction","target":["https:\/\/holyland.md\/ro\/product\/c-the-success-intensive-treatment-mask\/"]}]},{"@type":"ImageObject","inLanguage":"ro-RO","@id":"https:\/\/holyland.md\/ro\/product\/c-the-success-intensive-treatment-mask\/#primaryimage","url":"https:\/\/holyland.md\/wp-content\/uploads\/2020\/04\/C-THE-SUCCESS-INTENSIVE-TREATMENT-MASK.jpg","contentUrl":"https:\/\/holyland.md\/wp-content\/uploads\/2020\/04\/C-THE-SUCCESS-INTENSIVE-TREATMENT-MASK.jpg","width":1000,"height":1000},{"@type":"BreadcrumbList","@id":"https:\/\/holyland.md\/ro\/product\/c-the-success-intensive-treatment-mask\/#breadcrumb","itemListElement":[{"@type":"ListItem","position":1,"name":"\u0413\u043b\u0430\u0432\u043d\u0430\u044f \u0441\u0442\u0440\u0430\u043d\u0438\u0446\u0430","item":"https:\/\/holyland.md\/ro\/"},{"@type":"ListItem","position":2,"name":"Catalog produse HolyLand","item":"https:\/\/holyland.md\/ro\/catalog\/"},{"@type":"ListItem","position":3,"name":"C THE SUCCESS INTENSIVE TREATMENT MASK"}]},{"@type":"WebSite","@id":"https:\/\/holyland.md\/ro\/#website","url":"https:\/\/holyland.md\/ro\/","name":"Holy Land Cosmetics","description":"","publisher":{"@id":"https:\/\/holyland.md\/ro\/#organization"},"potentialAction":[{"@type":"SearchAction","target":{"@type":"EntryPoint","urlTemplate":"https:\/\/holyland.md\/ro\/?s={search_term_string}"},"query-input":"required name=search_term_string"}],"inLanguage":"ro-RO"},{"@type":"Organization","@id":"https:\/\/holyland.md\/ro\/#organization","name":"Holy Land Cosmetics","url":"https:\/\/holyland.md\/ro\/","logo":{"@type":"ImageObject","inLanguage":"ro-RO","@id":"https:\/\/holyland.md\/ro\/#\/schema\/logo\/image\/","url":"https:\/\/holyland.md\/wp-content\/uploads\/2020\/03\/hl-always-active.png","contentUrl":"https:\/\/holyland.md\/wp-content\/uploads\/2020\/03\/hl-always-active.png","width":1437,"height":892,"caption":"Holy Land Cosmetics"},"image":{"@id":"https:\/\/holyland.md\/ro\/#\/schema\/logo\/image\/"}}]}},"_links":{"self":[{"href":"https:\/\/holyland.md\/ro\/wp-json\/wp\/v2\/product\/1674"}],"collection":[{"href":"https:\/\/holyland.md\/ro\/wp-json\/wp\/v2\/product"}],"about":[{"href":"https:\/\/holyland.md\/ro\/wp-json\/wp\/v2\/types\/product"}],"wp:featuredmedia":[{"embeddable":true,"href":"https:\/\/holyland.md\/ro\/wp-json\/wp\/v2\/media\/3062"}],"wp:attachment":[{"href":"https:\/\/holyland.md\/ro\/wp-json\/wp\/v2\/media?parent=1674"}],"wp:term":[{"taxonomy":"product_cat","embeddable":true,"href":"https:\/\/holyland.md\/ro\/wp-json\/wp\/v2\/product_cat?post=1674"},{"taxonomy":"product_tag","embeddable":true,"href":"https:\/\/holyland.md\/ro\/wp-json\/wp\/v2\/product_tag?post=1674"}],"curies":[{"name":"wp","href":"https:\/\/api.w.org\/{rel}","templated":true}]}}