{"id":1677,"date":"2020-04-24T17:33:53","date_gmt":"2020-04-24T14:33:53","guid":{"rendered":"https:\/\/holyland.md\/product\/h2o-magic-moist\/"},"modified":"2026-03-24T14:46:01","modified_gmt":"2026-03-24T11:46:01","slug":"h2o-magic-moist","status":"publish","type":"product","link":"https:\/\/holyland.md\/ro\/product\/h2o-magic-moist\/","title":{"rendered":"H2O MAGIC MOIST"},"content":{"rendered":"<p>Gel unic cu efect hidratant profund. Ingredientele sale active includ hidratante cu diferite mecanisme de ac\u021biune: analogi ai factorului natural de hidratare a pielii (acid lactic \u0219i un complex de aminoacizi esen\u021biali), probiotice (lizat de bifidobacterii), proteine \u200b\u200bhidrolizate \u0219i extracte de plante care restabilesc membrana celular\u0103. \u0218i datorit\u0103 extractelor de coad\u0103 calului \u0219i ieder\u0103, produsul are, de asemenea, un efect excelent de drenaj. Produsul ales pentru pielea cu senza\u021bie de str\u00e2ngere, m\u00e2nc\u0103rime, disconfort, predispus\u0103 la usc\u0103ciune, deshidratare \u0219i descuamare. De asemenea, devine mai relevant \u00een sezonul cald sau \u00een excursiile la mare, indiferent de anotimp.<\/p>\n<p><strong>Principii active:<\/strong><\/p>\n<p>Lizat de bifidobacterii, extract de trandafir, de semin\u0163e de p\u0103tlagin\u0103, de coada calului, de ieder\u0103, de Alchemilla vulgaris, de mu\u015fe\u0163el, serina, glicina, leucina, prolina, glutamina, alantoin, acid glicirrhetinic, proteina de gr\u00e2u hidrolizat\u0103, lactat de sodiu, acid lactic.<\/p>\n<p><strong>Mod de folosire:<\/strong><\/p>\n<p>Gel cu textura foarte fina \u0219i penetrare rapida. De aplicat \u00eentr-un strat uniform, de \u00eentins cu v\u00e2rfurile degetelor. \u00cen zilele caniculare, serve\u0219te ca reabilitare dup\u0103 expunerea la soare, poate \u00eenlocui lo\u021biunea tonic\u0103 \u0219i \/ sau crema de zi.<\/p>\n","protected":false},"excerpt":{"rendered":"<p>Volum: 50 ml<\/p>\n","protected":false},"featured_media":3291,"template":"","meta":[],"product_cat":[103,122],"product_tag":[],"class_list":{"0":"post-1677","1":"product","2":"type-product","3":"status-publish","4":"has-post-thumbnail","6":"product_cat-c-the-success-hl","7":"product_cat-varieties-hl","9":"first","10":"instock","11":"shipping-taxable","12":"purchasable","13":"product-type-simple"},"yoast_head":"<!-- This site is optimized with the Yoast SEO plugin v23.3 - https:\/\/yoast.com\/wordpress\/plugins\/seo\/ -->\n<title>H2O MAGIC MOIST<\/title>\n<meta name=\"robots\" content=\"index, follow, max-snippet:-1, max-image-preview:large, max-video-preview:-1\" \/>\n<link rel=\"canonical\" href=\"https:\/\/holyland.md\/ro\/product\/h2o-magic-moist\/\" \/>\n<meta property=\"og:locale\" content=\"ro_RO\" \/>\n<meta property=\"og:type\" content=\"article\" \/>\n<meta property=\"og:title\" content=\"H2O MAGIC MOIST\" \/>\n<meta property=\"og:description\" content=\"Volum: 50 ml\" \/>\n<meta property=\"og:url\" content=\"https:\/\/holyland.md\/ro\/product\/h2o-magic-moist\/\" \/>\n<meta property=\"og:site_name\" content=\"Holy Land Cosmetics\" \/>\n<meta property=\"article:modified_time\" content=\"2026-03-24T11:46:01+00:00\" \/>\n<meta property=\"og:image\" content=\"https:\/\/holyland.md\/wp-content\/uploads\/2020\/04\/H2O-MAGIC-MOIST-2.jpg\" \/>\n\t<meta property=\"og:image:width\" content=\"1000\" \/>\n\t<meta property=\"og:image:height\" content=\"1000\" \/>\n\t<meta property=\"og:image:type\" content=\"image\/jpeg\" \/>\n<meta name=\"twitter:card\" content=\"summary_large_image\" \/>\n<meta name=\"twitter:label1\" content=\"Timp estimat pentru citire\" \/>\n\t<meta name=\"twitter:data1\" content=\"2 minute\" \/>\n<script type=\"application\/ld+json\" class=\"yoast-schema-graph\">{\"@context\":\"https:\/\/schema.org\",\"@graph\":[{\"@type\":\"WebPage\",\"@id\":\"https:\/\/holyland.md\/ro\/product\/h2o-magic-moist\/\",\"url\":\"https:\/\/holyland.md\/ro\/product\/h2o-magic-moist\/\",\"name\":\"H2O MAGIC MOIST\",\"isPartOf\":{\"@id\":\"https:\/\/holyland.md\/ro\/#website\"},\"primaryImageOfPage\":{\"@id\":\"https:\/\/holyland.md\/ro\/product\/h2o-magic-moist\/#primaryimage\"},\"image\":{\"@id\":\"https:\/\/holyland.md\/ro\/product\/h2o-magic-moist\/#primaryimage\"},\"thumbnailUrl\":\"https:\/\/holyland.md\/wp-content\/uploads\/2020\/04\/H2O-MAGIC-MOIST-2.jpg\",\"datePublished\":\"2020-04-24T14:33:53+00:00\",\"dateModified\":\"2026-03-24T11:46:01+00:00\",\"breadcrumb\":{\"@id\":\"https:\/\/holyland.md\/ro\/product\/h2o-magic-moist\/#breadcrumb\"},\"inLanguage\":\"ro-RO\",\"potentialAction\":[{\"@type\":\"ReadAction\",\"target\":[\"https:\/\/holyland.md\/ro\/product\/h2o-magic-moist\/\"]}]},{\"@type\":\"ImageObject\",\"inLanguage\":\"ro-RO\",\"@id\":\"https:\/\/holyland.md\/ro\/product\/h2o-magic-moist\/#primaryimage\",\"url\":\"https:\/\/holyland.md\/wp-content\/uploads\/2020\/04\/H2O-MAGIC-MOIST-2.jpg\",\"contentUrl\":\"https:\/\/holyland.md\/wp-content\/uploads\/2020\/04\/H2O-MAGIC-MOIST-2.jpg\",\"width\":1000,\"height\":1000,\"caption\":\"H2O-MAGIC-MOIST\"},{\"@type\":\"BreadcrumbList\",\"@id\":\"https:\/\/holyland.md\/ro\/product\/h2o-magic-moist\/#breadcrumb\",\"itemListElement\":[{\"@type\":\"ListItem\",\"position\":1,\"name\":\"\u0413\u043b\u0430\u0432\u043d\u0430\u044f \u0441\u0442\u0440\u0430\u043d\u0438\u0446\u0430\",\"item\":\"https:\/\/holyland.md\/ro\/\"},{\"@type\":\"ListItem\",\"position\":2,\"name\":\"Catalog produse HolyLand\",\"item\":\"https:\/\/holyland.md\/ro\/catalog\/\"},{\"@type\":\"ListItem\",\"position\":3,\"name\":\"H2O MAGIC MOIST\"}]},{\"@type\":\"WebSite\",\"@id\":\"https:\/\/holyland.md\/ro\/#website\",\"url\":\"https:\/\/holyland.md\/ro\/\",\"name\":\"Holy Land Cosmetics\",\"description\":\"\",\"publisher\":{\"@id\":\"https:\/\/holyland.md\/ro\/#organization\"},\"potentialAction\":[{\"@type\":\"SearchAction\",\"target\":{\"@type\":\"EntryPoint\",\"urlTemplate\":\"https:\/\/holyland.md\/ro\/?s={search_term_string}\"},\"query-input\":\"required name=search_term_string\"}],\"inLanguage\":\"ro-RO\"},{\"@type\":\"Organization\",\"@id\":\"https:\/\/holyland.md\/ro\/#organization\",\"name\":\"Holy Land Cosmetics\",\"url\":\"https:\/\/holyland.md\/ro\/\",\"logo\":{\"@type\":\"ImageObject\",\"inLanguage\":\"ro-RO\",\"@id\":\"https:\/\/holyland.md\/ro\/#\/schema\/logo\/image\/\",\"url\":\"https:\/\/holyland.md\/wp-content\/uploads\/2020\/03\/hl-always-active.png\",\"contentUrl\":\"https:\/\/holyland.md\/wp-content\/uploads\/2020\/03\/hl-always-active.png\",\"width\":1437,\"height\":892,\"caption\":\"Holy Land Cosmetics\"},\"image\":{\"@id\":\"https:\/\/holyland.md\/ro\/#\/schema\/logo\/image\/\"}}]}<\/script>\n<!-- \/ Yoast SEO plugin. -->","yoast_head_json":{"title":"H2O MAGIC MOIST","robots":{"index":"index","follow":"follow","max-snippet":"max-snippet:-1","max-image-preview":"max-image-preview:large","max-video-preview":"max-video-preview:-1"},"canonical":"https:\/\/holyland.md\/ro\/product\/h2o-magic-moist\/","og_locale":"ro_RO","og_type":"article","og_title":"H2O MAGIC MOIST","og_description":"Volum: 50 ml","og_url":"https:\/\/holyland.md\/ro\/product\/h2o-magic-moist\/","og_site_name":"Holy Land Cosmetics","article_modified_time":"2026-03-24T11:46:01+00:00","og_image":[{"width":1000,"height":1000,"url":"https:\/\/holyland.md\/wp-content\/uploads\/2020\/04\/H2O-MAGIC-MOIST-2.jpg","type":"image\/jpeg"}],"twitter_card":"summary_large_image","twitter_misc":{"Timp estimat pentru citire":"2 minute"},"schema":{"@context":"https:\/\/schema.org","@graph":[{"@type":"WebPage","@id":"https:\/\/holyland.md\/ro\/product\/h2o-magic-moist\/","url":"https:\/\/holyland.md\/ro\/product\/h2o-magic-moist\/","name":"H2O MAGIC MOIST","isPartOf":{"@id":"https:\/\/holyland.md\/ro\/#website"},"primaryImageOfPage":{"@id":"https:\/\/holyland.md\/ro\/product\/h2o-magic-moist\/#primaryimage"},"image":{"@id":"https:\/\/holyland.md\/ro\/product\/h2o-magic-moist\/#primaryimage"},"thumbnailUrl":"https:\/\/holyland.md\/wp-content\/uploads\/2020\/04\/H2O-MAGIC-MOIST-2.jpg","datePublished":"2020-04-24T14:33:53+00:00","dateModified":"2026-03-24T11:46:01+00:00","breadcrumb":{"@id":"https:\/\/holyland.md\/ro\/product\/h2o-magic-moist\/#breadcrumb"},"inLanguage":"ro-RO","potentialAction":[{"@type":"ReadAction","target":["https:\/\/holyland.md\/ro\/product\/h2o-magic-moist\/"]}]},{"@type":"ImageObject","inLanguage":"ro-RO","@id":"https:\/\/holyland.md\/ro\/product\/h2o-magic-moist\/#primaryimage","url":"https:\/\/holyland.md\/wp-content\/uploads\/2020\/04\/H2O-MAGIC-MOIST-2.jpg","contentUrl":"https:\/\/holyland.md\/wp-content\/uploads\/2020\/04\/H2O-MAGIC-MOIST-2.jpg","width":1000,"height":1000,"caption":"H2O-MAGIC-MOIST"},{"@type":"BreadcrumbList","@id":"https:\/\/holyland.md\/ro\/product\/h2o-magic-moist\/#breadcrumb","itemListElement":[{"@type":"ListItem","position":1,"name":"\u0413\u043b\u0430\u0432\u043d\u0430\u044f \u0441\u0442\u0440\u0430\u043d\u0438\u0446\u0430","item":"https:\/\/holyland.md\/ro\/"},{"@type":"ListItem","position":2,"name":"Catalog produse HolyLand","item":"https:\/\/holyland.md\/ro\/catalog\/"},{"@type":"ListItem","position":3,"name":"H2O MAGIC MOIST"}]},{"@type":"WebSite","@id":"https:\/\/holyland.md\/ro\/#website","url":"https:\/\/holyland.md\/ro\/","name":"Holy Land Cosmetics","description":"","publisher":{"@id":"https:\/\/holyland.md\/ro\/#organization"},"potentialAction":[{"@type":"SearchAction","target":{"@type":"EntryPoint","urlTemplate":"https:\/\/holyland.md\/ro\/?s={search_term_string}"},"query-input":"required name=search_term_string"}],"inLanguage":"ro-RO"},{"@type":"Organization","@id":"https:\/\/holyland.md\/ro\/#organization","name":"Holy Land Cosmetics","url":"https:\/\/holyland.md\/ro\/","logo":{"@type":"ImageObject","inLanguage":"ro-RO","@id":"https:\/\/holyland.md\/ro\/#\/schema\/logo\/image\/","url":"https:\/\/holyland.md\/wp-content\/uploads\/2020\/03\/hl-always-active.png","contentUrl":"https:\/\/holyland.md\/wp-content\/uploads\/2020\/03\/hl-always-active.png","width":1437,"height":892,"caption":"Holy Land Cosmetics"},"image":{"@id":"https:\/\/holyland.md\/ro\/#\/schema\/logo\/image\/"}}]}},"_links":{"self":[{"href":"https:\/\/holyland.md\/ro\/wp-json\/wp\/v2\/product\/1677"}],"collection":[{"href":"https:\/\/holyland.md\/ro\/wp-json\/wp\/v2\/product"}],"about":[{"href":"https:\/\/holyland.md\/ro\/wp-json\/wp\/v2\/types\/product"}],"wp:featuredmedia":[{"embeddable":true,"href":"https:\/\/holyland.md\/ro\/wp-json\/wp\/v2\/media\/3291"}],"wp:attachment":[{"href":"https:\/\/holyland.md\/ro\/wp-json\/wp\/v2\/media?parent=1677"}],"wp:term":[{"taxonomy":"product_cat","embeddable":true,"href":"https:\/\/holyland.md\/ro\/wp-json\/wp\/v2\/product_cat?post=1677"},{"taxonomy":"product_tag","embeddable":true,"href":"https:\/\/holyland.md\/ro\/wp-json\/wp\/v2\/product_tag?post=1677"}],"curies":[{"name":"wp","href":"https:\/\/api.w.org\/{rel}","templated":true}]}}