{"id":1680,"date":"2020-04-27T18:51:46","date_gmt":"2020-04-27T15:51:46","guid":{"rendered":"https:\/\/holyland.md\/product\/c-the-success-anti-aging-set\/"},"modified":"2026-03-24T14:10:58","modified_gmt":"2026-03-24T11:10:58","slug":"c-the-success-anti-aging-set","status":"publish","type":"product","link":"https:\/\/holyland.md\/ro\/product\/c-the-success-anti-aging-set\/","title":{"rendered":"C THE SUCCESS ANTI AGING KIT"},"content":{"rendered":"<p>Set: C THE SUCCESS CLEANSER 125 ml, C THE SUCCESS INTENSIVE DAY CREAM 50 ml, C THE SUCCESS CREAM 50 ml.<\/p>\n<p>Set:<\/p>\n<p><a href=\"https:\/\/holyland.md\/ro\/product\/c-the-success-cleanser\/\" target=\"_blank\" rel=\"noopener noreferrer\"><strong>C THE SUCCESS CLEANSER 125 ml<\/strong><\/a><\/p>\n<p><strong>Descriere:<\/strong><\/p>\n<p>O emulsie cremoas\u0103 de cur\u0103\u021bare profund\u0103 pe baz\u0103 de acizi de fructe cu o concentra\u021bie ridicat\u0103 de vitamina C. Cleanser cur\u0103\u021b\u0103 delicat pielea, \u0219i nu numai c\u0103 previne deshidratarea, ci \u0219i hidrateaz\u0103, elimin\u0103 descuamare, str\u00e2ngere, ridurile fine. Datorit\u0103 extractelor de fructe, produsul previne formarea de comedoane \u0219i, datorit\u0103 vitaminei C, uniformizeaz\u0103 tenul \u0219i restabile\u0219te procesele de formare \u0219i transfer ale pigmentului pielii.<\/p>\n<p><strong>Principii active:<\/strong><\/p>\n<p>Extract de afine, de trestie de zah\u0103r, de ar\u0163ar de zah\u0103r, de l\u0103m\u00eeie, de portocale, acid ascorbic \u015fi glicirizinic, pantenol, alantoin.<\/p>\n<p><strong>Mod de folosire:<\/strong><\/p>\n<p>Este important s\u0103 urma\u021bi recomandarea principal\u0103 &#8211; contactul preparatului cu pielea \u00eentr-o form\u0103 concentrat\u0103. Pentru a face acest lucru, produsul de cur\u0103\u021bare se aplic\u0103 cu m\u00e2inile uscate pe fa\u021ba uscat\u0103, se maseaz\u0103 timp de 5 minute \u0219i se spal\u0103 cu ap\u0103 cald\u0103. Utiliza\u021bi de 1-2 ori pe zi, \u00een func\u021bie de recomandarea specialistului dumneavoastr\u0103.<\/p>\n<p><a href=\"https:\/\/holyland.md\/ro\/product\/c-the-success-intensive-day-cream\/\" target=\"_blank\" rel=\"noopener noreferrer\"><strong>C THE SUCCESS INTENSIVE DAY CREAM 50 ml<\/strong><\/a><\/p>\n<p><strong>Descriere:<\/strong><\/p>\n<p>O crem\u0103 de zi hidratant\u0103 cu textur\u0103 foarte fin\u0103. Are un efect de fixare asupra ingredientelor de albire folosite noaptea. Accelereaz\u0103 procesul de iluminare a petelor de orice origine, inclusiv a celor postinflamatorii. Ofer\u0103 concentra\u021bia necesar\u0103 de vitamina C pentru a men\u021bine un nivel optim de metabolism al colagenului \u0219i a \u00eent\u0103ri pere\u021bii vaselor de s\u00e2nge. Ideal ca baz\u0103 de machiaj. Iar aroma sa revigorant\u0103 de citrice ofer\u0103 o senza\u021bie de vigoare pentru \u00eentreaga zi! Con\u021bine factor SPF sc\u0103zut.<\/p>\n<p><strong>Principii active:<\/strong><\/p>\n<p>Ascorbil phosphate de sodiu, extract de grapefruit, ulei din coaja de portocale \u015fi de lemongrass, extract din semin\u0163e de bix\u0103 orelean\u0103.<\/p>\n<p><strong>Mod de folosire: <\/strong><\/p>\n<p>Aplica\u021bi diminea\u021ba. Aplica\u021bi crema \u00eentr-un strat sub\u021bire \u0219i uniform pe fa\u021b\u0103 dup\u0103 o cur\u0103\u021bare \u00een doi pa\u0219i selectat\u0103 cu aten\u021bie. Evita\u021bi partea mobil\u0103 a pleoapelor! Utiliza\u021bi o dat\u0103 pe zi sau conform recomand\u0103rilor cosmeticianului.<\/p>\n<p><a href=\"https:\/\/holyland.md\/ro\/product\/c-the-success-cream\/\" target=\"_blank\" rel=\"noopener noreferrer\"><strong>C THE SUCCESS CREAM 50 ml<\/strong><\/a><\/p>\n<p><strong>Descriere:<\/strong><\/p>\n<p>O crem\u0103 multifunc\u021bional\u0103 universal\u0103 cu o concentra\u021bie mare de vitamina C. Hidrateaz\u0103 \u0219i catifeleaz\u0103 perfect pielea, \u00eei confer\u0103 elasticitate \u0219i red\u0103 str\u0103lucirea interioar\u0103. Produsul este perfect ca \u00eengrijire de rutin\u0103 pentru pielea deshidratat\u0103, ve\u0219tejit\u0103, atonic\u0103, cu semnele post-acne. Dar este, de asemenea, prescris ca tratamentul pentru pielea cu \u00eenc\u0103lc\u0103rile proceselor de pigmentare \u0219i re\u021beaua vascular\u0103 deteriorat\u0103 (rozacee, rozacee).<\/p>\n<p><strong>Principii active:<\/strong><\/p>\n<p>Ascorbilphosphat de magneziu, acid citric, extract din semin\u0163e de bix\u0103 orelian\u0103.<\/p>\n<p><strong>Mod de folosire:<\/strong><\/p>\n<p>Utiliza\u021bi crema ca ultim pas \u00een rutina de diminea\u021b\u0103 \u0219i \/ sau sear\u0103. Textura preparatului este destul de dens\u0103, deci o cantitate mic\u0103 de preparat trebuie aplicat\u0103 pe toate cele trei zone: fa\u021b\u0103, g\u00e2t, decolteu &#8211; \u0219i r\u0103sp\u00e2ndit\u0103 uniform pe piele prin mi\u0219c\u0103ri u\u0219oare de tapotament.<\/p>\n","protected":false},"excerpt":{"rendered":"<p>Set<\/p>\n","protected":false},"featured_media":1681,"template":"","meta":[],"product_cat":[103,133],"product_tag":[],"class_list":{"0":"post-1680","1":"product","2":"type-product","3":"status-publish","4":"has-post-thumbnail","6":"product_cat-c-the-success-hl","7":"product_cat-seturi","9":"first","10":"instock","11":"shipping-taxable","12":"purchasable","13":"product-type-simple"},"yoast_head":"<!-- This site is optimized with the Yoast SEO plugin v23.3 - https:\/\/yoast.com\/wordpress\/plugins\/seo\/ -->\n<title>C THE SUCCESS ANTI AGING KIT | Holy Land Cosmetics<\/title>\n<meta name=\"robots\" content=\"index, follow, max-snippet:-1, max-image-preview:large, max-video-preview:-1\" \/>\n<link rel=\"canonical\" href=\"https:\/\/holyland.md\/ro\/product\/c-the-success-anti-aging-set\/\" \/>\n<meta property=\"og:locale\" content=\"ro_RO\" \/>\n<meta property=\"og:type\" content=\"article\" \/>\n<meta property=\"og:title\" content=\"C THE SUCCESS ANTI AGING KIT | Holy Land Cosmetics\" \/>\n<meta property=\"og:description\" content=\"Set\" \/>\n<meta property=\"og:url\" content=\"https:\/\/holyland.md\/ro\/product\/c-the-success-anti-aging-set\/\" \/>\n<meta property=\"og:site_name\" content=\"Holy Land Cosmetics\" \/>\n<meta property=\"article:modified_time\" content=\"2026-03-24T11:10:58+00:00\" \/>\n<meta property=\"og:image\" content=\"https:\/\/holyland.md\/wp-content\/uploads\/2020\/04\/c_the_success_anti_aging_set.jpg\" \/>\n\t<meta property=\"og:image:width\" content=\"916\" \/>\n\t<meta property=\"og:image:height\" content=\"760\" \/>\n\t<meta property=\"og:image:type\" content=\"image\/jpeg\" \/>\n<meta name=\"twitter:card\" content=\"summary_large_image\" \/>\n<meta name=\"twitter:label1\" content=\"Timp estimat pentru citire\" \/>\n\t<meta name=\"twitter:data1\" content=\"3 minute\" \/>\n<script type=\"application\/ld+json\" class=\"yoast-schema-graph\">{\"@context\":\"https:\/\/schema.org\",\"@graph\":[{\"@type\":\"WebPage\",\"@id\":\"https:\/\/holyland.md\/ro\/product\/c-the-success-anti-aging-set\/\",\"url\":\"https:\/\/holyland.md\/ro\/product\/c-the-success-anti-aging-set\/\",\"name\":\"C THE SUCCESS ANTI AGING KIT | Holy Land Cosmetics\",\"isPartOf\":{\"@id\":\"https:\/\/holyland.md\/ro\/#website\"},\"primaryImageOfPage\":{\"@id\":\"https:\/\/holyland.md\/ro\/product\/c-the-success-anti-aging-set\/#primaryimage\"},\"image\":{\"@id\":\"https:\/\/holyland.md\/ro\/product\/c-the-success-anti-aging-set\/#primaryimage\"},\"thumbnailUrl\":\"https:\/\/holyland.md\/wp-content\/uploads\/2020\/04\/c_the_success_anti_aging_set.jpg\",\"datePublished\":\"2020-04-27T15:51:46+00:00\",\"dateModified\":\"2026-03-24T11:10:58+00:00\",\"breadcrumb\":{\"@id\":\"https:\/\/holyland.md\/ro\/product\/c-the-success-anti-aging-set\/#breadcrumb\"},\"inLanguage\":\"ro-RO\",\"potentialAction\":[{\"@type\":\"ReadAction\",\"target\":[\"https:\/\/holyland.md\/ro\/product\/c-the-success-anti-aging-set\/\"]}]},{\"@type\":\"ImageObject\",\"inLanguage\":\"ro-RO\",\"@id\":\"https:\/\/holyland.md\/ro\/product\/c-the-success-anti-aging-set\/#primaryimage\",\"url\":\"https:\/\/holyland.md\/wp-content\/uploads\/2020\/04\/c_the_success_anti_aging_set.jpg\",\"contentUrl\":\"https:\/\/holyland.md\/wp-content\/uploads\/2020\/04\/c_the_success_anti_aging_set.jpg\",\"width\":916,\"height\":760},{\"@type\":\"BreadcrumbList\",\"@id\":\"https:\/\/holyland.md\/ro\/product\/c-the-success-anti-aging-set\/#breadcrumb\",\"itemListElement\":[{\"@type\":\"ListItem\",\"position\":1,\"name\":\"\u0413\u043b\u0430\u0432\u043d\u0430\u044f \u0441\u0442\u0440\u0430\u043d\u0438\u0446\u0430\",\"item\":\"https:\/\/holyland.md\/ro\/\"},{\"@type\":\"ListItem\",\"position\":2,\"name\":\"Catalog produse HolyLand\",\"item\":\"https:\/\/holyland.md\/ro\/catalog\/\"},{\"@type\":\"ListItem\",\"position\":3,\"name\":\"C THE SUCCESS ANTI AGING KIT\"}]},{\"@type\":\"WebSite\",\"@id\":\"https:\/\/holyland.md\/ro\/#website\",\"url\":\"https:\/\/holyland.md\/ro\/\",\"name\":\"Holy Land Cosmetics\",\"description\":\"\",\"publisher\":{\"@id\":\"https:\/\/holyland.md\/ro\/#organization\"},\"potentialAction\":[{\"@type\":\"SearchAction\",\"target\":{\"@type\":\"EntryPoint\",\"urlTemplate\":\"https:\/\/holyland.md\/ro\/?s={search_term_string}\"},\"query-input\":\"required name=search_term_string\"}],\"inLanguage\":\"ro-RO\"},{\"@type\":\"Organization\",\"@id\":\"https:\/\/holyland.md\/ro\/#organization\",\"name\":\"Holy Land Cosmetics\",\"url\":\"https:\/\/holyland.md\/ro\/\",\"logo\":{\"@type\":\"ImageObject\",\"inLanguage\":\"ro-RO\",\"@id\":\"https:\/\/holyland.md\/ro\/#\/schema\/logo\/image\/\",\"url\":\"https:\/\/holyland.md\/wp-content\/uploads\/2020\/03\/hl-always-active.png\",\"contentUrl\":\"https:\/\/holyland.md\/wp-content\/uploads\/2020\/03\/hl-always-active.png\",\"width\":1437,\"height\":892,\"caption\":\"Holy Land Cosmetics\"},\"image\":{\"@id\":\"https:\/\/holyland.md\/ro\/#\/schema\/logo\/image\/\"}}]}<\/script>\n<!-- \/ Yoast SEO plugin. -->","yoast_head_json":{"title":"C THE SUCCESS ANTI AGING KIT | Holy Land Cosmetics","robots":{"index":"index","follow":"follow","max-snippet":"max-snippet:-1","max-image-preview":"max-image-preview:large","max-video-preview":"max-video-preview:-1"},"canonical":"https:\/\/holyland.md\/ro\/product\/c-the-success-anti-aging-set\/","og_locale":"ro_RO","og_type":"article","og_title":"C THE SUCCESS ANTI AGING KIT | Holy Land Cosmetics","og_description":"Set","og_url":"https:\/\/holyland.md\/ro\/product\/c-the-success-anti-aging-set\/","og_site_name":"Holy Land Cosmetics","article_modified_time":"2026-03-24T11:10:58+00:00","og_image":[{"width":916,"height":760,"url":"https:\/\/holyland.md\/wp-content\/uploads\/2020\/04\/c_the_success_anti_aging_set.jpg","type":"image\/jpeg"}],"twitter_card":"summary_large_image","twitter_misc":{"Timp estimat pentru citire":"3 minute"},"schema":{"@context":"https:\/\/schema.org","@graph":[{"@type":"WebPage","@id":"https:\/\/holyland.md\/ro\/product\/c-the-success-anti-aging-set\/","url":"https:\/\/holyland.md\/ro\/product\/c-the-success-anti-aging-set\/","name":"C THE SUCCESS ANTI AGING KIT | Holy Land Cosmetics","isPartOf":{"@id":"https:\/\/holyland.md\/ro\/#website"},"primaryImageOfPage":{"@id":"https:\/\/holyland.md\/ro\/product\/c-the-success-anti-aging-set\/#primaryimage"},"image":{"@id":"https:\/\/holyland.md\/ro\/product\/c-the-success-anti-aging-set\/#primaryimage"},"thumbnailUrl":"https:\/\/holyland.md\/wp-content\/uploads\/2020\/04\/c_the_success_anti_aging_set.jpg","datePublished":"2020-04-27T15:51:46+00:00","dateModified":"2026-03-24T11:10:58+00:00","breadcrumb":{"@id":"https:\/\/holyland.md\/ro\/product\/c-the-success-anti-aging-set\/#breadcrumb"},"inLanguage":"ro-RO","potentialAction":[{"@type":"ReadAction","target":["https:\/\/holyland.md\/ro\/product\/c-the-success-anti-aging-set\/"]}]},{"@type":"ImageObject","inLanguage":"ro-RO","@id":"https:\/\/holyland.md\/ro\/product\/c-the-success-anti-aging-set\/#primaryimage","url":"https:\/\/holyland.md\/wp-content\/uploads\/2020\/04\/c_the_success_anti_aging_set.jpg","contentUrl":"https:\/\/holyland.md\/wp-content\/uploads\/2020\/04\/c_the_success_anti_aging_set.jpg","width":916,"height":760},{"@type":"BreadcrumbList","@id":"https:\/\/holyland.md\/ro\/product\/c-the-success-anti-aging-set\/#breadcrumb","itemListElement":[{"@type":"ListItem","position":1,"name":"\u0413\u043b\u0430\u0432\u043d\u0430\u044f \u0441\u0442\u0440\u0430\u043d\u0438\u0446\u0430","item":"https:\/\/holyland.md\/ro\/"},{"@type":"ListItem","position":2,"name":"Catalog produse HolyLand","item":"https:\/\/holyland.md\/ro\/catalog\/"},{"@type":"ListItem","position":3,"name":"C THE SUCCESS ANTI AGING KIT"}]},{"@type":"WebSite","@id":"https:\/\/holyland.md\/ro\/#website","url":"https:\/\/holyland.md\/ro\/","name":"Holy Land Cosmetics","description":"","publisher":{"@id":"https:\/\/holyland.md\/ro\/#organization"},"potentialAction":[{"@type":"SearchAction","target":{"@type":"EntryPoint","urlTemplate":"https:\/\/holyland.md\/ro\/?s={search_term_string}"},"query-input":"required name=search_term_string"}],"inLanguage":"ro-RO"},{"@type":"Organization","@id":"https:\/\/holyland.md\/ro\/#organization","name":"Holy Land Cosmetics","url":"https:\/\/holyland.md\/ro\/","logo":{"@type":"ImageObject","inLanguage":"ro-RO","@id":"https:\/\/holyland.md\/ro\/#\/schema\/logo\/image\/","url":"https:\/\/holyland.md\/wp-content\/uploads\/2020\/03\/hl-always-active.png","contentUrl":"https:\/\/holyland.md\/wp-content\/uploads\/2020\/03\/hl-always-active.png","width":1437,"height":892,"caption":"Holy Land Cosmetics"},"image":{"@id":"https:\/\/holyland.md\/ro\/#\/schema\/logo\/image\/"}}]}},"_links":{"self":[{"href":"https:\/\/holyland.md\/ro\/wp-json\/wp\/v2\/product\/1680"}],"collection":[{"href":"https:\/\/holyland.md\/ro\/wp-json\/wp\/v2\/product"}],"about":[{"href":"https:\/\/holyland.md\/ro\/wp-json\/wp\/v2\/types\/product"}],"wp:featuredmedia":[{"embeddable":true,"href":"https:\/\/holyland.md\/ro\/wp-json\/wp\/v2\/media\/1681"}],"wp:attachment":[{"href":"https:\/\/holyland.md\/ro\/wp-json\/wp\/v2\/media?parent=1680"}],"wp:term":[{"taxonomy":"product_cat","embeddable":true,"href":"https:\/\/holyland.md\/ro\/wp-json\/wp\/v2\/product_cat?post=1680"},{"taxonomy":"product_tag","embeddable":true,"href":"https:\/\/holyland.md\/ro\/wp-json\/wp\/v2\/product_tag?post=1680"}],"curies":[{"name":"wp","href":"https:\/\/api.w.org\/{rel}","templated":true}]}}