{"id":1801,"date":"2020-04-24T20:56:28","date_gmt":"2020-04-24T17:56:28","guid":{"rendered":"https:\/\/holyland.md\/product\/peeling-cream\/"},"modified":"2026-03-24T14:34:34","modified_gmt":"2026-03-24T11:34:34","slug":"peeling-cream","status":"publish","type":"product","link":"https:\/\/holyland.md\/ro\/product\/peeling-cream\/","title":{"rendered":"PEELING CREAM"},"content":{"rendered":"<p>Peeling-gomaj pentru o cur\u0103\u021bare profund\u0103 a pielii. Este indicat \u00een cazul prezen\u021bei a unui strat cornos \u00eengro\u0219at \u0219i a unor comedoane deschise (puncte negre).<\/p>\n<p><strong>Principii active:<\/strong><\/p>\n<p>Parafina, acid palmitic, camfora.<\/p>\n<p><strong>Mod de folosire:<\/strong><\/p>\n<p>Aplica\u021bi un strat sub\u021bire \u0219i uniform pe pielea curat\u0103 \u0219i l\u0103sa\u021bi 1-2 minute. \u00cen timpul usc\u0103rii, preparatul se lipeste de scuamele stratului cornos \u0219i de comedoane, ceea ce asigur\u0103 cea mai profund\u0103 cur\u0103\u021bare posibil\u0103 a pielii \u00een momentul rostogolirii. Este necesar de rostogolit \u00een direc\u021bia de la centru spre periferie. De sp\u0103lat reziduurile cu ap\u0103. De evitat zona ochilor, zonele inflamate, deteriorate \u0219i zonele cu p\u0103rul vellus (puf) abundent. De utilizat o dat\u0103 la 10 zile sau conform recomand\u0103rilor specialistului Dumneavoastr\u0103.<\/p>\n","protected":false},"excerpt":{"rendered":"","protected":false},"featured_media":3794,"template":"","meta":[],"product_cat":[102,130,135],"product_tag":[],"class_list":{"0":"post-1801","1":"product","2":"type-product","3":"status-publish","4":"has-post-thumbnail","6":"product_cat-creams-hl","7":"product_cat-creme","8":"product_cat-peelinguri","10":"first","11":"outofstock","12":"shipping-taxable","13":"purchasable","14":"product-type-variable","15":"has-default-attributes"},"yoast_head":"<!-- This site is optimized with the Yoast SEO plugin v23.3 - https:\/\/yoast.com\/wordpress\/plugins\/seo\/ -->\n<title>PEELING CREAM | Holy Land Cosmetics<\/title>\n<meta name=\"robots\" content=\"index, follow, max-snippet:-1, max-image-preview:large, max-video-preview:-1\" \/>\n<link rel=\"canonical\" href=\"https:\/\/holyland.md\/ro\/product\/peeling-cream\/\" \/>\n<meta property=\"og:locale\" content=\"ro_RO\" \/>\n<meta property=\"og:type\" content=\"article\" \/>\n<meta property=\"og:title\" content=\"PEELING CREAM | Holy Land Cosmetics\" \/>\n<meta property=\"og:url\" content=\"https:\/\/holyland.md\/ro\/product\/peeling-cream\/\" \/>\n<meta property=\"og:site_name\" content=\"Holy Land Cosmetics\" \/>\n<meta property=\"article:modified_time\" content=\"2026-03-24T11:34:34+00:00\" \/>\n<meta property=\"og:image\" content=\"https:\/\/holyland.md\/wp-content\/uploads\/2020\/04\/ALWAYS-ACTIVE-PEELING-CREAM.jpg\" \/>\n\t<meta property=\"og:image:width\" content=\"1000\" \/>\n\t<meta property=\"og:image:height\" content=\"1000\" \/>\n\t<meta property=\"og:image:type\" content=\"image\/jpeg\" \/>\n<meta name=\"twitter:card\" content=\"summary_large_image\" \/>\n<meta name=\"twitter:label1\" content=\"Timp estimat pentru citire\" \/>\n\t<meta name=\"twitter:data1\" content=\"1 minut\" \/>\n<script type=\"application\/ld+json\" class=\"yoast-schema-graph\">{\"@context\":\"https:\/\/schema.org\",\"@graph\":[{\"@type\":\"WebPage\",\"@id\":\"https:\/\/holyland.md\/ro\/product\/peeling-cream\/\",\"url\":\"https:\/\/holyland.md\/ro\/product\/peeling-cream\/\",\"name\":\"PEELING CREAM | Holy Land Cosmetics\",\"isPartOf\":{\"@id\":\"https:\/\/holyland.md\/ro\/#website\"},\"primaryImageOfPage\":{\"@id\":\"https:\/\/holyland.md\/ro\/product\/peeling-cream\/#primaryimage\"},\"image\":{\"@id\":\"https:\/\/holyland.md\/ro\/product\/peeling-cream\/#primaryimage\"},\"thumbnailUrl\":\"https:\/\/holyland.md\/wp-content\/uploads\/2020\/04\/ALWAYS-ACTIVE-PEELING-CREAM.jpg\",\"datePublished\":\"2020-04-24T17:56:28+00:00\",\"dateModified\":\"2026-03-24T11:34:34+00:00\",\"breadcrumb\":{\"@id\":\"https:\/\/holyland.md\/ro\/product\/peeling-cream\/#breadcrumb\"},\"inLanguage\":\"ro-RO\",\"potentialAction\":[{\"@type\":\"ReadAction\",\"target\":[\"https:\/\/holyland.md\/ro\/product\/peeling-cream\/\"]}]},{\"@type\":\"ImageObject\",\"inLanguage\":\"ro-RO\",\"@id\":\"https:\/\/holyland.md\/ro\/product\/peeling-cream\/#primaryimage\",\"url\":\"https:\/\/holyland.md\/wp-content\/uploads\/2020\/04\/ALWAYS-ACTIVE-PEELING-CREAM.jpg\",\"contentUrl\":\"https:\/\/holyland.md\/wp-content\/uploads\/2020\/04\/ALWAYS-ACTIVE-PEELING-CREAM.jpg\",\"width\":1000,\"height\":1000,\"caption\":\"PEELING-CREAM\"},{\"@type\":\"BreadcrumbList\",\"@id\":\"https:\/\/holyland.md\/ro\/product\/peeling-cream\/#breadcrumb\",\"itemListElement\":[{\"@type\":\"ListItem\",\"position\":1,\"name\":\"\u0413\u043b\u0430\u0432\u043d\u0430\u044f \u0441\u0442\u0440\u0430\u043d\u0438\u0446\u0430\",\"item\":\"https:\/\/holyland.md\/ro\/\"},{\"@type\":\"ListItem\",\"position\":2,\"name\":\"Catalog produse HolyLand\",\"item\":\"https:\/\/holyland.md\/ro\/catalog\/\"},{\"@type\":\"ListItem\",\"position\":3,\"name\":\"PEELING CREAM\"}]},{\"@type\":\"WebSite\",\"@id\":\"https:\/\/holyland.md\/ro\/#website\",\"url\":\"https:\/\/holyland.md\/ro\/\",\"name\":\"Holy Land Cosmetics\",\"description\":\"\",\"publisher\":{\"@id\":\"https:\/\/holyland.md\/ro\/#organization\"},\"potentialAction\":[{\"@type\":\"SearchAction\",\"target\":{\"@type\":\"EntryPoint\",\"urlTemplate\":\"https:\/\/holyland.md\/ro\/?s={search_term_string}\"},\"query-input\":\"required name=search_term_string\"}],\"inLanguage\":\"ro-RO\"},{\"@type\":\"Organization\",\"@id\":\"https:\/\/holyland.md\/ro\/#organization\",\"name\":\"Holy Land Cosmetics\",\"url\":\"https:\/\/holyland.md\/ro\/\",\"logo\":{\"@type\":\"ImageObject\",\"inLanguage\":\"ro-RO\",\"@id\":\"https:\/\/holyland.md\/ro\/#\/schema\/logo\/image\/\",\"url\":\"https:\/\/holyland.md\/wp-content\/uploads\/2020\/03\/hl-always-active.png\",\"contentUrl\":\"https:\/\/holyland.md\/wp-content\/uploads\/2020\/03\/hl-always-active.png\",\"width\":1437,\"height\":892,\"caption\":\"Holy Land Cosmetics\"},\"image\":{\"@id\":\"https:\/\/holyland.md\/ro\/#\/schema\/logo\/image\/\"}}]}<\/script>\n<!-- \/ Yoast SEO plugin. -->","yoast_head_json":{"title":"PEELING CREAM | Holy Land Cosmetics","robots":{"index":"index","follow":"follow","max-snippet":"max-snippet:-1","max-image-preview":"max-image-preview:large","max-video-preview":"max-video-preview:-1"},"canonical":"https:\/\/holyland.md\/ro\/product\/peeling-cream\/","og_locale":"ro_RO","og_type":"article","og_title":"PEELING CREAM | Holy Land Cosmetics","og_url":"https:\/\/holyland.md\/ro\/product\/peeling-cream\/","og_site_name":"Holy Land Cosmetics","article_modified_time":"2026-03-24T11:34:34+00:00","og_image":[{"width":1000,"height":1000,"url":"https:\/\/holyland.md\/wp-content\/uploads\/2020\/04\/ALWAYS-ACTIVE-PEELING-CREAM.jpg","type":"image\/jpeg"}],"twitter_card":"summary_large_image","twitter_misc":{"Timp estimat pentru citire":"1 minut"},"schema":{"@context":"https:\/\/schema.org","@graph":[{"@type":"WebPage","@id":"https:\/\/holyland.md\/ro\/product\/peeling-cream\/","url":"https:\/\/holyland.md\/ro\/product\/peeling-cream\/","name":"PEELING CREAM | Holy Land Cosmetics","isPartOf":{"@id":"https:\/\/holyland.md\/ro\/#website"},"primaryImageOfPage":{"@id":"https:\/\/holyland.md\/ro\/product\/peeling-cream\/#primaryimage"},"image":{"@id":"https:\/\/holyland.md\/ro\/product\/peeling-cream\/#primaryimage"},"thumbnailUrl":"https:\/\/holyland.md\/wp-content\/uploads\/2020\/04\/ALWAYS-ACTIVE-PEELING-CREAM.jpg","datePublished":"2020-04-24T17:56:28+00:00","dateModified":"2026-03-24T11:34:34+00:00","breadcrumb":{"@id":"https:\/\/holyland.md\/ro\/product\/peeling-cream\/#breadcrumb"},"inLanguage":"ro-RO","potentialAction":[{"@type":"ReadAction","target":["https:\/\/holyland.md\/ro\/product\/peeling-cream\/"]}]},{"@type":"ImageObject","inLanguage":"ro-RO","@id":"https:\/\/holyland.md\/ro\/product\/peeling-cream\/#primaryimage","url":"https:\/\/holyland.md\/wp-content\/uploads\/2020\/04\/ALWAYS-ACTIVE-PEELING-CREAM.jpg","contentUrl":"https:\/\/holyland.md\/wp-content\/uploads\/2020\/04\/ALWAYS-ACTIVE-PEELING-CREAM.jpg","width":1000,"height":1000,"caption":"PEELING-CREAM"},{"@type":"BreadcrumbList","@id":"https:\/\/holyland.md\/ro\/product\/peeling-cream\/#breadcrumb","itemListElement":[{"@type":"ListItem","position":1,"name":"\u0413\u043b\u0430\u0432\u043d\u0430\u044f \u0441\u0442\u0440\u0430\u043d\u0438\u0446\u0430","item":"https:\/\/holyland.md\/ro\/"},{"@type":"ListItem","position":2,"name":"Catalog produse HolyLand","item":"https:\/\/holyland.md\/ro\/catalog\/"},{"@type":"ListItem","position":3,"name":"PEELING CREAM"}]},{"@type":"WebSite","@id":"https:\/\/holyland.md\/ro\/#website","url":"https:\/\/holyland.md\/ro\/","name":"Holy Land Cosmetics","description":"","publisher":{"@id":"https:\/\/holyland.md\/ro\/#organization"},"potentialAction":[{"@type":"SearchAction","target":{"@type":"EntryPoint","urlTemplate":"https:\/\/holyland.md\/ro\/?s={search_term_string}"},"query-input":"required name=search_term_string"}],"inLanguage":"ro-RO"},{"@type":"Organization","@id":"https:\/\/holyland.md\/ro\/#organization","name":"Holy Land Cosmetics","url":"https:\/\/holyland.md\/ro\/","logo":{"@type":"ImageObject","inLanguage":"ro-RO","@id":"https:\/\/holyland.md\/ro\/#\/schema\/logo\/image\/","url":"https:\/\/holyland.md\/wp-content\/uploads\/2020\/03\/hl-always-active.png","contentUrl":"https:\/\/holyland.md\/wp-content\/uploads\/2020\/03\/hl-always-active.png","width":1437,"height":892,"caption":"Holy Land Cosmetics"},"image":{"@id":"https:\/\/holyland.md\/ro\/#\/schema\/logo\/image\/"}}]}},"_links":{"self":[{"href":"https:\/\/holyland.md\/ro\/wp-json\/wp\/v2\/product\/1801"}],"collection":[{"href":"https:\/\/holyland.md\/ro\/wp-json\/wp\/v2\/product"}],"about":[{"href":"https:\/\/holyland.md\/ro\/wp-json\/wp\/v2\/types\/product"}],"wp:featuredmedia":[{"embeddable":true,"href":"https:\/\/holyland.md\/ro\/wp-json\/wp\/v2\/media\/3794"}],"wp:attachment":[{"href":"https:\/\/holyland.md\/ro\/wp-json\/wp\/v2\/media?parent=1801"}],"wp:term":[{"taxonomy":"product_cat","embeddable":true,"href":"https:\/\/holyland.md\/ro\/wp-json\/wp\/v2\/product_cat?post=1801"},{"taxonomy":"product_tag","embeddable":true,"href":"https:\/\/holyland.md\/ro\/wp-json\/wp\/v2\/product_tag?post=1801"}],"curies":[{"name":"wp","href":"https:\/\/api.w.org\/{rel}","templated":true}]}}