{"id":1807,"date":"2020-04-27T13:20:32","date_gmt":"2020-04-27T10:20:32","guid":{"rendered":"https:\/\/holyland.md\/product\/dermalight-active-illuminating-cream\/"},"modified":"2026-03-23T13:10:24","modified_gmt":"2026-03-23T10:10:24","slug":"dermalight-active-illuminating-cream","status":"publish","type":"product","link":"https:\/\/holyland.md\/ro\/product\/dermalight-active-illuminating-cream\/","title":{"rendered":"DERMALIGHT ACTIVE ILLUMINATING CREAM"},"content":{"rendered":"<p>Produsul cosmeceutic de baz\u0103 cu ac\u021biunea de albire dirijat\u0103. Combin\u0103 componente de \u00een\u0103lbire care blocheaz\u0103 produc\u021bia de pigment la diferite etape ale form\u0103rii sale, precum \u0219i transferul acestuia spre celulele epidermului. Astfel, rezultatul dorit se ob\u021bine treptat &#8211; nivelarea culorii pielii, iluminarea general\u0103 a tenului \u0219i reducerea eviden\u021bii petelor pigmentare. Peparatul combin\u0103 ambele componente chimice de albire: 4-butilrezorcinol, acid kojic, niacianamid\u0103 &#8211; \u0219i extracte vegetale de ac\u021biune \u00een\u0103lbitoare &#8211; saxifraga \u0219i dud.<\/p>\n<p><strong>Principii active:<\/strong><\/p>\n<p>etilhexilmetoxicinamat, niacinamid\u0103, extract de saxifraga, extract de struguri ro\u0219ii, ascorbil fosfat de sodiu, extract de dud, 4-butilrezorcinol, acid kojic.<\/p>\n<p><strong>Mod de folosire:<\/strong><\/p>\n<p>Seara, dup\u0103 o cur\u0103\u021bare minu\u021bioas\u0103, se aplic\u0103 preparatul \u0219i se distribuie uniform pe suprafa\u021ba pielii. Se a\u0219teapt\u0103 p\u00e2n\u0103 la absorb\u021bie complet\u0103. Diminea\u021ba, la sf\u00e2r\u0219itul rutinei zilnice, asigura\u021bi-v\u0103 c\u0103 aplica\u021bi protec\u021bie solar\u0103 cu o valoare SPF de cel pu\u021bin 30!<\/p>\n","protected":false},"excerpt":{"rendered":"<p>Volum: 50 ml<\/p>\n","protected":false},"featured_media":2948,"template":"","meta":[],"product_cat":[104,129,130],"product_tag":[],"class_list":{"0":"post-1807","1":"product","2":"type-product","3":"status-publish","4":"has-post-thumbnail","6":"product_cat-dermalight-hl","7":"product_cat-solutii-contra-acnee","8":"product_cat-creme","10":"first","11":"instock","12":"shipping-taxable","13":"purchasable","14":"product-type-simple"},"yoast_head":"<!-- This site is optimized with the Yoast SEO plugin v23.3 - https:\/\/yoast.com\/wordpress\/plugins\/seo\/ -->\n<title>DERMALIGHT ACTIVE ILLUMINATING CREAM | Holy Land Cosmetics<\/title>\n<meta name=\"robots\" content=\"index, follow, max-snippet:-1, max-image-preview:large, max-video-preview:-1\" \/>\n<link rel=\"canonical\" href=\"https:\/\/holyland.md\/ro\/product\/dermalight-active-illuminating-cream\/\" \/>\n<meta property=\"og:locale\" content=\"ro_RO\" \/>\n<meta property=\"og:type\" content=\"article\" \/>\n<meta property=\"og:title\" content=\"DERMALIGHT ACTIVE ILLUMINATING CREAM | Holy Land Cosmetics\" \/>\n<meta property=\"og:description\" content=\"Volum: 50 ml\" \/>\n<meta property=\"og:url\" content=\"https:\/\/holyland.md\/ro\/product\/dermalight-active-illuminating-cream\/\" \/>\n<meta property=\"og:site_name\" content=\"Holy Land Cosmetics\" \/>\n<meta property=\"article:modified_time\" content=\"2026-03-23T10:10:24+00:00\" \/>\n<meta property=\"og:image\" content=\"https:\/\/holyland.md\/wp-content\/uploads\/2020\/04\/DERMALIGHT-ACTIVE-ILLUMINATING-CREAM.jpg\" \/>\n\t<meta property=\"og:image:width\" content=\"1000\" \/>\n\t<meta property=\"og:image:height\" content=\"1000\" \/>\n\t<meta property=\"og:image:type\" content=\"image\/jpeg\" \/>\n<meta name=\"twitter:card\" content=\"summary_large_image\" \/>\n<meta name=\"twitter:label1\" content=\"Timp estimat pentru citire\" \/>\n\t<meta name=\"twitter:data1\" content=\"1 minut\" \/>\n<script type=\"application\/ld+json\" class=\"yoast-schema-graph\">{\"@context\":\"https:\/\/schema.org\",\"@graph\":[{\"@type\":\"WebPage\",\"@id\":\"https:\/\/holyland.md\/ro\/product\/dermalight-active-illuminating-cream\/\",\"url\":\"https:\/\/holyland.md\/ro\/product\/dermalight-active-illuminating-cream\/\",\"name\":\"DERMALIGHT ACTIVE ILLUMINATING CREAM | Holy Land Cosmetics\",\"isPartOf\":{\"@id\":\"https:\/\/holyland.md\/ro\/#website\"},\"primaryImageOfPage\":{\"@id\":\"https:\/\/holyland.md\/ro\/product\/dermalight-active-illuminating-cream\/#primaryimage\"},\"image\":{\"@id\":\"https:\/\/holyland.md\/ro\/product\/dermalight-active-illuminating-cream\/#primaryimage\"},\"thumbnailUrl\":\"https:\/\/holyland.md\/wp-content\/uploads\/2020\/04\/DERMALIGHT-ACTIVE-ILLUMINATING-CREAM.jpg\",\"datePublished\":\"2020-04-27T10:20:32+00:00\",\"dateModified\":\"2026-03-23T10:10:24+00:00\",\"breadcrumb\":{\"@id\":\"https:\/\/holyland.md\/ro\/product\/dermalight-active-illuminating-cream\/#breadcrumb\"},\"inLanguage\":\"ro-RO\",\"potentialAction\":[{\"@type\":\"ReadAction\",\"target\":[\"https:\/\/holyland.md\/ro\/product\/dermalight-active-illuminating-cream\/\"]}]},{\"@type\":\"ImageObject\",\"inLanguage\":\"ro-RO\",\"@id\":\"https:\/\/holyland.md\/ro\/product\/dermalight-active-illuminating-cream\/#primaryimage\",\"url\":\"https:\/\/holyland.md\/wp-content\/uploads\/2020\/04\/DERMALIGHT-ACTIVE-ILLUMINATING-CREAM.jpg\",\"contentUrl\":\"https:\/\/holyland.md\/wp-content\/uploads\/2020\/04\/DERMALIGHT-ACTIVE-ILLUMINATING-CREAM.jpg\",\"width\":1000,\"height\":1000},{\"@type\":\"BreadcrumbList\",\"@id\":\"https:\/\/holyland.md\/ro\/product\/dermalight-active-illuminating-cream\/#breadcrumb\",\"itemListElement\":[{\"@type\":\"ListItem\",\"position\":1,\"name\":\"\u0413\u043b\u0430\u0432\u043d\u0430\u044f \u0441\u0442\u0440\u0430\u043d\u0438\u0446\u0430\",\"item\":\"https:\/\/holyland.md\/ro\/\"},{\"@type\":\"ListItem\",\"position\":2,\"name\":\"Catalog produse HolyLand\",\"item\":\"https:\/\/holyland.md\/ro\/catalog\/\"},{\"@type\":\"ListItem\",\"position\":3,\"name\":\"DERMALIGHT ACTIVE ILLUMINATING CREAM\"}]},{\"@type\":\"WebSite\",\"@id\":\"https:\/\/holyland.md\/ro\/#website\",\"url\":\"https:\/\/holyland.md\/ro\/\",\"name\":\"Holy Land Cosmetics\",\"description\":\"\",\"publisher\":{\"@id\":\"https:\/\/holyland.md\/ro\/#organization\"},\"potentialAction\":[{\"@type\":\"SearchAction\",\"target\":{\"@type\":\"EntryPoint\",\"urlTemplate\":\"https:\/\/holyland.md\/ro\/?s={search_term_string}\"},\"query-input\":\"required name=search_term_string\"}],\"inLanguage\":\"ro-RO\"},{\"@type\":\"Organization\",\"@id\":\"https:\/\/holyland.md\/ro\/#organization\",\"name\":\"Holy Land Cosmetics\",\"url\":\"https:\/\/holyland.md\/ro\/\",\"logo\":{\"@type\":\"ImageObject\",\"inLanguage\":\"ro-RO\",\"@id\":\"https:\/\/holyland.md\/ro\/#\/schema\/logo\/image\/\",\"url\":\"https:\/\/holyland.md\/wp-content\/uploads\/2020\/03\/hl-always-active.png\",\"contentUrl\":\"https:\/\/holyland.md\/wp-content\/uploads\/2020\/03\/hl-always-active.png\",\"width\":1437,\"height\":892,\"caption\":\"Holy Land Cosmetics\"},\"image\":{\"@id\":\"https:\/\/holyland.md\/ro\/#\/schema\/logo\/image\/\"}}]}<\/script>\n<!-- \/ Yoast SEO plugin. -->","yoast_head_json":{"title":"DERMALIGHT ACTIVE ILLUMINATING CREAM | Holy Land Cosmetics","robots":{"index":"index","follow":"follow","max-snippet":"max-snippet:-1","max-image-preview":"max-image-preview:large","max-video-preview":"max-video-preview:-1"},"canonical":"https:\/\/holyland.md\/ro\/product\/dermalight-active-illuminating-cream\/","og_locale":"ro_RO","og_type":"article","og_title":"DERMALIGHT ACTIVE ILLUMINATING CREAM | Holy Land Cosmetics","og_description":"Volum: 50 ml","og_url":"https:\/\/holyland.md\/ro\/product\/dermalight-active-illuminating-cream\/","og_site_name":"Holy Land Cosmetics","article_modified_time":"2026-03-23T10:10:24+00:00","og_image":[{"width":1000,"height":1000,"url":"https:\/\/holyland.md\/wp-content\/uploads\/2020\/04\/DERMALIGHT-ACTIVE-ILLUMINATING-CREAM.jpg","type":"image\/jpeg"}],"twitter_card":"summary_large_image","twitter_misc":{"Timp estimat pentru citire":"1 minut"},"schema":{"@context":"https:\/\/schema.org","@graph":[{"@type":"WebPage","@id":"https:\/\/holyland.md\/ro\/product\/dermalight-active-illuminating-cream\/","url":"https:\/\/holyland.md\/ro\/product\/dermalight-active-illuminating-cream\/","name":"DERMALIGHT ACTIVE ILLUMINATING CREAM | Holy Land Cosmetics","isPartOf":{"@id":"https:\/\/holyland.md\/ro\/#website"},"primaryImageOfPage":{"@id":"https:\/\/holyland.md\/ro\/product\/dermalight-active-illuminating-cream\/#primaryimage"},"image":{"@id":"https:\/\/holyland.md\/ro\/product\/dermalight-active-illuminating-cream\/#primaryimage"},"thumbnailUrl":"https:\/\/holyland.md\/wp-content\/uploads\/2020\/04\/DERMALIGHT-ACTIVE-ILLUMINATING-CREAM.jpg","datePublished":"2020-04-27T10:20:32+00:00","dateModified":"2026-03-23T10:10:24+00:00","breadcrumb":{"@id":"https:\/\/holyland.md\/ro\/product\/dermalight-active-illuminating-cream\/#breadcrumb"},"inLanguage":"ro-RO","potentialAction":[{"@type":"ReadAction","target":["https:\/\/holyland.md\/ro\/product\/dermalight-active-illuminating-cream\/"]}]},{"@type":"ImageObject","inLanguage":"ro-RO","@id":"https:\/\/holyland.md\/ro\/product\/dermalight-active-illuminating-cream\/#primaryimage","url":"https:\/\/holyland.md\/wp-content\/uploads\/2020\/04\/DERMALIGHT-ACTIVE-ILLUMINATING-CREAM.jpg","contentUrl":"https:\/\/holyland.md\/wp-content\/uploads\/2020\/04\/DERMALIGHT-ACTIVE-ILLUMINATING-CREAM.jpg","width":1000,"height":1000},{"@type":"BreadcrumbList","@id":"https:\/\/holyland.md\/ro\/product\/dermalight-active-illuminating-cream\/#breadcrumb","itemListElement":[{"@type":"ListItem","position":1,"name":"\u0413\u043b\u0430\u0432\u043d\u0430\u044f \u0441\u0442\u0440\u0430\u043d\u0438\u0446\u0430","item":"https:\/\/holyland.md\/ro\/"},{"@type":"ListItem","position":2,"name":"Catalog produse HolyLand","item":"https:\/\/holyland.md\/ro\/catalog\/"},{"@type":"ListItem","position":3,"name":"DERMALIGHT ACTIVE ILLUMINATING CREAM"}]},{"@type":"WebSite","@id":"https:\/\/holyland.md\/ro\/#website","url":"https:\/\/holyland.md\/ro\/","name":"Holy Land Cosmetics","description":"","publisher":{"@id":"https:\/\/holyland.md\/ro\/#organization"},"potentialAction":[{"@type":"SearchAction","target":{"@type":"EntryPoint","urlTemplate":"https:\/\/holyland.md\/ro\/?s={search_term_string}"},"query-input":"required name=search_term_string"}],"inLanguage":"ro-RO"},{"@type":"Organization","@id":"https:\/\/holyland.md\/ro\/#organization","name":"Holy Land Cosmetics","url":"https:\/\/holyland.md\/ro\/","logo":{"@type":"ImageObject","inLanguage":"ro-RO","@id":"https:\/\/holyland.md\/ro\/#\/schema\/logo\/image\/","url":"https:\/\/holyland.md\/wp-content\/uploads\/2020\/03\/hl-always-active.png","contentUrl":"https:\/\/holyland.md\/wp-content\/uploads\/2020\/03\/hl-always-active.png","width":1437,"height":892,"caption":"Holy Land Cosmetics"},"image":{"@id":"https:\/\/holyland.md\/ro\/#\/schema\/logo\/image\/"}}]}},"_links":{"self":[{"href":"https:\/\/holyland.md\/ro\/wp-json\/wp\/v2\/product\/1807"}],"collection":[{"href":"https:\/\/holyland.md\/ro\/wp-json\/wp\/v2\/product"}],"about":[{"href":"https:\/\/holyland.md\/ro\/wp-json\/wp\/v2\/types\/product"}],"wp:featuredmedia":[{"embeddable":true,"href":"https:\/\/holyland.md\/ro\/wp-json\/wp\/v2\/media\/2948"}],"wp:attachment":[{"href":"https:\/\/holyland.md\/ro\/wp-json\/wp\/v2\/media?parent=1807"}],"wp:term":[{"taxonomy":"product_cat","embeddable":true,"href":"https:\/\/holyland.md\/ro\/wp-json\/wp\/v2\/product_cat?post=1807"},{"taxonomy":"product_tag","embeddable":true,"href":"https:\/\/holyland.md\/ro\/wp-json\/wp\/v2\/product_tag?post=1807"}],"curies":[{"name":"wp","href":"https:\/\/api.w.org\/{rel}","templated":true}]}}