{"id":1814,"date":"2020-04-27T13:27:39","date_gmt":"2020-04-27T10:27:39","guid":{"rendered":"https:\/\/holyland.md\/product\/dermalight-dark-circle-corrective-eye-cream\/"},"modified":"2026-03-24T14:18:19","modified_gmt":"2026-03-24T11:18:19","slug":"dermalight-dark-circle-corrective-eye-cream","status":"publish","type":"product","link":"https:\/\/holyland.md\/ro\/product\/dermalight-dark-circle-corrective-eye-cream\/","title":{"rendered":"DERMALIGHT DARK CIRCLE CORRECTIVE EYE CREAM"},"content":{"rendered":"<p>O crem\u0103 special\u0103 pentru zona ochilor care ajut\u0103 la combaterea cearc\u0103nelor. Produsul este \u00eembog\u0103\u021bit cu componentele de drenaj \u0219i componentele care \u00eembun\u0103t\u0103\u021besc microcircula\u021bia: cofeina \u0219i niacinamida. Mai mult ca at\u00e2t, crema con\u021bine cele mai moderne componente hidratante (un complex de compu\u0219i de cupru), care previn modific\u0103rile legate de v\u00e2rst\u0103 \u00een aceast\u0103 zon\u0103 delicat\u0103.<\/p>\n<p><strong>Principii active:<\/strong><\/p>\n<p>niacinamid\u0103, cofein\u0103, ascorbil fosfat de sodiu, extract de chinoa, cear\u0103 de albine, lizinat \/ prolinat de cupru, propil galat \/ glicozid galic \/ epigallocatechin\u0103 galatil glicozid\u0103.<\/p>\n<p><strong>Mod de folosire:<\/strong><\/p>\n<p>Dup\u0103 cur\u0103\u021bare \u0219i tonifiere delicat\u0103, se aplic\u0103 o cantitate mic\u0103 de crem\u0103 pe zona din jurul ochilor pe de-a lungul p\u0103r\u021bii osoase. De promovat absorb\u021bie prin mi\u0219c\u0103ri de tapotament.<\/p>\n","protected":false},"excerpt":{"rendered":"<p>Volum: 15 ml<\/p>\n","protected":false},"featured_media":0,"template":"","meta":[],"product_cat":[104,126,129,130],"product_tag":[],"class_list":{"0":"post-1814","1":"product","2":"type-product","3":"status-publish","5":"product_cat-dermalight-hl","6":"product_cat-pentru-ochi","7":"product_cat-solutii-contra-acnee","8":"product_cat-creme","10":"first","11":"outofstock","12":"shipping-taxable","13":"purchasable","14":"product-type-simple"},"yoast_head":"<!-- This site is optimized with the Yoast SEO plugin v23.3 - https:\/\/yoast.com\/wordpress\/plugins\/seo\/ -->\n<title>DERMALIGHT DARK CIRCLE CORRECTIVE EYE CREAM | Holy Land Cosmetics<\/title>\n<meta name=\"robots\" content=\"index, follow, max-snippet:-1, max-image-preview:large, max-video-preview:-1\" \/>\n<link rel=\"canonical\" href=\"https:\/\/holyland.md\/ro\/product\/dermalight-dark-circle-corrective-eye-cream\/\" \/>\n<meta property=\"og:locale\" content=\"ro_RO\" \/>\n<meta property=\"og:type\" content=\"article\" \/>\n<meta property=\"og:title\" content=\"DERMALIGHT DARK CIRCLE CORRECTIVE EYE CREAM | Holy Land Cosmetics\" \/>\n<meta property=\"og:description\" content=\"Volum: 15 ml\" \/>\n<meta property=\"og:url\" content=\"https:\/\/holyland.md\/ro\/product\/dermalight-dark-circle-corrective-eye-cream\/\" \/>\n<meta property=\"og:site_name\" content=\"Holy Land Cosmetics\" \/>\n<meta property=\"article:modified_time\" content=\"2026-03-24T11:18:19+00:00\" \/>\n<meta name=\"twitter:card\" content=\"summary_large_image\" \/>\n<meta name=\"twitter:label1\" content=\"Timp estimat pentru citire\" \/>\n\t<meta name=\"twitter:data1\" content=\"1 minut\" \/>\n<script type=\"application\/ld+json\" class=\"yoast-schema-graph\">{\"@context\":\"https:\/\/schema.org\",\"@graph\":[{\"@type\":\"WebPage\",\"@id\":\"https:\/\/holyland.md\/ro\/product\/dermalight-dark-circle-corrective-eye-cream\/\",\"url\":\"https:\/\/holyland.md\/ro\/product\/dermalight-dark-circle-corrective-eye-cream\/\",\"name\":\"DERMALIGHT DARK CIRCLE CORRECTIVE EYE CREAM | Holy Land Cosmetics\",\"isPartOf\":{\"@id\":\"https:\/\/holyland.md\/ro\/#website\"},\"datePublished\":\"2020-04-27T10:27:39+00:00\",\"dateModified\":\"2026-03-24T11:18:19+00:00\",\"breadcrumb\":{\"@id\":\"https:\/\/holyland.md\/ro\/product\/dermalight-dark-circle-corrective-eye-cream\/#breadcrumb\"},\"inLanguage\":\"ro-RO\",\"potentialAction\":[{\"@type\":\"ReadAction\",\"target\":[\"https:\/\/holyland.md\/ro\/product\/dermalight-dark-circle-corrective-eye-cream\/\"]}]},{\"@type\":\"BreadcrumbList\",\"@id\":\"https:\/\/holyland.md\/ro\/product\/dermalight-dark-circle-corrective-eye-cream\/#breadcrumb\",\"itemListElement\":[{\"@type\":\"ListItem\",\"position\":1,\"name\":\"\u0413\u043b\u0430\u0432\u043d\u0430\u044f \u0441\u0442\u0440\u0430\u043d\u0438\u0446\u0430\",\"item\":\"https:\/\/holyland.md\/ro\/\"},{\"@type\":\"ListItem\",\"position\":2,\"name\":\"Catalog produse HolyLand\",\"item\":\"https:\/\/holyland.md\/ro\/catalog\/\"},{\"@type\":\"ListItem\",\"position\":3,\"name\":\"DERMALIGHT DARK CIRCLE CORRECTIVE EYE CREAM\"}]},{\"@type\":\"WebSite\",\"@id\":\"https:\/\/holyland.md\/ro\/#website\",\"url\":\"https:\/\/holyland.md\/ro\/\",\"name\":\"Holy Land Cosmetics\",\"description\":\"\",\"publisher\":{\"@id\":\"https:\/\/holyland.md\/ro\/#organization\"},\"potentialAction\":[{\"@type\":\"SearchAction\",\"target\":{\"@type\":\"EntryPoint\",\"urlTemplate\":\"https:\/\/holyland.md\/ro\/?s={search_term_string}\"},\"query-input\":\"required name=search_term_string\"}],\"inLanguage\":\"ro-RO\"},{\"@type\":\"Organization\",\"@id\":\"https:\/\/holyland.md\/ro\/#organization\",\"name\":\"Holy Land Cosmetics\",\"url\":\"https:\/\/holyland.md\/ro\/\",\"logo\":{\"@type\":\"ImageObject\",\"inLanguage\":\"ro-RO\",\"@id\":\"https:\/\/holyland.md\/ro\/#\/schema\/logo\/image\/\",\"url\":\"https:\/\/holyland.md\/wp-content\/uploads\/2020\/03\/hl-always-active.png\",\"contentUrl\":\"https:\/\/holyland.md\/wp-content\/uploads\/2020\/03\/hl-always-active.png\",\"width\":1437,\"height\":892,\"caption\":\"Holy Land Cosmetics\"},\"image\":{\"@id\":\"https:\/\/holyland.md\/ro\/#\/schema\/logo\/image\/\"}}]}<\/script>\n<!-- \/ Yoast SEO plugin. -->","yoast_head_json":{"title":"DERMALIGHT DARK CIRCLE CORRECTIVE EYE CREAM | Holy Land Cosmetics","robots":{"index":"index","follow":"follow","max-snippet":"max-snippet:-1","max-image-preview":"max-image-preview:large","max-video-preview":"max-video-preview:-1"},"canonical":"https:\/\/holyland.md\/ro\/product\/dermalight-dark-circle-corrective-eye-cream\/","og_locale":"ro_RO","og_type":"article","og_title":"DERMALIGHT DARK CIRCLE CORRECTIVE EYE CREAM | Holy Land Cosmetics","og_description":"Volum: 15 ml","og_url":"https:\/\/holyland.md\/ro\/product\/dermalight-dark-circle-corrective-eye-cream\/","og_site_name":"Holy Land Cosmetics","article_modified_time":"2026-03-24T11:18:19+00:00","twitter_card":"summary_large_image","twitter_misc":{"Timp estimat pentru citire":"1 minut"},"schema":{"@context":"https:\/\/schema.org","@graph":[{"@type":"WebPage","@id":"https:\/\/holyland.md\/ro\/product\/dermalight-dark-circle-corrective-eye-cream\/","url":"https:\/\/holyland.md\/ro\/product\/dermalight-dark-circle-corrective-eye-cream\/","name":"DERMALIGHT DARK CIRCLE CORRECTIVE EYE CREAM | Holy Land Cosmetics","isPartOf":{"@id":"https:\/\/holyland.md\/ro\/#website"},"datePublished":"2020-04-27T10:27:39+00:00","dateModified":"2026-03-24T11:18:19+00:00","breadcrumb":{"@id":"https:\/\/holyland.md\/ro\/product\/dermalight-dark-circle-corrective-eye-cream\/#breadcrumb"},"inLanguage":"ro-RO","potentialAction":[{"@type":"ReadAction","target":["https:\/\/holyland.md\/ro\/product\/dermalight-dark-circle-corrective-eye-cream\/"]}]},{"@type":"BreadcrumbList","@id":"https:\/\/holyland.md\/ro\/product\/dermalight-dark-circle-corrective-eye-cream\/#breadcrumb","itemListElement":[{"@type":"ListItem","position":1,"name":"\u0413\u043b\u0430\u0432\u043d\u0430\u044f \u0441\u0442\u0440\u0430\u043d\u0438\u0446\u0430","item":"https:\/\/holyland.md\/ro\/"},{"@type":"ListItem","position":2,"name":"Catalog produse HolyLand","item":"https:\/\/holyland.md\/ro\/catalog\/"},{"@type":"ListItem","position":3,"name":"DERMALIGHT DARK CIRCLE CORRECTIVE EYE CREAM"}]},{"@type":"WebSite","@id":"https:\/\/holyland.md\/ro\/#website","url":"https:\/\/holyland.md\/ro\/","name":"Holy Land Cosmetics","description":"","publisher":{"@id":"https:\/\/holyland.md\/ro\/#organization"},"potentialAction":[{"@type":"SearchAction","target":{"@type":"EntryPoint","urlTemplate":"https:\/\/holyland.md\/ro\/?s={search_term_string}"},"query-input":"required name=search_term_string"}],"inLanguage":"ro-RO"},{"@type":"Organization","@id":"https:\/\/holyland.md\/ro\/#organization","name":"Holy Land Cosmetics","url":"https:\/\/holyland.md\/ro\/","logo":{"@type":"ImageObject","inLanguage":"ro-RO","@id":"https:\/\/holyland.md\/ro\/#\/schema\/logo\/image\/","url":"https:\/\/holyland.md\/wp-content\/uploads\/2020\/03\/hl-always-active.png","contentUrl":"https:\/\/holyland.md\/wp-content\/uploads\/2020\/03\/hl-always-active.png","width":1437,"height":892,"caption":"Holy Land Cosmetics"},"image":{"@id":"https:\/\/holyland.md\/ro\/#\/schema\/logo\/image\/"}}]}},"_links":{"self":[{"href":"https:\/\/holyland.md\/ro\/wp-json\/wp\/v2\/product\/1814"}],"collection":[{"href":"https:\/\/holyland.md\/ro\/wp-json\/wp\/v2\/product"}],"about":[{"href":"https:\/\/holyland.md\/ro\/wp-json\/wp\/v2\/types\/product"}],"wp:attachment":[{"href":"https:\/\/holyland.md\/ro\/wp-json\/wp\/v2\/media?parent=1814"}],"wp:term":[{"taxonomy":"product_cat","embeddable":true,"href":"https:\/\/holyland.md\/ro\/wp-json\/wp\/v2\/product_cat?post=1814"},{"taxonomy":"product_tag","embeddable":true,"href":"https:\/\/holyland.md\/ro\/wp-json\/wp\/v2\/product_tag?post=1814"}],"curies":[{"name":"wp","href":"https:\/\/api.w.org\/{rel}","templated":true}]}}