{"id":1860,"date":"2020-04-27T12:00:09","date_gmt":"2020-04-27T09:00:09","guid":{"rendered":"https:\/\/holyland.md\/product\/juvelast-intensive-night-cream\/"},"modified":"2026-03-23T13:15:40","modified_gmt":"2026-03-23T10:15:40","slug":"juvelast-intensive-night-cream","status":"publish","type":"product","link":"https:\/\/holyland.md\/ro\/product\/juvelast-intensive-night-cream\/","title":{"rendered":"JUVELAST INTENSIVE NIGHT CREAM"},"content":{"rendered":"<p>O crem\u0103 intens\u0103 de noapte de o textur\u0103 bogat\u0103. Hr\u0103ne\u0219te perfect pielea, amelior\u00e2nd senza\u021biile de str\u00e2ngere, discomfort, hidrateaz\u0103 pentru o perioad\u0103 lung\u0103 de timp. Datorit\u0103 componentelor sale anti-\u00eemb\u0103tr\u00e2nire active (niacinamid\u0103, compu\u0219i de cupru, extract de yam s\u0103lbatic, steroli de soia), \u00een caz de  utilizare prelungit\u0103, \u00eembun\u0103t\u0103\u021be\u0219te calitatea pielii, sporind fermitatea \u0219i elasticitatea acesteia, reduce num\u0103rul ridurilor \u0219i men\u021bine procesele metabolice ale pielii la nivelul unui organism t\u00e2n\u0103r.<strong>\u00a0<\/strong><\/p>\n<p><strong>Principii active:<\/strong><\/p>\n<p>Complex de cupru-peptide, enzime de restabilire AND-lui, ceramide, acid hialuronic, vitamine B3 \u015fi B5, extract de Yam s\u0103lbatic \u015fi ginkgo biloba.<strong>\u00a0<\/strong><\/p>\n<p><strong>Mod de aplicare:<\/strong><\/p>\n<p>Seara ca ultimul pas al ritualului de \u00eenfrumuse\u021bare se aplic\u0103 o cantitate mic\u0103 de crem\u0103 pe pielea curat\u0103 \u0219i preg\u0103tit\u0103. Iarna, poate fi folosit \u00een func\u021bie de produs de protec\u021bie \u00eempotriva frigului, \u00eenghe\u021bului \u0219i a v\u00e2ntului.<\/p>\n","protected":false},"excerpt":{"rendered":"<p>Volum: 50 ml<\/p>\n","protected":false},"featured_media":2775,"template":"","meta":[],"product_cat":[108,130],"product_tag":[],"class_list":{"0":"post-1860","1":"product","2":"type-product","3":"status-publish","4":"has-post-thumbnail","6":"product_cat-juvelast-hl","7":"product_cat-creme","9":"first","10":"instock","11":"shipping-taxable","12":"purchasable","13":"product-type-simple"},"yoast_head":"<!-- This site is optimized with the Yoast SEO plugin v23.3 - https:\/\/yoast.com\/wordpress\/plugins\/seo\/ -->\n<title>JUVELAST INTENSIVE NIGHT CREAM | Holy Land Cosmetics<\/title>\n<meta name=\"robots\" content=\"index, follow, max-snippet:-1, max-image-preview:large, max-video-preview:-1\" \/>\n<link rel=\"canonical\" href=\"https:\/\/holyland.md\/ro\/product\/juvelast-intensive-night-cream\/\" \/>\n<meta property=\"og:locale\" content=\"ro_RO\" \/>\n<meta property=\"og:type\" content=\"article\" \/>\n<meta property=\"og:title\" content=\"JUVELAST INTENSIVE NIGHT CREAM | Holy Land Cosmetics\" \/>\n<meta property=\"og:description\" content=\"Volum: 50 ml\" \/>\n<meta property=\"og:url\" content=\"https:\/\/holyland.md\/ro\/product\/juvelast-intensive-night-cream\/\" \/>\n<meta property=\"og:site_name\" content=\"Holy Land Cosmetics\" \/>\n<meta property=\"article:modified_time\" content=\"2026-03-23T10:15:40+00:00\" \/>\n<meta property=\"og:image\" content=\"https:\/\/holyland.md\/wp-content\/uploads\/2020\/04\/JUVELAST-INTENSIVE-NIGHT-CREAM-LITTLE.jpg\" \/>\n\t<meta property=\"og:image:width\" content=\"1000\" \/>\n\t<meta property=\"og:image:height\" content=\"1000\" \/>\n\t<meta property=\"og:image:type\" content=\"image\/jpeg\" \/>\n<meta name=\"twitter:card\" content=\"summary_large_image\" \/>\n<meta name=\"twitter:label1\" content=\"Timp estimat pentru citire\" \/>\n\t<meta name=\"twitter:data1\" content=\"1 minut\" \/>\n<script type=\"application\/ld+json\" class=\"yoast-schema-graph\">{\"@context\":\"https:\/\/schema.org\",\"@graph\":[{\"@type\":\"WebPage\",\"@id\":\"https:\/\/holyland.md\/ro\/product\/juvelast-intensive-night-cream\/\",\"url\":\"https:\/\/holyland.md\/ro\/product\/juvelast-intensive-night-cream\/\",\"name\":\"JUVELAST INTENSIVE NIGHT CREAM | Holy Land Cosmetics\",\"isPartOf\":{\"@id\":\"https:\/\/holyland.md\/ro\/#website\"},\"primaryImageOfPage\":{\"@id\":\"https:\/\/holyland.md\/ro\/product\/juvelast-intensive-night-cream\/#primaryimage\"},\"image\":{\"@id\":\"https:\/\/holyland.md\/ro\/product\/juvelast-intensive-night-cream\/#primaryimage\"},\"thumbnailUrl\":\"https:\/\/holyland.md\/wp-content\/uploads\/2020\/04\/JUVELAST-INTENSIVE-NIGHT-CREAM-LITTLE.jpg\",\"datePublished\":\"2020-04-27T09:00:09+00:00\",\"dateModified\":\"2026-03-23T10:15:40+00:00\",\"breadcrumb\":{\"@id\":\"https:\/\/holyland.md\/ro\/product\/juvelast-intensive-night-cream\/#breadcrumb\"},\"inLanguage\":\"ro-RO\",\"potentialAction\":[{\"@type\":\"ReadAction\",\"target\":[\"https:\/\/holyland.md\/ro\/product\/juvelast-intensive-night-cream\/\"]}]},{\"@type\":\"ImageObject\",\"inLanguage\":\"ro-RO\",\"@id\":\"https:\/\/holyland.md\/ro\/product\/juvelast-intensive-night-cream\/#primaryimage\",\"url\":\"https:\/\/holyland.md\/wp-content\/uploads\/2020\/04\/JUVELAST-INTENSIVE-NIGHT-CREAM-LITTLE.jpg\",\"contentUrl\":\"https:\/\/holyland.md\/wp-content\/uploads\/2020\/04\/JUVELAST-INTENSIVE-NIGHT-CREAM-LITTLE.jpg\",\"width\":1000,\"height\":1000},{\"@type\":\"BreadcrumbList\",\"@id\":\"https:\/\/holyland.md\/ro\/product\/juvelast-intensive-night-cream\/#breadcrumb\",\"itemListElement\":[{\"@type\":\"ListItem\",\"position\":1,\"name\":\"\u0413\u043b\u0430\u0432\u043d\u0430\u044f \u0441\u0442\u0440\u0430\u043d\u0438\u0446\u0430\",\"item\":\"https:\/\/holyland.md\/ro\/\"},{\"@type\":\"ListItem\",\"position\":2,\"name\":\"Catalog produse HolyLand\",\"item\":\"https:\/\/holyland.md\/ro\/catalog\/\"},{\"@type\":\"ListItem\",\"position\":3,\"name\":\"JUVELAST INTENSIVE NIGHT CREAM\"}]},{\"@type\":\"WebSite\",\"@id\":\"https:\/\/holyland.md\/ro\/#website\",\"url\":\"https:\/\/holyland.md\/ro\/\",\"name\":\"Holy Land Cosmetics\",\"description\":\"\",\"publisher\":{\"@id\":\"https:\/\/holyland.md\/ro\/#organization\"},\"potentialAction\":[{\"@type\":\"SearchAction\",\"target\":{\"@type\":\"EntryPoint\",\"urlTemplate\":\"https:\/\/holyland.md\/ro\/?s={search_term_string}\"},\"query-input\":\"required name=search_term_string\"}],\"inLanguage\":\"ro-RO\"},{\"@type\":\"Organization\",\"@id\":\"https:\/\/holyland.md\/ro\/#organization\",\"name\":\"Holy Land Cosmetics\",\"url\":\"https:\/\/holyland.md\/ro\/\",\"logo\":{\"@type\":\"ImageObject\",\"inLanguage\":\"ro-RO\",\"@id\":\"https:\/\/holyland.md\/ro\/#\/schema\/logo\/image\/\",\"url\":\"https:\/\/holyland.md\/wp-content\/uploads\/2020\/03\/hl-always-active.png\",\"contentUrl\":\"https:\/\/holyland.md\/wp-content\/uploads\/2020\/03\/hl-always-active.png\",\"width\":1437,\"height\":892,\"caption\":\"Holy Land Cosmetics\"},\"image\":{\"@id\":\"https:\/\/holyland.md\/ro\/#\/schema\/logo\/image\/\"}}]}<\/script>\n<!-- \/ Yoast SEO plugin. -->","yoast_head_json":{"title":"JUVELAST INTENSIVE NIGHT CREAM | Holy Land Cosmetics","robots":{"index":"index","follow":"follow","max-snippet":"max-snippet:-1","max-image-preview":"max-image-preview:large","max-video-preview":"max-video-preview:-1"},"canonical":"https:\/\/holyland.md\/ro\/product\/juvelast-intensive-night-cream\/","og_locale":"ro_RO","og_type":"article","og_title":"JUVELAST INTENSIVE NIGHT CREAM | Holy Land Cosmetics","og_description":"Volum: 50 ml","og_url":"https:\/\/holyland.md\/ro\/product\/juvelast-intensive-night-cream\/","og_site_name":"Holy Land Cosmetics","article_modified_time":"2026-03-23T10:15:40+00:00","og_image":[{"width":1000,"height":1000,"url":"https:\/\/holyland.md\/wp-content\/uploads\/2020\/04\/JUVELAST-INTENSIVE-NIGHT-CREAM-LITTLE.jpg","type":"image\/jpeg"}],"twitter_card":"summary_large_image","twitter_misc":{"Timp estimat pentru citire":"1 minut"},"schema":{"@context":"https:\/\/schema.org","@graph":[{"@type":"WebPage","@id":"https:\/\/holyland.md\/ro\/product\/juvelast-intensive-night-cream\/","url":"https:\/\/holyland.md\/ro\/product\/juvelast-intensive-night-cream\/","name":"JUVELAST INTENSIVE NIGHT CREAM | Holy Land Cosmetics","isPartOf":{"@id":"https:\/\/holyland.md\/ro\/#website"},"primaryImageOfPage":{"@id":"https:\/\/holyland.md\/ro\/product\/juvelast-intensive-night-cream\/#primaryimage"},"image":{"@id":"https:\/\/holyland.md\/ro\/product\/juvelast-intensive-night-cream\/#primaryimage"},"thumbnailUrl":"https:\/\/holyland.md\/wp-content\/uploads\/2020\/04\/JUVELAST-INTENSIVE-NIGHT-CREAM-LITTLE.jpg","datePublished":"2020-04-27T09:00:09+00:00","dateModified":"2026-03-23T10:15:40+00:00","breadcrumb":{"@id":"https:\/\/holyland.md\/ro\/product\/juvelast-intensive-night-cream\/#breadcrumb"},"inLanguage":"ro-RO","potentialAction":[{"@type":"ReadAction","target":["https:\/\/holyland.md\/ro\/product\/juvelast-intensive-night-cream\/"]}]},{"@type":"ImageObject","inLanguage":"ro-RO","@id":"https:\/\/holyland.md\/ro\/product\/juvelast-intensive-night-cream\/#primaryimage","url":"https:\/\/holyland.md\/wp-content\/uploads\/2020\/04\/JUVELAST-INTENSIVE-NIGHT-CREAM-LITTLE.jpg","contentUrl":"https:\/\/holyland.md\/wp-content\/uploads\/2020\/04\/JUVELAST-INTENSIVE-NIGHT-CREAM-LITTLE.jpg","width":1000,"height":1000},{"@type":"BreadcrumbList","@id":"https:\/\/holyland.md\/ro\/product\/juvelast-intensive-night-cream\/#breadcrumb","itemListElement":[{"@type":"ListItem","position":1,"name":"\u0413\u043b\u0430\u0432\u043d\u0430\u044f \u0441\u0442\u0440\u0430\u043d\u0438\u0446\u0430","item":"https:\/\/holyland.md\/ro\/"},{"@type":"ListItem","position":2,"name":"Catalog produse HolyLand","item":"https:\/\/holyland.md\/ro\/catalog\/"},{"@type":"ListItem","position":3,"name":"JUVELAST INTENSIVE NIGHT CREAM"}]},{"@type":"WebSite","@id":"https:\/\/holyland.md\/ro\/#website","url":"https:\/\/holyland.md\/ro\/","name":"Holy Land Cosmetics","description":"","publisher":{"@id":"https:\/\/holyland.md\/ro\/#organization"},"potentialAction":[{"@type":"SearchAction","target":{"@type":"EntryPoint","urlTemplate":"https:\/\/holyland.md\/ro\/?s={search_term_string}"},"query-input":"required name=search_term_string"}],"inLanguage":"ro-RO"},{"@type":"Organization","@id":"https:\/\/holyland.md\/ro\/#organization","name":"Holy Land Cosmetics","url":"https:\/\/holyland.md\/ro\/","logo":{"@type":"ImageObject","inLanguage":"ro-RO","@id":"https:\/\/holyland.md\/ro\/#\/schema\/logo\/image\/","url":"https:\/\/holyland.md\/wp-content\/uploads\/2020\/03\/hl-always-active.png","contentUrl":"https:\/\/holyland.md\/wp-content\/uploads\/2020\/03\/hl-always-active.png","width":1437,"height":892,"caption":"Holy Land Cosmetics"},"image":{"@id":"https:\/\/holyland.md\/ro\/#\/schema\/logo\/image\/"}}]}},"_links":{"self":[{"href":"https:\/\/holyland.md\/ro\/wp-json\/wp\/v2\/product\/1860"}],"collection":[{"href":"https:\/\/holyland.md\/ro\/wp-json\/wp\/v2\/product"}],"about":[{"href":"https:\/\/holyland.md\/ro\/wp-json\/wp\/v2\/types\/product"}],"wp:featuredmedia":[{"embeddable":true,"href":"https:\/\/holyland.md\/ro\/wp-json\/wp\/v2\/media\/2775"}],"wp:attachment":[{"href":"https:\/\/holyland.md\/ro\/wp-json\/wp\/v2\/media?parent=1860"}],"wp:term":[{"taxonomy":"product_cat","embeddable":true,"href":"https:\/\/holyland.md\/ro\/wp-json\/wp\/v2\/product_cat?post=1860"},{"taxonomy":"product_tag","embeddable":true,"href":"https:\/\/holyland.md\/ro\/wp-json\/wp\/v2\/product_tag?post=1860"}],"curies":[{"name":"wp","href":"https:\/\/api.w.org\/{rel}","templated":true}]}}