{"id":1867,"date":"2020-04-27T12:52:48","date_gmt":"2020-04-27T09:52:48","guid":{"rendered":"https:\/\/holyland.md\/product\/juvelast-eye-contour-mask\/"},"modified":"2026-03-24T14:20:50","modified_gmt":"2026-03-24T11:20:50","slug":"juvelast-eye-contour-mask","status":"publish","type":"product","link":"https:\/\/holyland.md\/ro\/product\/juvelast-eye-contour-mask\/","title":{"rendered":"JUVELAST EYE CONTOUR MASK"},"content":{"rendered":"<p>Volum 5 m\u0103\u015fti de unic\u0103 folosin\u0163\u0103 a c\u00e2te 15 ml fiecare cu aplicator \u00een cutie.<\/p>\n<p>Masc\u0103 r\u0103coritoare pe baza \u021bes\u0103turii. Compozi\u021bia unic\u0103 a lo\u021biunii cu care este impregnat aplicatorul men\u021bine tinere\u021bea pielii acestei zone delicate, are un efect drenant \u0219i, prin urmare, efect anti-umflare, ajut\u0103 la eliminarea oboselii \u0219i tensiunii, \u00eembun\u0103t\u0103\u021be\u0219te nutri\u021bia \u0219i elasticitatea pielii.<strong>\u00a0<\/strong><\/p>\n<p><strong>Principii active:<\/strong><\/p>\n<p>Complex de cupru-peptide, ginkgo biloba, ceai verde, mu\u015fe\u0163el, lemn dulce, aminoacizi: leucina, serina, prolina, glutamina.<\/p>\n<p><strong>Mod de aplicare:<\/strong><\/p>\n<p>Dup\u0103 o cur\u0103\u021bare delicat\u0103, se aplic\u0103 gelul de impregnare pe zona periorbital\u0103 prin mi\u0219c\u0103ri u\u0219oare de masaj. Peste c\u00e2teva minute, se pune masca pe zona din jurul ochilor, r\u0103sp\u00e2ndind uniform baza \u021bes\u0103turii, f\u0103r\u0103 a l\u0103sa bule de aer \u00een spa\u021biul dintre piele \u0219i \u021bes\u0103tur\u0103. Se las\u0103 s\u0103 ac\u021bioneze 10-25 de minute. Dup\u0103 \u00eendep\u0103rtarea \u021bes\u0103turii, resturile m\u0103\u0219tii nu se cl\u0103tesc!<\/p>\n","protected":false},"excerpt":{"rendered":"<p>Cantitate: 5 buc.<\/p>\n","protected":false},"featured_media":2814,"template":"","meta":[],"product_cat":[108,126,132],"product_tag":[],"class_list":{"0":"post-1867","1":"product","2":"type-product","3":"status-publish","4":"has-post-thumbnail","6":"product_cat-juvelast-hl","7":"product_cat-pentru-ochi","8":"product_cat-masti","10":"first","11":"instock","12":"shipping-taxable","13":"purchasable","14":"product-type-simple"},"yoast_head":"<!-- This site is optimized with the Yoast SEO plugin v23.3 - https:\/\/yoast.com\/wordpress\/plugins\/seo\/ -->\n<title>JUVELAST EYE CONTOUR MASK | Holy Land Cosmetics<\/title>\n<meta name=\"robots\" content=\"index, follow, max-snippet:-1, max-image-preview:large, max-video-preview:-1\" \/>\n<link rel=\"canonical\" href=\"https:\/\/holyland.md\/ro\/product\/juvelast-eye-contour-mask\/\" \/>\n<meta property=\"og:locale\" content=\"ro_RO\" \/>\n<meta property=\"og:type\" content=\"article\" \/>\n<meta property=\"og:title\" content=\"JUVELAST EYE CONTOUR MASK | Holy Land Cosmetics\" \/>\n<meta property=\"og:description\" content=\"Cantitate: 5 buc.\" \/>\n<meta property=\"og:url\" content=\"https:\/\/holyland.md\/ro\/product\/juvelast-eye-contour-mask\/\" \/>\n<meta property=\"og:site_name\" content=\"Holy Land Cosmetics\" \/>\n<meta property=\"article:modified_time\" content=\"2026-03-24T11:20:50+00:00\" \/>\n<meta property=\"og:image\" content=\"https:\/\/holyland.md\/wp-content\/uploads\/2020\/04\/JUVELAST-EYE-CONTOUR-MASK.jpg\" \/>\n\t<meta property=\"og:image:width\" content=\"1000\" \/>\n\t<meta property=\"og:image:height\" content=\"1000\" \/>\n\t<meta property=\"og:image:type\" content=\"image\/jpeg\" \/>\n<meta name=\"twitter:card\" content=\"summary_large_image\" \/>\n<meta name=\"twitter:label1\" content=\"Timp estimat pentru citire\" \/>\n\t<meta name=\"twitter:data1\" content=\"1 minut\" \/>\n<script type=\"application\/ld+json\" class=\"yoast-schema-graph\">{\"@context\":\"https:\/\/schema.org\",\"@graph\":[{\"@type\":\"WebPage\",\"@id\":\"https:\/\/holyland.md\/ro\/product\/juvelast-eye-contour-mask\/\",\"url\":\"https:\/\/holyland.md\/ro\/product\/juvelast-eye-contour-mask\/\",\"name\":\"JUVELAST EYE CONTOUR MASK | Holy Land Cosmetics\",\"isPartOf\":{\"@id\":\"https:\/\/holyland.md\/ro\/#website\"},\"primaryImageOfPage\":{\"@id\":\"https:\/\/holyland.md\/ro\/product\/juvelast-eye-contour-mask\/#primaryimage\"},\"image\":{\"@id\":\"https:\/\/holyland.md\/ro\/product\/juvelast-eye-contour-mask\/#primaryimage\"},\"thumbnailUrl\":\"https:\/\/holyland.md\/wp-content\/uploads\/2020\/04\/JUVELAST-EYE-CONTOUR-MASK.jpg\",\"datePublished\":\"2020-04-27T09:52:48+00:00\",\"dateModified\":\"2026-03-24T11:20:50+00:00\",\"breadcrumb\":{\"@id\":\"https:\/\/holyland.md\/ro\/product\/juvelast-eye-contour-mask\/#breadcrumb\"},\"inLanguage\":\"ro-RO\",\"potentialAction\":[{\"@type\":\"ReadAction\",\"target\":[\"https:\/\/holyland.md\/ro\/product\/juvelast-eye-contour-mask\/\"]}]},{\"@type\":\"ImageObject\",\"inLanguage\":\"ro-RO\",\"@id\":\"https:\/\/holyland.md\/ro\/product\/juvelast-eye-contour-mask\/#primaryimage\",\"url\":\"https:\/\/holyland.md\/wp-content\/uploads\/2020\/04\/JUVELAST-EYE-CONTOUR-MASK.jpg\",\"contentUrl\":\"https:\/\/holyland.md\/wp-content\/uploads\/2020\/04\/JUVELAST-EYE-CONTOUR-MASK.jpg\",\"width\":1000,\"height\":1000},{\"@type\":\"BreadcrumbList\",\"@id\":\"https:\/\/holyland.md\/ro\/product\/juvelast-eye-contour-mask\/#breadcrumb\",\"itemListElement\":[{\"@type\":\"ListItem\",\"position\":1,\"name\":\"\u0413\u043b\u0430\u0432\u043d\u0430\u044f \u0441\u0442\u0440\u0430\u043d\u0438\u0446\u0430\",\"item\":\"https:\/\/holyland.md\/ro\/\"},{\"@type\":\"ListItem\",\"position\":2,\"name\":\"Catalog produse HolyLand\",\"item\":\"https:\/\/holyland.md\/ro\/catalog\/\"},{\"@type\":\"ListItem\",\"position\":3,\"name\":\"JUVELAST EYE CONTOUR MASK\"}]},{\"@type\":\"WebSite\",\"@id\":\"https:\/\/holyland.md\/ro\/#website\",\"url\":\"https:\/\/holyland.md\/ro\/\",\"name\":\"Holy Land Cosmetics\",\"description\":\"\",\"publisher\":{\"@id\":\"https:\/\/holyland.md\/ro\/#organization\"},\"potentialAction\":[{\"@type\":\"SearchAction\",\"target\":{\"@type\":\"EntryPoint\",\"urlTemplate\":\"https:\/\/holyland.md\/ro\/?s={search_term_string}\"},\"query-input\":\"required name=search_term_string\"}],\"inLanguage\":\"ro-RO\"},{\"@type\":\"Organization\",\"@id\":\"https:\/\/holyland.md\/ro\/#organization\",\"name\":\"Holy Land Cosmetics\",\"url\":\"https:\/\/holyland.md\/ro\/\",\"logo\":{\"@type\":\"ImageObject\",\"inLanguage\":\"ro-RO\",\"@id\":\"https:\/\/holyland.md\/ro\/#\/schema\/logo\/image\/\",\"url\":\"https:\/\/holyland.md\/wp-content\/uploads\/2020\/03\/hl-always-active.png\",\"contentUrl\":\"https:\/\/holyland.md\/wp-content\/uploads\/2020\/03\/hl-always-active.png\",\"width\":1437,\"height\":892,\"caption\":\"Holy Land Cosmetics\"},\"image\":{\"@id\":\"https:\/\/holyland.md\/ro\/#\/schema\/logo\/image\/\"}}]}<\/script>\n<!-- \/ Yoast SEO plugin. -->","yoast_head_json":{"title":"JUVELAST EYE CONTOUR MASK | Holy Land Cosmetics","robots":{"index":"index","follow":"follow","max-snippet":"max-snippet:-1","max-image-preview":"max-image-preview:large","max-video-preview":"max-video-preview:-1"},"canonical":"https:\/\/holyland.md\/ro\/product\/juvelast-eye-contour-mask\/","og_locale":"ro_RO","og_type":"article","og_title":"JUVELAST EYE CONTOUR MASK | Holy Land Cosmetics","og_description":"Cantitate: 5 buc.","og_url":"https:\/\/holyland.md\/ro\/product\/juvelast-eye-contour-mask\/","og_site_name":"Holy Land Cosmetics","article_modified_time":"2026-03-24T11:20:50+00:00","og_image":[{"width":1000,"height":1000,"url":"https:\/\/holyland.md\/wp-content\/uploads\/2020\/04\/JUVELAST-EYE-CONTOUR-MASK.jpg","type":"image\/jpeg"}],"twitter_card":"summary_large_image","twitter_misc":{"Timp estimat pentru citire":"1 minut"},"schema":{"@context":"https:\/\/schema.org","@graph":[{"@type":"WebPage","@id":"https:\/\/holyland.md\/ro\/product\/juvelast-eye-contour-mask\/","url":"https:\/\/holyland.md\/ro\/product\/juvelast-eye-contour-mask\/","name":"JUVELAST EYE CONTOUR MASK | Holy Land Cosmetics","isPartOf":{"@id":"https:\/\/holyland.md\/ro\/#website"},"primaryImageOfPage":{"@id":"https:\/\/holyland.md\/ro\/product\/juvelast-eye-contour-mask\/#primaryimage"},"image":{"@id":"https:\/\/holyland.md\/ro\/product\/juvelast-eye-contour-mask\/#primaryimage"},"thumbnailUrl":"https:\/\/holyland.md\/wp-content\/uploads\/2020\/04\/JUVELAST-EYE-CONTOUR-MASK.jpg","datePublished":"2020-04-27T09:52:48+00:00","dateModified":"2026-03-24T11:20:50+00:00","breadcrumb":{"@id":"https:\/\/holyland.md\/ro\/product\/juvelast-eye-contour-mask\/#breadcrumb"},"inLanguage":"ro-RO","potentialAction":[{"@type":"ReadAction","target":["https:\/\/holyland.md\/ro\/product\/juvelast-eye-contour-mask\/"]}]},{"@type":"ImageObject","inLanguage":"ro-RO","@id":"https:\/\/holyland.md\/ro\/product\/juvelast-eye-contour-mask\/#primaryimage","url":"https:\/\/holyland.md\/wp-content\/uploads\/2020\/04\/JUVELAST-EYE-CONTOUR-MASK.jpg","contentUrl":"https:\/\/holyland.md\/wp-content\/uploads\/2020\/04\/JUVELAST-EYE-CONTOUR-MASK.jpg","width":1000,"height":1000},{"@type":"BreadcrumbList","@id":"https:\/\/holyland.md\/ro\/product\/juvelast-eye-contour-mask\/#breadcrumb","itemListElement":[{"@type":"ListItem","position":1,"name":"\u0413\u043b\u0430\u0432\u043d\u0430\u044f \u0441\u0442\u0440\u0430\u043d\u0438\u0446\u0430","item":"https:\/\/holyland.md\/ro\/"},{"@type":"ListItem","position":2,"name":"Catalog produse HolyLand","item":"https:\/\/holyland.md\/ro\/catalog\/"},{"@type":"ListItem","position":3,"name":"JUVELAST EYE CONTOUR MASK"}]},{"@type":"WebSite","@id":"https:\/\/holyland.md\/ro\/#website","url":"https:\/\/holyland.md\/ro\/","name":"Holy Land Cosmetics","description":"","publisher":{"@id":"https:\/\/holyland.md\/ro\/#organization"},"potentialAction":[{"@type":"SearchAction","target":{"@type":"EntryPoint","urlTemplate":"https:\/\/holyland.md\/ro\/?s={search_term_string}"},"query-input":"required name=search_term_string"}],"inLanguage":"ro-RO"},{"@type":"Organization","@id":"https:\/\/holyland.md\/ro\/#organization","name":"Holy Land Cosmetics","url":"https:\/\/holyland.md\/ro\/","logo":{"@type":"ImageObject","inLanguage":"ro-RO","@id":"https:\/\/holyland.md\/ro\/#\/schema\/logo\/image\/","url":"https:\/\/holyland.md\/wp-content\/uploads\/2020\/03\/hl-always-active.png","contentUrl":"https:\/\/holyland.md\/wp-content\/uploads\/2020\/03\/hl-always-active.png","width":1437,"height":892,"caption":"Holy Land Cosmetics"},"image":{"@id":"https:\/\/holyland.md\/ro\/#\/schema\/logo\/image\/"}}]}},"_links":{"self":[{"href":"https:\/\/holyland.md\/ro\/wp-json\/wp\/v2\/product\/1867"}],"collection":[{"href":"https:\/\/holyland.md\/ro\/wp-json\/wp\/v2\/product"}],"about":[{"href":"https:\/\/holyland.md\/ro\/wp-json\/wp\/v2\/types\/product"}],"wp:featuredmedia":[{"embeddable":true,"href":"https:\/\/holyland.md\/ro\/wp-json\/wp\/v2\/media\/2814"}],"wp:attachment":[{"href":"https:\/\/holyland.md\/ro\/wp-json\/wp\/v2\/media?parent=1867"}],"wp:term":[{"taxonomy":"product_cat","embeddable":true,"href":"https:\/\/holyland.md\/ro\/wp-json\/wp\/v2\/product_cat?post=1867"},{"taxonomy":"product_tag","embeddable":true,"href":"https:\/\/holyland.md\/ro\/wp-json\/wp\/v2\/product_tag?post=1867"}],"curies":[{"name":"wp","href":"https:\/\/api.w.org\/{rel}","templated":true}]}}