{"id":1872,"date":"2020-04-27T11:50:34","date_gmt":"2020-04-27T08:50:34","guid":{"rendered":"https:\/\/holyland.md\/product\/juvelast-rich-nourishing-serum\/"},"modified":"2026-03-23T13:15:55","modified_gmt":"2026-03-23T10:15:55","slug":"juvelast-rich-nourishing-serum","status":"publish","type":"product","link":"https:\/\/holyland.md\/ro\/product\/juvelast-rich-nourishing-serum\/","title":{"rendered":"JUVELAST RICH NOURISHING SERUM"},"content":{"rendered":"<p>Serum activ sub forma unei emulsii fine capabile s\u0103 echilibreze fiziologic procesele din piele, contribuind la p\u0103strarea frumuse\u021bii \u0219i a tinere\u021bii. Hidrateaz\u0103 perfect, restabile\u0219te func\u021biile de barier\u0103, neteze\u0219te ridurile superficiale \u0219i reduce ad\u00e2ncimea ridurilor mai pronun\u021bate. Con\u021bine un complex cupru-peptid\u0103, antioxidan\u021bi, uleiuri naturale \u0219i ceramide.<strong>\u00a0<\/strong><\/p>\n<p><strong>Principii active:<\/strong><\/p>\n<p>Complex de cupru-peptide, enzime de restabilire AND-lui, ceramide, extract de ginkgo biloba \u015fi ceai verde, uleiuri naturale, coenzima Q10, vitamine A \u015fi E.<strong>\u00a0<\/strong><\/p>\n<p><strong>Modul de aplicare:<\/strong><\/p>\n<p>Dup\u0103 o cur\u0103\u021bare minu\u021bioas\u0103, se aplic\u0103 3-4 pic\u0103turi de ser pe suprafa\u021ba pielii. Se distribuie uniform \u0219i prin mi\u0219c\u0103ri delicate de tapotament se promoveaz\u0103 penetrarea produsului. Se completeaz\u0103 ritualul de \u00eengrijire cu un produs corespunz\u0103tor. De utilizat de 1-2 ori pe zi conform recomand\u0103rilor specialistului Dumneavoastr\u0103.<\/p>\n","protected":false},"excerpt":{"rendered":"<p>Volum: 30 ml<\/p>\n","protected":false},"featured_media":2831,"template":"","meta":[],"product_cat":[108,128],"product_tag":[],"class_list":{"0":"post-1872","1":"product","2":"type-product","3":"status-publish","4":"has-post-thumbnail","6":"product_cat-juvelast-hl","7":"product_cat-concentrate","9":"first","10":"instock","11":"shipping-taxable","12":"purchasable","13":"product-type-simple"},"yoast_head":"<!-- This site is optimized with the Yoast SEO plugin v23.3 - https:\/\/yoast.com\/wordpress\/plugins\/seo\/ -->\n<title>JUVELAST RICH NOURISHING SERUM | Holy Land Cosmetics<\/title>\n<meta name=\"robots\" content=\"index, follow, max-snippet:-1, max-image-preview:large, max-video-preview:-1\" \/>\n<link rel=\"canonical\" href=\"https:\/\/holyland.md\/ro\/product\/juvelast-rich-nourishing-serum\/\" \/>\n<meta property=\"og:locale\" content=\"ro_RO\" \/>\n<meta property=\"og:type\" content=\"article\" \/>\n<meta property=\"og:title\" content=\"JUVELAST RICH NOURISHING SERUM | Holy Land Cosmetics\" \/>\n<meta property=\"og:description\" content=\"Volum: 30 ml\" \/>\n<meta property=\"og:url\" content=\"https:\/\/holyland.md\/ro\/product\/juvelast-rich-nourishing-serum\/\" \/>\n<meta property=\"og:site_name\" content=\"Holy Land Cosmetics\" \/>\n<meta property=\"article:modified_time\" content=\"2026-03-23T10:15:55+00:00\" \/>\n<meta property=\"og:image\" content=\"https:\/\/holyland.md\/wp-content\/uploads\/2020\/04\/JUVELAST-RICH-NOURISHING-SERUM.jpg\" \/>\n\t<meta property=\"og:image:width\" content=\"1000\" \/>\n\t<meta property=\"og:image:height\" content=\"1000\" \/>\n\t<meta property=\"og:image:type\" content=\"image\/jpeg\" \/>\n<meta name=\"twitter:card\" content=\"summary_large_image\" \/>\n<meta name=\"twitter:label1\" content=\"Timp estimat pentru citire\" \/>\n\t<meta name=\"twitter:data1\" content=\"1 minut\" \/>\n<script type=\"application\/ld+json\" class=\"yoast-schema-graph\">{\"@context\":\"https:\/\/schema.org\",\"@graph\":[{\"@type\":\"WebPage\",\"@id\":\"https:\/\/holyland.md\/ro\/product\/juvelast-rich-nourishing-serum\/\",\"url\":\"https:\/\/holyland.md\/ro\/product\/juvelast-rich-nourishing-serum\/\",\"name\":\"JUVELAST RICH NOURISHING SERUM | Holy Land Cosmetics\",\"isPartOf\":{\"@id\":\"https:\/\/holyland.md\/ro\/#website\"},\"primaryImageOfPage\":{\"@id\":\"https:\/\/holyland.md\/ro\/product\/juvelast-rich-nourishing-serum\/#primaryimage\"},\"image\":{\"@id\":\"https:\/\/holyland.md\/ro\/product\/juvelast-rich-nourishing-serum\/#primaryimage\"},\"thumbnailUrl\":\"https:\/\/holyland.md\/wp-content\/uploads\/2020\/04\/JUVELAST-RICH-NOURISHING-SERUM.jpg\",\"datePublished\":\"2020-04-27T08:50:34+00:00\",\"dateModified\":\"2026-03-23T10:15:55+00:00\",\"breadcrumb\":{\"@id\":\"https:\/\/holyland.md\/ro\/product\/juvelast-rich-nourishing-serum\/#breadcrumb\"},\"inLanguage\":\"ro-RO\",\"potentialAction\":[{\"@type\":\"ReadAction\",\"target\":[\"https:\/\/holyland.md\/ro\/product\/juvelast-rich-nourishing-serum\/\"]}]},{\"@type\":\"ImageObject\",\"inLanguage\":\"ro-RO\",\"@id\":\"https:\/\/holyland.md\/ro\/product\/juvelast-rich-nourishing-serum\/#primaryimage\",\"url\":\"https:\/\/holyland.md\/wp-content\/uploads\/2020\/04\/JUVELAST-RICH-NOURISHING-SERUM.jpg\",\"contentUrl\":\"https:\/\/holyland.md\/wp-content\/uploads\/2020\/04\/JUVELAST-RICH-NOURISHING-SERUM.jpg\",\"width\":1000,\"height\":1000},{\"@type\":\"BreadcrumbList\",\"@id\":\"https:\/\/holyland.md\/ro\/product\/juvelast-rich-nourishing-serum\/#breadcrumb\",\"itemListElement\":[{\"@type\":\"ListItem\",\"position\":1,\"name\":\"\u0413\u043b\u0430\u0432\u043d\u0430\u044f \u0441\u0442\u0440\u0430\u043d\u0438\u0446\u0430\",\"item\":\"https:\/\/holyland.md\/ro\/\"},{\"@type\":\"ListItem\",\"position\":2,\"name\":\"Catalog produse HolyLand\",\"item\":\"https:\/\/holyland.md\/ro\/catalog\/\"},{\"@type\":\"ListItem\",\"position\":3,\"name\":\"JUVELAST RICH NOURISHING SERUM\"}]},{\"@type\":\"WebSite\",\"@id\":\"https:\/\/holyland.md\/ro\/#website\",\"url\":\"https:\/\/holyland.md\/ro\/\",\"name\":\"Holy Land Cosmetics\",\"description\":\"\",\"publisher\":{\"@id\":\"https:\/\/holyland.md\/ro\/#organization\"},\"potentialAction\":[{\"@type\":\"SearchAction\",\"target\":{\"@type\":\"EntryPoint\",\"urlTemplate\":\"https:\/\/holyland.md\/ro\/?s={search_term_string}\"},\"query-input\":\"required name=search_term_string\"}],\"inLanguage\":\"ro-RO\"},{\"@type\":\"Organization\",\"@id\":\"https:\/\/holyland.md\/ro\/#organization\",\"name\":\"Holy Land Cosmetics\",\"url\":\"https:\/\/holyland.md\/ro\/\",\"logo\":{\"@type\":\"ImageObject\",\"inLanguage\":\"ro-RO\",\"@id\":\"https:\/\/holyland.md\/ro\/#\/schema\/logo\/image\/\",\"url\":\"https:\/\/holyland.md\/wp-content\/uploads\/2020\/03\/hl-always-active.png\",\"contentUrl\":\"https:\/\/holyland.md\/wp-content\/uploads\/2020\/03\/hl-always-active.png\",\"width\":1437,\"height\":892,\"caption\":\"Holy Land Cosmetics\"},\"image\":{\"@id\":\"https:\/\/holyland.md\/ro\/#\/schema\/logo\/image\/\"}}]}<\/script>\n<!-- \/ Yoast SEO plugin. -->","yoast_head_json":{"title":"JUVELAST RICH NOURISHING SERUM | Holy Land Cosmetics","robots":{"index":"index","follow":"follow","max-snippet":"max-snippet:-1","max-image-preview":"max-image-preview:large","max-video-preview":"max-video-preview:-1"},"canonical":"https:\/\/holyland.md\/ro\/product\/juvelast-rich-nourishing-serum\/","og_locale":"ro_RO","og_type":"article","og_title":"JUVELAST RICH NOURISHING SERUM | Holy Land Cosmetics","og_description":"Volum: 30 ml","og_url":"https:\/\/holyland.md\/ro\/product\/juvelast-rich-nourishing-serum\/","og_site_name":"Holy Land Cosmetics","article_modified_time":"2026-03-23T10:15:55+00:00","og_image":[{"width":1000,"height":1000,"url":"https:\/\/holyland.md\/wp-content\/uploads\/2020\/04\/JUVELAST-RICH-NOURISHING-SERUM.jpg","type":"image\/jpeg"}],"twitter_card":"summary_large_image","twitter_misc":{"Timp estimat pentru citire":"1 minut"},"schema":{"@context":"https:\/\/schema.org","@graph":[{"@type":"WebPage","@id":"https:\/\/holyland.md\/ro\/product\/juvelast-rich-nourishing-serum\/","url":"https:\/\/holyland.md\/ro\/product\/juvelast-rich-nourishing-serum\/","name":"JUVELAST RICH NOURISHING SERUM | Holy Land Cosmetics","isPartOf":{"@id":"https:\/\/holyland.md\/ro\/#website"},"primaryImageOfPage":{"@id":"https:\/\/holyland.md\/ro\/product\/juvelast-rich-nourishing-serum\/#primaryimage"},"image":{"@id":"https:\/\/holyland.md\/ro\/product\/juvelast-rich-nourishing-serum\/#primaryimage"},"thumbnailUrl":"https:\/\/holyland.md\/wp-content\/uploads\/2020\/04\/JUVELAST-RICH-NOURISHING-SERUM.jpg","datePublished":"2020-04-27T08:50:34+00:00","dateModified":"2026-03-23T10:15:55+00:00","breadcrumb":{"@id":"https:\/\/holyland.md\/ro\/product\/juvelast-rich-nourishing-serum\/#breadcrumb"},"inLanguage":"ro-RO","potentialAction":[{"@type":"ReadAction","target":["https:\/\/holyland.md\/ro\/product\/juvelast-rich-nourishing-serum\/"]}]},{"@type":"ImageObject","inLanguage":"ro-RO","@id":"https:\/\/holyland.md\/ro\/product\/juvelast-rich-nourishing-serum\/#primaryimage","url":"https:\/\/holyland.md\/wp-content\/uploads\/2020\/04\/JUVELAST-RICH-NOURISHING-SERUM.jpg","contentUrl":"https:\/\/holyland.md\/wp-content\/uploads\/2020\/04\/JUVELAST-RICH-NOURISHING-SERUM.jpg","width":1000,"height":1000},{"@type":"BreadcrumbList","@id":"https:\/\/holyland.md\/ro\/product\/juvelast-rich-nourishing-serum\/#breadcrumb","itemListElement":[{"@type":"ListItem","position":1,"name":"\u0413\u043b\u0430\u0432\u043d\u0430\u044f \u0441\u0442\u0440\u0430\u043d\u0438\u0446\u0430","item":"https:\/\/holyland.md\/ro\/"},{"@type":"ListItem","position":2,"name":"Catalog produse HolyLand","item":"https:\/\/holyland.md\/ro\/catalog\/"},{"@type":"ListItem","position":3,"name":"JUVELAST RICH NOURISHING SERUM"}]},{"@type":"WebSite","@id":"https:\/\/holyland.md\/ro\/#website","url":"https:\/\/holyland.md\/ro\/","name":"Holy Land Cosmetics","description":"","publisher":{"@id":"https:\/\/holyland.md\/ro\/#organization"},"potentialAction":[{"@type":"SearchAction","target":{"@type":"EntryPoint","urlTemplate":"https:\/\/holyland.md\/ro\/?s={search_term_string}"},"query-input":"required name=search_term_string"}],"inLanguage":"ro-RO"},{"@type":"Organization","@id":"https:\/\/holyland.md\/ro\/#organization","name":"Holy Land Cosmetics","url":"https:\/\/holyland.md\/ro\/","logo":{"@type":"ImageObject","inLanguage":"ro-RO","@id":"https:\/\/holyland.md\/ro\/#\/schema\/logo\/image\/","url":"https:\/\/holyland.md\/wp-content\/uploads\/2020\/03\/hl-always-active.png","contentUrl":"https:\/\/holyland.md\/wp-content\/uploads\/2020\/03\/hl-always-active.png","width":1437,"height":892,"caption":"Holy Land Cosmetics"},"image":{"@id":"https:\/\/holyland.md\/ro\/#\/schema\/logo\/image\/"}}]}},"_links":{"self":[{"href":"https:\/\/holyland.md\/ro\/wp-json\/wp\/v2\/product\/1872"}],"collection":[{"href":"https:\/\/holyland.md\/ro\/wp-json\/wp\/v2\/product"}],"about":[{"href":"https:\/\/holyland.md\/ro\/wp-json\/wp\/v2\/types\/product"}],"wp:featuredmedia":[{"embeddable":true,"href":"https:\/\/holyland.md\/ro\/wp-json\/wp\/v2\/media\/2831"}],"wp:attachment":[{"href":"https:\/\/holyland.md\/ro\/wp-json\/wp\/v2\/media?parent=1872"}],"wp:term":[{"taxonomy":"product_cat","embeddable":true,"href":"https:\/\/holyland.md\/ro\/wp-json\/wp\/v2\/product_cat?post=1872"},{"taxonomy":"product_tag","embeddable":true,"href":"https:\/\/holyland.md\/ro\/wp-json\/wp\/v2\/product_tag?post=1872"}],"curies":[{"name":"wp","href":"https:\/\/api.w.org\/{rel}","templated":true}]}}