{"id":1874,"date":"2020-04-27T14:20:28","date_gmt":"2020-04-27T11:20:28","guid":{"rendered":"https:\/\/holyland.md\/product\/kukui-cream-mask-for-oily-skin\/"},"modified":"2026-03-24T14:17:25","modified_gmt":"2026-03-24T11:17:25","slug":"kukui-cream-mask-for-oily-skin","status":"publish","type":"product","link":"https:\/\/holyland.md\/ro\/product\/kukui-cream-mask-for-oily-skin\/","title":{"rendered":"KUKUI CREAM MASK FOR OILY SKIN"},"content":{"rendered":"<p>O masc\u0103 astringent\u0103 cu efect de lifting. Tonifiaz\u0103, \u0219i red\u0103 fermitate pielii. Reduce vizual porii, cur\u0103\u021b\u0103, uniformizeaz\u0103 textura \u0219i culoarea pielii. Ideal\u0103 pentru pielea normal\u0103, mixt\u0103, gras\u0103, cu tendin\u021b\u0103 spre erup\u021bii cutanate, dar \u0219i totodat\u0103 cu sensibilitate crescut\u0103 \u0219i\/sau deshidratat\u0103.<\/p>\n<p><strong>Principii active:<\/strong><\/p>\n<p>Caolin, Carbonal de Magneziu, Alantoina, ulei de nuca Kukui, de nuca Macadamia, de Jojoba, extract de Ceai verde, ulei de Geranium.<\/p>\n<p><strong>Mod de folosire:<\/strong><\/p>\n<p>Dup\u0103 o cur\u0103\u021bare minu\u021bioas\u0103 \u00een dou\u0103 etape, se aplic\u0103 produsul \u00eentr-un strat sub\u021bire opac, evit\u00e2nd zona ochilor. Se las\u0103 s\u0103 ac\u021bioneze 15 minute, apoi se cl\u0103te\u0219te cu ap\u0103 cald\u0103. De finalizat procedura cu un preparat corespunz\u0103tor, \u00een conformitate cu recomand\u0103rile specialistului Dumneavoastr\u0103. De utilizat de 1-2 ori pe s\u0103pt\u0103m\u00e2n\u0103.<\/p>\n","protected":false},"excerpt":{"rendered":"<p>Volum: 70 ml<\/p>\n","protected":false},"featured_media":2739,"template":"","meta":[],"product_cat":[109,132],"product_tag":[],"class_list":{"0":"post-1874","1":"product","2":"type-product","3":"status-publish","4":"has-post-thumbnail","6":"product_cat-kukui-hl","7":"product_cat-masti","9":"first","10":"instock","11":"shipping-taxable","12":"purchasable","13":"product-type-simple"},"yoast_head":"<!-- This site is optimized with the Yoast SEO plugin v23.3 - https:\/\/yoast.com\/wordpress\/plugins\/seo\/ -->\n<title>KUKUI CREAM MASK FOR OILY SKIN | Holy Land Cosmetics<\/title>\n<meta name=\"robots\" content=\"index, follow, max-snippet:-1, max-image-preview:large, max-video-preview:-1\" \/>\n<link rel=\"canonical\" href=\"https:\/\/holyland.md\/ro\/product\/kukui-cream-mask-for-oily-skin\/\" \/>\n<meta property=\"og:locale\" content=\"ro_RO\" \/>\n<meta property=\"og:type\" content=\"article\" \/>\n<meta property=\"og:title\" content=\"KUKUI CREAM MASK FOR OILY SKIN | Holy Land Cosmetics\" \/>\n<meta property=\"og:description\" content=\"Volum: 70 ml\" \/>\n<meta property=\"og:url\" content=\"https:\/\/holyland.md\/ro\/product\/kukui-cream-mask-for-oily-skin\/\" \/>\n<meta property=\"og:site_name\" content=\"Holy Land Cosmetics\" \/>\n<meta property=\"article:modified_time\" content=\"2026-03-24T11:17:25+00:00\" \/>\n<meta property=\"og:image\" content=\"https:\/\/holyland.md\/wp-content\/uploads\/2020\/04\/KUKUI-CREAM-MASK.jpg\" \/>\n\t<meta property=\"og:image:width\" content=\"1000\" \/>\n\t<meta property=\"og:image:height\" content=\"1000\" \/>\n\t<meta property=\"og:image:type\" content=\"image\/jpeg\" \/>\n<meta name=\"twitter:card\" content=\"summary_large_image\" \/>\n<meta name=\"twitter:label1\" content=\"Timp estimat pentru citire\" \/>\n\t<meta name=\"twitter:data1\" content=\"1 minut\" \/>\n<script type=\"application\/ld+json\" class=\"yoast-schema-graph\">{\"@context\":\"https:\/\/schema.org\",\"@graph\":[{\"@type\":\"WebPage\",\"@id\":\"https:\/\/holyland.md\/ro\/product\/kukui-cream-mask-for-oily-skin\/\",\"url\":\"https:\/\/holyland.md\/ro\/product\/kukui-cream-mask-for-oily-skin\/\",\"name\":\"KUKUI CREAM MASK FOR OILY SKIN | Holy Land Cosmetics\",\"isPartOf\":{\"@id\":\"https:\/\/holyland.md\/ro\/#website\"},\"primaryImageOfPage\":{\"@id\":\"https:\/\/holyland.md\/ro\/product\/kukui-cream-mask-for-oily-skin\/#primaryimage\"},\"image\":{\"@id\":\"https:\/\/holyland.md\/ro\/product\/kukui-cream-mask-for-oily-skin\/#primaryimage\"},\"thumbnailUrl\":\"https:\/\/holyland.md\/wp-content\/uploads\/2020\/04\/KUKUI-CREAM-MASK.jpg\",\"datePublished\":\"2020-04-27T11:20:28+00:00\",\"dateModified\":\"2026-03-24T11:17:25+00:00\",\"breadcrumb\":{\"@id\":\"https:\/\/holyland.md\/ro\/product\/kukui-cream-mask-for-oily-skin\/#breadcrumb\"},\"inLanguage\":\"ro-RO\",\"potentialAction\":[{\"@type\":\"ReadAction\",\"target\":[\"https:\/\/holyland.md\/ro\/product\/kukui-cream-mask-for-oily-skin\/\"]}]},{\"@type\":\"ImageObject\",\"inLanguage\":\"ro-RO\",\"@id\":\"https:\/\/holyland.md\/ro\/product\/kukui-cream-mask-for-oily-skin\/#primaryimage\",\"url\":\"https:\/\/holyland.md\/wp-content\/uploads\/2020\/04\/KUKUI-CREAM-MASK.jpg\",\"contentUrl\":\"https:\/\/holyland.md\/wp-content\/uploads\/2020\/04\/KUKUI-CREAM-MASK.jpg\",\"width\":1000,\"height\":1000},{\"@type\":\"BreadcrumbList\",\"@id\":\"https:\/\/holyland.md\/ro\/product\/kukui-cream-mask-for-oily-skin\/#breadcrumb\",\"itemListElement\":[{\"@type\":\"ListItem\",\"position\":1,\"name\":\"\u0413\u043b\u0430\u0432\u043d\u0430\u044f \u0441\u0442\u0440\u0430\u043d\u0438\u0446\u0430\",\"item\":\"https:\/\/holyland.md\/ro\/\"},{\"@type\":\"ListItem\",\"position\":2,\"name\":\"Catalog produse HolyLand\",\"item\":\"https:\/\/holyland.md\/ro\/catalog\/\"},{\"@type\":\"ListItem\",\"position\":3,\"name\":\"KUKUI CREAM MASK FOR OILY SKIN\"}]},{\"@type\":\"WebSite\",\"@id\":\"https:\/\/holyland.md\/ro\/#website\",\"url\":\"https:\/\/holyland.md\/ro\/\",\"name\":\"Holy Land Cosmetics\",\"description\":\"\",\"publisher\":{\"@id\":\"https:\/\/holyland.md\/ro\/#organization\"},\"potentialAction\":[{\"@type\":\"SearchAction\",\"target\":{\"@type\":\"EntryPoint\",\"urlTemplate\":\"https:\/\/holyland.md\/ro\/?s={search_term_string}\"},\"query-input\":\"required name=search_term_string\"}],\"inLanguage\":\"ro-RO\"},{\"@type\":\"Organization\",\"@id\":\"https:\/\/holyland.md\/ro\/#organization\",\"name\":\"Holy Land Cosmetics\",\"url\":\"https:\/\/holyland.md\/ro\/\",\"logo\":{\"@type\":\"ImageObject\",\"inLanguage\":\"ro-RO\",\"@id\":\"https:\/\/holyland.md\/ro\/#\/schema\/logo\/image\/\",\"url\":\"https:\/\/holyland.md\/wp-content\/uploads\/2020\/03\/hl-always-active.png\",\"contentUrl\":\"https:\/\/holyland.md\/wp-content\/uploads\/2020\/03\/hl-always-active.png\",\"width\":1437,\"height\":892,\"caption\":\"Holy Land Cosmetics\"},\"image\":{\"@id\":\"https:\/\/holyland.md\/ro\/#\/schema\/logo\/image\/\"}}]}<\/script>\n<!-- \/ Yoast SEO plugin. -->","yoast_head_json":{"title":"KUKUI CREAM MASK FOR OILY SKIN | Holy Land Cosmetics","robots":{"index":"index","follow":"follow","max-snippet":"max-snippet:-1","max-image-preview":"max-image-preview:large","max-video-preview":"max-video-preview:-1"},"canonical":"https:\/\/holyland.md\/ro\/product\/kukui-cream-mask-for-oily-skin\/","og_locale":"ro_RO","og_type":"article","og_title":"KUKUI CREAM MASK FOR OILY SKIN | Holy Land Cosmetics","og_description":"Volum: 70 ml","og_url":"https:\/\/holyland.md\/ro\/product\/kukui-cream-mask-for-oily-skin\/","og_site_name":"Holy Land Cosmetics","article_modified_time":"2026-03-24T11:17:25+00:00","og_image":[{"width":1000,"height":1000,"url":"https:\/\/holyland.md\/wp-content\/uploads\/2020\/04\/KUKUI-CREAM-MASK.jpg","type":"image\/jpeg"}],"twitter_card":"summary_large_image","twitter_misc":{"Timp estimat pentru citire":"1 minut"},"schema":{"@context":"https:\/\/schema.org","@graph":[{"@type":"WebPage","@id":"https:\/\/holyland.md\/ro\/product\/kukui-cream-mask-for-oily-skin\/","url":"https:\/\/holyland.md\/ro\/product\/kukui-cream-mask-for-oily-skin\/","name":"KUKUI CREAM MASK FOR OILY SKIN | Holy Land Cosmetics","isPartOf":{"@id":"https:\/\/holyland.md\/ro\/#website"},"primaryImageOfPage":{"@id":"https:\/\/holyland.md\/ro\/product\/kukui-cream-mask-for-oily-skin\/#primaryimage"},"image":{"@id":"https:\/\/holyland.md\/ro\/product\/kukui-cream-mask-for-oily-skin\/#primaryimage"},"thumbnailUrl":"https:\/\/holyland.md\/wp-content\/uploads\/2020\/04\/KUKUI-CREAM-MASK.jpg","datePublished":"2020-04-27T11:20:28+00:00","dateModified":"2026-03-24T11:17:25+00:00","breadcrumb":{"@id":"https:\/\/holyland.md\/ro\/product\/kukui-cream-mask-for-oily-skin\/#breadcrumb"},"inLanguage":"ro-RO","potentialAction":[{"@type":"ReadAction","target":["https:\/\/holyland.md\/ro\/product\/kukui-cream-mask-for-oily-skin\/"]}]},{"@type":"ImageObject","inLanguage":"ro-RO","@id":"https:\/\/holyland.md\/ro\/product\/kukui-cream-mask-for-oily-skin\/#primaryimage","url":"https:\/\/holyland.md\/wp-content\/uploads\/2020\/04\/KUKUI-CREAM-MASK.jpg","contentUrl":"https:\/\/holyland.md\/wp-content\/uploads\/2020\/04\/KUKUI-CREAM-MASK.jpg","width":1000,"height":1000},{"@type":"BreadcrumbList","@id":"https:\/\/holyland.md\/ro\/product\/kukui-cream-mask-for-oily-skin\/#breadcrumb","itemListElement":[{"@type":"ListItem","position":1,"name":"\u0413\u043b\u0430\u0432\u043d\u0430\u044f \u0441\u0442\u0440\u0430\u043d\u0438\u0446\u0430","item":"https:\/\/holyland.md\/ro\/"},{"@type":"ListItem","position":2,"name":"Catalog produse HolyLand","item":"https:\/\/holyland.md\/ro\/catalog\/"},{"@type":"ListItem","position":3,"name":"KUKUI CREAM MASK FOR OILY SKIN"}]},{"@type":"WebSite","@id":"https:\/\/holyland.md\/ro\/#website","url":"https:\/\/holyland.md\/ro\/","name":"Holy Land Cosmetics","description":"","publisher":{"@id":"https:\/\/holyland.md\/ro\/#organization"},"potentialAction":[{"@type":"SearchAction","target":{"@type":"EntryPoint","urlTemplate":"https:\/\/holyland.md\/ro\/?s={search_term_string}"},"query-input":"required name=search_term_string"}],"inLanguage":"ro-RO"},{"@type":"Organization","@id":"https:\/\/holyland.md\/ro\/#organization","name":"Holy Land Cosmetics","url":"https:\/\/holyland.md\/ro\/","logo":{"@type":"ImageObject","inLanguage":"ro-RO","@id":"https:\/\/holyland.md\/ro\/#\/schema\/logo\/image\/","url":"https:\/\/holyland.md\/wp-content\/uploads\/2020\/03\/hl-always-active.png","contentUrl":"https:\/\/holyland.md\/wp-content\/uploads\/2020\/03\/hl-always-active.png","width":1437,"height":892,"caption":"Holy Land Cosmetics"},"image":{"@id":"https:\/\/holyland.md\/ro\/#\/schema\/logo\/image\/"}}]}},"_links":{"self":[{"href":"https:\/\/holyland.md\/ro\/wp-json\/wp\/v2\/product\/1874"}],"collection":[{"href":"https:\/\/holyland.md\/ro\/wp-json\/wp\/v2\/product"}],"about":[{"href":"https:\/\/holyland.md\/ro\/wp-json\/wp\/v2\/types\/product"}],"wp:featuredmedia":[{"embeddable":true,"href":"https:\/\/holyland.md\/ro\/wp-json\/wp\/v2\/media\/2739"}],"wp:attachment":[{"href":"https:\/\/holyland.md\/ro\/wp-json\/wp\/v2\/media?parent=1874"}],"wp:term":[{"taxonomy":"product_cat","embeddable":true,"href":"https:\/\/holyland.md\/ro\/wp-json\/wp\/v2\/product_cat?post=1874"},{"taxonomy":"product_tag","embeddable":true,"href":"https:\/\/holyland.md\/ro\/wp-json\/wp\/v2\/product_tag?post=1874"}],"curies":[{"name":"wp","href":"https:\/\/api.w.org\/{rel}","templated":true}]}}