{"id":1877,"date":"2020-04-27T14:23:06","date_gmt":"2020-04-27T11:23:06","guid":{"rendered":"https:\/\/holyland.md\/product\/kukui-cream-mask-for-dry-skin\/"},"modified":"2026-03-24T14:17:14","modified_gmt":"2026-03-24T11:17:14","slug":"kukui-cream-mask-for-dry-skin","status":"publish","type":"product","link":"https:\/\/holyland.md\/ro\/product\/kukui-cream-mask-for-dry-skin\/","title":{"rendered":"KUKUI CREAM MASK FOR DRY SKIN"},"content":{"rendered":"<p>Masc\u0103 cremoas\u0103 delicat\u0103. Ac\u021biunea sa principal\u0103 vizeaz\u0103 restabilirea barierei apos-lipidice care re\u021bine apa \u00een straturile profunde ale pielii. Acesta este un factor important \u00een men\u021binerea s\u0103n\u0103t\u0103\u021bii \u0219i tinere\u021bii pielii.<\/p>\n<p><strong>Principii active:<\/strong><\/p>\n<p>Ulei de nuca Kukui, ulei de nuc\u0103 Macadamia.<\/p>\n<p><strong>Mod de folosire:<\/strong><\/p>\n<p>De aplicat un strat sub\u021bire de masc\u0103 pe pielea cur\u0103\u021bat\u0103 anterior \u0219i de masat p\u00e2n\u0103 la \u00eembibare complet\u0103. De cl\u0103tit excesul cu ap\u0103 cald\u0103 sau de \u0219ters cu lo\u021biune. De utilizat de 1-2 ori pe s\u0103pt\u0103m\u00e2n\u0103.<\/p>\n","protected":false},"excerpt":{"rendered":"<p>Volum: 70 ml<\/p>\n","protected":false},"featured_media":1878,"template":"","meta":[],"product_cat":[109,132],"product_tag":[],"class_list":{"0":"post-1877","1":"product","2":"type-product","3":"status-publish","4":"has-post-thumbnail","6":"product_cat-kukui-hl","7":"product_cat-masti","9":"first","10":"instock","11":"shipping-taxable","12":"purchasable","13":"product-type-simple"},"yoast_head":"<!-- This site is optimized with the Yoast SEO plugin v23.3 - https:\/\/yoast.com\/wordpress\/plugins\/seo\/ -->\n<title>KUKUI CREAM MASK FOR DRY SKIN | Holy Land Cosmetics<\/title>\n<meta name=\"robots\" content=\"index, follow, max-snippet:-1, max-image-preview:large, max-video-preview:-1\" \/>\n<link rel=\"canonical\" href=\"https:\/\/holyland.md\/ro\/product\/kukui-cream-mask-for-dry-skin\/\" \/>\n<meta property=\"og:locale\" content=\"ro_RO\" \/>\n<meta property=\"og:type\" content=\"article\" \/>\n<meta property=\"og:title\" content=\"KUKUI CREAM MASK FOR DRY SKIN | Holy Land Cosmetics\" \/>\n<meta property=\"og:description\" content=\"Volum: 70 ml\" \/>\n<meta property=\"og:url\" content=\"https:\/\/holyland.md\/ro\/product\/kukui-cream-mask-for-dry-skin\/\" \/>\n<meta property=\"og:site_name\" content=\"Holy Land Cosmetics\" \/>\n<meta property=\"article:modified_time\" content=\"2026-03-24T11:17:14+00:00\" \/>\n<meta property=\"og:image\" content=\"https:\/\/holyland.md\/wp-content\/uploads\/2020\/04\/kukui_cream_mask_for_dry_skin.jpg\" \/>\n\t<meta property=\"og:image:width\" content=\"560\" \/>\n\t<meta property=\"og:image:height\" content=\"560\" \/>\n\t<meta property=\"og:image:type\" content=\"image\/jpeg\" \/>\n<meta name=\"twitter:card\" content=\"summary_large_image\" \/>\n<meta name=\"twitter:label1\" content=\"Timp estimat pentru citire\" \/>\n\t<meta name=\"twitter:data1\" content=\"1 minut\" \/>\n<script type=\"application\/ld+json\" class=\"yoast-schema-graph\">{\"@context\":\"https:\/\/schema.org\",\"@graph\":[{\"@type\":\"WebPage\",\"@id\":\"https:\/\/holyland.md\/ro\/product\/kukui-cream-mask-for-dry-skin\/\",\"url\":\"https:\/\/holyland.md\/ro\/product\/kukui-cream-mask-for-dry-skin\/\",\"name\":\"KUKUI CREAM MASK FOR DRY SKIN | Holy Land Cosmetics\",\"isPartOf\":{\"@id\":\"https:\/\/holyland.md\/ro\/#website\"},\"primaryImageOfPage\":{\"@id\":\"https:\/\/holyland.md\/ro\/product\/kukui-cream-mask-for-dry-skin\/#primaryimage\"},\"image\":{\"@id\":\"https:\/\/holyland.md\/ro\/product\/kukui-cream-mask-for-dry-skin\/#primaryimage\"},\"thumbnailUrl\":\"https:\/\/holyland.md\/wp-content\/uploads\/2020\/04\/kukui_cream_mask_for_dry_skin.jpg\",\"datePublished\":\"2020-04-27T11:23:06+00:00\",\"dateModified\":\"2026-03-24T11:17:14+00:00\",\"breadcrumb\":{\"@id\":\"https:\/\/holyland.md\/ro\/product\/kukui-cream-mask-for-dry-skin\/#breadcrumb\"},\"inLanguage\":\"ro-RO\",\"potentialAction\":[{\"@type\":\"ReadAction\",\"target\":[\"https:\/\/holyland.md\/ro\/product\/kukui-cream-mask-for-dry-skin\/\"]}]},{\"@type\":\"ImageObject\",\"inLanguage\":\"ro-RO\",\"@id\":\"https:\/\/holyland.md\/ro\/product\/kukui-cream-mask-for-dry-skin\/#primaryimage\",\"url\":\"https:\/\/holyland.md\/wp-content\/uploads\/2020\/04\/kukui_cream_mask_for_dry_skin.jpg\",\"contentUrl\":\"https:\/\/holyland.md\/wp-content\/uploads\/2020\/04\/kukui_cream_mask_for_dry_skin.jpg\",\"width\":560,\"height\":560},{\"@type\":\"BreadcrumbList\",\"@id\":\"https:\/\/holyland.md\/ro\/product\/kukui-cream-mask-for-dry-skin\/#breadcrumb\",\"itemListElement\":[{\"@type\":\"ListItem\",\"position\":1,\"name\":\"\u0413\u043b\u0430\u0432\u043d\u0430\u044f \u0441\u0442\u0440\u0430\u043d\u0438\u0446\u0430\",\"item\":\"https:\/\/holyland.md\/ro\/\"},{\"@type\":\"ListItem\",\"position\":2,\"name\":\"Catalog produse HolyLand\",\"item\":\"https:\/\/holyland.md\/ro\/catalog\/\"},{\"@type\":\"ListItem\",\"position\":3,\"name\":\"KUKUI CREAM MASK FOR DRY SKIN\"}]},{\"@type\":\"WebSite\",\"@id\":\"https:\/\/holyland.md\/ro\/#website\",\"url\":\"https:\/\/holyland.md\/ro\/\",\"name\":\"Holy Land Cosmetics\",\"description\":\"\",\"publisher\":{\"@id\":\"https:\/\/holyland.md\/ro\/#organization\"},\"potentialAction\":[{\"@type\":\"SearchAction\",\"target\":{\"@type\":\"EntryPoint\",\"urlTemplate\":\"https:\/\/holyland.md\/ro\/?s={search_term_string}\"},\"query-input\":\"required name=search_term_string\"}],\"inLanguage\":\"ro-RO\"},{\"@type\":\"Organization\",\"@id\":\"https:\/\/holyland.md\/ro\/#organization\",\"name\":\"Holy Land Cosmetics\",\"url\":\"https:\/\/holyland.md\/ro\/\",\"logo\":{\"@type\":\"ImageObject\",\"inLanguage\":\"ro-RO\",\"@id\":\"https:\/\/holyland.md\/ro\/#\/schema\/logo\/image\/\",\"url\":\"https:\/\/holyland.md\/wp-content\/uploads\/2020\/03\/hl-always-active.png\",\"contentUrl\":\"https:\/\/holyland.md\/wp-content\/uploads\/2020\/03\/hl-always-active.png\",\"width\":1437,\"height\":892,\"caption\":\"Holy Land Cosmetics\"},\"image\":{\"@id\":\"https:\/\/holyland.md\/ro\/#\/schema\/logo\/image\/\"}}]}<\/script>\n<!-- \/ Yoast SEO plugin. -->","yoast_head_json":{"title":"KUKUI CREAM MASK FOR DRY SKIN | Holy Land Cosmetics","robots":{"index":"index","follow":"follow","max-snippet":"max-snippet:-1","max-image-preview":"max-image-preview:large","max-video-preview":"max-video-preview:-1"},"canonical":"https:\/\/holyland.md\/ro\/product\/kukui-cream-mask-for-dry-skin\/","og_locale":"ro_RO","og_type":"article","og_title":"KUKUI CREAM MASK FOR DRY SKIN | Holy Land Cosmetics","og_description":"Volum: 70 ml","og_url":"https:\/\/holyland.md\/ro\/product\/kukui-cream-mask-for-dry-skin\/","og_site_name":"Holy Land Cosmetics","article_modified_time":"2026-03-24T11:17:14+00:00","og_image":[{"width":560,"height":560,"url":"https:\/\/holyland.md\/wp-content\/uploads\/2020\/04\/kukui_cream_mask_for_dry_skin.jpg","type":"image\/jpeg"}],"twitter_card":"summary_large_image","twitter_misc":{"Timp estimat pentru citire":"1 minut"},"schema":{"@context":"https:\/\/schema.org","@graph":[{"@type":"WebPage","@id":"https:\/\/holyland.md\/ro\/product\/kukui-cream-mask-for-dry-skin\/","url":"https:\/\/holyland.md\/ro\/product\/kukui-cream-mask-for-dry-skin\/","name":"KUKUI CREAM MASK FOR DRY SKIN | Holy Land Cosmetics","isPartOf":{"@id":"https:\/\/holyland.md\/ro\/#website"},"primaryImageOfPage":{"@id":"https:\/\/holyland.md\/ro\/product\/kukui-cream-mask-for-dry-skin\/#primaryimage"},"image":{"@id":"https:\/\/holyland.md\/ro\/product\/kukui-cream-mask-for-dry-skin\/#primaryimage"},"thumbnailUrl":"https:\/\/holyland.md\/wp-content\/uploads\/2020\/04\/kukui_cream_mask_for_dry_skin.jpg","datePublished":"2020-04-27T11:23:06+00:00","dateModified":"2026-03-24T11:17:14+00:00","breadcrumb":{"@id":"https:\/\/holyland.md\/ro\/product\/kukui-cream-mask-for-dry-skin\/#breadcrumb"},"inLanguage":"ro-RO","potentialAction":[{"@type":"ReadAction","target":["https:\/\/holyland.md\/ro\/product\/kukui-cream-mask-for-dry-skin\/"]}]},{"@type":"ImageObject","inLanguage":"ro-RO","@id":"https:\/\/holyland.md\/ro\/product\/kukui-cream-mask-for-dry-skin\/#primaryimage","url":"https:\/\/holyland.md\/wp-content\/uploads\/2020\/04\/kukui_cream_mask_for_dry_skin.jpg","contentUrl":"https:\/\/holyland.md\/wp-content\/uploads\/2020\/04\/kukui_cream_mask_for_dry_skin.jpg","width":560,"height":560},{"@type":"BreadcrumbList","@id":"https:\/\/holyland.md\/ro\/product\/kukui-cream-mask-for-dry-skin\/#breadcrumb","itemListElement":[{"@type":"ListItem","position":1,"name":"\u0413\u043b\u0430\u0432\u043d\u0430\u044f \u0441\u0442\u0440\u0430\u043d\u0438\u0446\u0430","item":"https:\/\/holyland.md\/ro\/"},{"@type":"ListItem","position":2,"name":"Catalog produse HolyLand","item":"https:\/\/holyland.md\/ro\/catalog\/"},{"@type":"ListItem","position":3,"name":"KUKUI CREAM MASK FOR DRY SKIN"}]},{"@type":"WebSite","@id":"https:\/\/holyland.md\/ro\/#website","url":"https:\/\/holyland.md\/ro\/","name":"Holy Land Cosmetics","description":"","publisher":{"@id":"https:\/\/holyland.md\/ro\/#organization"},"potentialAction":[{"@type":"SearchAction","target":{"@type":"EntryPoint","urlTemplate":"https:\/\/holyland.md\/ro\/?s={search_term_string}"},"query-input":"required name=search_term_string"}],"inLanguage":"ro-RO"},{"@type":"Organization","@id":"https:\/\/holyland.md\/ro\/#organization","name":"Holy Land Cosmetics","url":"https:\/\/holyland.md\/ro\/","logo":{"@type":"ImageObject","inLanguage":"ro-RO","@id":"https:\/\/holyland.md\/ro\/#\/schema\/logo\/image\/","url":"https:\/\/holyland.md\/wp-content\/uploads\/2020\/03\/hl-always-active.png","contentUrl":"https:\/\/holyland.md\/wp-content\/uploads\/2020\/03\/hl-always-active.png","width":1437,"height":892,"caption":"Holy Land Cosmetics"},"image":{"@id":"https:\/\/holyland.md\/ro\/#\/schema\/logo\/image\/"}}]}},"_links":{"self":[{"href":"https:\/\/holyland.md\/ro\/wp-json\/wp\/v2\/product\/1877"}],"collection":[{"href":"https:\/\/holyland.md\/ro\/wp-json\/wp\/v2\/product"}],"about":[{"href":"https:\/\/holyland.md\/ro\/wp-json\/wp\/v2\/types\/product"}],"wp:featuredmedia":[{"embeddable":true,"href":"https:\/\/holyland.md\/ro\/wp-json\/wp\/v2\/media\/1878"}],"wp:attachment":[{"href":"https:\/\/holyland.md\/ro\/wp-json\/wp\/v2\/media?parent=1877"}],"wp:term":[{"taxonomy":"product_cat","embeddable":true,"href":"https:\/\/holyland.md\/ro\/wp-json\/wp\/v2\/product_cat?post=1877"},{"taxonomy":"product_tag","embeddable":true,"href":"https:\/\/holyland.md\/ro\/wp-json\/wp\/v2\/product_tag?post=1877"}],"curies":[{"name":"wp","href":"https:\/\/api.w.org\/{rel}","templated":true}]}}