{"id":1899,"date":"2020-04-24T19:43:11","date_gmt":"2020-04-24T16:43:11","guid":{"rendered":"https:\/\/holyland.md\/product\/astringent-mask\/"},"modified":"2026-03-24T14:37:18","modified_gmt":"2026-03-24T11:37:18","slug":"astringent-mask","status":"publish","type":"product","link":"https:\/\/holyland.md\/ro\/product\/astringent-mask\/","title":{"rendered":"ASTRINGENT MASK"},"content":{"rendered":"<p>O masc\u0103 r\u0103coritoare purificatoare cu efect de \u00eemprosp\u0103tare. Str\u00e2nge perfect porii, calmeaz\u0103 inflama\u021bia, reduce str\u0103lucirea uleioas\u0103. Promoveaz\u0103 un ton uniform al pielii. Datorit\u0103 con\u021binutului \u00eenalt de mentol, are un efect constr\u00e2ng\u0103tor asupra vaselor de s\u00e2nge, tonifiaz\u0103 \u0219i re\u00eemprosp\u0103teaz\u0103 pentru o perioad\u0103 lung\u0103 de timp.<\/p>\n<p><strong>Principii active:<\/strong><\/p>\n<p>Caolin, oxid de zinc, mentol.<\/p>\n<p><strong>Mod de folosire:<\/strong><\/p>\n<p>Dup\u0103 o cur\u0103\u021bare minu\u021bioas\u0103 \u00een dou\u0103 etape, aplica\u021bi masca \u00eentr-un strat sub\u021bire, opac, evit\u00e2nd zona ochilor. Se las\u0103 s\u0103 ac\u021bioneze 15 minute. Dup\u0103 timpul necesar, masca se cl\u0103te\u0219te cu ap\u0103 cald\u0103. De finisat procedura cu tonifiere \u0219i aplicare a unei creme corespunz\u0103toare, recomandate de c\u0103tre specialistul Dumneavoastr\u0103. De utilizat o dat\u0103 pe s\u0103pt\u0103m\u00e2n\u0103 sau conform recomand\u0103rilor specialistului Dumneavoastr\u0103. La aplicare provoac\u0103 o senza\u021bie de ardere!<\/p>\n","protected":false},"excerpt":{"rendered":"<p>Volum: 70 ml<\/p>\n","protected":false},"featured_media":1900,"template":"","meta":[],"product_cat":[112,132],"product_tag":[],"class_list":{"0":"post-1899","1":"product","2":"type-product","3":"status-publish","4":"has-post-thumbnail","6":"product_cat-masks-hl","7":"product_cat-masti","9":"first","10":"instock","11":"shipping-taxable","12":"purchasable","13":"product-type-simple"},"yoast_head":"<!-- This site is optimized with the Yoast SEO plugin v23.3 - https:\/\/yoast.com\/wordpress\/plugins\/seo\/ -->\n<title>ASTRINGENT MASK | Holy Land Cosmetics<\/title>\n<meta name=\"robots\" content=\"index, follow, max-snippet:-1, max-image-preview:large, max-video-preview:-1\" \/>\n<link rel=\"canonical\" href=\"https:\/\/holyland.md\/ro\/product\/astringent-mask\/\" \/>\n<meta property=\"og:locale\" content=\"ro_RO\" \/>\n<meta property=\"og:type\" content=\"article\" \/>\n<meta property=\"og:title\" content=\"ASTRINGENT MASK | Holy Land Cosmetics\" \/>\n<meta property=\"og:description\" content=\"Volum: 70 ml\" \/>\n<meta property=\"og:url\" content=\"https:\/\/holyland.md\/ro\/product\/astringent-mask\/\" \/>\n<meta property=\"og:site_name\" content=\"Holy Land Cosmetics\" \/>\n<meta property=\"article:modified_time\" content=\"2026-03-24T11:37:18+00:00\" \/>\n<meta property=\"og:image\" content=\"https:\/\/holyland.md\/wp-content\/uploads\/2020\/04\/astringent_mask.jpg\" \/>\n\t<meta property=\"og:image:width\" content=\"550\" \/>\n\t<meta property=\"og:image:height\" content=\"550\" \/>\n\t<meta property=\"og:image:type\" content=\"image\/jpeg\" \/>\n<meta name=\"twitter:card\" content=\"summary_large_image\" \/>\n<meta name=\"twitter:label1\" content=\"Timp estimat pentru citire\" \/>\n\t<meta name=\"twitter:data1\" content=\"1 minut\" \/>\n<script type=\"application\/ld+json\" class=\"yoast-schema-graph\">{\"@context\":\"https:\/\/schema.org\",\"@graph\":[{\"@type\":\"WebPage\",\"@id\":\"https:\/\/holyland.md\/ro\/product\/astringent-mask\/\",\"url\":\"https:\/\/holyland.md\/ro\/product\/astringent-mask\/\",\"name\":\"ASTRINGENT MASK | Holy Land Cosmetics\",\"isPartOf\":{\"@id\":\"https:\/\/holyland.md\/ro\/#website\"},\"primaryImageOfPage\":{\"@id\":\"https:\/\/holyland.md\/ro\/product\/astringent-mask\/#primaryimage\"},\"image\":{\"@id\":\"https:\/\/holyland.md\/ro\/product\/astringent-mask\/#primaryimage\"},\"thumbnailUrl\":\"https:\/\/holyland.md\/wp-content\/uploads\/2020\/04\/astringent_mask.jpg\",\"datePublished\":\"2020-04-24T16:43:11+00:00\",\"dateModified\":\"2026-03-24T11:37:18+00:00\",\"breadcrumb\":{\"@id\":\"https:\/\/holyland.md\/ro\/product\/astringent-mask\/#breadcrumb\"},\"inLanguage\":\"ro-RO\",\"potentialAction\":[{\"@type\":\"ReadAction\",\"target\":[\"https:\/\/holyland.md\/ro\/product\/astringent-mask\/\"]}]},{\"@type\":\"ImageObject\",\"inLanguage\":\"ro-RO\",\"@id\":\"https:\/\/holyland.md\/ro\/product\/astringent-mask\/#primaryimage\",\"url\":\"https:\/\/holyland.md\/wp-content\/uploads\/2020\/04\/astringent_mask.jpg\",\"contentUrl\":\"https:\/\/holyland.md\/wp-content\/uploads\/2020\/04\/astringent_mask.jpg\",\"width\":550,\"height\":550},{\"@type\":\"BreadcrumbList\",\"@id\":\"https:\/\/holyland.md\/ro\/product\/astringent-mask\/#breadcrumb\",\"itemListElement\":[{\"@type\":\"ListItem\",\"position\":1,\"name\":\"\u0413\u043b\u0430\u0432\u043d\u0430\u044f \u0441\u0442\u0440\u0430\u043d\u0438\u0446\u0430\",\"item\":\"https:\/\/holyland.md\/ro\/\"},{\"@type\":\"ListItem\",\"position\":2,\"name\":\"Catalog produse HolyLand\",\"item\":\"https:\/\/holyland.md\/ro\/catalog\/\"},{\"@type\":\"ListItem\",\"position\":3,\"name\":\"ASTRINGENT MASK\"}]},{\"@type\":\"WebSite\",\"@id\":\"https:\/\/holyland.md\/ro\/#website\",\"url\":\"https:\/\/holyland.md\/ro\/\",\"name\":\"Holy Land Cosmetics\",\"description\":\"\",\"publisher\":{\"@id\":\"https:\/\/holyland.md\/ro\/#organization\"},\"potentialAction\":[{\"@type\":\"SearchAction\",\"target\":{\"@type\":\"EntryPoint\",\"urlTemplate\":\"https:\/\/holyland.md\/ro\/?s={search_term_string}\"},\"query-input\":\"required name=search_term_string\"}],\"inLanguage\":\"ro-RO\"},{\"@type\":\"Organization\",\"@id\":\"https:\/\/holyland.md\/ro\/#organization\",\"name\":\"Holy Land Cosmetics\",\"url\":\"https:\/\/holyland.md\/ro\/\",\"logo\":{\"@type\":\"ImageObject\",\"inLanguage\":\"ro-RO\",\"@id\":\"https:\/\/holyland.md\/ro\/#\/schema\/logo\/image\/\",\"url\":\"https:\/\/holyland.md\/wp-content\/uploads\/2020\/03\/hl-always-active.png\",\"contentUrl\":\"https:\/\/holyland.md\/wp-content\/uploads\/2020\/03\/hl-always-active.png\",\"width\":1437,\"height\":892,\"caption\":\"Holy Land Cosmetics\"},\"image\":{\"@id\":\"https:\/\/holyland.md\/ro\/#\/schema\/logo\/image\/\"}}]}<\/script>\n<!-- \/ Yoast SEO plugin. -->","yoast_head_json":{"title":"ASTRINGENT MASK | Holy Land Cosmetics","robots":{"index":"index","follow":"follow","max-snippet":"max-snippet:-1","max-image-preview":"max-image-preview:large","max-video-preview":"max-video-preview:-1"},"canonical":"https:\/\/holyland.md\/ro\/product\/astringent-mask\/","og_locale":"ro_RO","og_type":"article","og_title":"ASTRINGENT MASK | Holy Land Cosmetics","og_description":"Volum: 70 ml","og_url":"https:\/\/holyland.md\/ro\/product\/astringent-mask\/","og_site_name":"Holy Land Cosmetics","article_modified_time":"2026-03-24T11:37:18+00:00","og_image":[{"width":550,"height":550,"url":"https:\/\/holyland.md\/wp-content\/uploads\/2020\/04\/astringent_mask.jpg","type":"image\/jpeg"}],"twitter_card":"summary_large_image","twitter_misc":{"Timp estimat pentru citire":"1 minut"},"schema":{"@context":"https:\/\/schema.org","@graph":[{"@type":"WebPage","@id":"https:\/\/holyland.md\/ro\/product\/astringent-mask\/","url":"https:\/\/holyland.md\/ro\/product\/astringent-mask\/","name":"ASTRINGENT MASK | Holy Land Cosmetics","isPartOf":{"@id":"https:\/\/holyland.md\/ro\/#website"},"primaryImageOfPage":{"@id":"https:\/\/holyland.md\/ro\/product\/astringent-mask\/#primaryimage"},"image":{"@id":"https:\/\/holyland.md\/ro\/product\/astringent-mask\/#primaryimage"},"thumbnailUrl":"https:\/\/holyland.md\/wp-content\/uploads\/2020\/04\/astringent_mask.jpg","datePublished":"2020-04-24T16:43:11+00:00","dateModified":"2026-03-24T11:37:18+00:00","breadcrumb":{"@id":"https:\/\/holyland.md\/ro\/product\/astringent-mask\/#breadcrumb"},"inLanguage":"ro-RO","potentialAction":[{"@type":"ReadAction","target":["https:\/\/holyland.md\/ro\/product\/astringent-mask\/"]}]},{"@type":"ImageObject","inLanguage":"ro-RO","@id":"https:\/\/holyland.md\/ro\/product\/astringent-mask\/#primaryimage","url":"https:\/\/holyland.md\/wp-content\/uploads\/2020\/04\/astringent_mask.jpg","contentUrl":"https:\/\/holyland.md\/wp-content\/uploads\/2020\/04\/astringent_mask.jpg","width":550,"height":550},{"@type":"BreadcrumbList","@id":"https:\/\/holyland.md\/ro\/product\/astringent-mask\/#breadcrumb","itemListElement":[{"@type":"ListItem","position":1,"name":"\u0413\u043b\u0430\u0432\u043d\u0430\u044f \u0441\u0442\u0440\u0430\u043d\u0438\u0446\u0430","item":"https:\/\/holyland.md\/ro\/"},{"@type":"ListItem","position":2,"name":"Catalog produse HolyLand","item":"https:\/\/holyland.md\/ro\/catalog\/"},{"@type":"ListItem","position":3,"name":"ASTRINGENT MASK"}]},{"@type":"WebSite","@id":"https:\/\/holyland.md\/ro\/#website","url":"https:\/\/holyland.md\/ro\/","name":"Holy Land Cosmetics","description":"","publisher":{"@id":"https:\/\/holyland.md\/ro\/#organization"},"potentialAction":[{"@type":"SearchAction","target":{"@type":"EntryPoint","urlTemplate":"https:\/\/holyland.md\/ro\/?s={search_term_string}"},"query-input":"required name=search_term_string"}],"inLanguage":"ro-RO"},{"@type":"Organization","@id":"https:\/\/holyland.md\/ro\/#organization","name":"Holy Land Cosmetics","url":"https:\/\/holyland.md\/ro\/","logo":{"@type":"ImageObject","inLanguage":"ro-RO","@id":"https:\/\/holyland.md\/ro\/#\/schema\/logo\/image\/","url":"https:\/\/holyland.md\/wp-content\/uploads\/2020\/03\/hl-always-active.png","contentUrl":"https:\/\/holyland.md\/wp-content\/uploads\/2020\/03\/hl-always-active.png","width":1437,"height":892,"caption":"Holy Land Cosmetics"},"image":{"@id":"https:\/\/holyland.md\/ro\/#\/schema\/logo\/image\/"}}]}},"_links":{"self":[{"href":"https:\/\/holyland.md\/ro\/wp-json\/wp\/v2\/product\/1899"}],"collection":[{"href":"https:\/\/holyland.md\/ro\/wp-json\/wp\/v2\/product"}],"about":[{"href":"https:\/\/holyland.md\/ro\/wp-json\/wp\/v2\/types\/product"}],"wp:featuredmedia":[{"embeddable":true,"href":"https:\/\/holyland.md\/ro\/wp-json\/wp\/v2\/media\/1900"}],"wp:attachment":[{"href":"https:\/\/holyland.md\/ro\/wp-json\/wp\/v2\/media?parent=1899"}],"wp:term":[{"taxonomy":"product_cat","embeddable":true,"href":"https:\/\/holyland.md\/ro\/wp-json\/wp\/v2\/product_cat?post=1899"},{"taxonomy":"product_tag","embeddable":true,"href":"https:\/\/holyland.md\/ro\/wp-json\/wp\/v2\/product_tag?post=1899"}],"curies":[{"name":"wp","href":"https:\/\/api.w.org\/{rel}","templated":true}]}}