{"id":1906,"date":"2020-04-27T12:59:46","date_gmt":"2020-04-27T09:59:46","guid":{"rendered":"https:\/\/holyland.md\/product\/perfect-time-daily-firming-cream\/"},"modified":"2026-03-23T13:14:09","modified_gmt":"2026-03-23T10:14:09","slug":"perfect-time-daily-firming-cream","status":"publish","type":"product","link":"https:\/\/holyland.md\/ro\/product\/perfect-time-daily-firming-cream\/","title":{"rendered":"PERFECT TIME DAILY FIRMING CREAM"},"content":{"rendered":"<p>O crem\u0103 anti-\u00eemb\u0103tr\u00e2nire de zi cu efect de tonifiere. La fel ca \u0219i \u00eentreaga gam\u0103, se bazeaz\u0103 pe lipoproteine, substan\u021be puternice care se integreaz\u0103 armonios \u00een procesele fiziologice ale pielii \u0219i declan\u0219eaz\u0103 anumite mecanisme pentru a \u00eentoarce ceasul. Componentele stimulante: extracte de yam s\u0103lbatic, extracte de soia &#8211; \u00eembun\u0103t\u0103\u021besc microcircula\u021bia, iar bioflavonoidele din compozi\u021bia sa fac ca celulele s\u0103 func\u021bioneze \u00een regim a celor tinere. Peptide miorelaxante ajut\u0103 la reducerea ad\u00e2ncimii ridurilor, iar aminoacizii sunt elementele ideale pentru construirea celulelor noi s\u0103n\u0103toase, \u00eembun\u0103t\u0103\u021besc calitatea fibrelor dermului \u0219i completeaz\u0103 efectul delifting.<\/p>\n<p><strong>Principiile active:<\/strong><\/p>\n<p>palmitoyl izoleucina, extract de yam s\u0103lbatic, acetylhexapeptide-8, Sodium PCA, steroli din soia, extract de Centella Asiatica, protein\u0103 hidrolizat\u0103 de gr\u00e2u, protein\u0103 hidrolizat\u0103 de soia, pectin\u0103, serin\u0103, prolin\u0103, arginin\u0103.<\/p>\n<p><strong>Mod de utilizare:<\/strong><\/p>\n<p>Dup\u0103 o cur\u0103\u021bare profund\u0103 \u00een dou\u0103 etape se aplic\u0103 o cantitate mic\u0103 de crem\u0103 pe fa\u021b\u0103. Se \u00eentinde \u00eentr-un strat uniform, se maseaz\u0103 u\u0219or p\u00e2n\u0103 la absoarb\u021bie complet\u0103. De utilizat zilnic pentru a \u00eencheia rutina de diminea\u021b\u0103 sau conform recomand\u0103rilor medicului Dumneavoastr\u0103.<\/p>\n","protected":false},"excerpt":{"rendered":"","protected":false},"featured_media":2587,"template":"","meta":[],"product_cat":[116,130],"product_tag":[],"class_list":{"0":"post-1906","1":"product","2":"type-product","3":"status-publish","4":"has-post-thumbnail","6":"product_cat-perfect-time-hl","7":"product_cat-creme","9":"first","10":"instock","11":"shipping-taxable","12":"purchasable","13":"product-type-variable","14":"has-default-attributes"},"yoast_head":"<!-- This site is optimized with the Yoast SEO plugin v23.3 - https:\/\/yoast.com\/wordpress\/plugins\/seo\/ -->\n<title>PERFECT TIME DAILY FIRMING CREAM | Holy Land Cosmetics<\/title>\n<meta name=\"robots\" content=\"index, follow, max-snippet:-1, max-image-preview:large, max-video-preview:-1\" \/>\n<link rel=\"canonical\" href=\"https:\/\/holyland.md\/ro\/product\/perfect-time-daily-firming-cream\/\" \/>\n<meta property=\"og:locale\" content=\"ro_RO\" \/>\n<meta property=\"og:type\" content=\"article\" \/>\n<meta property=\"og:title\" content=\"PERFECT TIME DAILY FIRMING CREAM | Holy Land Cosmetics\" \/>\n<meta property=\"og:url\" content=\"https:\/\/holyland.md\/ro\/product\/perfect-time-daily-firming-cream\/\" \/>\n<meta property=\"og:site_name\" content=\"Holy Land Cosmetics\" \/>\n<meta property=\"article:modified_time\" content=\"2026-03-23T10:14:09+00:00\" \/>\n<meta property=\"og:image\" content=\"https:\/\/holyland.md\/wp-content\/uploads\/2020\/04\/PERFEC-TIME-DAILY-FIRMING-CREAM-1.jpg\" \/>\n\t<meta property=\"og:image:width\" content=\"1000\" \/>\n\t<meta property=\"og:image:height\" content=\"1000\" \/>\n\t<meta property=\"og:image:type\" content=\"image\/jpeg\" \/>\n<meta name=\"twitter:card\" content=\"summary_large_image\" \/>\n<meta name=\"twitter:label1\" content=\"Timp estimat pentru citire\" \/>\n\t<meta name=\"twitter:data1\" content=\"2 minute\" \/>\n<script type=\"application\/ld+json\" class=\"yoast-schema-graph\">{\"@context\":\"https:\/\/schema.org\",\"@graph\":[{\"@type\":\"WebPage\",\"@id\":\"https:\/\/holyland.md\/ro\/product\/perfect-time-daily-firming-cream\/\",\"url\":\"https:\/\/holyland.md\/ro\/product\/perfect-time-daily-firming-cream\/\",\"name\":\"PERFECT TIME DAILY FIRMING CREAM | Holy Land Cosmetics\",\"isPartOf\":{\"@id\":\"https:\/\/holyland.md\/ro\/#website\"},\"primaryImageOfPage\":{\"@id\":\"https:\/\/holyland.md\/ro\/product\/perfect-time-daily-firming-cream\/#primaryimage\"},\"image\":{\"@id\":\"https:\/\/holyland.md\/ro\/product\/perfect-time-daily-firming-cream\/#primaryimage\"},\"thumbnailUrl\":\"https:\/\/holyland.md\/wp-content\/uploads\/2020\/04\/PERFEC-TIME-DAILY-FIRMING-CREAM-1.jpg\",\"datePublished\":\"2020-04-27T09:59:46+00:00\",\"dateModified\":\"2026-03-23T10:14:09+00:00\",\"breadcrumb\":{\"@id\":\"https:\/\/holyland.md\/ro\/product\/perfect-time-daily-firming-cream\/#breadcrumb\"},\"inLanguage\":\"ro-RO\",\"potentialAction\":[{\"@type\":\"ReadAction\",\"target\":[\"https:\/\/holyland.md\/ro\/product\/perfect-time-daily-firming-cream\/\"]}]},{\"@type\":\"ImageObject\",\"inLanguage\":\"ro-RO\",\"@id\":\"https:\/\/holyland.md\/ro\/product\/perfect-time-daily-firming-cream\/#primaryimage\",\"url\":\"https:\/\/holyland.md\/wp-content\/uploads\/2020\/04\/PERFEC-TIME-DAILY-FIRMING-CREAM-1.jpg\",\"contentUrl\":\"https:\/\/holyland.md\/wp-content\/uploads\/2020\/04\/PERFEC-TIME-DAILY-FIRMING-CREAM-1.jpg\",\"width\":1000,\"height\":1000},{\"@type\":\"BreadcrumbList\",\"@id\":\"https:\/\/holyland.md\/ro\/product\/perfect-time-daily-firming-cream\/#breadcrumb\",\"itemListElement\":[{\"@type\":\"ListItem\",\"position\":1,\"name\":\"\u0413\u043b\u0430\u0432\u043d\u0430\u044f \u0441\u0442\u0440\u0430\u043d\u0438\u0446\u0430\",\"item\":\"https:\/\/holyland.md\/ro\/\"},{\"@type\":\"ListItem\",\"position\":2,\"name\":\"Catalog produse HolyLand\",\"item\":\"https:\/\/holyland.md\/ro\/catalog\/\"},{\"@type\":\"ListItem\",\"position\":3,\"name\":\"PERFECT TIME DAILY FIRMING CREAM\"}]},{\"@type\":\"WebSite\",\"@id\":\"https:\/\/holyland.md\/ro\/#website\",\"url\":\"https:\/\/holyland.md\/ro\/\",\"name\":\"Holy Land Cosmetics\",\"description\":\"\",\"publisher\":{\"@id\":\"https:\/\/holyland.md\/ro\/#organization\"},\"potentialAction\":[{\"@type\":\"SearchAction\",\"target\":{\"@type\":\"EntryPoint\",\"urlTemplate\":\"https:\/\/holyland.md\/ro\/?s={search_term_string}\"},\"query-input\":\"required name=search_term_string\"}],\"inLanguage\":\"ro-RO\"},{\"@type\":\"Organization\",\"@id\":\"https:\/\/holyland.md\/ro\/#organization\",\"name\":\"Holy Land Cosmetics\",\"url\":\"https:\/\/holyland.md\/ro\/\",\"logo\":{\"@type\":\"ImageObject\",\"inLanguage\":\"ro-RO\",\"@id\":\"https:\/\/holyland.md\/ro\/#\/schema\/logo\/image\/\",\"url\":\"https:\/\/holyland.md\/wp-content\/uploads\/2020\/03\/hl-always-active.png\",\"contentUrl\":\"https:\/\/holyland.md\/wp-content\/uploads\/2020\/03\/hl-always-active.png\",\"width\":1437,\"height\":892,\"caption\":\"Holy Land Cosmetics\"},\"image\":{\"@id\":\"https:\/\/holyland.md\/ro\/#\/schema\/logo\/image\/\"}}]}<\/script>\n<!-- \/ Yoast SEO plugin. -->","yoast_head_json":{"title":"PERFECT TIME DAILY FIRMING CREAM | Holy Land Cosmetics","robots":{"index":"index","follow":"follow","max-snippet":"max-snippet:-1","max-image-preview":"max-image-preview:large","max-video-preview":"max-video-preview:-1"},"canonical":"https:\/\/holyland.md\/ro\/product\/perfect-time-daily-firming-cream\/","og_locale":"ro_RO","og_type":"article","og_title":"PERFECT TIME DAILY FIRMING CREAM | Holy Land Cosmetics","og_url":"https:\/\/holyland.md\/ro\/product\/perfect-time-daily-firming-cream\/","og_site_name":"Holy Land Cosmetics","article_modified_time":"2026-03-23T10:14:09+00:00","og_image":[{"width":1000,"height":1000,"url":"https:\/\/holyland.md\/wp-content\/uploads\/2020\/04\/PERFEC-TIME-DAILY-FIRMING-CREAM-1.jpg","type":"image\/jpeg"}],"twitter_card":"summary_large_image","twitter_misc":{"Timp estimat pentru citire":"2 minute"},"schema":{"@context":"https:\/\/schema.org","@graph":[{"@type":"WebPage","@id":"https:\/\/holyland.md\/ro\/product\/perfect-time-daily-firming-cream\/","url":"https:\/\/holyland.md\/ro\/product\/perfect-time-daily-firming-cream\/","name":"PERFECT TIME DAILY FIRMING CREAM | Holy Land Cosmetics","isPartOf":{"@id":"https:\/\/holyland.md\/ro\/#website"},"primaryImageOfPage":{"@id":"https:\/\/holyland.md\/ro\/product\/perfect-time-daily-firming-cream\/#primaryimage"},"image":{"@id":"https:\/\/holyland.md\/ro\/product\/perfect-time-daily-firming-cream\/#primaryimage"},"thumbnailUrl":"https:\/\/holyland.md\/wp-content\/uploads\/2020\/04\/PERFEC-TIME-DAILY-FIRMING-CREAM-1.jpg","datePublished":"2020-04-27T09:59:46+00:00","dateModified":"2026-03-23T10:14:09+00:00","breadcrumb":{"@id":"https:\/\/holyland.md\/ro\/product\/perfect-time-daily-firming-cream\/#breadcrumb"},"inLanguage":"ro-RO","potentialAction":[{"@type":"ReadAction","target":["https:\/\/holyland.md\/ro\/product\/perfect-time-daily-firming-cream\/"]}]},{"@type":"ImageObject","inLanguage":"ro-RO","@id":"https:\/\/holyland.md\/ro\/product\/perfect-time-daily-firming-cream\/#primaryimage","url":"https:\/\/holyland.md\/wp-content\/uploads\/2020\/04\/PERFEC-TIME-DAILY-FIRMING-CREAM-1.jpg","contentUrl":"https:\/\/holyland.md\/wp-content\/uploads\/2020\/04\/PERFEC-TIME-DAILY-FIRMING-CREAM-1.jpg","width":1000,"height":1000},{"@type":"BreadcrumbList","@id":"https:\/\/holyland.md\/ro\/product\/perfect-time-daily-firming-cream\/#breadcrumb","itemListElement":[{"@type":"ListItem","position":1,"name":"\u0413\u043b\u0430\u0432\u043d\u0430\u044f \u0441\u0442\u0440\u0430\u043d\u0438\u0446\u0430","item":"https:\/\/holyland.md\/ro\/"},{"@type":"ListItem","position":2,"name":"Catalog produse HolyLand","item":"https:\/\/holyland.md\/ro\/catalog\/"},{"@type":"ListItem","position":3,"name":"PERFECT TIME DAILY FIRMING CREAM"}]},{"@type":"WebSite","@id":"https:\/\/holyland.md\/ro\/#website","url":"https:\/\/holyland.md\/ro\/","name":"Holy Land Cosmetics","description":"","publisher":{"@id":"https:\/\/holyland.md\/ro\/#organization"},"potentialAction":[{"@type":"SearchAction","target":{"@type":"EntryPoint","urlTemplate":"https:\/\/holyland.md\/ro\/?s={search_term_string}"},"query-input":"required name=search_term_string"}],"inLanguage":"ro-RO"},{"@type":"Organization","@id":"https:\/\/holyland.md\/ro\/#organization","name":"Holy Land Cosmetics","url":"https:\/\/holyland.md\/ro\/","logo":{"@type":"ImageObject","inLanguage":"ro-RO","@id":"https:\/\/holyland.md\/ro\/#\/schema\/logo\/image\/","url":"https:\/\/holyland.md\/wp-content\/uploads\/2020\/03\/hl-always-active.png","contentUrl":"https:\/\/holyland.md\/wp-content\/uploads\/2020\/03\/hl-always-active.png","width":1437,"height":892,"caption":"Holy Land Cosmetics"},"image":{"@id":"https:\/\/holyland.md\/ro\/#\/schema\/logo\/image\/"}}]}},"_links":{"self":[{"href":"https:\/\/holyland.md\/ro\/wp-json\/wp\/v2\/product\/1906"}],"collection":[{"href":"https:\/\/holyland.md\/ro\/wp-json\/wp\/v2\/product"}],"about":[{"href":"https:\/\/holyland.md\/ro\/wp-json\/wp\/v2\/types\/product"}],"wp:featuredmedia":[{"embeddable":true,"href":"https:\/\/holyland.md\/ro\/wp-json\/wp\/v2\/media\/2587"}],"wp:attachment":[{"href":"https:\/\/holyland.md\/ro\/wp-json\/wp\/v2\/media?parent=1906"}],"wp:term":[{"taxonomy":"product_cat","embeddable":true,"href":"https:\/\/holyland.md\/ro\/wp-json\/wp\/v2\/product_cat?post=1906"},{"taxonomy":"product_tag","embeddable":true,"href":"https:\/\/holyland.md\/ro\/wp-json\/wp\/v2\/product_tag?post=1906"}],"curies":[{"name":"wp","href":"https:\/\/api.w.org\/{rel}","templated":true}]}}