{"id":1911,"date":"2020-04-27T13:06:14","date_gmt":"2020-04-27T10:06:14","guid":{"rendered":"https:\/\/holyland.md\/product\/perfect-time-neck-decollete-cream\/"},"modified":"2026-03-23T13:12:30","modified_gmt":"2026-03-23T10:12:30","slug":"perfect-time-neck-decollete-cream","status":"publish","type":"product","link":"https:\/\/holyland.md\/ro\/product\/perfect-time-neck-decollete-cream\/","title":{"rendered":"PERFECT TIME NECK &#038; DECOLLETE CREAM"},"content":{"rendered":"<p>Un produs special elaborat pentru \u00eengrijirea zonei delicate a g\u00e2tului \u0219i decolteului. Acesta ia \u00een considerare particularit\u0103\u021bile anatomiei \u0219i fiziologiei acestei zone \u0219i are un efect care vizeaz\u0103 \u00eent\u0103rirea \u0219i lifting. Compozi\u021bia bogat\u0103 \u00een ulei p\u0103streaz\u0103 hidratare, prevenind deshidratarea \u0219i formarea a unei re\u021bele de linii fine. Lipopeptidele \u0219i aminoacizii inovatori \u00eent\u0103resc conturul fe\u021bei, red\u00e2nd fermitatea \u0219i defini\u021bia conturului.<strong>\u00a0<\/strong><\/p>\n<p><strong>Principiile active:<\/strong><\/p>\n<p>ulei shea, ulei de Theobroma cacao, ulei murumuru, hexapeptide 10, palmitoyl pentapeptide 4, vitamina E, proteine hidrolizate de soia \u015fi gr\u00e2u, glaucina, pectina, serina, prolina, arginina, hidroxymetionina de calciu.<\/p>\n<p><strong>Mod de aplicare:<\/strong><\/p>\n<p>Dup\u0103 cur\u0103\u021bare \u0219i tonifiere, se aplic\u0103 o cantitate mic\u0103 de crem\u0103 pe zona g\u00e2tului \u0219i decolteului. Se maseaz\u0103, lu\u00e2nd \u00een considerare particularit\u0103\u021bile fluxului sanguin \u0219i proiec\u021bia glandei tiroide. Se a\u0219teapt\u0103 p\u00e2n\u0103 c\u00e2nd este complet absorbit\u0103. A se utiliza o dat\u0103 pe zi sau conform recomand\u0103rilor specialistului Dumneavoastr\u0103.<\/p>\n","protected":false},"excerpt":{"rendered":"<p>Volum: 50 ml<\/p>\n","protected":false},"featured_media":2606,"template":"","meta":[],"product_cat":[116,130],"product_tag":[],"class_list":{"0":"post-1911","1":"product","2":"type-product","3":"status-publish","4":"has-post-thumbnail","6":"product_cat-perfect-time-hl","7":"product_cat-creme","9":"first","10":"instock","11":"shipping-taxable","12":"purchasable","13":"product-type-simple"},"yoast_head":"<!-- This site is optimized with the Yoast SEO plugin v23.3 - https:\/\/yoast.com\/wordpress\/plugins\/seo\/ -->\n<title>PERFECT TIME NECK &amp; DECOLLETE CREAM | Holy Land Cosmetics<\/title>\n<meta name=\"robots\" content=\"index, follow, max-snippet:-1, max-image-preview:large, max-video-preview:-1\" \/>\n<link rel=\"canonical\" href=\"https:\/\/holyland.md\/ro\/product\/perfect-time-neck-decollete-cream\/\" \/>\n<meta property=\"og:locale\" content=\"ro_RO\" \/>\n<meta property=\"og:type\" content=\"article\" \/>\n<meta property=\"og:title\" content=\"PERFECT TIME NECK &amp; DECOLLETE CREAM | Holy Land Cosmetics\" \/>\n<meta property=\"og:description\" content=\"Volum: 50 ml\" \/>\n<meta property=\"og:url\" content=\"https:\/\/holyland.md\/ro\/product\/perfect-time-neck-decollete-cream\/\" \/>\n<meta property=\"og:site_name\" content=\"Holy Land Cosmetics\" \/>\n<meta property=\"article:modified_time\" content=\"2026-03-23T10:12:30+00:00\" \/>\n<meta property=\"og:image\" content=\"https:\/\/holyland.md\/wp-content\/uploads\/2020\/04\/PERFECT-TIME-NECK_DECOLLETE-CREM-2.jpg\" \/>\n\t<meta property=\"og:image:width\" content=\"1000\" \/>\n\t<meta property=\"og:image:height\" content=\"1000\" \/>\n\t<meta property=\"og:image:type\" content=\"image\/jpeg\" \/>\n<meta name=\"twitter:card\" content=\"summary_large_image\" \/>\n<meta name=\"twitter:label1\" content=\"Timp estimat pentru citire\" \/>\n\t<meta name=\"twitter:data1\" content=\"1 minut\" \/>\n<script type=\"application\/ld+json\" class=\"yoast-schema-graph\">{\"@context\":\"https:\/\/schema.org\",\"@graph\":[{\"@type\":\"WebPage\",\"@id\":\"https:\/\/holyland.md\/ro\/product\/perfect-time-neck-decollete-cream\/\",\"url\":\"https:\/\/holyland.md\/ro\/product\/perfect-time-neck-decollete-cream\/\",\"name\":\"PERFECT TIME NECK & DECOLLETE CREAM | Holy Land Cosmetics\",\"isPartOf\":{\"@id\":\"https:\/\/holyland.md\/ro\/#website\"},\"primaryImageOfPage\":{\"@id\":\"https:\/\/holyland.md\/ro\/product\/perfect-time-neck-decollete-cream\/#primaryimage\"},\"image\":{\"@id\":\"https:\/\/holyland.md\/ro\/product\/perfect-time-neck-decollete-cream\/#primaryimage\"},\"thumbnailUrl\":\"https:\/\/holyland.md\/wp-content\/uploads\/2020\/04\/PERFECT-TIME-NECK_DECOLLETE-CREM-2.jpg\",\"datePublished\":\"2020-04-27T10:06:14+00:00\",\"dateModified\":\"2026-03-23T10:12:30+00:00\",\"breadcrumb\":{\"@id\":\"https:\/\/holyland.md\/ro\/product\/perfect-time-neck-decollete-cream\/#breadcrumb\"},\"inLanguage\":\"ro-RO\",\"potentialAction\":[{\"@type\":\"ReadAction\",\"target\":[\"https:\/\/holyland.md\/ro\/product\/perfect-time-neck-decollete-cream\/\"]}]},{\"@type\":\"ImageObject\",\"inLanguage\":\"ro-RO\",\"@id\":\"https:\/\/holyland.md\/ro\/product\/perfect-time-neck-decollete-cream\/#primaryimage\",\"url\":\"https:\/\/holyland.md\/wp-content\/uploads\/2020\/04\/PERFECT-TIME-NECK_DECOLLETE-CREM-2.jpg\",\"contentUrl\":\"https:\/\/holyland.md\/wp-content\/uploads\/2020\/04\/PERFECT-TIME-NECK_DECOLLETE-CREM-2.jpg\",\"width\":1000,\"height\":1000},{\"@type\":\"BreadcrumbList\",\"@id\":\"https:\/\/holyland.md\/ro\/product\/perfect-time-neck-decollete-cream\/#breadcrumb\",\"itemListElement\":[{\"@type\":\"ListItem\",\"position\":1,\"name\":\"\u0413\u043b\u0430\u0432\u043d\u0430\u044f \u0441\u0442\u0440\u0430\u043d\u0438\u0446\u0430\",\"item\":\"https:\/\/holyland.md\/ro\/\"},{\"@type\":\"ListItem\",\"position\":2,\"name\":\"Catalog produse HolyLand\",\"item\":\"https:\/\/holyland.md\/ro\/catalog\/\"},{\"@type\":\"ListItem\",\"position\":3,\"name\":\"PERFECT TIME NECK &#038; DECOLLETE CREAM\"}]},{\"@type\":\"WebSite\",\"@id\":\"https:\/\/holyland.md\/ro\/#website\",\"url\":\"https:\/\/holyland.md\/ro\/\",\"name\":\"Holy Land Cosmetics\",\"description\":\"\",\"publisher\":{\"@id\":\"https:\/\/holyland.md\/ro\/#organization\"},\"potentialAction\":[{\"@type\":\"SearchAction\",\"target\":{\"@type\":\"EntryPoint\",\"urlTemplate\":\"https:\/\/holyland.md\/ro\/?s={search_term_string}\"},\"query-input\":\"required name=search_term_string\"}],\"inLanguage\":\"ro-RO\"},{\"@type\":\"Organization\",\"@id\":\"https:\/\/holyland.md\/ro\/#organization\",\"name\":\"Holy Land Cosmetics\",\"url\":\"https:\/\/holyland.md\/ro\/\",\"logo\":{\"@type\":\"ImageObject\",\"inLanguage\":\"ro-RO\",\"@id\":\"https:\/\/holyland.md\/ro\/#\/schema\/logo\/image\/\",\"url\":\"https:\/\/holyland.md\/wp-content\/uploads\/2020\/03\/hl-always-active.png\",\"contentUrl\":\"https:\/\/holyland.md\/wp-content\/uploads\/2020\/03\/hl-always-active.png\",\"width\":1437,\"height\":892,\"caption\":\"Holy Land Cosmetics\"},\"image\":{\"@id\":\"https:\/\/holyland.md\/ro\/#\/schema\/logo\/image\/\"}}]}<\/script>\n<!-- \/ Yoast SEO plugin. -->","yoast_head_json":{"title":"PERFECT TIME NECK & DECOLLETE CREAM | Holy Land Cosmetics","robots":{"index":"index","follow":"follow","max-snippet":"max-snippet:-1","max-image-preview":"max-image-preview:large","max-video-preview":"max-video-preview:-1"},"canonical":"https:\/\/holyland.md\/ro\/product\/perfect-time-neck-decollete-cream\/","og_locale":"ro_RO","og_type":"article","og_title":"PERFECT TIME NECK & DECOLLETE CREAM | Holy Land Cosmetics","og_description":"Volum: 50 ml","og_url":"https:\/\/holyland.md\/ro\/product\/perfect-time-neck-decollete-cream\/","og_site_name":"Holy Land Cosmetics","article_modified_time":"2026-03-23T10:12:30+00:00","og_image":[{"width":1000,"height":1000,"url":"https:\/\/holyland.md\/wp-content\/uploads\/2020\/04\/PERFECT-TIME-NECK_DECOLLETE-CREM-2.jpg","type":"image\/jpeg"}],"twitter_card":"summary_large_image","twitter_misc":{"Timp estimat pentru citire":"1 minut"},"schema":{"@context":"https:\/\/schema.org","@graph":[{"@type":"WebPage","@id":"https:\/\/holyland.md\/ro\/product\/perfect-time-neck-decollete-cream\/","url":"https:\/\/holyland.md\/ro\/product\/perfect-time-neck-decollete-cream\/","name":"PERFECT TIME NECK & DECOLLETE CREAM | Holy Land Cosmetics","isPartOf":{"@id":"https:\/\/holyland.md\/ro\/#website"},"primaryImageOfPage":{"@id":"https:\/\/holyland.md\/ro\/product\/perfect-time-neck-decollete-cream\/#primaryimage"},"image":{"@id":"https:\/\/holyland.md\/ro\/product\/perfect-time-neck-decollete-cream\/#primaryimage"},"thumbnailUrl":"https:\/\/holyland.md\/wp-content\/uploads\/2020\/04\/PERFECT-TIME-NECK_DECOLLETE-CREM-2.jpg","datePublished":"2020-04-27T10:06:14+00:00","dateModified":"2026-03-23T10:12:30+00:00","breadcrumb":{"@id":"https:\/\/holyland.md\/ro\/product\/perfect-time-neck-decollete-cream\/#breadcrumb"},"inLanguage":"ro-RO","potentialAction":[{"@type":"ReadAction","target":["https:\/\/holyland.md\/ro\/product\/perfect-time-neck-decollete-cream\/"]}]},{"@type":"ImageObject","inLanguage":"ro-RO","@id":"https:\/\/holyland.md\/ro\/product\/perfect-time-neck-decollete-cream\/#primaryimage","url":"https:\/\/holyland.md\/wp-content\/uploads\/2020\/04\/PERFECT-TIME-NECK_DECOLLETE-CREM-2.jpg","contentUrl":"https:\/\/holyland.md\/wp-content\/uploads\/2020\/04\/PERFECT-TIME-NECK_DECOLLETE-CREM-2.jpg","width":1000,"height":1000},{"@type":"BreadcrumbList","@id":"https:\/\/holyland.md\/ro\/product\/perfect-time-neck-decollete-cream\/#breadcrumb","itemListElement":[{"@type":"ListItem","position":1,"name":"\u0413\u043b\u0430\u0432\u043d\u0430\u044f \u0441\u0442\u0440\u0430\u043d\u0438\u0446\u0430","item":"https:\/\/holyland.md\/ro\/"},{"@type":"ListItem","position":2,"name":"Catalog produse HolyLand","item":"https:\/\/holyland.md\/ro\/catalog\/"},{"@type":"ListItem","position":3,"name":"PERFECT TIME NECK &#038; DECOLLETE CREAM"}]},{"@type":"WebSite","@id":"https:\/\/holyland.md\/ro\/#website","url":"https:\/\/holyland.md\/ro\/","name":"Holy Land Cosmetics","description":"","publisher":{"@id":"https:\/\/holyland.md\/ro\/#organization"},"potentialAction":[{"@type":"SearchAction","target":{"@type":"EntryPoint","urlTemplate":"https:\/\/holyland.md\/ro\/?s={search_term_string}"},"query-input":"required name=search_term_string"}],"inLanguage":"ro-RO"},{"@type":"Organization","@id":"https:\/\/holyland.md\/ro\/#organization","name":"Holy Land Cosmetics","url":"https:\/\/holyland.md\/ro\/","logo":{"@type":"ImageObject","inLanguage":"ro-RO","@id":"https:\/\/holyland.md\/ro\/#\/schema\/logo\/image\/","url":"https:\/\/holyland.md\/wp-content\/uploads\/2020\/03\/hl-always-active.png","contentUrl":"https:\/\/holyland.md\/wp-content\/uploads\/2020\/03\/hl-always-active.png","width":1437,"height":892,"caption":"Holy Land Cosmetics"},"image":{"@id":"https:\/\/holyland.md\/ro\/#\/schema\/logo\/image\/"}}]}},"_links":{"self":[{"href":"https:\/\/holyland.md\/ro\/wp-json\/wp\/v2\/product\/1911"}],"collection":[{"href":"https:\/\/holyland.md\/ro\/wp-json\/wp\/v2\/product"}],"about":[{"href":"https:\/\/holyland.md\/ro\/wp-json\/wp\/v2\/types\/product"}],"wp:featuredmedia":[{"embeddable":true,"href":"https:\/\/holyland.md\/ro\/wp-json\/wp\/v2\/media\/2606"}],"wp:attachment":[{"href":"https:\/\/holyland.md\/ro\/wp-json\/wp\/v2\/media?parent=1911"}],"wp:term":[{"taxonomy":"product_cat","embeddable":true,"href":"https:\/\/holyland.md\/ro\/wp-json\/wp\/v2\/product_cat?post=1911"},{"taxonomy":"product_tag","embeddable":true,"href":"https:\/\/holyland.md\/ro\/wp-json\/wp\/v2\/product_tag?post=1911"}],"curies":[{"name":"wp","href":"https:\/\/api.w.org\/{rel}","templated":true}]}}