{"id":2000,"date":"2020-04-24T18:45:28","date_gmt":"2020-04-24T15:45:28","guid":{"rendered":"https:\/\/holyland.md\/product\/alcohol-free-face-lotion\/"},"modified":"2026-03-24T14:42:02","modified_gmt":"2026-03-24T11:42:02","slug":"alcohol-free-face-lotion","status":"publish","type":"product","link":"https:\/\/holyland.md\/ro\/product\/alcohol-free-face-lotion\/","title":{"rendered":"PHYTOMIDE ALCOHOL FREE FACE LOTION"},"content":{"rendered":"<p><span style=\"font-weight: 400;\">O lo\u021biune delicat\u0103 f\u0103r\u0103 alcool pe baz\u0103 sucului din frunze de aloe. Sucul din frunze de aloe creeaz\u0103 un film protector respirabil invizibil pe suprafa\u021ba pielii, care previne pierderea hidrat\u0103rii \u0219i completeaz\u0103 efectul de lifting. Tonific\u0103 perfect \u0219i confer\u0103 o str\u0103lucire s\u0103n\u0103toas\u0103 pielii.<\/span><\/p>\n<p><strong>Principii active:<\/strong><\/p>\n<p>Suc din frunze de aloe, extract de rozmarin, coada-calului, pin, l\u0103m\u00e2ie, hamamelis, hamei.<\/p>\n<p><strong>Mod de folosire:<\/strong><\/p>\n<p><span style=\"font-weight: 400;\">De umezit marginea unui disc de vat\u0103 cu lo\u021biune \u0219i de \u0219ters toate zonele fe\u021bei, g\u00e2tului, decolteului, inclusiv pleoapele \u0219i buzele. De finisat procedura cu o crem\u0103 adecvat\u0103. A se utiliza o dat\u0103 pe zi sau conform recomand\u0103rilor specialistului Dumneavoastr\u0103.<\/span><\/p>\n","protected":false},"excerpt":{"rendered":"","protected":false},"featured_media":2535,"template":"","meta":[],"product_cat":[117,131],"product_tag":[],"class_list":{"0":"post-2000","1":"product","2":"type-product","3":"status-publish","4":"has-post-thumbnail","6":"product_cat-phytomide-hl","7":"product_cat-lotiuni","9":"first","10":"outofstock","11":"shipping-taxable","12":"purchasable","13":"product-type-variable"},"yoast_head":"<!-- This site is optimized with the Yoast SEO plugin v23.3 - https:\/\/yoast.com\/wordpress\/plugins\/seo\/ -->\n<title>PHYTOMIDE ALCOHOL FREE FACE LOTION<\/title>\n<meta name=\"robots\" content=\"index, follow, max-snippet:-1, max-image-preview:large, max-video-preview:-1\" \/>\n<link rel=\"canonical\" href=\"https:\/\/holyland.md\/ro\/product\/alcohol-free-face-lotion\/\" \/>\n<meta property=\"og:locale\" content=\"ro_RO\" \/>\n<meta property=\"og:type\" content=\"article\" \/>\n<meta property=\"og:title\" content=\"PHYTOMIDE ALCOHOL FREE FACE LOTION\" \/>\n<meta property=\"og:url\" content=\"https:\/\/holyland.md\/ro\/product\/alcohol-free-face-lotion\/\" \/>\n<meta property=\"og:site_name\" content=\"Holy Land Cosmetics\" \/>\n<meta property=\"article:modified_time\" content=\"2026-03-24T11:42:02+00:00\" \/>\n<meta property=\"og:image\" content=\"https:\/\/holyland.md\/wp-content\/uploads\/2020\/04\/PHYTOMIDE-ALCOHOL-FREE-FACE-LOTION-BIG.jpg\" \/>\n\t<meta property=\"og:image:width\" content=\"1000\" \/>\n\t<meta property=\"og:image:height\" content=\"1000\" \/>\n\t<meta property=\"og:image:type\" content=\"image\/jpeg\" \/>\n<meta name=\"twitter:card\" content=\"summary_large_image\" \/>\n<meta name=\"twitter:label1\" content=\"Timp estimat pentru citire\" \/>\n\t<meta name=\"twitter:data1\" content=\"1 minut\" \/>\n<script type=\"application\/ld+json\" class=\"yoast-schema-graph\">{\"@context\":\"https:\/\/schema.org\",\"@graph\":[{\"@type\":\"WebPage\",\"@id\":\"https:\/\/holyland.md\/ro\/product\/alcohol-free-face-lotion\/\",\"url\":\"https:\/\/holyland.md\/ro\/product\/alcohol-free-face-lotion\/\",\"name\":\"PHYTOMIDE ALCOHOL FREE FACE LOTION\",\"isPartOf\":{\"@id\":\"https:\/\/holyland.md\/ro\/#website\"},\"primaryImageOfPage\":{\"@id\":\"https:\/\/holyland.md\/ro\/product\/alcohol-free-face-lotion\/#primaryimage\"},\"image\":{\"@id\":\"https:\/\/holyland.md\/ro\/product\/alcohol-free-face-lotion\/#primaryimage\"},\"thumbnailUrl\":\"https:\/\/holyland.md\/wp-content\/uploads\/2020\/04\/PHYTOMIDE-ALCOHOL-FREE-FACE-LOTION-BIG.jpg\",\"datePublished\":\"2020-04-24T15:45:28+00:00\",\"dateModified\":\"2026-03-24T11:42:02+00:00\",\"breadcrumb\":{\"@id\":\"https:\/\/holyland.md\/ro\/product\/alcohol-free-face-lotion\/#breadcrumb\"},\"inLanguage\":\"ro-RO\",\"potentialAction\":[{\"@type\":\"ReadAction\",\"target\":[\"https:\/\/holyland.md\/ro\/product\/alcohol-free-face-lotion\/\"]}]},{\"@type\":\"ImageObject\",\"inLanguage\":\"ro-RO\",\"@id\":\"https:\/\/holyland.md\/ro\/product\/alcohol-free-face-lotion\/#primaryimage\",\"url\":\"https:\/\/holyland.md\/wp-content\/uploads\/2020\/04\/PHYTOMIDE-ALCOHOL-FREE-FACE-LOTION-BIG.jpg\",\"contentUrl\":\"https:\/\/holyland.md\/wp-content\/uploads\/2020\/04\/PHYTOMIDE-ALCOHOL-FREE-FACE-LOTION-BIG.jpg\",\"width\":1000,\"height\":1000},{\"@type\":\"BreadcrumbList\",\"@id\":\"https:\/\/holyland.md\/ro\/product\/alcohol-free-face-lotion\/#breadcrumb\",\"itemListElement\":[{\"@type\":\"ListItem\",\"position\":1,\"name\":\"\u0413\u043b\u0430\u0432\u043d\u0430\u044f \u0441\u0442\u0440\u0430\u043d\u0438\u0446\u0430\",\"item\":\"https:\/\/holyland.md\/ro\/\"},{\"@type\":\"ListItem\",\"position\":2,\"name\":\"Catalog produse HolyLand\",\"item\":\"https:\/\/holyland.md\/ro\/catalog\/\"},{\"@type\":\"ListItem\",\"position\":3,\"name\":\"PHYTOMIDE ALCOHOL FREE FACE LOTION\"}]},{\"@type\":\"WebSite\",\"@id\":\"https:\/\/holyland.md\/ro\/#website\",\"url\":\"https:\/\/holyland.md\/ro\/\",\"name\":\"Holy Land Cosmetics\",\"description\":\"\",\"publisher\":{\"@id\":\"https:\/\/holyland.md\/ro\/#organization\"},\"potentialAction\":[{\"@type\":\"SearchAction\",\"target\":{\"@type\":\"EntryPoint\",\"urlTemplate\":\"https:\/\/holyland.md\/ro\/?s={search_term_string}\"},\"query-input\":\"required name=search_term_string\"}],\"inLanguage\":\"ro-RO\"},{\"@type\":\"Organization\",\"@id\":\"https:\/\/holyland.md\/ro\/#organization\",\"name\":\"Holy Land Cosmetics\",\"url\":\"https:\/\/holyland.md\/ro\/\",\"logo\":{\"@type\":\"ImageObject\",\"inLanguage\":\"ro-RO\",\"@id\":\"https:\/\/holyland.md\/ro\/#\/schema\/logo\/image\/\",\"url\":\"https:\/\/holyland.md\/wp-content\/uploads\/2020\/03\/hl-always-active.png\",\"contentUrl\":\"https:\/\/holyland.md\/wp-content\/uploads\/2020\/03\/hl-always-active.png\",\"width\":1437,\"height\":892,\"caption\":\"Holy Land Cosmetics\"},\"image\":{\"@id\":\"https:\/\/holyland.md\/ro\/#\/schema\/logo\/image\/\"}}]}<\/script>\n<!-- \/ Yoast SEO plugin. -->","yoast_head_json":{"title":"PHYTOMIDE ALCOHOL FREE FACE LOTION","robots":{"index":"index","follow":"follow","max-snippet":"max-snippet:-1","max-image-preview":"max-image-preview:large","max-video-preview":"max-video-preview:-1"},"canonical":"https:\/\/holyland.md\/ro\/product\/alcohol-free-face-lotion\/","og_locale":"ro_RO","og_type":"article","og_title":"PHYTOMIDE ALCOHOL FREE FACE LOTION","og_url":"https:\/\/holyland.md\/ro\/product\/alcohol-free-face-lotion\/","og_site_name":"Holy Land Cosmetics","article_modified_time":"2026-03-24T11:42:02+00:00","og_image":[{"width":1000,"height":1000,"url":"https:\/\/holyland.md\/wp-content\/uploads\/2020\/04\/PHYTOMIDE-ALCOHOL-FREE-FACE-LOTION-BIG.jpg","type":"image\/jpeg"}],"twitter_card":"summary_large_image","twitter_misc":{"Timp estimat pentru citire":"1 minut"},"schema":{"@context":"https:\/\/schema.org","@graph":[{"@type":"WebPage","@id":"https:\/\/holyland.md\/ro\/product\/alcohol-free-face-lotion\/","url":"https:\/\/holyland.md\/ro\/product\/alcohol-free-face-lotion\/","name":"PHYTOMIDE ALCOHOL FREE FACE LOTION","isPartOf":{"@id":"https:\/\/holyland.md\/ro\/#website"},"primaryImageOfPage":{"@id":"https:\/\/holyland.md\/ro\/product\/alcohol-free-face-lotion\/#primaryimage"},"image":{"@id":"https:\/\/holyland.md\/ro\/product\/alcohol-free-face-lotion\/#primaryimage"},"thumbnailUrl":"https:\/\/holyland.md\/wp-content\/uploads\/2020\/04\/PHYTOMIDE-ALCOHOL-FREE-FACE-LOTION-BIG.jpg","datePublished":"2020-04-24T15:45:28+00:00","dateModified":"2026-03-24T11:42:02+00:00","breadcrumb":{"@id":"https:\/\/holyland.md\/ro\/product\/alcohol-free-face-lotion\/#breadcrumb"},"inLanguage":"ro-RO","potentialAction":[{"@type":"ReadAction","target":["https:\/\/holyland.md\/ro\/product\/alcohol-free-face-lotion\/"]}]},{"@type":"ImageObject","inLanguage":"ro-RO","@id":"https:\/\/holyland.md\/ro\/product\/alcohol-free-face-lotion\/#primaryimage","url":"https:\/\/holyland.md\/wp-content\/uploads\/2020\/04\/PHYTOMIDE-ALCOHOL-FREE-FACE-LOTION-BIG.jpg","contentUrl":"https:\/\/holyland.md\/wp-content\/uploads\/2020\/04\/PHYTOMIDE-ALCOHOL-FREE-FACE-LOTION-BIG.jpg","width":1000,"height":1000},{"@type":"BreadcrumbList","@id":"https:\/\/holyland.md\/ro\/product\/alcohol-free-face-lotion\/#breadcrumb","itemListElement":[{"@type":"ListItem","position":1,"name":"\u0413\u043b\u0430\u0432\u043d\u0430\u044f \u0441\u0442\u0440\u0430\u043d\u0438\u0446\u0430","item":"https:\/\/holyland.md\/ro\/"},{"@type":"ListItem","position":2,"name":"Catalog produse HolyLand","item":"https:\/\/holyland.md\/ro\/catalog\/"},{"@type":"ListItem","position":3,"name":"PHYTOMIDE ALCOHOL FREE FACE LOTION"}]},{"@type":"WebSite","@id":"https:\/\/holyland.md\/ro\/#website","url":"https:\/\/holyland.md\/ro\/","name":"Holy Land Cosmetics","description":"","publisher":{"@id":"https:\/\/holyland.md\/ro\/#organization"},"potentialAction":[{"@type":"SearchAction","target":{"@type":"EntryPoint","urlTemplate":"https:\/\/holyland.md\/ro\/?s={search_term_string}"},"query-input":"required name=search_term_string"}],"inLanguage":"ro-RO"},{"@type":"Organization","@id":"https:\/\/holyland.md\/ro\/#organization","name":"Holy Land Cosmetics","url":"https:\/\/holyland.md\/ro\/","logo":{"@type":"ImageObject","inLanguage":"ro-RO","@id":"https:\/\/holyland.md\/ro\/#\/schema\/logo\/image\/","url":"https:\/\/holyland.md\/wp-content\/uploads\/2020\/03\/hl-always-active.png","contentUrl":"https:\/\/holyland.md\/wp-content\/uploads\/2020\/03\/hl-always-active.png","width":1437,"height":892,"caption":"Holy Land Cosmetics"},"image":{"@id":"https:\/\/holyland.md\/ro\/#\/schema\/logo\/image\/"}}]}},"_links":{"self":[{"href":"https:\/\/holyland.md\/ro\/wp-json\/wp\/v2\/product\/2000"}],"collection":[{"href":"https:\/\/holyland.md\/ro\/wp-json\/wp\/v2\/product"}],"about":[{"href":"https:\/\/holyland.md\/ro\/wp-json\/wp\/v2\/types\/product"}],"wp:featuredmedia":[{"embeddable":true,"href":"https:\/\/holyland.md\/ro\/wp-json\/wp\/v2\/media\/2535"}],"wp:attachment":[{"href":"https:\/\/holyland.md\/ro\/wp-json\/wp\/v2\/media?parent=2000"}],"wp:term":[{"taxonomy":"product_cat","embeddable":true,"href":"https:\/\/holyland.md\/ro\/wp-json\/wp\/v2\/product_cat?post=2000"},{"taxonomy":"product_tag","embeddable":true,"href":"https:\/\/holyland.md\/ro\/wp-json\/wp\/v2\/product_tag?post=2000"}],"curies":[{"name":"wp","href":"https:\/\/api.w.org\/{rel}","templated":true}]}}