{"id":2033,"date":"2020-04-24T17:58:46","date_gmt":"2020-04-24T14:58:46","guid":{"rendered":"https:\/\/holyland.md\/product\/hydro-soft-cream-spf-12\/"},"modified":"2026-03-23T15:03:59","modified_gmt":"2026-03-23T12:03:59","slug":"hydro-soft-cream-spf-12","status":"publish","type":"product","link":"https:\/\/holyland.md\/ro\/product\/hydro-soft-cream-spf-12\/","title":{"rendered":"RENEW FORMULA HYDRO-SOFT CREAM SPF 12"},"content":{"rendered":"<p>O crem\u0103 hidratant\u0103 de cea mai bun\u0103 textur\u0103 cu ingrediente active care repet\u0103 compozi\u021bia proprie a barierei apos-lipidice, plus \u00eembog\u0103\u021bit\u0103 cu un complex de vitamine \u0219i antioxidan\u021bi. Un produs ideal pentru anotimpul cald, pentru pielea deshidratat\u0103 problematic\u0103, pentru pielea predispus\u0103 la usc\u0103ciune, pentru recuperarea dup\u0103 expunere prelungit\u0103 la soare, pentru prevenirea \u0219i corectarea semnelor de foto- \u0219i crono-\u00eemb\u0103tr\u00e2nire.<\/p>\n<p><strong>Principii active:<\/strong><\/p>\n<p>Acid lipoic, Vitamina E, Acid Linoleic, Palmitat de Retinol, Extract de Ceai Verde.<\/p>\n<p><strong>Mod de aplicare:<\/strong><br \/>\nDup\u0103 o cur\u0103\u021bare profund\u0103 \u00een dou\u0103 etape, crema se aplic\u0103 \u00eentr-un strat sub\u021bire pe toat\u0103 suprafa\u021ba, se distribuie uniform. De utilizat o dat\u0103 pe zi sau conform recomand\u0103rilor specialistului Dumneavoastr\u0103.<\/p>\n","protected":false},"excerpt":{"rendered":"","protected":false},"featured_media":2448,"template":"","meta":[],"product_cat":[120,130],"product_tag":[],"class_list":{"0":"post-2033","1":"product","2":"type-product","3":"status-publish","4":"has-post-thumbnail","6":"product_cat-renew-formula-hl","7":"product_cat-creme","9":"first","10":"instock","11":"shipping-taxable","12":"purchasable","13":"product-type-variable","14":"has-default-attributes"},"yoast_head":"<!-- This site is optimized with the Yoast SEO plugin v23.3 - https:\/\/yoast.com\/wordpress\/plugins\/seo\/ -->\n<title>RENEW FORMULA HYDRO-SOFT CREAM SPF 12<\/title>\n<meta name=\"robots\" content=\"index, follow, max-snippet:-1, max-image-preview:large, max-video-preview:-1\" \/>\n<link rel=\"canonical\" href=\"https:\/\/holyland.md\/ro\/product\/hydro-soft-cream-spf-12\/\" \/>\n<meta property=\"og:locale\" content=\"ro_RO\" \/>\n<meta property=\"og:type\" content=\"article\" \/>\n<meta property=\"og:title\" content=\"RENEW FORMULA HYDRO-SOFT CREAM SPF 12\" \/>\n<meta property=\"og:url\" content=\"https:\/\/holyland.md\/ro\/product\/hydro-soft-cream-spf-12\/\" \/>\n<meta property=\"og:site_name\" content=\"Holy Land Cosmetics\" \/>\n<meta property=\"article:modified_time\" content=\"2026-03-23T12:03:59+00:00\" \/>\n<meta property=\"og:image\" content=\"https:\/\/holyland.md\/wp-content\/uploads\/2020\/04\/RENEW-FORMULA-HYDRO-SOFT-1.jpg\" \/>\n\t<meta property=\"og:image:width\" content=\"1000\" \/>\n\t<meta property=\"og:image:height\" content=\"1000\" \/>\n\t<meta property=\"og:image:type\" content=\"image\/jpeg\" \/>\n<meta name=\"twitter:card\" content=\"summary_large_image\" \/>\n<meta name=\"twitter:label1\" content=\"Timp estimat pentru citire\" \/>\n\t<meta name=\"twitter:data1\" content=\"1 minut\" \/>\n<script type=\"application\/ld+json\" class=\"yoast-schema-graph\">{\"@context\":\"https:\/\/schema.org\",\"@graph\":[{\"@type\":\"WebPage\",\"@id\":\"https:\/\/holyland.md\/ro\/product\/hydro-soft-cream-spf-12\/\",\"url\":\"https:\/\/holyland.md\/ro\/product\/hydro-soft-cream-spf-12\/\",\"name\":\"RENEW FORMULA HYDRO-SOFT CREAM SPF 12\",\"isPartOf\":{\"@id\":\"https:\/\/holyland.md\/ro\/#website\"},\"primaryImageOfPage\":{\"@id\":\"https:\/\/holyland.md\/ro\/product\/hydro-soft-cream-spf-12\/#primaryimage\"},\"image\":{\"@id\":\"https:\/\/holyland.md\/ro\/product\/hydro-soft-cream-spf-12\/#primaryimage\"},\"thumbnailUrl\":\"https:\/\/holyland.md\/wp-content\/uploads\/2020\/04\/RENEW-FORMULA-HYDRO-SOFT-1.jpg\",\"datePublished\":\"2020-04-24T14:58:46+00:00\",\"dateModified\":\"2026-03-23T12:03:59+00:00\",\"breadcrumb\":{\"@id\":\"https:\/\/holyland.md\/ro\/product\/hydro-soft-cream-spf-12\/#breadcrumb\"},\"inLanguage\":\"ro-RO\",\"potentialAction\":[{\"@type\":\"ReadAction\",\"target\":[\"https:\/\/holyland.md\/ro\/product\/hydro-soft-cream-spf-12\/\"]}]},{\"@type\":\"ImageObject\",\"inLanguage\":\"ro-RO\",\"@id\":\"https:\/\/holyland.md\/ro\/product\/hydro-soft-cream-spf-12\/#primaryimage\",\"url\":\"https:\/\/holyland.md\/wp-content\/uploads\/2020\/04\/RENEW-FORMULA-HYDRO-SOFT-1.jpg\",\"contentUrl\":\"https:\/\/holyland.md\/wp-content\/uploads\/2020\/04\/RENEW-FORMULA-HYDRO-SOFT-1.jpg\",\"width\":1000,\"height\":1000},{\"@type\":\"BreadcrumbList\",\"@id\":\"https:\/\/holyland.md\/ro\/product\/hydro-soft-cream-spf-12\/#breadcrumb\",\"itemListElement\":[{\"@type\":\"ListItem\",\"position\":1,\"name\":\"\u0413\u043b\u0430\u0432\u043d\u0430\u044f \u0441\u0442\u0440\u0430\u043d\u0438\u0446\u0430\",\"item\":\"https:\/\/holyland.md\/ro\/\"},{\"@type\":\"ListItem\",\"position\":2,\"name\":\"Catalog produse HolyLand\",\"item\":\"https:\/\/holyland.md\/ro\/catalog\/\"},{\"@type\":\"ListItem\",\"position\":3,\"name\":\"RENEW FORMULA HYDRO-SOFT CREAM SPF 12\"}]},{\"@type\":\"WebSite\",\"@id\":\"https:\/\/holyland.md\/ro\/#website\",\"url\":\"https:\/\/holyland.md\/ro\/\",\"name\":\"Holy Land Cosmetics\",\"description\":\"\",\"publisher\":{\"@id\":\"https:\/\/holyland.md\/ro\/#organization\"},\"potentialAction\":[{\"@type\":\"SearchAction\",\"target\":{\"@type\":\"EntryPoint\",\"urlTemplate\":\"https:\/\/holyland.md\/ro\/?s={search_term_string}\"},\"query-input\":\"required name=search_term_string\"}],\"inLanguage\":\"ro-RO\"},{\"@type\":\"Organization\",\"@id\":\"https:\/\/holyland.md\/ro\/#organization\",\"name\":\"Holy Land Cosmetics\",\"url\":\"https:\/\/holyland.md\/ro\/\",\"logo\":{\"@type\":\"ImageObject\",\"inLanguage\":\"ro-RO\",\"@id\":\"https:\/\/holyland.md\/ro\/#\/schema\/logo\/image\/\",\"url\":\"https:\/\/holyland.md\/wp-content\/uploads\/2020\/03\/hl-always-active.png\",\"contentUrl\":\"https:\/\/holyland.md\/wp-content\/uploads\/2020\/03\/hl-always-active.png\",\"width\":1437,\"height\":892,\"caption\":\"Holy Land Cosmetics\"},\"image\":{\"@id\":\"https:\/\/holyland.md\/ro\/#\/schema\/logo\/image\/\"}}]}<\/script>\n<!-- \/ Yoast SEO plugin. -->","yoast_head_json":{"title":"RENEW FORMULA HYDRO-SOFT CREAM SPF 12","robots":{"index":"index","follow":"follow","max-snippet":"max-snippet:-1","max-image-preview":"max-image-preview:large","max-video-preview":"max-video-preview:-1"},"canonical":"https:\/\/holyland.md\/ro\/product\/hydro-soft-cream-spf-12\/","og_locale":"ro_RO","og_type":"article","og_title":"RENEW FORMULA HYDRO-SOFT CREAM SPF 12","og_url":"https:\/\/holyland.md\/ro\/product\/hydro-soft-cream-spf-12\/","og_site_name":"Holy Land Cosmetics","article_modified_time":"2026-03-23T12:03:59+00:00","og_image":[{"width":1000,"height":1000,"url":"https:\/\/holyland.md\/wp-content\/uploads\/2020\/04\/RENEW-FORMULA-HYDRO-SOFT-1.jpg","type":"image\/jpeg"}],"twitter_card":"summary_large_image","twitter_misc":{"Timp estimat pentru citire":"1 minut"},"schema":{"@context":"https:\/\/schema.org","@graph":[{"@type":"WebPage","@id":"https:\/\/holyland.md\/ro\/product\/hydro-soft-cream-spf-12\/","url":"https:\/\/holyland.md\/ro\/product\/hydro-soft-cream-spf-12\/","name":"RENEW FORMULA HYDRO-SOFT CREAM SPF 12","isPartOf":{"@id":"https:\/\/holyland.md\/ro\/#website"},"primaryImageOfPage":{"@id":"https:\/\/holyland.md\/ro\/product\/hydro-soft-cream-spf-12\/#primaryimage"},"image":{"@id":"https:\/\/holyland.md\/ro\/product\/hydro-soft-cream-spf-12\/#primaryimage"},"thumbnailUrl":"https:\/\/holyland.md\/wp-content\/uploads\/2020\/04\/RENEW-FORMULA-HYDRO-SOFT-1.jpg","datePublished":"2020-04-24T14:58:46+00:00","dateModified":"2026-03-23T12:03:59+00:00","breadcrumb":{"@id":"https:\/\/holyland.md\/ro\/product\/hydro-soft-cream-spf-12\/#breadcrumb"},"inLanguage":"ro-RO","potentialAction":[{"@type":"ReadAction","target":["https:\/\/holyland.md\/ro\/product\/hydro-soft-cream-spf-12\/"]}]},{"@type":"ImageObject","inLanguage":"ro-RO","@id":"https:\/\/holyland.md\/ro\/product\/hydro-soft-cream-spf-12\/#primaryimage","url":"https:\/\/holyland.md\/wp-content\/uploads\/2020\/04\/RENEW-FORMULA-HYDRO-SOFT-1.jpg","contentUrl":"https:\/\/holyland.md\/wp-content\/uploads\/2020\/04\/RENEW-FORMULA-HYDRO-SOFT-1.jpg","width":1000,"height":1000},{"@type":"BreadcrumbList","@id":"https:\/\/holyland.md\/ro\/product\/hydro-soft-cream-spf-12\/#breadcrumb","itemListElement":[{"@type":"ListItem","position":1,"name":"\u0413\u043b\u0430\u0432\u043d\u0430\u044f \u0441\u0442\u0440\u0430\u043d\u0438\u0446\u0430","item":"https:\/\/holyland.md\/ro\/"},{"@type":"ListItem","position":2,"name":"Catalog produse HolyLand","item":"https:\/\/holyland.md\/ro\/catalog\/"},{"@type":"ListItem","position":3,"name":"RENEW FORMULA HYDRO-SOFT CREAM SPF 12"}]},{"@type":"WebSite","@id":"https:\/\/holyland.md\/ro\/#website","url":"https:\/\/holyland.md\/ro\/","name":"Holy Land Cosmetics","description":"","publisher":{"@id":"https:\/\/holyland.md\/ro\/#organization"},"potentialAction":[{"@type":"SearchAction","target":{"@type":"EntryPoint","urlTemplate":"https:\/\/holyland.md\/ro\/?s={search_term_string}"},"query-input":"required name=search_term_string"}],"inLanguage":"ro-RO"},{"@type":"Organization","@id":"https:\/\/holyland.md\/ro\/#organization","name":"Holy Land Cosmetics","url":"https:\/\/holyland.md\/ro\/","logo":{"@type":"ImageObject","inLanguage":"ro-RO","@id":"https:\/\/holyland.md\/ro\/#\/schema\/logo\/image\/","url":"https:\/\/holyland.md\/wp-content\/uploads\/2020\/03\/hl-always-active.png","contentUrl":"https:\/\/holyland.md\/wp-content\/uploads\/2020\/03\/hl-always-active.png","width":1437,"height":892,"caption":"Holy Land Cosmetics"},"image":{"@id":"https:\/\/holyland.md\/ro\/#\/schema\/logo\/image\/"}}]}},"_links":{"self":[{"href":"https:\/\/holyland.md\/ro\/wp-json\/wp\/v2\/product\/2033"}],"collection":[{"href":"https:\/\/holyland.md\/ro\/wp-json\/wp\/v2\/product"}],"about":[{"href":"https:\/\/holyland.md\/ro\/wp-json\/wp\/v2\/types\/product"}],"wp:featuredmedia":[{"embeddable":true,"href":"https:\/\/holyland.md\/ro\/wp-json\/wp\/v2\/media\/2448"}],"wp:attachment":[{"href":"https:\/\/holyland.md\/ro\/wp-json\/wp\/v2\/media?parent=2033"}],"wp:term":[{"taxonomy":"product_cat","embeddable":true,"href":"https:\/\/holyland.md\/ro\/wp-json\/wp\/v2\/product_cat?post=2033"},{"taxonomy":"product_tag","embeddable":true,"href":"https:\/\/holyland.md\/ro\/wp-json\/wp\/v2\/product_tag?post=2033"}],"curies":[{"name":"wp","href":"https:\/\/api.w.org\/{rel}","templated":true}]}}