{"id":2035,"date":"2020-04-24T17:47:40","date_gmt":"2020-04-24T14:47:40","guid":{"rendered":"https:\/\/holyland.md\/product\/balancing-soap\/"},"modified":"2026-03-24T14:43:17","modified_gmt":"2026-03-24T11:43:17","slug":"balancing-soap","status":"publish","type":"product","link":"https:\/\/holyland.md\/ro\/product\/balancing-soap\/","title":{"rendered":"RENEW FORMULA BALANCING SOAP"},"content":{"rendered":"<p>S\u0103punul este conceput pentru o cur\u0103\u021bare profund\u0103 \u0219i \u00een acela\u0219i timp delicat\u0103. \u00cendep\u0103rteaz\u0103 foarte bine machiajul, \u00eendep\u0103rteaz\u0103 toate impurit\u0103\u021bile de pe suprafa\u021ba pielii, degres\u00e2ndu-l u\u0219or. Produsul nu provoac\u0103 irita\u021bii sau usc\u0103ciune. Men\u021bine echilibrul natural al pielii. Are un efect calmant. La utilizare regulat\u0103, acidul citric \u0219i extractul de lemn dulce uniformizeaz\u0103 nuan\u021ba pielii. Produsul cre\u0219te semnificativ permeabilitatea pielii pentru preparate aplicate ulterior.<\/p>\n<p><strong>Principii active:<\/strong><\/p>\n<p>Glicerin\u0103, acid citric, extracte de mu\u0219e\u021bel, lemn dulce, ceai verde.<\/p>\n<p><strong>Mod de folosire:<\/strong><\/p>\n<p>O cantitate mic\u0103 de preparat se face spum\u0103 \u00een m\u00e2inele umede \u0219i se aplic\u0103 pe pielea pre-umezit\u0103. Se maseaz\u0103 2-3 minute \u0219i se cl\u0103te\u0219te cu ap\u0103 cald\u0103. Apoi \u00eengrijirea se continu\u0103 conform indica\u021biilor. De utilizat o dat\u0103 pe zi seara sau dup\u0103 recomandarea specialistului Dumneavoastr\u0103.<\/p>\n","protected":false},"excerpt":{"rendered":"<p>Volum: 240 ml<\/p>\n","protected":false},"featured_media":3453,"template":"","meta":[],"product_cat":[120,134],"product_tag":[],"class_list":{"0":"post-2035","1":"product","2":"type-product","3":"status-publish","4":"has-post-thumbnail","6":"product_cat-renew-formula-hl","7":"product_cat-curatare","9":"first","10":"outofstock","11":"shipping-taxable","12":"purchasable","13":"product-type-variable","14":"has-default-attributes"},"yoast_head":"<!-- This site is optimized with the Yoast SEO plugin v23.3 - https:\/\/yoast.com\/wordpress\/plugins\/seo\/ -->\n<title>RENEW FORMULA BALANCING SOAP<\/title>\n<meta name=\"robots\" content=\"index, follow, max-snippet:-1, max-image-preview:large, max-video-preview:-1\" \/>\n<link rel=\"canonical\" href=\"https:\/\/holyland.md\/ro\/product\/balancing-soap\/\" \/>\n<meta property=\"og:locale\" content=\"ro_RO\" \/>\n<meta property=\"og:type\" content=\"article\" \/>\n<meta property=\"og:title\" content=\"RENEW FORMULA BALANCING SOAP\" \/>\n<meta property=\"og:description\" content=\"Volum: 240 ml\" \/>\n<meta property=\"og:url\" content=\"https:\/\/holyland.md\/ro\/product\/balancing-soap\/\" \/>\n<meta property=\"og:site_name\" content=\"Holy Land Cosmetics\" \/>\n<meta property=\"article:modified_time\" content=\"2026-03-24T11:43:17+00:00\" \/>\n<meta property=\"og:image\" content=\"https:\/\/holyland.md\/wp-content\/uploads\/2020\/04\/RENEW-FORMULA-BALANSING-SOAP-2.jpg\" \/>\n\t<meta property=\"og:image:width\" content=\"1000\" \/>\n\t<meta property=\"og:image:height\" content=\"1000\" \/>\n\t<meta property=\"og:image:type\" content=\"image\/jpeg\" \/>\n<meta name=\"twitter:card\" content=\"summary_large_image\" \/>\n<meta name=\"twitter:label1\" content=\"Timp estimat pentru citire\" \/>\n\t<meta name=\"twitter:data1\" content=\"1 minut\" \/>\n<script type=\"application\/ld+json\" class=\"yoast-schema-graph\">{\"@context\":\"https:\/\/schema.org\",\"@graph\":[{\"@type\":\"WebPage\",\"@id\":\"https:\/\/holyland.md\/ro\/product\/balancing-soap\/\",\"url\":\"https:\/\/holyland.md\/ro\/product\/balancing-soap\/\",\"name\":\"RENEW FORMULA BALANCING SOAP\",\"isPartOf\":{\"@id\":\"https:\/\/holyland.md\/ro\/#website\"},\"primaryImageOfPage\":{\"@id\":\"https:\/\/holyland.md\/ro\/product\/balancing-soap\/#primaryimage\"},\"image\":{\"@id\":\"https:\/\/holyland.md\/ro\/product\/balancing-soap\/#primaryimage\"},\"thumbnailUrl\":\"https:\/\/holyland.md\/wp-content\/uploads\/2020\/04\/RENEW-FORMULA-BALANSING-SOAP-2.jpg\",\"datePublished\":\"2020-04-24T14:47:40+00:00\",\"dateModified\":\"2026-03-24T11:43:17+00:00\",\"breadcrumb\":{\"@id\":\"https:\/\/holyland.md\/ro\/product\/balancing-soap\/#breadcrumb\"},\"inLanguage\":\"ro-RO\",\"potentialAction\":[{\"@type\":\"ReadAction\",\"target\":[\"https:\/\/holyland.md\/ro\/product\/balancing-soap\/\"]}]},{\"@type\":\"ImageObject\",\"inLanguage\":\"ro-RO\",\"@id\":\"https:\/\/holyland.md\/ro\/product\/balancing-soap\/#primaryimage\",\"url\":\"https:\/\/holyland.md\/wp-content\/uploads\/2020\/04\/RENEW-FORMULA-BALANSING-SOAP-2.jpg\",\"contentUrl\":\"https:\/\/holyland.md\/wp-content\/uploads\/2020\/04\/RENEW-FORMULA-BALANSING-SOAP-2.jpg\",\"width\":1000,\"height\":1000,\"caption\":\"RENEW-FORMULA-BALANSING-SOAP\"},{\"@type\":\"BreadcrumbList\",\"@id\":\"https:\/\/holyland.md\/ro\/product\/balancing-soap\/#breadcrumb\",\"itemListElement\":[{\"@type\":\"ListItem\",\"position\":1,\"name\":\"\u0413\u043b\u0430\u0432\u043d\u0430\u044f \u0441\u0442\u0440\u0430\u043d\u0438\u0446\u0430\",\"item\":\"https:\/\/holyland.md\/ro\/\"},{\"@type\":\"ListItem\",\"position\":2,\"name\":\"Catalog produse HolyLand\",\"item\":\"https:\/\/holyland.md\/ro\/catalog\/\"},{\"@type\":\"ListItem\",\"position\":3,\"name\":\"RENEW FORMULA BALANCING SOAP\"}]},{\"@type\":\"WebSite\",\"@id\":\"https:\/\/holyland.md\/ro\/#website\",\"url\":\"https:\/\/holyland.md\/ro\/\",\"name\":\"Holy Land Cosmetics\",\"description\":\"\",\"publisher\":{\"@id\":\"https:\/\/holyland.md\/ro\/#organization\"},\"potentialAction\":[{\"@type\":\"SearchAction\",\"target\":{\"@type\":\"EntryPoint\",\"urlTemplate\":\"https:\/\/holyland.md\/ro\/?s={search_term_string}\"},\"query-input\":\"required name=search_term_string\"}],\"inLanguage\":\"ro-RO\"},{\"@type\":\"Organization\",\"@id\":\"https:\/\/holyland.md\/ro\/#organization\",\"name\":\"Holy Land Cosmetics\",\"url\":\"https:\/\/holyland.md\/ro\/\",\"logo\":{\"@type\":\"ImageObject\",\"inLanguage\":\"ro-RO\",\"@id\":\"https:\/\/holyland.md\/ro\/#\/schema\/logo\/image\/\",\"url\":\"https:\/\/holyland.md\/wp-content\/uploads\/2020\/03\/hl-always-active.png\",\"contentUrl\":\"https:\/\/holyland.md\/wp-content\/uploads\/2020\/03\/hl-always-active.png\",\"width\":1437,\"height\":892,\"caption\":\"Holy Land Cosmetics\"},\"image\":{\"@id\":\"https:\/\/holyland.md\/ro\/#\/schema\/logo\/image\/\"}}]}<\/script>\n<!-- \/ Yoast SEO plugin. -->","yoast_head_json":{"title":"RENEW FORMULA BALANCING SOAP","robots":{"index":"index","follow":"follow","max-snippet":"max-snippet:-1","max-image-preview":"max-image-preview:large","max-video-preview":"max-video-preview:-1"},"canonical":"https:\/\/holyland.md\/ro\/product\/balancing-soap\/","og_locale":"ro_RO","og_type":"article","og_title":"RENEW FORMULA BALANCING SOAP","og_description":"Volum: 240 ml","og_url":"https:\/\/holyland.md\/ro\/product\/balancing-soap\/","og_site_name":"Holy Land Cosmetics","article_modified_time":"2026-03-24T11:43:17+00:00","og_image":[{"width":1000,"height":1000,"url":"https:\/\/holyland.md\/wp-content\/uploads\/2020\/04\/RENEW-FORMULA-BALANSING-SOAP-2.jpg","type":"image\/jpeg"}],"twitter_card":"summary_large_image","twitter_misc":{"Timp estimat pentru citire":"1 minut"},"schema":{"@context":"https:\/\/schema.org","@graph":[{"@type":"WebPage","@id":"https:\/\/holyland.md\/ro\/product\/balancing-soap\/","url":"https:\/\/holyland.md\/ro\/product\/balancing-soap\/","name":"RENEW FORMULA BALANCING SOAP","isPartOf":{"@id":"https:\/\/holyland.md\/ro\/#website"},"primaryImageOfPage":{"@id":"https:\/\/holyland.md\/ro\/product\/balancing-soap\/#primaryimage"},"image":{"@id":"https:\/\/holyland.md\/ro\/product\/balancing-soap\/#primaryimage"},"thumbnailUrl":"https:\/\/holyland.md\/wp-content\/uploads\/2020\/04\/RENEW-FORMULA-BALANSING-SOAP-2.jpg","datePublished":"2020-04-24T14:47:40+00:00","dateModified":"2026-03-24T11:43:17+00:00","breadcrumb":{"@id":"https:\/\/holyland.md\/ro\/product\/balancing-soap\/#breadcrumb"},"inLanguage":"ro-RO","potentialAction":[{"@type":"ReadAction","target":["https:\/\/holyland.md\/ro\/product\/balancing-soap\/"]}]},{"@type":"ImageObject","inLanguage":"ro-RO","@id":"https:\/\/holyland.md\/ro\/product\/balancing-soap\/#primaryimage","url":"https:\/\/holyland.md\/wp-content\/uploads\/2020\/04\/RENEW-FORMULA-BALANSING-SOAP-2.jpg","contentUrl":"https:\/\/holyland.md\/wp-content\/uploads\/2020\/04\/RENEW-FORMULA-BALANSING-SOAP-2.jpg","width":1000,"height":1000,"caption":"RENEW-FORMULA-BALANSING-SOAP"},{"@type":"BreadcrumbList","@id":"https:\/\/holyland.md\/ro\/product\/balancing-soap\/#breadcrumb","itemListElement":[{"@type":"ListItem","position":1,"name":"\u0413\u043b\u0430\u0432\u043d\u0430\u044f \u0441\u0442\u0440\u0430\u043d\u0438\u0446\u0430","item":"https:\/\/holyland.md\/ro\/"},{"@type":"ListItem","position":2,"name":"Catalog produse HolyLand","item":"https:\/\/holyland.md\/ro\/catalog\/"},{"@type":"ListItem","position":3,"name":"RENEW FORMULA BALANCING SOAP"}]},{"@type":"WebSite","@id":"https:\/\/holyland.md\/ro\/#website","url":"https:\/\/holyland.md\/ro\/","name":"Holy Land Cosmetics","description":"","publisher":{"@id":"https:\/\/holyland.md\/ro\/#organization"},"potentialAction":[{"@type":"SearchAction","target":{"@type":"EntryPoint","urlTemplate":"https:\/\/holyland.md\/ro\/?s={search_term_string}"},"query-input":"required name=search_term_string"}],"inLanguage":"ro-RO"},{"@type":"Organization","@id":"https:\/\/holyland.md\/ro\/#organization","name":"Holy Land Cosmetics","url":"https:\/\/holyland.md\/ro\/","logo":{"@type":"ImageObject","inLanguage":"ro-RO","@id":"https:\/\/holyland.md\/ro\/#\/schema\/logo\/image\/","url":"https:\/\/holyland.md\/wp-content\/uploads\/2020\/03\/hl-always-active.png","contentUrl":"https:\/\/holyland.md\/wp-content\/uploads\/2020\/03\/hl-always-active.png","width":1437,"height":892,"caption":"Holy Land Cosmetics"},"image":{"@id":"https:\/\/holyland.md\/ro\/#\/schema\/logo\/image\/"}}]}},"_links":{"self":[{"href":"https:\/\/holyland.md\/ro\/wp-json\/wp\/v2\/product\/2035"}],"collection":[{"href":"https:\/\/holyland.md\/ro\/wp-json\/wp\/v2\/product"}],"about":[{"href":"https:\/\/holyland.md\/ro\/wp-json\/wp\/v2\/types\/product"}],"wp:featuredmedia":[{"embeddable":true,"href":"https:\/\/holyland.md\/ro\/wp-json\/wp\/v2\/media\/3453"}],"wp:attachment":[{"href":"https:\/\/holyland.md\/ro\/wp-json\/wp\/v2\/media?parent=2035"}],"wp:term":[{"taxonomy":"product_cat","embeddable":true,"href":"https:\/\/holyland.md\/ro\/wp-json\/wp\/v2\/product_cat?post=2035"},{"taxonomy":"product_tag","embeddable":true,"href":"https:\/\/holyland.md\/ro\/wp-json\/wp\/v2\/product_tag?post=2035"}],"curies":[{"name":"wp","href":"https:\/\/api.w.org\/{rel}","templated":true}]}}