{"id":2052,"date":"2020-04-27T10:04:52","date_gmt":"2020-04-27T07:04:52","guid":{"rendered":"https:\/\/holyland.md\/product\/sunbrella-to-go-spf-30\/"},"modified":"2026-03-24T14:24:24","modified_gmt":"2026-03-24T11:24:24","slug":"sunbrella-to-go-spf-30","status":"publish","type":"product","link":"https:\/\/holyland.md\/ro\/product\/sunbrella-to-go-spf-30\/","title":{"rendered":"SUNBRELLA TO GO SPF 30"},"content":{"rendered":"<p>Protec\u021bie solar\u0103 SPF 30 bazat\u0103 pe o combina\u021bie unic\u0103 a factorilor de protec\u021bie chimic\u0103 \u0219i cea mecanic\u0103. Factorii de protec\u021bie chimic\u0103 ajut\u0103 la atingere a unei texturi foarte fine pentru aceast\u0103 valoare a SPF-ului. Oxidul de zinc, ca factor fizic, nu numai protejeaz\u0103 pielea, ci \u0219i ac\u021bioneaz\u0103 antiinflamator. Deci, dac\u0103 pielea este predispus\u0103 la erup\u021bii, cu utilizarea regulat\u0103 a Sunbrella, elementele sunt reduse. Finisajul mat se potrive\u0219te perfect sezonului cald.<\/p>\n<p><strong>Principii active:<\/strong><\/p>\n<p>Ethylhexylmethoxycinnamate, Benzophenon-3, Dioxid de Titan, Oxid de Zinc, Vitamine C \u015fi E, Extracte de Ginkgo Biloba, de Ceai Verde.<\/p>\n<p><strong>Mod de aplicare:<\/strong><\/p>\n<p>Protec\u021bie solar\u0103 se aplic\u0103 ca ultim pas al rutinei zilnice de \u00eengrijire facial\u0103, de preferin\u021b\u0103 cu 20 de minute \u00eenainte de a ie\u0219i afar\u0103. \u00cen zilele \u00eensorite, \u00een caz de o \u0219edere lung\u0103 \u00eentr-o zon\u0103 deschis\u0103, este recomandat de repetat aplica\u021bia (cel pu\u021bin o data &#8211; \u00een miezul zilei). Asigura\u021bi-v\u0103 c\u0103 repeta\u021bi aplica\u021bia dup\u0103 sc\u0103ldat sau dup\u0103 o transpira\u021bie activ\u0103. Pe pielea umed\u0103, crema poate l\u0103sa un strat albicios.<\/p>\n","protected":false},"excerpt":{"rendered":"<p>Volum: 50 ml<\/p>\n","protected":false},"featured_media":3851,"template":"","meta":[],"product_cat":[121],"product_tag":[],"class_list":{"0":"post-2052","1":"product","2":"type-product","3":"status-publish","4":"has-post-thumbnail","6":"product_cat-sunbrella-hl","8":"first","9":"instock","10":"shipping-taxable","11":"purchasable","12":"product-type-simple"},"yoast_head":"<!-- This site is optimized with the Yoast SEO plugin v23.3 - https:\/\/yoast.com\/wordpress\/plugins\/seo\/ -->\n<title>SUNBRELLA TO GO SPF 30 | Holy Land Cosmetics<\/title>\n<meta name=\"robots\" content=\"index, follow, max-snippet:-1, max-image-preview:large, max-video-preview:-1\" \/>\n<link rel=\"canonical\" href=\"https:\/\/holyland.md\/ro\/product\/sunbrella-to-go-spf-30\/\" \/>\n<meta property=\"og:locale\" content=\"ro_RO\" \/>\n<meta property=\"og:type\" content=\"article\" \/>\n<meta property=\"og:title\" content=\"SUNBRELLA TO GO SPF 30 | Holy Land Cosmetics\" \/>\n<meta property=\"og:description\" content=\"Volum: 50 ml\" \/>\n<meta property=\"og:url\" content=\"https:\/\/holyland.md\/ro\/product\/sunbrella-to-go-spf-30\/\" \/>\n<meta property=\"og:site_name\" content=\"Holy Land Cosmetics\" \/>\n<meta property=\"article:modified_time\" content=\"2026-03-24T11:24:24+00:00\" \/>\n<meta property=\"og:image\" content=\"https:\/\/holyland.md\/wp-content\/uploads\/2020\/04\/ALWAYS-ACTIVE-SUNBRELLA-WHITE-LITTLE.jpg\" \/>\n\t<meta property=\"og:image:width\" content=\"1000\" \/>\n\t<meta property=\"og:image:height\" content=\"1000\" \/>\n\t<meta property=\"og:image:type\" content=\"image\/jpeg\" \/>\n<meta name=\"twitter:card\" content=\"summary_large_image\" \/>\n<meta name=\"twitter:label1\" content=\"Timp estimat pentru citire\" \/>\n\t<meta name=\"twitter:data1\" content=\"2 minute\" \/>\n<script type=\"application\/ld+json\" class=\"yoast-schema-graph\">{\"@context\":\"https:\/\/schema.org\",\"@graph\":[{\"@type\":\"WebPage\",\"@id\":\"https:\/\/holyland.md\/ro\/product\/sunbrella-to-go-spf-30\/\",\"url\":\"https:\/\/holyland.md\/ro\/product\/sunbrella-to-go-spf-30\/\",\"name\":\"SUNBRELLA TO GO SPF 30 | Holy Land Cosmetics\",\"isPartOf\":{\"@id\":\"https:\/\/holyland.md\/ro\/#website\"},\"primaryImageOfPage\":{\"@id\":\"https:\/\/holyland.md\/ro\/product\/sunbrella-to-go-spf-30\/#primaryimage\"},\"image\":{\"@id\":\"https:\/\/holyland.md\/ro\/product\/sunbrella-to-go-spf-30\/#primaryimage\"},\"thumbnailUrl\":\"https:\/\/holyland.md\/wp-content\/uploads\/2020\/04\/ALWAYS-ACTIVE-SUNBRELLA-WHITE-LITTLE.jpg\",\"datePublished\":\"2020-04-27T07:04:52+00:00\",\"dateModified\":\"2026-03-24T11:24:24+00:00\",\"breadcrumb\":{\"@id\":\"https:\/\/holyland.md\/ro\/product\/sunbrella-to-go-spf-30\/#breadcrumb\"},\"inLanguage\":\"ro-RO\",\"potentialAction\":[{\"@type\":\"ReadAction\",\"target\":[\"https:\/\/holyland.md\/ro\/product\/sunbrella-to-go-spf-30\/\"]}]},{\"@type\":\"ImageObject\",\"inLanguage\":\"ro-RO\",\"@id\":\"https:\/\/holyland.md\/ro\/product\/sunbrella-to-go-spf-30\/#primaryimage\",\"url\":\"https:\/\/holyland.md\/wp-content\/uploads\/2020\/04\/ALWAYS-ACTIVE-SUNBRELLA-WHITE-LITTLE.jpg\",\"contentUrl\":\"https:\/\/holyland.md\/wp-content\/uploads\/2020\/04\/ALWAYS-ACTIVE-SUNBRELLA-WHITE-LITTLE.jpg\",\"width\":1000,\"height\":1000,\"caption\":\"SUNBRELLA-SPF30-TO-GO\"},{\"@type\":\"BreadcrumbList\",\"@id\":\"https:\/\/holyland.md\/ro\/product\/sunbrella-to-go-spf-30\/#breadcrumb\",\"itemListElement\":[{\"@type\":\"ListItem\",\"position\":1,\"name\":\"\u0413\u043b\u0430\u0432\u043d\u0430\u044f \u0441\u0442\u0440\u0430\u043d\u0438\u0446\u0430\",\"item\":\"https:\/\/holyland.md\/ro\/\"},{\"@type\":\"ListItem\",\"position\":2,\"name\":\"Catalog produse HolyLand\",\"item\":\"https:\/\/holyland.md\/ro\/catalog\/\"},{\"@type\":\"ListItem\",\"position\":3,\"name\":\"SUNBRELLA TO GO SPF 30\"}]},{\"@type\":\"WebSite\",\"@id\":\"https:\/\/holyland.md\/ro\/#website\",\"url\":\"https:\/\/holyland.md\/ro\/\",\"name\":\"Holy Land Cosmetics\",\"description\":\"\",\"publisher\":{\"@id\":\"https:\/\/holyland.md\/ro\/#organization\"},\"potentialAction\":[{\"@type\":\"SearchAction\",\"target\":{\"@type\":\"EntryPoint\",\"urlTemplate\":\"https:\/\/holyland.md\/ro\/?s={search_term_string}\"},\"query-input\":\"required name=search_term_string\"}],\"inLanguage\":\"ro-RO\"},{\"@type\":\"Organization\",\"@id\":\"https:\/\/holyland.md\/ro\/#organization\",\"name\":\"Holy Land Cosmetics\",\"url\":\"https:\/\/holyland.md\/ro\/\",\"logo\":{\"@type\":\"ImageObject\",\"inLanguage\":\"ro-RO\",\"@id\":\"https:\/\/holyland.md\/ro\/#\/schema\/logo\/image\/\",\"url\":\"https:\/\/holyland.md\/wp-content\/uploads\/2020\/03\/hl-always-active.png\",\"contentUrl\":\"https:\/\/holyland.md\/wp-content\/uploads\/2020\/03\/hl-always-active.png\",\"width\":1437,\"height\":892,\"caption\":\"Holy Land Cosmetics\"},\"image\":{\"@id\":\"https:\/\/holyland.md\/ro\/#\/schema\/logo\/image\/\"}}]}<\/script>\n<!-- \/ Yoast SEO plugin. -->","yoast_head_json":{"title":"SUNBRELLA TO GO SPF 30 | Holy Land Cosmetics","robots":{"index":"index","follow":"follow","max-snippet":"max-snippet:-1","max-image-preview":"max-image-preview:large","max-video-preview":"max-video-preview:-1"},"canonical":"https:\/\/holyland.md\/ro\/product\/sunbrella-to-go-spf-30\/","og_locale":"ro_RO","og_type":"article","og_title":"SUNBRELLA TO GO SPF 30 | Holy Land Cosmetics","og_description":"Volum: 50 ml","og_url":"https:\/\/holyland.md\/ro\/product\/sunbrella-to-go-spf-30\/","og_site_name":"Holy Land Cosmetics","article_modified_time":"2026-03-24T11:24:24+00:00","og_image":[{"width":1000,"height":1000,"url":"https:\/\/holyland.md\/wp-content\/uploads\/2020\/04\/ALWAYS-ACTIVE-SUNBRELLA-WHITE-LITTLE.jpg","type":"image\/jpeg"}],"twitter_card":"summary_large_image","twitter_misc":{"Timp estimat pentru citire":"2 minute"},"schema":{"@context":"https:\/\/schema.org","@graph":[{"@type":"WebPage","@id":"https:\/\/holyland.md\/ro\/product\/sunbrella-to-go-spf-30\/","url":"https:\/\/holyland.md\/ro\/product\/sunbrella-to-go-spf-30\/","name":"SUNBRELLA TO GO SPF 30 | Holy Land Cosmetics","isPartOf":{"@id":"https:\/\/holyland.md\/ro\/#website"},"primaryImageOfPage":{"@id":"https:\/\/holyland.md\/ro\/product\/sunbrella-to-go-spf-30\/#primaryimage"},"image":{"@id":"https:\/\/holyland.md\/ro\/product\/sunbrella-to-go-spf-30\/#primaryimage"},"thumbnailUrl":"https:\/\/holyland.md\/wp-content\/uploads\/2020\/04\/ALWAYS-ACTIVE-SUNBRELLA-WHITE-LITTLE.jpg","datePublished":"2020-04-27T07:04:52+00:00","dateModified":"2026-03-24T11:24:24+00:00","breadcrumb":{"@id":"https:\/\/holyland.md\/ro\/product\/sunbrella-to-go-spf-30\/#breadcrumb"},"inLanguage":"ro-RO","potentialAction":[{"@type":"ReadAction","target":["https:\/\/holyland.md\/ro\/product\/sunbrella-to-go-spf-30\/"]}]},{"@type":"ImageObject","inLanguage":"ro-RO","@id":"https:\/\/holyland.md\/ro\/product\/sunbrella-to-go-spf-30\/#primaryimage","url":"https:\/\/holyland.md\/wp-content\/uploads\/2020\/04\/ALWAYS-ACTIVE-SUNBRELLA-WHITE-LITTLE.jpg","contentUrl":"https:\/\/holyland.md\/wp-content\/uploads\/2020\/04\/ALWAYS-ACTIVE-SUNBRELLA-WHITE-LITTLE.jpg","width":1000,"height":1000,"caption":"SUNBRELLA-SPF30-TO-GO"},{"@type":"BreadcrumbList","@id":"https:\/\/holyland.md\/ro\/product\/sunbrella-to-go-spf-30\/#breadcrumb","itemListElement":[{"@type":"ListItem","position":1,"name":"\u0413\u043b\u0430\u0432\u043d\u0430\u044f \u0441\u0442\u0440\u0430\u043d\u0438\u0446\u0430","item":"https:\/\/holyland.md\/ro\/"},{"@type":"ListItem","position":2,"name":"Catalog produse HolyLand","item":"https:\/\/holyland.md\/ro\/catalog\/"},{"@type":"ListItem","position":3,"name":"SUNBRELLA TO GO SPF 30"}]},{"@type":"WebSite","@id":"https:\/\/holyland.md\/ro\/#website","url":"https:\/\/holyland.md\/ro\/","name":"Holy Land Cosmetics","description":"","publisher":{"@id":"https:\/\/holyland.md\/ro\/#organization"},"potentialAction":[{"@type":"SearchAction","target":{"@type":"EntryPoint","urlTemplate":"https:\/\/holyland.md\/ro\/?s={search_term_string}"},"query-input":"required name=search_term_string"}],"inLanguage":"ro-RO"},{"@type":"Organization","@id":"https:\/\/holyland.md\/ro\/#organization","name":"Holy Land Cosmetics","url":"https:\/\/holyland.md\/ro\/","logo":{"@type":"ImageObject","inLanguage":"ro-RO","@id":"https:\/\/holyland.md\/ro\/#\/schema\/logo\/image\/","url":"https:\/\/holyland.md\/wp-content\/uploads\/2020\/03\/hl-always-active.png","contentUrl":"https:\/\/holyland.md\/wp-content\/uploads\/2020\/03\/hl-always-active.png","width":1437,"height":892,"caption":"Holy Land Cosmetics"},"image":{"@id":"https:\/\/holyland.md\/ro\/#\/schema\/logo\/image\/"}}]}},"_links":{"self":[{"href":"https:\/\/holyland.md\/ro\/wp-json\/wp\/v2\/product\/2052"}],"collection":[{"href":"https:\/\/holyland.md\/ro\/wp-json\/wp\/v2\/product"}],"about":[{"href":"https:\/\/holyland.md\/ro\/wp-json\/wp\/v2\/types\/product"}],"wp:featuredmedia":[{"embeddable":true,"href":"https:\/\/holyland.md\/ro\/wp-json\/wp\/v2\/media\/3851"}],"wp:attachment":[{"href":"https:\/\/holyland.md\/ro\/wp-json\/wp\/v2\/media?parent=2052"}],"wp:term":[{"taxonomy":"product_cat","embeddable":true,"href":"https:\/\/holyland.md\/ro\/wp-json\/wp\/v2\/product_cat?post=2052"},{"taxonomy":"product_tag","embeddable":true,"href":"https:\/\/holyland.md\/ro\/wp-json\/wp\/v2\/product_tag?post=2052"}],"curies":[{"name":"wp","href":"https:\/\/api.w.org\/{rel}","templated":true}]}}