{"id":2077,"date":"2020-04-27T11:40:29","date_gmt":"2020-04-27T08:40:29","guid":{"rendered":"https:\/\/holyland.md\/product\/vitalise-moisture-intense-serum\/"},"modified":"2026-03-24T14:21:44","modified_gmt":"2026-03-24T11:21:44","slug":"vitalise-moisture-intense-serum","status":"publish","type":"product","link":"https:\/\/holyland.md\/ro\/product\/vitalise-moisture-intense-serum\/","title":{"rendered":"VITALISE MOISTURE INTENSE SERUM"},"content":{"rendered":"<p>Un ser fin sub form\u0103 de emulsie. Hidrateaz\u0103 \u0219i stimuleaz\u0103 perfect procesele metabolice, dezvolt\u00e2ndu-le viteza p\u00e2n\u0103 la nivelul pielii tinere. Drept urmare, pielea cap\u0103t\u0103 o str\u0103lucire s\u0103n\u0103toas\u0103, elasticitate \u0219i se str\u00e2nge. \u00cen plus, serul este \u00eembog\u0103\u021bit cu dou\u0103 peptide biomimetice, una dintre care func\u021bioneaz\u0103 ca o toxin\u0103 botulinic\u0103 \u0219i, la utilizare prelungit\u0103, poate reduce severitatea ridurilor, cealalt\u0103 are un efect de \u00eent\u0103rire a vaselor \u0219i uniformizeaz\u0103 tonul fe\u021bei, calmeaz\u0103 ro\u0219ea\u021ba, amelioreaz\u0103 iritarea. Extractele de plante completeaz\u0103 efectele principale, nutresc pielea cu un complex de vitamine, antioxidan\u021bi, minerale, aminoacizi necesari pentru a construi celule noi s\u0103n\u0103toase.<\/p>\n<p><strong>Principii active:<\/strong><\/p>\n<p>Extract de Yam S\u0103lbatic, de Centella Asiatica, Hialuronat de Sodiu, Ulei de Nuca Brasiliana, Extract de Alge Brune, Proteina de Gr\u00e2u hidrolizat\u0103, Extract de Extract de Lemn Dulce, Extract de Grapefruit, Extract de Ceai Verde, Acetiltetrapeptide-5, Tocoferol.<\/p>\n<p><strong>Mod de aplicare:<\/strong><\/p>\n<p>Dup\u0103 o cur\u0103\u021bare profund\u0103 \u00een dou\u0103 etape, aplica\u021bi serul \u00eentr-un strat sub\u021bire \u0219i uniform. F\u0103r\u0103 s\u0103 a\u0219tepta\u021bi absorb\u021bia complet\u0103, finaliza\u021bi tratamentul cu VITALISE OVERNIGHT MOISTURIZER CREAM sau VITALISE MOISTURIZING MASK. De utilizat o dat\u0103 pe zi sau conform recomand\u0103rilor specialistului Dumneavoastr\u0103.<\/p>\n","protected":false},"excerpt":{"rendered":"<p>Volum: 30 ml<\/p>\n","protected":false},"featured_media":2332,"template":"","meta":[],"product_cat":[123,128],"product_tag":[],"class_list":{"0":"post-2077","1":"product","2":"type-product","3":"status-publish","4":"has-post-thumbnail","6":"product_cat-vitalise-hl","7":"product_cat-concentrate","9":"first","10":"instock","11":"shipping-taxable","12":"purchasable","13":"product-type-simple"},"yoast_head":"<!-- This site is optimized with the Yoast SEO plugin v23.3 - https:\/\/yoast.com\/wordpress\/plugins\/seo\/ -->\n<title>VITALISE MOISTURE INTENSE SERUM | Holy Land Cosmetics<\/title>\n<meta name=\"robots\" content=\"index, follow, max-snippet:-1, max-image-preview:large, max-video-preview:-1\" \/>\n<link rel=\"canonical\" href=\"https:\/\/holyland.md\/ro\/product\/vitalise-moisture-intense-serum\/\" \/>\n<meta property=\"og:locale\" content=\"ro_RO\" \/>\n<meta property=\"og:type\" content=\"article\" \/>\n<meta property=\"og:title\" content=\"VITALISE MOISTURE INTENSE SERUM | Holy Land Cosmetics\" \/>\n<meta property=\"og:description\" content=\"Volum: 30 ml\" \/>\n<meta property=\"og:url\" content=\"https:\/\/holyland.md\/ro\/product\/vitalise-moisture-intense-serum\/\" \/>\n<meta property=\"og:site_name\" content=\"Holy Land Cosmetics\" \/>\n<meta property=\"article:modified_time\" content=\"2026-03-24T11:21:44+00:00\" \/>\n<meta property=\"og:image\" content=\"https:\/\/holyland.md\/wp-content\/uploads\/2020\/04\/VITALISE-MOISTURE-INTENSE-SERUM-1.jpg\" \/>\n\t<meta property=\"og:image:width\" content=\"1000\" \/>\n\t<meta property=\"og:image:height\" content=\"1000\" \/>\n\t<meta property=\"og:image:type\" content=\"image\/jpeg\" \/>\n<meta name=\"twitter:card\" content=\"summary_large_image\" \/>\n<meta name=\"twitter:label1\" content=\"Timp estimat pentru citire\" \/>\n\t<meta name=\"twitter:data1\" content=\"2 minute\" \/>\n<script type=\"application\/ld+json\" class=\"yoast-schema-graph\">{\"@context\":\"https:\/\/schema.org\",\"@graph\":[{\"@type\":\"WebPage\",\"@id\":\"https:\/\/holyland.md\/ro\/product\/vitalise-moisture-intense-serum\/\",\"url\":\"https:\/\/holyland.md\/ro\/product\/vitalise-moisture-intense-serum\/\",\"name\":\"VITALISE MOISTURE INTENSE SERUM | Holy Land Cosmetics\",\"isPartOf\":{\"@id\":\"https:\/\/holyland.md\/ro\/#website\"},\"primaryImageOfPage\":{\"@id\":\"https:\/\/holyland.md\/ro\/product\/vitalise-moisture-intense-serum\/#primaryimage\"},\"image\":{\"@id\":\"https:\/\/holyland.md\/ro\/product\/vitalise-moisture-intense-serum\/#primaryimage\"},\"thumbnailUrl\":\"https:\/\/holyland.md\/wp-content\/uploads\/2020\/04\/VITALISE-MOISTURE-INTENSE-SERUM-1.jpg\",\"datePublished\":\"2020-04-27T08:40:29+00:00\",\"dateModified\":\"2026-03-24T11:21:44+00:00\",\"breadcrumb\":{\"@id\":\"https:\/\/holyland.md\/ro\/product\/vitalise-moisture-intense-serum\/#breadcrumb\"},\"inLanguage\":\"ro-RO\",\"potentialAction\":[{\"@type\":\"ReadAction\",\"target\":[\"https:\/\/holyland.md\/ro\/product\/vitalise-moisture-intense-serum\/\"]}]},{\"@type\":\"ImageObject\",\"inLanguage\":\"ro-RO\",\"@id\":\"https:\/\/holyland.md\/ro\/product\/vitalise-moisture-intense-serum\/#primaryimage\",\"url\":\"https:\/\/holyland.md\/wp-content\/uploads\/2020\/04\/VITALISE-MOISTURE-INTENSE-SERUM-1.jpg\",\"contentUrl\":\"https:\/\/holyland.md\/wp-content\/uploads\/2020\/04\/VITALISE-MOISTURE-INTENSE-SERUM-1.jpg\",\"width\":1000,\"height\":1000},{\"@type\":\"BreadcrumbList\",\"@id\":\"https:\/\/holyland.md\/ro\/product\/vitalise-moisture-intense-serum\/#breadcrumb\",\"itemListElement\":[{\"@type\":\"ListItem\",\"position\":1,\"name\":\"\u0413\u043b\u0430\u0432\u043d\u0430\u044f \u0441\u0442\u0440\u0430\u043d\u0438\u0446\u0430\",\"item\":\"https:\/\/holyland.md\/ro\/\"},{\"@type\":\"ListItem\",\"position\":2,\"name\":\"Catalog produse HolyLand\",\"item\":\"https:\/\/holyland.md\/ro\/catalog\/\"},{\"@type\":\"ListItem\",\"position\":3,\"name\":\"VITALISE MOISTURE INTENSE SERUM\"}]},{\"@type\":\"WebSite\",\"@id\":\"https:\/\/holyland.md\/ro\/#website\",\"url\":\"https:\/\/holyland.md\/ro\/\",\"name\":\"Holy Land Cosmetics\",\"description\":\"\",\"publisher\":{\"@id\":\"https:\/\/holyland.md\/ro\/#organization\"},\"potentialAction\":[{\"@type\":\"SearchAction\",\"target\":{\"@type\":\"EntryPoint\",\"urlTemplate\":\"https:\/\/holyland.md\/ro\/?s={search_term_string}\"},\"query-input\":\"required name=search_term_string\"}],\"inLanguage\":\"ro-RO\"},{\"@type\":\"Organization\",\"@id\":\"https:\/\/holyland.md\/ro\/#organization\",\"name\":\"Holy Land Cosmetics\",\"url\":\"https:\/\/holyland.md\/ro\/\",\"logo\":{\"@type\":\"ImageObject\",\"inLanguage\":\"ro-RO\",\"@id\":\"https:\/\/holyland.md\/ro\/#\/schema\/logo\/image\/\",\"url\":\"https:\/\/holyland.md\/wp-content\/uploads\/2020\/03\/hl-always-active.png\",\"contentUrl\":\"https:\/\/holyland.md\/wp-content\/uploads\/2020\/03\/hl-always-active.png\",\"width\":1437,\"height\":892,\"caption\":\"Holy Land Cosmetics\"},\"image\":{\"@id\":\"https:\/\/holyland.md\/ro\/#\/schema\/logo\/image\/\"}}]}<\/script>\n<!-- \/ Yoast SEO plugin. -->","yoast_head_json":{"title":"VITALISE MOISTURE INTENSE SERUM | Holy Land Cosmetics","robots":{"index":"index","follow":"follow","max-snippet":"max-snippet:-1","max-image-preview":"max-image-preview:large","max-video-preview":"max-video-preview:-1"},"canonical":"https:\/\/holyland.md\/ro\/product\/vitalise-moisture-intense-serum\/","og_locale":"ro_RO","og_type":"article","og_title":"VITALISE MOISTURE INTENSE SERUM | Holy Land Cosmetics","og_description":"Volum: 30 ml","og_url":"https:\/\/holyland.md\/ro\/product\/vitalise-moisture-intense-serum\/","og_site_name":"Holy Land Cosmetics","article_modified_time":"2026-03-24T11:21:44+00:00","og_image":[{"width":1000,"height":1000,"url":"https:\/\/holyland.md\/wp-content\/uploads\/2020\/04\/VITALISE-MOISTURE-INTENSE-SERUM-1.jpg","type":"image\/jpeg"}],"twitter_card":"summary_large_image","twitter_misc":{"Timp estimat pentru citire":"2 minute"},"schema":{"@context":"https:\/\/schema.org","@graph":[{"@type":"WebPage","@id":"https:\/\/holyland.md\/ro\/product\/vitalise-moisture-intense-serum\/","url":"https:\/\/holyland.md\/ro\/product\/vitalise-moisture-intense-serum\/","name":"VITALISE MOISTURE INTENSE SERUM | Holy Land Cosmetics","isPartOf":{"@id":"https:\/\/holyland.md\/ro\/#website"},"primaryImageOfPage":{"@id":"https:\/\/holyland.md\/ro\/product\/vitalise-moisture-intense-serum\/#primaryimage"},"image":{"@id":"https:\/\/holyland.md\/ro\/product\/vitalise-moisture-intense-serum\/#primaryimage"},"thumbnailUrl":"https:\/\/holyland.md\/wp-content\/uploads\/2020\/04\/VITALISE-MOISTURE-INTENSE-SERUM-1.jpg","datePublished":"2020-04-27T08:40:29+00:00","dateModified":"2026-03-24T11:21:44+00:00","breadcrumb":{"@id":"https:\/\/holyland.md\/ro\/product\/vitalise-moisture-intense-serum\/#breadcrumb"},"inLanguage":"ro-RO","potentialAction":[{"@type":"ReadAction","target":["https:\/\/holyland.md\/ro\/product\/vitalise-moisture-intense-serum\/"]}]},{"@type":"ImageObject","inLanguage":"ro-RO","@id":"https:\/\/holyland.md\/ro\/product\/vitalise-moisture-intense-serum\/#primaryimage","url":"https:\/\/holyland.md\/wp-content\/uploads\/2020\/04\/VITALISE-MOISTURE-INTENSE-SERUM-1.jpg","contentUrl":"https:\/\/holyland.md\/wp-content\/uploads\/2020\/04\/VITALISE-MOISTURE-INTENSE-SERUM-1.jpg","width":1000,"height":1000},{"@type":"BreadcrumbList","@id":"https:\/\/holyland.md\/ro\/product\/vitalise-moisture-intense-serum\/#breadcrumb","itemListElement":[{"@type":"ListItem","position":1,"name":"\u0413\u043b\u0430\u0432\u043d\u0430\u044f \u0441\u0442\u0440\u0430\u043d\u0438\u0446\u0430","item":"https:\/\/holyland.md\/ro\/"},{"@type":"ListItem","position":2,"name":"Catalog produse HolyLand","item":"https:\/\/holyland.md\/ro\/catalog\/"},{"@type":"ListItem","position":3,"name":"VITALISE MOISTURE INTENSE SERUM"}]},{"@type":"WebSite","@id":"https:\/\/holyland.md\/ro\/#website","url":"https:\/\/holyland.md\/ro\/","name":"Holy Land Cosmetics","description":"","publisher":{"@id":"https:\/\/holyland.md\/ro\/#organization"},"potentialAction":[{"@type":"SearchAction","target":{"@type":"EntryPoint","urlTemplate":"https:\/\/holyland.md\/ro\/?s={search_term_string}"},"query-input":"required name=search_term_string"}],"inLanguage":"ro-RO"},{"@type":"Organization","@id":"https:\/\/holyland.md\/ro\/#organization","name":"Holy Land Cosmetics","url":"https:\/\/holyland.md\/ro\/","logo":{"@type":"ImageObject","inLanguage":"ro-RO","@id":"https:\/\/holyland.md\/ro\/#\/schema\/logo\/image\/","url":"https:\/\/holyland.md\/wp-content\/uploads\/2020\/03\/hl-always-active.png","contentUrl":"https:\/\/holyland.md\/wp-content\/uploads\/2020\/03\/hl-always-active.png","width":1437,"height":892,"caption":"Holy Land Cosmetics"},"image":{"@id":"https:\/\/holyland.md\/ro\/#\/schema\/logo\/image\/"}}]}},"_links":{"self":[{"href":"https:\/\/holyland.md\/ro\/wp-json\/wp\/v2\/product\/2077"}],"collection":[{"href":"https:\/\/holyland.md\/ro\/wp-json\/wp\/v2\/product"}],"about":[{"href":"https:\/\/holyland.md\/ro\/wp-json\/wp\/v2\/types\/product"}],"wp:featuredmedia":[{"embeddable":true,"href":"https:\/\/holyland.md\/ro\/wp-json\/wp\/v2\/media\/2332"}],"wp:attachment":[{"href":"https:\/\/holyland.md\/ro\/wp-json\/wp\/v2\/media?parent=2077"}],"wp:term":[{"taxonomy":"product_cat","embeddable":true,"href":"https:\/\/holyland.md\/ro\/wp-json\/wp\/v2\/product_cat?post=2077"},{"taxonomy":"product_tag","embeddable":true,"href":"https:\/\/holyland.md\/ro\/wp-json\/wp\/v2\/product_tag?post=2077"}],"curies":[{"name":"wp","href":"https:\/\/api.w.org\/{rel}","templated":true}]}}