{"id":2088,"date":"2020-04-27T18:45:29","date_gmt":"2020-04-27T15:45:29","guid":{"rendered":"https:\/\/holyland.md\/product\/vitalise-kit-hydtation\/"},"modified":"2026-03-23T13:06:01","modified_gmt":"2026-03-23T10:06:01","slug":"vitalise-kit-hydtation","status":"publish","type":"product","link":"https:\/\/holyland.md\/ro\/product\/vitalise-kit-hydtation\/","title":{"rendered":"VITALISE KIT HYDTATION"},"content":{"rendered":"<p>Set: VITALISE CLEANSER 125 ml, VITALISE MOISTURIZING CREAM 50 ml, VITALISE OVERNIGHT MOISTURIZER CREAM 50 ml<\/p>\n<p><a href=\"https:\/\/holyland.md\/ro\/product\/vitalise-cleanser\/\" target=\"_blank\" rel=\"noopener noreferrer\"><strong>VITALISE CLEANSER 125 ml<\/strong><\/a><\/p>\n<p>Produs de cur\u0103\u021bare delicat sub form\u0103 de emulsie. \u00cendep\u0103rteaz\u0103 delicat impurit\u0103\u021bile f\u0103r\u0103 a perturba echilibrul apos-lipidic.<\/p>\n<p><strong>Principii active:<\/strong><\/p>\n<p>Lactat de Sodiu, Ulei de Ricin, Extract de Afine, Extract de Ar\u0163ar de Zah\u0103r, Extract de Portocale, Extract de L\u0103m\u00e2ie, Hialuronat de Sodiu, Extract de Hamamelis, Lizat Bifidobacteriilor, Lactoza, Proteina de Lapte.<\/p>\n<p><strong>Mod de aplicare:<\/strong><\/p>\n<p>Produsul face parte din categoria a cleanser-ilor \u0219i, prin urmare, se aplic\u0103 cu m\u00e2inile uscate pe fa\u021ba uscat\u0103. Se maseaz\u0103 un timp oarecare, apoi se spal\u0103 cu ap\u0103 cald\u0103. De utilizat o dat\u0103 pe zi sau conform recomand\u0103rilor specialistului Dumneavoastr\u0103.<\/p>\n<p><a href=\"https:\/\/holyland.md\/ro\/product\/vitalise-moisturizing-cream\/\" target=\"_blank\" rel=\"noopener noreferrer\"><strong>VITALISE MOISTURIZING CREAM 50 ml<\/strong><\/a><\/p>\n<p>O crem\u0103 hidratant\u0103 intens\u0103, cu o compozi\u021bie activ\u0103 bogat\u0103: acid hialuronic \u00een dou\u0103 formule, un complex vitaminic, extracte din plante. Crema face fa\u021b\u0103 perfect sarcinii de hidratare profund\u0103 pe termen lung, rezolv\u00e2nd problema \u00een mod complex \u0219i din interior, nu creaz\u0103 ocluzie, permi\u021b\u00e2nd pielii s\u0103 respire activ.<\/p>\n<p><strong>Principii active:<\/strong><\/p>\n<p>Palmitat de Retinol, Ulei din semin\u0163e de Floare Soarelui, Acid Salicilic, Acid Lactic, Acid Hialuronic hidrolizat, Extract de Centella Asiatica, Ascorbilphosphate de Magneziu, Extract de Ceai Verde, Vitamina E.<\/p>\n<p><strong>Mod de aplicare:<\/strong><\/p>\n<p>Dup\u0103 o cur\u0103\u021bare profund\u0103 \u00een dou\u0103 etape, se aplic\u0103 crema pentru a completa \u00eengrijire facial\u0103 de diminea\u021b\u0103. De utilizat o dat\u0103 pe zi sau conform recomand\u0103rilor specialistului Dumneavoastr\u0103.<\/p>\n<p><a href=\"https:\/\/holyland.md\/ro\/product\/vitalise-overnight-moisturizer-cream\/\" target=\"_blank\" rel=\"noopener noreferrer\"><strong>VITALISE OVERNIGHT MOISTURIZER CREAM 50 ml<\/strong><\/a><\/p>\n<p>Crem\u0103 nutritiv\u0103 de noapte bogat\u0103 \u00een uleiuri hidrofile. Compozi\u021bia uimitoare a componentelor uleiurilor le permite s\u0103 p\u0103trund\u0103 rapid ad\u00e2nc \u00een straturile profunde ale pielii \u0219i s\u0103-\u0219i realizeze efectul acolo, f\u0103r\u0103 a l\u0103sa un film ocluziv gras pe suprafa\u021ba pielii. Crema \u00eenmoaie perfect pielea, hidrateaz\u0103 \u0219i satureaz\u0103 cu tot ceea ce este necesar pentru func\u021biile sale vitale. Previne usc\u0103ciunea \u0219i deshidratarea pielii.<\/p>\n<p><strong>Principii active:<\/strong><\/p>\n<p>Ulei Murumuru, Vitamina E, Ulei de Lmba Mielului, Hialuronat de Sodiu.<\/p>\n<p><strong>Mod de aplicare:<\/strong><\/p>\n<p>Dup\u0103 o cur\u0103\u021bare profund\u0103 \u00een dou\u0103 etape, se aplic\u0103 crema pentru a finaliza rutina facial\u0103 de sear\u0103. De utilizat o dat\u0103 pe zi sau conform recomand\u0103rilor specialistului Dumneavoastr\u0103.<\/p>\n","protected":false},"excerpt":{"rendered":"<p>Set<\/p>\n","protected":false},"featured_media":2367,"template":"","meta":[],"product_cat":[123,133],"product_tag":[],"class_list":{"0":"post-2088","1":"product","2":"type-product","3":"status-publish","4":"has-post-thumbnail","6":"product_cat-vitalise-hl","7":"product_cat-seturi","9":"first","10":"instock","11":"shipping-taxable","12":"purchasable","13":"product-type-simple"},"yoast_head":"<!-- This site is optimized with the Yoast SEO plugin v23.3 - https:\/\/yoast.com\/wordpress\/plugins\/seo\/ -->\n<title>VITALISE KIT HYDTATION | Holy Land Cosmetics<\/title>\n<meta name=\"robots\" content=\"index, follow, max-snippet:-1, max-image-preview:large, max-video-preview:-1\" \/>\n<link rel=\"canonical\" href=\"https:\/\/holyland.md\/ro\/product\/vitalise-kit-hydtation\/\" \/>\n<meta property=\"og:locale\" content=\"ro_RO\" \/>\n<meta property=\"og:type\" content=\"article\" \/>\n<meta property=\"og:title\" content=\"VITALISE KIT HYDTATION | Holy Land Cosmetics\" \/>\n<meta property=\"og:description\" content=\"Set\" \/>\n<meta property=\"og:url\" content=\"https:\/\/holyland.md\/ro\/product\/vitalise-kit-hydtation\/\" \/>\n<meta property=\"og:site_name\" content=\"Holy Land Cosmetics\" \/>\n<meta property=\"article:modified_time\" content=\"2026-03-23T10:06:01+00:00\" \/>\n<meta property=\"og:image\" content=\"https:\/\/holyland.md\/wp-content\/uploads\/2020\/04\/SET-VITALISE.jpg\" \/>\n\t<meta property=\"og:image:width\" content=\"1000\" \/>\n\t<meta property=\"og:image:height\" content=\"1000\" \/>\n\t<meta property=\"og:image:type\" content=\"image\/jpeg\" \/>\n<meta name=\"twitter:card\" content=\"summary_large_image\" \/>\n<meta name=\"twitter:label1\" content=\"Timp estimat pentru citire\" \/>\n\t<meta name=\"twitter:data1\" content=\"3 minute\" \/>\n<script type=\"application\/ld+json\" class=\"yoast-schema-graph\">{\"@context\":\"https:\/\/schema.org\",\"@graph\":[{\"@type\":\"WebPage\",\"@id\":\"https:\/\/holyland.md\/ro\/product\/vitalise-kit-hydtation\/\",\"url\":\"https:\/\/holyland.md\/ro\/product\/vitalise-kit-hydtation\/\",\"name\":\"VITALISE KIT HYDTATION | Holy Land Cosmetics\",\"isPartOf\":{\"@id\":\"https:\/\/holyland.md\/ro\/#website\"},\"primaryImageOfPage\":{\"@id\":\"https:\/\/holyland.md\/ro\/product\/vitalise-kit-hydtation\/#primaryimage\"},\"image\":{\"@id\":\"https:\/\/holyland.md\/ro\/product\/vitalise-kit-hydtation\/#primaryimage\"},\"thumbnailUrl\":\"https:\/\/holyland.md\/wp-content\/uploads\/2020\/04\/SET-VITALISE.jpg\",\"datePublished\":\"2020-04-27T15:45:29+00:00\",\"dateModified\":\"2026-03-23T10:06:01+00:00\",\"breadcrumb\":{\"@id\":\"https:\/\/holyland.md\/ro\/product\/vitalise-kit-hydtation\/#breadcrumb\"},\"inLanguage\":\"ro-RO\",\"potentialAction\":[{\"@type\":\"ReadAction\",\"target\":[\"https:\/\/holyland.md\/ro\/product\/vitalise-kit-hydtation\/\"]}]},{\"@type\":\"ImageObject\",\"inLanguage\":\"ro-RO\",\"@id\":\"https:\/\/holyland.md\/ro\/product\/vitalise-kit-hydtation\/#primaryimage\",\"url\":\"https:\/\/holyland.md\/wp-content\/uploads\/2020\/04\/SET-VITALISE.jpg\",\"contentUrl\":\"https:\/\/holyland.md\/wp-content\/uploads\/2020\/04\/SET-VITALISE.jpg\",\"width\":1000,\"height\":1000},{\"@type\":\"BreadcrumbList\",\"@id\":\"https:\/\/holyland.md\/ro\/product\/vitalise-kit-hydtation\/#breadcrumb\",\"itemListElement\":[{\"@type\":\"ListItem\",\"position\":1,\"name\":\"\u0413\u043b\u0430\u0432\u043d\u0430\u044f \u0441\u0442\u0440\u0430\u043d\u0438\u0446\u0430\",\"item\":\"https:\/\/holyland.md\/ro\/\"},{\"@type\":\"ListItem\",\"position\":2,\"name\":\"Catalog produse HolyLand\",\"item\":\"https:\/\/holyland.md\/ro\/catalog\/\"},{\"@type\":\"ListItem\",\"position\":3,\"name\":\"VITALISE KIT HYDTATION\"}]},{\"@type\":\"WebSite\",\"@id\":\"https:\/\/holyland.md\/ro\/#website\",\"url\":\"https:\/\/holyland.md\/ro\/\",\"name\":\"Holy Land Cosmetics\",\"description\":\"\",\"publisher\":{\"@id\":\"https:\/\/holyland.md\/ro\/#organization\"},\"potentialAction\":[{\"@type\":\"SearchAction\",\"target\":{\"@type\":\"EntryPoint\",\"urlTemplate\":\"https:\/\/holyland.md\/ro\/?s={search_term_string}\"},\"query-input\":\"required name=search_term_string\"}],\"inLanguage\":\"ro-RO\"},{\"@type\":\"Organization\",\"@id\":\"https:\/\/holyland.md\/ro\/#organization\",\"name\":\"Holy Land Cosmetics\",\"url\":\"https:\/\/holyland.md\/ro\/\",\"logo\":{\"@type\":\"ImageObject\",\"inLanguage\":\"ro-RO\",\"@id\":\"https:\/\/holyland.md\/ro\/#\/schema\/logo\/image\/\",\"url\":\"https:\/\/holyland.md\/wp-content\/uploads\/2020\/03\/hl-always-active.png\",\"contentUrl\":\"https:\/\/holyland.md\/wp-content\/uploads\/2020\/03\/hl-always-active.png\",\"width\":1437,\"height\":892,\"caption\":\"Holy Land Cosmetics\"},\"image\":{\"@id\":\"https:\/\/holyland.md\/ro\/#\/schema\/logo\/image\/\"}}]}<\/script>\n<!-- \/ Yoast SEO plugin. -->","yoast_head_json":{"title":"VITALISE KIT HYDTATION | Holy Land Cosmetics","robots":{"index":"index","follow":"follow","max-snippet":"max-snippet:-1","max-image-preview":"max-image-preview:large","max-video-preview":"max-video-preview:-1"},"canonical":"https:\/\/holyland.md\/ro\/product\/vitalise-kit-hydtation\/","og_locale":"ro_RO","og_type":"article","og_title":"VITALISE KIT HYDTATION | Holy Land Cosmetics","og_description":"Set","og_url":"https:\/\/holyland.md\/ro\/product\/vitalise-kit-hydtation\/","og_site_name":"Holy Land Cosmetics","article_modified_time":"2026-03-23T10:06:01+00:00","og_image":[{"width":1000,"height":1000,"url":"https:\/\/holyland.md\/wp-content\/uploads\/2020\/04\/SET-VITALISE.jpg","type":"image\/jpeg"}],"twitter_card":"summary_large_image","twitter_misc":{"Timp estimat pentru citire":"3 minute"},"schema":{"@context":"https:\/\/schema.org","@graph":[{"@type":"WebPage","@id":"https:\/\/holyland.md\/ro\/product\/vitalise-kit-hydtation\/","url":"https:\/\/holyland.md\/ro\/product\/vitalise-kit-hydtation\/","name":"VITALISE KIT HYDTATION | Holy Land Cosmetics","isPartOf":{"@id":"https:\/\/holyland.md\/ro\/#website"},"primaryImageOfPage":{"@id":"https:\/\/holyland.md\/ro\/product\/vitalise-kit-hydtation\/#primaryimage"},"image":{"@id":"https:\/\/holyland.md\/ro\/product\/vitalise-kit-hydtation\/#primaryimage"},"thumbnailUrl":"https:\/\/holyland.md\/wp-content\/uploads\/2020\/04\/SET-VITALISE.jpg","datePublished":"2020-04-27T15:45:29+00:00","dateModified":"2026-03-23T10:06:01+00:00","breadcrumb":{"@id":"https:\/\/holyland.md\/ro\/product\/vitalise-kit-hydtation\/#breadcrumb"},"inLanguage":"ro-RO","potentialAction":[{"@type":"ReadAction","target":["https:\/\/holyland.md\/ro\/product\/vitalise-kit-hydtation\/"]}]},{"@type":"ImageObject","inLanguage":"ro-RO","@id":"https:\/\/holyland.md\/ro\/product\/vitalise-kit-hydtation\/#primaryimage","url":"https:\/\/holyland.md\/wp-content\/uploads\/2020\/04\/SET-VITALISE.jpg","contentUrl":"https:\/\/holyland.md\/wp-content\/uploads\/2020\/04\/SET-VITALISE.jpg","width":1000,"height":1000},{"@type":"BreadcrumbList","@id":"https:\/\/holyland.md\/ro\/product\/vitalise-kit-hydtation\/#breadcrumb","itemListElement":[{"@type":"ListItem","position":1,"name":"\u0413\u043b\u0430\u0432\u043d\u0430\u044f \u0441\u0442\u0440\u0430\u043d\u0438\u0446\u0430","item":"https:\/\/holyland.md\/ro\/"},{"@type":"ListItem","position":2,"name":"Catalog produse HolyLand","item":"https:\/\/holyland.md\/ro\/catalog\/"},{"@type":"ListItem","position":3,"name":"VITALISE KIT HYDTATION"}]},{"@type":"WebSite","@id":"https:\/\/holyland.md\/ro\/#website","url":"https:\/\/holyland.md\/ro\/","name":"Holy Land Cosmetics","description":"","publisher":{"@id":"https:\/\/holyland.md\/ro\/#organization"},"potentialAction":[{"@type":"SearchAction","target":{"@type":"EntryPoint","urlTemplate":"https:\/\/holyland.md\/ro\/?s={search_term_string}"},"query-input":"required name=search_term_string"}],"inLanguage":"ro-RO"},{"@type":"Organization","@id":"https:\/\/holyland.md\/ro\/#organization","name":"Holy Land Cosmetics","url":"https:\/\/holyland.md\/ro\/","logo":{"@type":"ImageObject","inLanguage":"ro-RO","@id":"https:\/\/holyland.md\/ro\/#\/schema\/logo\/image\/","url":"https:\/\/holyland.md\/wp-content\/uploads\/2020\/03\/hl-always-active.png","contentUrl":"https:\/\/holyland.md\/wp-content\/uploads\/2020\/03\/hl-always-active.png","width":1437,"height":892,"caption":"Holy Land Cosmetics"},"image":{"@id":"https:\/\/holyland.md\/ro\/#\/schema\/logo\/image\/"}}]}},"_links":{"self":[{"href":"https:\/\/holyland.md\/ro\/wp-json\/wp\/v2\/product\/2088"}],"collection":[{"href":"https:\/\/holyland.md\/ro\/wp-json\/wp\/v2\/product"}],"about":[{"href":"https:\/\/holyland.md\/ro\/wp-json\/wp\/v2\/types\/product"}],"wp:featuredmedia":[{"embeddable":true,"href":"https:\/\/holyland.md\/ro\/wp-json\/wp\/v2\/media\/2367"}],"wp:attachment":[{"href":"https:\/\/holyland.md\/ro\/wp-json\/wp\/v2\/media?parent=2088"}],"wp:term":[{"taxonomy":"product_cat","embeddable":true,"href":"https:\/\/holyland.md\/ro\/wp-json\/wp\/v2\/product_cat?post=2088"},{"taxonomy":"product_tag","embeddable":true,"href":"https:\/\/holyland.md\/ro\/wp-json\/wp\/v2\/product_tag?post=2088"}],"curies":[{"name":"wp","href":"https:\/\/api.w.org\/{rel}","templated":true}]}}