{"id":2094,"date":"2020-04-27T18:13:04","date_gmt":"2020-04-27T15:13:04","guid":{"rendered":"https:\/\/holyland.md\/product\/body-therapy-firming-soap\/"},"modified":"2026-03-24T14:13:10","modified_gmt":"2026-03-24T11:13:10","slug":"body-therapy-firming-soap","status":"publish","type":"product","link":"https:\/\/holyland.md\/ro\/product\/body-therapy-firming-soap\/","title":{"rendered":"BODY THERAPY FIRMING SOAP"},"content":{"rendered":"<p>Un produs de purificare \u00een forma de emulsie, \u00eembog\u0103\u021bit cu acizi alfa-hidroxilici \u0219i urea, ce contribuie la re\u00eennoire a facturii pielii \u0219i spore\u0219te nivelul de hidratare.<\/p>\n<p><strong>Principii active:<\/strong><\/p>\n<p>acizi alfa-hidroxilici ob\u021binu\u021bi din fructe, urea<\/p>\n<p><strong>Beneficii:<\/strong><\/p>\n<ul>\n<li>Neteze\u0219te pielea<\/li>\n<li>Previne usc\u0103ciunea<\/li>\n<li>Re\u00eennoie\u0219te \u0219i \u00eembun\u0103t\u0103\u021be\u0219te textura pielii<\/li>\n<\/ul>\n<p><strong>Mod de utilizare:<\/strong><\/p>\n<p>Primul pas de purificare \u00een Cellulite Body Treatment. Se iau 10 ml pentru por\u021biune de piele relevant\u0103 \u0219i se maseaz\u0103. Se \u00eenl\u0103tur\u0103 cu un prosop umed. Se potrive\u0219te pentru utilizare zilnic\u0103 \u00een du\u0219.<\/p>\n","protected":false},"excerpt":{"rendered":"<p>Volum: 500 ml<\/p>\n","protected":false},"featured_media":2095,"template":"","meta":[],"product_cat":[99,127,134],"product_tag":[],"class_list":{"0":"post-2094","1":"product","2":"type-product","3":"status-publish","4":"has-post-thumbnail","6":"product_cat-body-therapy-hl","7":"product_cat-pentru-corp","8":"product_cat-curatare","10":"first","11":"outofstock","12":"shipping-taxable","13":"purchasable","14":"product-type-simple"},"yoast_head":"<!-- This site is optimized with the Yoast SEO plugin v23.3 - https:\/\/yoast.com\/wordpress\/plugins\/seo\/ -->\n<title>BODY THERAPY FIRMING SOAP | Holy Land Cosmetics<\/title>\n<meta name=\"robots\" content=\"index, follow, max-snippet:-1, max-image-preview:large, max-video-preview:-1\" \/>\n<link rel=\"canonical\" href=\"https:\/\/holyland.md\/ro\/product\/body-therapy-firming-soap\/\" \/>\n<meta property=\"og:locale\" content=\"ro_RO\" \/>\n<meta property=\"og:type\" content=\"article\" \/>\n<meta property=\"og:title\" content=\"BODY THERAPY FIRMING SOAP | Holy Land Cosmetics\" \/>\n<meta property=\"og:description\" content=\"Volum: 500 ml\" \/>\n<meta property=\"og:url\" content=\"https:\/\/holyland.md\/ro\/product\/body-therapy-firming-soap\/\" \/>\n<meta property=\"og:site_name\" content=\"Holy Land Cosmetics\" \/>\n<meta property=\"article:modified_time\" content=\"2026-03-24T11:13:10+00:00\" \/>\n<meta property=\"og:image\" content=\"https:\/\/holyland.md\/wp-content\/uploads\/2020\/04\/body_therapy_firming_soap.jpg\" \/>\n\t<meta property=\"og:image:width\" content=\"452\" \/>\n\t<meta property=\"og:image:height\" content=\"452\" \/>\n\t<meta property=\"og:image:type\" content=\"image\/jpeg\" \/>\n<meta name=\"twitter:card\" content=\"summary_large_image\" \/>\n<meta name=\"twitter:label1\" content=\"Timp estimat pentru citire\" \/>\n\t<meta name=\"twitter:data1\" content=\"1 minut\" \/>\n<script type=\"application\/ld+json\" class=\"yoast-schema-graph\">{\"@context\":\"https:\/\/schema.org\",\"@graph\":[{\"@type\":\"WebPage\",\"@id\":\"https:\/\/holyland.md\/ro\/product\/body-therapy-firming-soap\/\",\"url\":\"https:\/\/holyland.md\/ro\/product\/body-therapy-firming-soap\/\",\"name\":\"BODY THERAPY FIRMING SOAP | Holy Land Cosmetics\",\"isPartOf\":{\"@id\":\"https:\/\/holyland.md\/ro\/#website\"},\"primaryImageOfPage\":{\"@id\":\"https:\/\/holyland.md\/ro\/product\/body-therapy-firming-soap\/#primaryimage\"},\"image\":{\"@id\":\"https:\/\/holyland.md\/ro\/product\/body-therapy-firming-soap\/#primaryimage\"},\"thumbnailUrl\":\"https:\/\/holyland.md\/wp-content\/uploads\/2020\/04\/body_therapy_firming_soap.jpg\",\"datePublished\":\"2020-04-27T15:13:04+00:00\",\"dateModified\":\"2026-03-24T11:13:10+00:00\",\"breadcrumb\":{\"@id\":\"https:\/\/holyland.md\/ro\/product\/body-therapy-firming-soap\/#breadcrumb\"},\"inLanguage\":\"ro-RO\",\"potentialAction\":[{\"@type\":\"ReadAction\",\"target\":[\"https:\/\/holyland.md\/ro\/product\/body-therapy-firming-soap\/\"]}]},{\"@type\":\"ImageObject\",\"inLanguage\":\"ro-RO\",\"@id\":\"https:\/\/holyland.md\/ro\/product\/body-therapy-firming-soap\/#primaryimage\",\"url\":\"https:\/\/holyland.md\/wp-content\/uploads\/2020\/04\/body_therapy_firming_soap.jpg\",\"contentUrl\":\"https:\/\/holyland.md\/wp-content\/uploads\/2020\/04\/body_therapy_firming_soap.jpg\",\"width\":452,\"height\":452},{\"@type\":\"BreadcrumbList\",\"@id\":\"https:\/\/holyland.md\/ro\/product\/body-therapy-firming-soap\/#breadcrumb\",\"itemListElement\":[{\"@type\":\"ListItem\",\"position\":1,\"name\":\"\u0413\u043b\u0430\u0432\u043d\u0430\u044f \u0441\u0442\u0440\u0430\u043d\u0438\u0446\u0430\",\"item\":\"https:\/\/holyland.md\/ro\/\"},{\"@type\":\"ListItem\",\"position\":2,\"name\":\"Catalog produse HolyLand\",\"item\":\"https:\/\/holyland.md\/ro\/catalog\/\"},{\"@type\":\"ListItem\",\"position\":3,\"name\":\"BODY THERAPY FIRMING SOAP\"}]},{\"@type\":\"WebSite\",\"@id\":\"https:\/\/holyland.md\/ro\/#website\",\"url\":\"https:\/\/holyland.md\/ro\/\",\"name\":\"Holy Land Cosmetics\",\"description\":\"\",\"publisher\":{\"@id\":\"https:\/\/holyland.md\/ro\/#organization\"},\"potentialAction\":[{\"@type\":\"SearchAction\",\"target\":{\"@type\":\"EntryPoint\",\"urlTemplate\":\"https:\/\/holyland.md\/ro\/?s={search_term_string}\"},\"query-input\":\"required name=search_term_string\"}],\"inLanguage\":\"ro-RO\"},{\"@type\":\"Organization\",\"@id\":\"https:\/\/holyland.md\/ro\/#organization\",\"name\":\"Holy Land Cosmetics\",\"url\":\"https:\/\/holyland.md\/ro\/\",\"logo\":{\"@type\":\"ImageObject\",\"inLanguage\":\"ro-RO\",\"@id\":\"https:\/\/holyland.md\/ro\/#\/schema\/logo\/image\/\",\"url\":\"https:\/\/holyland.md\/wp-content\/uploads\/2020\/03\/hl-always-active.png\",\"contentUrl\":\"https:\/\/holyland.md\/wp-content\/uploads\/2020\/03\/hl-always-active.png\",\"width\":1437,\"height\":892,\"caption\":\"Holy Land Cosmetics\"},\"image\":{\"@id\":\"https:\/\/holyland.md\/ro\/#\/schema\/logo\/image\/\"}}]}<\/script>\n<!-- \/ Yoast SEO plugin. -->","yoast_head_json":{"title":"BODY THERAPY FIRMING SOAP | Holy Land Cosmetics","robots":{"index":"index","follow":"follow","max-snippet":"max-snippet:-1","max-image-preview":"max-image-preview:large","max-video-preview":"max-video-preview:-1"},"canonical":"https:\/\/holyland.md\/ro\/product\/body-therapy-firming-soap\/","og_locale":"ro_RO","og_type":"article","og_title":"BODY THERAPY FIRMING SOAP | Holy Land Cosmetics","og_description":"Volum: 500 ml","og_url":"https:\/\/holyland.md\/ro\/product\/body-therapy-firming-soap\/","og_site_name":"Holy Land Cosmetics","article_modified_time":"2026-03-24T11:13:10+00:00","og_image":[{"width":452,"height":452,"url":"https:\/\/holyland.md\/wp-content\/uploads\/2020\/04\/body_therapy_firming_soap.jpg","type":"image\/jpeg"}],"twitter_card":"summary_large_image","twitter_misc":{"Timp estimat pentru citire":"1 minut"},"schema":{"@context":"https:\/\/schema.org","@graph":[{"@type":"WebPage","@id":"https:\/\/holyland.md\/ro\/product\/body-therapy-firming-soap\/","url":"https:\/\/holyland.md\/ro\/product\/body-therapy-firming-soap\/","name":"BODY THERAPY FIRMING SOAP | Holy Land Cosmetics","isPartOf":{"@id":"https:\/\/holyland.md\/ro\/#website"},"primaryImageOfPage":{"@id":"https:\/\/holyland.md\/ro\/product\/body-therapy-firming-soap\/#primaryimage"},"image":{"@id":"https:\/\/holyland.md\/ro\/product\/body-therapy-firming-soap\/#primaryimage"},"thumbnailUrl":"https:\/\/holyland.md\/wp-content\/uploads\/2020\/04\/body_therapy_firming_soap.jpg","datePublished":"2020-04-27T15:13:04+00:00","dateModified":"2026-03-24T11:13:10+00:00","breadcrumb":{"@id":"https:\/\/holyland.md\/ro\/product\/body-therapy-firming-soap\/#breadcrumb"},"inLanguage":"ro-RO","potentialAction":[{"@type":"ReadAction","target":["https:\/\/holyland.md\/ro\/product\/body-therapy-firming-soap\/"]}]},{"@type":"ImageObject","inLanguage":"ro-RO","@id":"https:\/\/holyland.md\/ro\/product\/body-therapy-firming-soap\/#primaryimage","url":"https:\/\/holyland.md\/wp-content\/uploads\/2020\/04\/body_therapy_firming_soap.jpg","contentUrl":"https:\/\/holyland.md\/wp-content\/uploads\/2020\/04\/body_therapy_firming_soap.jpg","width":452,"height":452},{"@type":"BreadcrumbList","@id":"https:\/\/holyland.md\/ro\/product\/body-therapy-firming-soap\/#breadcrumb","itemListElement":[{"@type":"ListItem","position":1,"name":"\u0413\u043b\u0430\u0432\u043d\u0430\u044f \u0441\u0442\u0440\u0430\u043d\u0438\u0446\u0430","item":"https:\/\/holyland.md\/ro\/"},{"@type":"ListItem","position":2,"name":"Catalog produse HolyLand","item":"https:\/\/holyland.md\/ro\/catalog\/"},{"@type":"ListItem","position":3,"name":"BODY THERAPY FIRMING SOAP"}]},{"@type":"WebSite","@id":"https:\/\/holyland.md\/ro\/#website","url":"https:\/\/holyland.md\/ro\/","name":"Holy Land Cosmetics","description":"","publisher":{"@id":"https:\/\/holyland.md\/ro\/#organization"},"potentialAction":[{"@type":"SearchAction","target":{"@type":"EntryPoint","urlTemplate":"https:\/\/holyland.md\/ro\/?s={search_term_string}"},"query-input":"required name=search_term_string"}],"inLanguage":"ro-RO"},{"@type":"Organization","@id":"https:\/\/holyland.md\/ro\/#organization","name":"Holy Land Cosmetics","url":"https:\/\/holyland.md\/ro\/","logo":{"@type":"ImageObject","inLanguage":"ro-RO","@id":"https:\/\/holyland.md\/ro\/#\/schema\/logo\/image\/","url":"https:\/\/holyland.md\/wp-content\/uploads\/2020\/03\/hl-always-active.png","contentUrl":"https:\/\/holyland.md\/wp-content\/uploads\/2020\/03\/hl-always-active.png","width":1437,"height":892,"caption":"Holy Land Cosmetics"},"image":{"@id":"https:\/\/holyland.md\/ro\/#\/schema\/logo\/image\/"}}]}},"_links":{"self":[{"href":"https:\/\/holyland.md\/ro\/wp-json\/wp\/v2\/product\/2094"}],"collection":[{"href":"https:\/\/holyland.md\/ro\/wp-json\/wp\/v2\/product"}],"about":[{"href":"https:\/\/holyland.md\/ro\/wp-json\/wp\/v2\/types\/product"}],"wp:featuredmedia":[{"embeddable":true,"href":"https:\/\/holyland.md\/ro\/wp-json\/wp\/v2\/media\/2095"}],"wp:attachment":[{"href":"https:\/\/holyland.md\/ro\/wp-json\/wp\/v2\/media?parent=2094"}],"wp:term":[{"taxonomy":"product_cat","embeddable":true,"href":"https:\/\/holyland.md\/ro\/wp-json\/wp\/v2\/product_cat?post=2094"},{"taxonomy":"product_tag","embeddable":true,"href":"https:\/\/holyland.md\/ro\/wp-json\/wp\/v2\/product_tag?post=2094"}],"curies":[{"name":"wp","href":"https:\/\/api.w.org\/{rel}","templated":true}]}}