{"id":2104,"date":"2020-04-27T18:37:49","date_gmt":"2020-04-27T15:37:49","guid":{"rendered":"https:\/\/holyland.md\/product\/body-therapy-firming-cream\/"},"modified":"2026-03-24T14:11:51","modified_gmt":"2026-03-24T11:11:51","slug":"body-therapy-firming-cream","status":"publish","type":"product","link":"https:\/\/holyland.md\/ro\/product\/body-therapy-firming-cream\/","title":{"rendered":"BODY THERAPY FIRMING CREAM"},"content":{"rendered":"<p>O crem\u0103 unic\u0103 pentru tratarea celulitei, distruge eficient gr\u0103simi. Formula acestei \u00eembun\u0103t\u0103\u021be\u0219te circula\u021bia, str\u00e2nge \u0219i red\u0103 fermitate. Guarana\u00a0(Paullinia cupana) este un fruct bogat \u00een cofeina, ce are efecte benefice asupra controlului greut\u0103\u021bii \u0219i schimbului metabolic.Guarana are nivelul de cofeina unul din cei mai spori\u021bi, gr\u0103be\u0219te metabolismul \u0219i ajut\u0103 la procesul de descompunere a gr\u0103simii. Crema con\u021bine cupana extract la fel bogat \u00een cofeina, \u0219i ajut\u0103 la drenajul limfatic a zonelor \u00eenc\u0103rca\u021bi cu gr\u0103simi prin circula\u021bia sporit\u0103 \u0219i red\u0103 fermitatea pielii prin coeziunea mai bun\u0103 \u0219i netezire. Vitamina E ajut\u0103 la factura pielii \u0219i activarea hidrat\u0103rii. Extract de crin are efect astringent, antibcterial, de vindecare, antioxidant \u0219i de combatere a radicalelor liberi.<\/p>\n<p><strong>Principii active:<\/strong><\/p>\n<p>cupana extract, cofeina, vitamina E, extract de crin.<\/p>\n<p><strong>Beneficii:<\/strong><\/p>\n<ul>\n<li>\u00cembun\u0103t\u0103\u021be\u0219te factura pielii<\/li>\n<li>Neteze\u0219te \u0219i compreseaz\u0103 pielea<\/li>\n<li>Ac\u021bioneaz\u0103 asupra adipocitelor<\/li>\n<li>Dreneaz\u0103 stagn\u0103ri de gr\u0103simi<\/li>\n<li>Spore\u0219te microcircula\u021bie<\/li>\n<li>Red\u0103 fermitate<\/li>\n<\/ul>\n<p><strong>Mod de utilizare:<\/strong><\/p>\n<p>Finisare tratamentului Cellulite Body Treatment. Se aplic\u0103 5 ml pe zon\u0103 respectiv\u0103 \u0219i se maseaz\u0103 intens p\u00e2n\u0103 la \u00eembibare complet\u0103. Se recomand\u0103 pentru utilizare zilnic\u0103.<\/p>\n","protected":false},"excerpt":{"rendered":"<p>Volum: 330 ml<\/p>\n","protected":false},"featured_media":3811,"template":"","meta":[],"product_cat":[99,127,130],"product_tag":[],"class_list":{"0":"post-2104","1":"product","2":"type-product","3":"status-publish","4":"has-post-thumbnail","6":"product_cat-body-therapy-hl","7":"product_cat-pentru-corp","8":"product_cat-creme","10":"first","11":"instock","12":"shipping-taxable","13":"purchasable","14":"product-type-simple"},"yoast_head":"<!-- This site is optimized with the Yoast SEO plugin v23.3 - https:\/\/yoast.com\/wordpress\/plugins\/seo\/ -->\n<title>BODY THERAPY FIRMING CREAM | Holy Land Cosmetics<\/title>\n<meta name=\"robots\" content=\"index, follow, max-snippet:-1, max-image-preview:large, max-video-preview:-1\" \/>\n<link rel=\"canonical\" href=\"https:\/\/holyland.md\/ro\/product\/body-therapy-firming-cream\/\" \/>\n<meta property=\"og:locale\" content=\"ro_RO\" \/>\n<meta property=\"og:type\" content=\"article\" \/>\n<meta property=\"og:title\" content=\"BODY THERAPY FIRMING CREAM | Holy Land Cosmetics\" \/>\n<meta property=\"og:description\" content=\"Volum: 330 ml\" \/>\n<meta property=\"og:url\" content=\"https:\/\/holyland.md\/ro\/product\/body-therapy-firming-cream\/\" \/>\n<meta property=\"og:site_name\" content=\"Holy Land Cosmetics\" \/>\n<meta property=\"article:modified_time\" content=\"2026-03-24T11:11:51+00:00\" \/>\n<meta property=\"og:image\" content=\"https:\/\/holyland.md\/wp-content\/uploads\/2020\/04\/BODY-THERAPY-FIRMING-CREAM-BIG.jpg\" \/>\n\t<meta property=\"og:image:width\" content=\"1000\" \/>\n\t<meta property=\"og:image:height\" content=\"1000\" \/>\n\t<meta property=\"og:image:type\" content=\"image\/jpeg\" \/>\n<meta name=\"twitter:card\" content=\"summary_large_image\" \/>\n<meta name=\"twitter:label1\" content=\"Timp estimat pentru citire\" \/>\n\t<meta name=\"twitter:data1\" content=\"2 minute\" \/>\n<script type=\"application\/ld+json\" class=\"yoast-schema-graph\">{\"@context\":\"https:\/\/schema.org\",\"@graph\":[{\"@type\":\"WebPage\",\"@id\":\"https:\/\/holyland.md\/ro\/product\/body-therapy-firming-cream\/\",\"url\":\"https:\/\/holyland.md\/ro\/product\/body-therapy-firming-cream\/\",\"name\":\"BODY THERAPY FIRMING CREAM | Holy Land Cosmetics\",\"isPartOf\":{\"@id\":\"https:\/\/holyland.md\/ro\/#website\"},\"primaryImageOfPage\":{\"@id\":\"https:\/\/holyland.md\/ro\/product\/body-therapy-firming-cream\/#primaryimage\"},\"image\":{\"@id\":\"https:\/\/holyland.md\/ro\/product\/body-therapy-firming-cream\/#primaryimage\"},\"thumbnailUrl\":\"https:\/\/holyland.md\/wp-content\/uploads\/2020\/04\/BODY-THERAPY-FIRMING-CREAM-BIG.jpg\",\"datePublished\":\"2020-04-27T15:37:49+00:00\",\"dateModified\":\"2026-03-24T11:11:51+00:00\",\"breadcrumb\":{\"@id\":\"https:\/\/holyland.md\/ro\/product\/body-therapy-firming-cream\/#breadcrumb\"},\"inLanguage\":\"ro-RO\",\"potentialAction\":[{\"@type\":\"ReadAction\",\"target\":[\"https:\/\/holyland.md\/ro\/product\/body-therapy-firming-cream\/\"]}]},{\"@type\":\"ImageObject\",\"inLanguage\":\"ro-RO\",\"@id\":\"https:\/\/holyland.md\/ro\/product\/body-therapy-firming-cream\/#primaryimage\",\"url\":\"https:\/\/holyland.md\/wp-content\/uploads\/2020\/04\/BODY-THERAPY-FIRMING-CREAM-BIG.jpg\",\"contentUrl\":\"https:\/\/holyland.md\/wp-content\/uploads\/2020\/04\/BODY-THERAPY-FIRMING-CREAM-BIG.jpg\",\"width\":1000,\"height\":1000,\"caption\":\"BODY-THERAPY-FIRMING-CREAM\"},{\"@type\":\"BreadcrumbList\",\"@id\":\"https:\/\/holyland.md\/ro\/product\/body-therapy-firming-cream\/#breadcrumb\",\"itemListElement\":[{\"@type\":\"ListItem\",\"position\":1,\"name\":\"\u0413\u043b\u0430\u0432\u043d\u0430\u044f \u0441\u0442\u0440\u0430\u043d\u0438\u0446\u0430\",\"item\":\"https:\/\/holyland.md\/ro\/\"},{\"@type\":\"ListItem\",\"position\":2,\"name\":\"Catalog produse HolyLand\",\"item\":\"https:\/\/holyland.md\/ro\/catalog\/\"},{\"@type\":\"ListItem\",\"position\":3,\"name\":\"BODY THERAPY FIRMING CREAM\"}]},{\"@type\":\"WebSite\",\"@id\":\"https:\/\/holyland.md\/ro\/#website\",\"url\":\"https:\/\/holyland.md\/ro\/\",\"name\":\"Holy Land Cosmetics\",\"description\":\"\",\"publisher\":{\"@id\":\"https:\/\/holyland.md\/ro\/#organization\"},\"potentialAction\":[{\"@type\":\"SearchAction\",\"target\":{\"@type\":\"EntryPoint\",\"urlTemplate\":\"https:\/\/holyland.md\/ro\/?s={search_term_string}\"},\"query-input\":\"required name=search_term_string\"}],\"inLanguage\":\"ro-RO\"},{\"@type\":\"Organization\",\"@id\":\"https:\/\/holyland.md\/ro\/#organization\",\"name\":\"Holy Land Cosmetics\",\"url\":\"https:\/\/holyland.md\/ro\/\",\"logo\":{\"@type\":\"ImageObject\",\"inLanguage\":\"ro-RO\",\"@id\":\"https:\/\/holyland.md\/ro\/#\/schema\/logo\/image\/\",\"url\":\"https:\/\/holyland.md\/wp-content\/uploads\/2020\/03\/hl-always-active.png\",\"contentUrl\":\"https:\/\/holyland.md\/wp-content\/uploads\/2020\/03\/hl-always-active.png\",\"width\":1437,\"height\":892,\"caption\":\"Holy Land Cosmetics\"},\"image\":{\"@id\":\"https:\/\/holyland.md\/ro\/#\/schema\/logo\/image\/\"}}]}<\/script>\n<!-- \/ Yoast SEO plugin. -->","yoast_head_json":{"title":"BODY THERAPY FIRMING CREAM | Holy Land Cosmetics","robots":{"index":"index","follow":"follow","max-snippet":"max-snippet:-1","max-image-preview":"max-image-preview:large","max-video-preview":"max-video-preview:-1"},"canonical":"https:\/\/holyland.md\/ro\/product\/body-therapy-firming-cream\/","og_locale":"ro_RO","og_type":"article","og_title":"BODY THERAPY FIRMING CREAM | Holy Land Cosmetics","og_description":"Volum: 330 ml","og_url":"https:\/\/holyland.md\/ro\/product\/body-therapy-firming-cream\/","og_site_name":"Holy Land Cosmetics","article_modified_time":"2026-03-24T11:11:51+00:00","og_image":[{"width":1000,"height":1000,"url":"https:\/\/holyland.md\/wp-content\/uploads\/2020\/04\/BODY-THERAPY-FIRMING-CREAM-BIG.jpg","type":"image\/jpeg"}],"twitter_card":"summary_large_image","twitter_misc":{"Timp estimat pentru citire":"2 minute"},"schema":{"@context":"https:\/\/schema.org","@graph":[{"@type":"WebPage","@id":"https:\/\/holyland.md\/ro\/product\/body-therapy-firming-cream\/","url":"https:\/\/holyland.md\/ro\/product\/body-therapy-firming-cream\/","name":"BODY THERAPY FIRMING CREAM | Holy Land Cosmetics","isPartOf":{"@id":"https:\/\/holyland.md\/ro\/#website"},"primaryImageOfPage":{"@id":"https:\/\/holyland.md\/ro\/product\/body-therapy-firming-cream\/#primaryimage"},"image":{"@id":"https:\/\/holyland.md\/ro\/product\/body-therapy-firming-cream\/#primaryimage"},"thumbnailUrl":"https:\/\/holyland.md\/wp-content\/uploads\/2020\/04\/BODY-THERAPY-FIRMING-CREAM-BIG.jpg","datePublished":"2020-04-27T15:37:49+00:00","dateModified":"2026-03-24T11:11:51+00:00","breadcrumb":{"@id":"https:\/\/holyland.md\/ro\/product\/body-therapy-firming-cream\/#breadcrumb"},"inLanguage":"ro-RO","potentialAction":[{"@type":"ReadAction","target":["https:\/\/holyland.md\/ro\/product\/body-therapy-firming-cream\/"]}]},{"@type":"ImageObject","inLanguage":"ro-RO","@id":"https:\/\/holyland.md\/ro\/product\/body-therapy-firming-cream\/#primaryimage","url":"https:\/\/holyland.md\/wp-content\/uploads\/2020\/04\/BODY-THERAPY-FIRMING-CREAM-BIG.jpg","contentUrl":"https:\/\/holyland.md\/wp-content\/uploads\/2020\/04\/BODY-THERAPY-FIRMING-CREAM-BIG.jpg","width":1000,"height":1000,"caption":"BODY-THERAPY-FIRMING-CREAM"},{"@type":"BreadcrumbList","@id":"https:\/\/holyland.md\/ro\/product\/body-therapy-firming-cream\/#breadcrumb","itemListElement":[{"@type":"ListItem","position":1,"name":"\u0413\u043b\u0430\u0432\u043d\u0430\u044f \u0441\u0442\u0440\u0430\u043d\u0438\u0446\u0430","item":"https:\/\/holyland.md\/ro\/"},{"@type":"ListItem","position":2,"name":"Catalog produse HolyLand","item":"https:\/\/holyland.md\/ro\/catalog\/"},{"@type":"ListItem","position":3,"name":"BODY THERAPY FIRMING CREAM"}]},{"@type":"WebSite","@id":"https:\/\/holyland.md\/ro\/#website","url":"https:\/\/holyland.md\/ro\/","name":"Holy Land Cosmetics","description":"","publisher":{"@id":"https:\/\/holyland.md\/ro\/#organization"},"potentialAction":[{"@type":"SearchAction","target":{"@type":"EntryPoint","urlTemplate":"https:\/\/holyland.md\/ro\/?s={search_term_string}"},"query-input":"required name=search_term_string"}],"inLanguage":"ro-RO"},{"@type":"Organization","@id":"https:\/\/holyland.md\/ro\/#organization","name":"Holy Land Cosmetics","url":"https:\/\/holyland.md\/ro\/","logo":{"@type":"ImageObject","inLanguage":"ro-RO","@id":"https:\/\/holyland.md\/ro\/#\/schema\/logo\/image\/","url":"https:\/\/holyland.md\/wp-content\/uploads\/2020\/03\/hl-always-active.png","contentUrl":"https:\/\/holyland.md\/wp-content\/uploads\/2020\/03\/hl-always-active.png","width":1437,"height":892,"caption":"Holy Land Cosmetics"},"image":{"@id":"https:\/\/holyland.md\/ro\/#\/schema\/logo\/image\/"}}]}},"_links":{"self":[{"href":"https:\/\/holyland.md\/ro\/wp-json\/wp\/v2\/product\/2104"}],"collection":[{"href":"https:\/\/holyland.md\/ro\/wp-json\/wp\/v2\/product"}],"about":[{"href":"https:\/\/holyland.md\/ro\/wp-json\/wp\/v2\/types\/product"}],"wp:featuredmedia":[{"embeddable":true,"href":"https:\/\/holyland.md\/ro\/wp-json\/wp\/v2\/media\/3811"}],"wp:attachment":[{"href":"https:\/\/holyland.md\/ro\/wp-json\/wp\/v2\/media?parent=2104"}],"wp:term":[{"taxonomy":"product_cat","embeddable":true,"href":"https:\/\/holyland.md\/ro\/wp-json\/wp\/v2\/product_cat?post=2104"},{"taxonomy":"product_tag","embeddable":true,"href":"https:\/\/holyland.md\/ro\/wp-json\/wp\/v2\/product_tag?post=2104"}],"curies":[{"name":"wp","href":"https:\/\/api.w.org\/{rel}","templated":true}]}}