{"id":2109,"date":"2020-04-27T18:05:07","date_gmt":"2020-04-27T15:05:07","guid":{"rendered":"https:\/\/holyland.md\/product\/body-therapy-renewal-peel\/"},"modified":"2026-03-24T14:13:42","modified_gmt":"2026-03-24T11:13:42","slug":"body-therapy-renewal-peel","status":"publish","type":"product","link":"https:\/\/holyland.md\/ro\/product\/body-therapy-renewal-peel\/","title":{"rendered":"BODY THERAPY RENEWAL PEEL"},"content":{"rendered":"<p>Un exfoliant unic, destinat rejuven\u0103rii pielii, gr\u0103be\u0219te re\u00eennoire de piele. Un peeling bazat pe acidul ellagic extras din rodie &#8211; un antioxidant natural ce neutralizeaz\u0103radicalii liberi \u0219i am\u00e2n\u0103 semnele ale \u00eemb\u0103tr\u0103nirii.<\/p>\n<p><strong>Principii active:<\/strong><\/p>\n<p>Acizi alfa- \u0219i beta-hidroxilici, acidul ellagic (produs din extract de rodie)<\/p>\n<p><strong>Beneficii:<\/strong><\/p>\n<ul>\n<li>Normalizeaz\u0103 producerea celulelor pielii<\/li>\n<li>Stimuleaz\u0103 procesul natural de re\u00eennoire a pielii<\/li>\n<li>\u00cencetine\u0219te procesul de \u00eemb\u0103tr\u00e2nire al pielii<\/li>\n<li>Previne \u00eemb\u0103tr\u00e2nire prematur\u0103 a pielii<\/li>\n<li>Scade daunele provocate de stresul oxidativ de dup\u0103 ac\u021biunea razelor UVA<\/li>\n<li>\u00cembun\u0103t\u0103\u021be\u0219te \u0219i \u00eent\u0103re\u0219te imunitatea pielii<\/li>\n<\/ul>\n<p><strong>Mod de utilizare:<\/strong><\/p>\n<p>Peeling al tratamentului Rejuvenation Body Therapy. Se aplic\u0103 40 ml pe o piele curat\u0103 prin mi\u0219c\u0103ri circulatorii. Se a\u0219teapt\u0103 10 minute \u0219i se cl\u0103te\u0219te cu ap\u0103 cald\u0103.<\/p>\n","protected":false},"excerpt":{"rendered":"<p>Volum: 500 ml<\/p>\n","protected":false},"featured_media":2110,"template":"","meta":[],"product_cat":[99,127,135],"product_tag":[],"class_list":{"0":"post-2109","1":"product","2":"type-product","3":"status-publish","4":"has-post-thumbnail","6":"product_cat-body-therapy-hl","7":"product_cat-pentru-corp","8":"product_cat-peelinguri","10":"first","11":"instock","12":"shipping-taxable","13":"purchasable","14":"product-type-simple"},"yoast_head":"<!-- This site is optimized with the Yoast SEO plugin v23.3 - https:\/\/yoast.com\/wordpress\/plugins\/seo\/ -->\n<title>BODY THERAPY RENEWAL PEEL | Holy Land Cosmetics<\/title>\n<meta name=\"robots\" content=\"index, follow, max-snippet:-1, max-image-preview:large, max-video-preview:-1\" \/>\n<link rel=\"canonical\" href=\"https:\/\/holyland.md\/ro\/product\/body-therapy-renewal-peel\/\" \/>\n<meta property=\"og:locale\" content=\"ro_RO\" \/>\n<meta property=\"og:type\" content=\"article\" \/>\n<meta property=\"og:title\" content=\"BODY THERAPY RENEWAL PEEL | Holy Land Cosmetics\" \/>\n<meta property=\"og:description\" content=\"Volum: 500 ml\" \/>\n<meta property=\"og:url\" content=\"https:\/\/holyland.md\/ro\/product\/body-therapy-renewal-peel\/\" \/>\n<meta property=\"og:site_name\" content=\"Holy Land Cosmetics\" \/>\n<meta property=\"article:modified_time\" content=\"2026-03-24T11:13:42+00:00\" \/>\n<meta property=\"og:image\" content=\"https:\/\/holyland.md\/wp-content\/uploads\/2020\/04\/body_therapy_renewal_peel.jpg\" \/>\n\t<meta property=\"og:image:width\" content=\"452\" \/>\n\t<meta property=\"og:image:height\" content=\"452\" \/>\n\t<meta property=\"og:image:type\" content=\"image\/jpeg\" \/>\n<meta name=\"twitter:card\" content=\"summary_large_image\" \/>\n<meta name=\"twitter:label1\" content=\"Timp estimat pentru citire\" \/>\n\t<meta name=\"twitter:data1\" content=\"1 minut\" \/>\n<script type=\"application\/ld+json\" class=\"yoast-schema-graph\">{\"@context\":\"https:\/\/schema.org\",\"@graph\":[{\"@type\":\"WebPage\",\"@id\":\"https:\/\/holyland.md\/ro\/product\/body-therapy-renewal-peel\/\",\"url\":\"https:\/\/holyland.md\/ro\/product\/body-therapy-renewal-peel\/\",\"name\":\"BODY THERAPY RENEWAL PEEL | Holy Land Cosmetics\",\"isPartOf\":{\"@id\":\"https:\/\/holyland.md\/ro\/#website\"},\"primaryImageOfPage\":{\"@id\":\"https:\/\/holyland.md\/ro\/product\/body-therapy-renewal-peel\/#primaryimage\"},\"image\":{\"@id\":\"https:\/\/holyland.md\/ro\/product\/body-therapy-renewal-peel\/#primaryimage\"},\"thumbnailUrl\":\"https:\/\/holyland.md\/wp-content\/uploads\/2020\/04\/body_therapy_renewal_peel.jpg\",\"datePublished\":\"2020-04-27T15:05:07+00:00\",\"dateModified\":\"2026-03-24T11:13:42+00:00\",\"breadcrumb\":{\"@id\":\"https:\/\/holyland.md\/ro\/product\/body-therapy-renewal-peel\/#breadcrumb\"},\"inLanguage\":\"ro-RO\",\"potentialAction\":[{\"@type\":\"ReadAction\",\"target\":[\"https:\/\/holyland.md\/ro\/product\/body-therapy-renewal-peel\/\"]}]},{\"@type\":\"ImageObject\",\"inLanguage\":\"ro-RO\",\"@id\":\"https:\/\/holyland.md\/ro\/product\/body-therapy-renewal-peel\/#primaryimage\",\"url\":\"https:\/\/holyland.md\/wp-content\/uploads\/2020\/04\/body_therapy_renewal_peel.jpg\",\"contentUrl\":\"https:\/\/holyland.md\/wp-content\/uploads\/2020\/04\/body_therapy_renewal_peel.jpg\",\"width\":452,\"height\":452},{\"@type\":\"BreadcrumbList\",\"@id\":\"https:\/\/holyland.md\/ro\/product\/body-therapy-renewal-peel\/#breadcrumb\",\"itemListElement\":[{\"@type\":\"ListItem\",\"position\":1,\"name\":\"\u0413\u043b\u0430\u0432\u043d\u0430\u044f \u0441\u0442\u0440\u0430\u043d\u0438\u0446\u0430\",\"item\":\"https:\/\/holyland.md\/ro\/\"},{\"@type\":\"ListItem\",\"position\":2,\"name\":\"Catalog produse HolyLand\",\"item\":\"https:\/\/holyland.md\/ro\/catalog\/\"},{\"@type\":\"ListItem\",\"position\":3,\"name\":\"BODY THERAPY RENEWAL PEEL\"}]},{\"@type\":\"WebSite\",\"@id\":\"https:\/\/holyland.md\/ro\/#website\",\"url\":\"https:\/\/holyland.md\/ro\/\",\"name\":\"Holy Land Cosmetics\",\"description\":\"\",\"publisher\":{\"@id\":\"https:\/\/holyland.md\/ro\/#organization\"},\"potentialAction\":[{\"@type\":\"SearchAction\",\"target\":{\"@type\":\"EntryPoint\",\"urlTemplate\":\"https:\/\/holyland.md\/ro\/?s={search_term_string}\"},\"query-input\":\"required name=search_term_string\"}],\"inLanguage\":\"ro-RO\"},{\"@type\":\"Organization\",\"@id\":\"https:\/\/holyland.md\/ro\/#organization\",\"name\":\"Holy Land Cosmetics\",\"url\":\"https:\/\/holyland.md\/ro\/\",\"logo\":{\"@type\":\"ImageObject\",\"inLanguage\":\"ro-RO\",\"@id\":\"https:\/\/holyland.md\/ro\/#\/schema\/logo\/image\/\",\"url\":\"https:\/\/holyland.md\/wp-content\/uploads\/2020\/03\/hl-always-active.png\",\"contentUrl\":\"https:\/\/holyland.md\/wp-content\/uploads\/2020\/03\/hl-always-active.png\",\"width\":1437,\"height\":892,\"caption\":\"Holy Land Cosmetics\"},\"image\":{\"@id\":\"https:\/\/holyland.md\/ro\/#\/schema\/logo\/image\/\"}}]}<\/script>\n<!-- \/ Yoast SEO plugin. -->","yoast_head_json":{"title":"BODY THERAPY RENEWAL PEEL | Holy Land Cosmetics","robots":{"index":"index","follow":"follow","max-snippet":"max-snippet:-1","max-image-preview":"max-image-preview:large","max-video-preview":"max-video-preview:-1"},"canonical":"https:\/\/holyland.md\/ro\/product\/body-therapy-renewal-peel\/","og_locale":"ro_RO","og_type":"article","og_title":"BODY THERAPY RENEWAL PEEL | Holy Land Cosmetics","og_description":"Volum: 500 ml","og_url":"https:\/\/holyland.md\/ro\/product\/body-therapy-renewal-peel\/","og_site_name":"Holy Land Cosmetics","article_modified_time":"2026-03-24T11:13:42+00:00","og_image":[{"width":452,"height":452,"url":"https:\/\/holyland.md\/wp-content\/uploads\/2020\/04\/body_therapy_renewal_peel.jpg","type":"image\/jpeg"}],"twitter_card":"summary_large_image","twitter_misc":{"Timp estimat pentru citire":"1 minut"},"schema":{"@context":"https:\/\/schema.org","@graph":[{"@type":"WebPage","@id":"https:\/\/holyland.md\/ro\/product\/body-therapy-renewal-peel\/","url":"https:\/\/holyland.md\/ro\/product\/body-therapy-renewal-peel\/","name":"BODY THERAPY RENEWAL PEEL | Holy Land Cosmetics","isPartOf":{"@id":"https:\/\/holyland.md\/ro\/#website"},"primaryImageOfPage":{"@id":"https:\/\/holyland.md\/ro\/product\/body-therapy-renewal-peel\/#primaryimage"},"image":{"@id":"https:\/\/holyland.md\/ro\/product\/body-therapy-renewal-peel\/#primaryimage"},"thumbnailUrl":"https:\/\/holyland.md\/wp-content\/uploads\/2020\/04\/body_therapy_renewal_peel.jpg","datePublished":"2020-04-27T15:05:07+00:00","dateModified":"2026-03-24T11:13:42+00:00","breadcrumb":{"@id":"https:\/\/holyland.md\/ro\/product\/body-therapy-renewal-peel\/#breadcrumb"},"inLanguage":"ro-RO","potentialAction":[{"@type":"ReadAction","target":["https:\/\/holyland.md\/ro\/product\/body-therapy-renewal-peel\/"]}]},{"@type":"ImageObject","inLanguage":"ro-RO","@id":"https:\/\/holyland.md\/ro\/product\/body-therapy-renewal-peel\/#primaryimage","url":"https:\/\/holyland.md\/wp-content\/uploads\/2020\/04\/body_therapy_renewal_peel.jpg","contentUrl":"https:\/\/holyland.md\/wp-content\/uploads\/2020\/04\/body_therapy_renewal_peel.jpg","width":452,"height":452},{"@type":"BreadcrumbList","@id":"https:\/\/holyland.md\/ro\/product\/body-therapy-renewal-peel\/#breadcrumb","itemListElement":[{"@type":"ListItem","position":1,"name":"\u0413\u043b\u0430\u0432\u043d\u0430\u044f \u0441\u0442\u0440\u0430\u043d\u0438\u0446\u0430","item":"https:\/\/holyland.md\/ro\/"},{"@type":"ListItem","position":2,"name":"Catalog produse HolyLand","item":"https:\/\/holyland.md\/ro\/catalog\/"},{"@type":"ListItem","position":3,"name":"BODY THERAPY RENEWAL PEEL"}]},{"@type":"WebSite","@id":"https:\/\/holyland.md\/ro\/#website","url":"https:\/\/holyland.md\/ro\/","name":"Holy Land Cosmetics","description":"","publisher":{"@id":"https:\/\/holyland.md\/ro\/#organization"},"potentialAction":[{"@type":"SearchAction","target":{"@type":"EntryPoint","urlTemplate":"https:\/\/holyland.md\/ro\/?s={search_term_string}"},"query-input":"required name=search_term_string"}],"inLanguage":"ro-RO"},{"@type":"Organization","@id":"https:\/\/holyland.md\/ro\/#organization","name":"Holy Land Cosmetics","url":"https:\/\/holyland.md\/ro\/","logo":{"@type":"ImageObject","inLanguage":"ro-RO","@id":"https:\/\/holyland.md\/ro\/#\/schema\/logo\/image\/","url":"https:\/\/holyland.md\/wp-content\/uploads\/2020\/03\/hl-always-active.png","contentUrl":"https:\/\/holyland.md\/wp-content\/uploads\/2020\/03\/hl-always-active.png","width":1437,"height":892,"caption":"Holy Land Cosmetics"},"image":{"@id":"https:\/\/holyland.md\/ro\/#\/schema\/logo\/image\/"}}]}},"_links":{"self":[{"href":"https:\/\/holyland.md\/ro\/wp-json\/wp\/v2\/product\/2109"}],"collection":[{"href":"https:\/\/holyland.md\/ro\/wp-json\/wp\/v2\/product"}],"about":[{"href":"https:\/\/holyland.md\/ro\/wp-json\/wp\/v2\/types\/product"}],"wp:featuredmedia":[{"embeddable":true,"href":"https:\/\/holyland.md\/ro\/wp-json\/wp\/v2\/media\/2110"}],"wp:attachment":[{"href":"https:\/\/holyland.md\/ro\/wp-json\/wp\/v2\/media?parent=2109"}],"wp:term":[{"taxonomy":"product_cat","embeddable":true,"href":"https:\/\/holyland.md\/ro\/wp-json\/wp\/v2\/product_cat?post=2109"},{"taxonomy":"product_tag","embeddable":true,"href":"https:\/\/holyland.md\/ro\/wp-json\/wp\/v2\/product_tag?post=2109"}],"curies":[{"name":"wp","href":"https:\/\/api.w.org\/{rel}","templated":true}]}}