{"id":2111,"date":"2020-04-27T18:07:54","date_gmt":"2020-04-27T15:07:54","guid":{"rendered":"https:\/\/holyland.md\/product\/body-therapy-renewal-gel-mask\/"},"modified":"2026-03-24T14:13:33","modified_gmt":"2026-03-24T11:13:33","slug":"body-therapy-renewal-gel-mask","status":"publish","type":"product","link":"https:\/\/holyland.md\/ro\/product\/body-therapy-renewal-gel-mask\/","title":{"rendered":"BODY THERAPY RENEWAL GEL MASK"},"content":{"rendered":"<p>Con\u021bine extract de rodie \u0219i spirulina pentru re\u00eennoire a pielii corpului, pentru a cre\u0219te nivelul de hidratare \u0219i a promova senza\u021bie de prospe\u021bime.<\/p>\n<p><strong>Principii active<\/strong><strong>:<\/strong><\/p>\n<p>Extract de rodie, extract de spirulina, extract de broccoli, mu\u0219e\u021bel.<\/p>\n<p><strong>Beneficii:<\/strong><\/p>\n<ul>\n<li>\u00cencetine\u0219te procesul de \u00eemb\u0103tr\u00e2nire<\/li>\n<li>Neteze\u0219te \u0219i spore\u0219te nivelul de hidratare<\/li>\n<\/ul>\n<p><strong>Mod de utilizare: <\/strong><\/p>\n<p>Etapa de masc\u0103 \u00een Rejuvenation Body Therapy. Se aplic\u0103 60 ml \u0219i se continu\u0103 masaj p\u00e2n\u0103 la absorb\u021bie complet\u0103, vre-o 10 minute.<\/p>\n","protected":false},"excerpt":{"rendered":"<p>Volum: 500 ml<\/p>\n","protected":false},"featured_media":3829,"template":"","meta":[],"product_cat":[99,127,132],"product_tag":[],"class_list":{"0":"post-2111","1":"product","2":"type-product","3":"status-publish","4":"has-post-thumbnail","6":"product_cat-body-therapy-hl","7":"product_cat-pentru-corp","8":"product_cat-masti","10":"first","11":"instock","12":"shipping-taxable","13":"purchasable","14":"product-type-simple"},"yoast_head":"<!-- This site is optimized with the Yoast SEO plugin v23.3 - https:\/\/yoast.com\/wordpress\/plugins\/seo\/ -->\n<title>BODY THERAPY RENEWAL GEL MASK | Holy Land Cosmetics<\/title>\n<meta name=\"robots\" content=\"index, follow, max-snippet:-1, max-image-preview:large, max-video-preview:-1\" \/>\n<link rel=\"canonical\" href=\"https:\/\/holyland.md\/ro\/product\/body-therapy-renewal-gel-mask\/\" \/>\n<meta property=\"og:locale\" content=\"ro_RO\" \/>\n<meta property=\"og:type\" content=\"article\" \/>\n<meta property=\"og:title\" content=\"BODY THERAPY RENEWAL GEL MASK | Holy Land Cosmetics\" \/>\n<meta property=\"og:description\" content=\"Volum: 500 ml\" \/>\n<meta property=\"og:url\" content=\"https:\/\/holyland.md\/ro\/product\/body-therapy-renewal-gel-mask\/\" \/>\n<meta property=\"og:site_name\" content=\"Holy Land Cosmetics\" \/>\n<meta property=\"article:modified_time\" content=\"2026-03-24T11:13:33+00:00\" \/>\n<meta property=\"og:image\" content=\"https:\/\/holyland.md\/wp-content\/uploads\/2020\/04\/BODY-THERAPY-RENEWAL-GEL-MASK.jpg\" \/>\n\t<meta property=\"og:image:width\" content=\"1000\" \/>\n\t<meta property=\"og:image:height\" content=\"1000\" \/>\n\t<meta property=\"og:image:type\" content=\"image\/jpeg\" \/>\n<meta name=\"twitter:card\" content=\"summary_large_image\" \/>\n<meta name=\"twitter:label1\" content=\"Timp estimat pentru citire\" \/>\n\t<meta name=\"twitter:data1\" content=\"1 minut\" \/>\n<script type=\"application\/ld+json\" class=\"yoast-schema-graph\">{\"@context\":\"https:\/\/schema.org\",\"@graph\":[{\"@type\":\"WebPage\",\"@id\":\"https:\/\/holyland.md\/ro\/product\/body-therapy-renewal-gel-mask\/\",\"url\":\"https:\/\/holyland.md\/ro\/product\/body-therapy-renewal-gel-mask\/\",\"name\":\"BODY THERAPY RENEWAL GEL MASK | Holy Land Cosmetics\",\"isPartOf\":{\"@id\":\"https:\/\/holyland.md\/ro\/#website\"},\"primaryImageOfPage\":{\"@id\":\"https:\/\/holyland.md\/ro\/product\/body-therapy-renewal-gel-mask\/#primaryimage\"},\"image\":{\"@id\":\"https:\/\/holyland.md\/ro\/product\/body-therapy-renewal-gel-mask\/#primaryimage\"},\"thumbnailUrl\":\"https:\/\/holyland.md\/wp-content\/uploads\/2020\/04\/BODY-THERAPY-RENEWAL-GEL-MASK.jpg\",\"datePublished\":\"2020-04-27T15:07:54+00:00\",\"dateModified\":\"2026-03-24T11:13:33+00:00\",\"breadcrumb\":{\"@id\":\"https:\/\/holyland.md\/ro\/product\/body-therapy-renewal-gel-mask\/#breadcrumb\"},\"inLanguage\":\"ro-RO\",\"potentialAction\":[{\"@type\":\"ReadAction\",\"target\":[\"https:\/\/holyland.md\/ro\/product\/body-therapy-renewal-gel-mask\/\"]}]},{\"@type\":\"ImageObject\",\"inLanguage\":\"ro-RO\",\"@id\":\"https:\/\/holyland.md\/ro\/product\/body-therapy-renewal-gel-mask\/#primaryimage\",\"url\":\"https:\/\/holyland.md\/wp-content\/uploads\/2020\/04\/BODY-THERAPY-RENEWAL-GEL-MASK.jpg\",\"contentUrl\":\"https:\/\/holyland.md\/wp-content\/uploads\/2020\/04\/BODY-THERAPY-RENEWAL-GEL-MASK.jpg\",\"width\":1000,\"height\":1000,\"caption\":\"BODY-THERAPY-RENEWAL-GEL-MASK\"},{\"@type\":\"BreadcrumbList\",\"@id\":\"https:\/\/holyland.md\/ro\/product\/body-therapy-renewal-gel-mask\/#breadcrumb\",\"itemListElement\":[{\"@type\":\"ListItem\",\"position\":1,\"name\":\"\u0413\u043b\u0430\u0432\u043d\u0430\u044f \u0441\u0442\u0440\u0430\u043d\u0438\u0446\u0430\",\"item\":\"https:\/\/holyland.md\/ro\/\"},{\"@type\":\"ListItem\",\"position\":2,\"name\":\"Catalog produse HolyLand\",\"item\":\"https:\/\/holyland.md\/ro\/catalog\/\"},{\"@type\":\"ListItem\",\"position\":3,\"name\":\"BODY THERAPY RENEWAL GEL MASK\"}]},{\"@type\":\"WebSite\",\"@id\":\"https:\/\/holyland.md\/ro\/#website\",\"url\":\"https:\/\/holyland.md\/ro\/\",\"name\":\"Holy Land Cosmetics\",\"description\":\"\",\"publisher\":{\"@id\":\"https:\/\/holyland.md\/ro\/#organization\"},\"potentialAction\":[{\"@type\":\"SearchAction\",\"target\":{\"@type\":\"EntryPoint\",\"urlTemplate\":\"https:\/\/holyland.md\/ro\/?s={search_term_string}\"},\"query-input\":\"required name=search_term_string\"}],\"inLanguage\":\"ro-RO\"},{\"@type\":\"Organization\",\"@id\":\"https:\/\/holyland.md\/ro\/#organization\",\"name\":\"Holy Land Cosmetics\",\"url\":\"https:\/\/holyland.md\/ro\/\",\"logo\":{\"@type\":\"ImageObject\",\"inLanguage\":\"ro-RO\",\"@id\":\"https:\/\/holyland.md\/ro\/#\/schema\/logo\/image\/\",\"url\":\"https:\/\/holyland.md\/wp-content\/uploads\/2020\/03\/hl-always-active.png\",\"contentUrl\":\"https:\/\/holyland.md\/wp-content\/uploads\/2020\/03\/hl-always-active.png\",\"width\":1437,\"height\":892,\"caption\":\"Holy Land Cosmetics\"},\"image\":{\"@id\":\"https:\/\/holyland.md\/ro\/#\/schema\/logo\/image\/\"}}]}<\/script>\n<!-- \/ Yoast SEO plugin. -->","yoast_head_json":{"title":"BODY THERAPY RENEWAL GEL MASK | Holy Land Cosmetics","robots":{"index":"index","follow":"follow","max-snippet":"max-snippet:-1","max-image-preview":"max-image-preview:large","max-video-preview":"max-video-preview:-1"},"canonical":"https:\/\/holyland.md\/ro\/product\/body-therapy-renewal-gel-mask\/","og_locale":"ro_RO","og_type":"article","og_title":"BODY THERAPY RENEWAL GEL MASK | Holy Land Cosmetics","og_description":"Volum: 500 ml","og_url":"https:\/\/holyland.md\/ro\/product\/body-therapy-renewal-gel-mask\/","og_site_name":"Holy Land Cosmetics","article_modified_time":"2026-03-24T11:13:33+00:00","og_image":[{"width":1000,"height":1000,"url":"https:\/\/holyland.md\/wp-content\/uploads\/2020\/04\/BODY-THERAPY-RENEWAL-GEL-MASK.jpg","type":"image\/jpeg"}],"twitter_card":"summary_large_image","twitter_misc":{"Timp estimat pentru citire":"1 minut"},"schema":{"@context":"https:\/\/schema.org","@graph":[{"@type":"WebPage","@id":"https:\/\/holyland.md\/ro\/product\/body-therapy-renewal-gel-mask\/","url":"https:\/\/holyland.md\/ro\/product\/body-therapy-renewal-gel-mask\/","name":"BODY THERAPY RENEWAL GEL MASK | Holy Land Cosmetics","isPartOf":{"@id":"https:\/\/holyland.md\/ro\/#website"},"primaryImageOfPage":{"@id":"https:\/\/holyland.md\/ro\/product\/body-therapy-renewal-gel-mask\/#primaryimage"},"image":{"@id":"https:\/\/holyland.md\/ro\/product\/body-therapy-renewal-gel-mask\/#primaryimage"},"thumbnailUrl":"https:\/\/holyland.md\/wp-content\/uploads\/2020\/04\/BODY-THERAPY-RENEWAL-GEL-MASK.jpg","datePublished":"2020-04-27T15:07:54+00:00","dateModified":"2026-03-24T11:13:33+00:00","breadcrumb":{"@id":"https:\/\/holyland.md\/ro\/product\/body-therapy-renewal-gel-mask\/#breadcrumb"},"inLanguage":"ro-RO","potentialAction":[{"@type":"ReadAction","target":["https:\/\/holyland.md\/ro\/product\/body-therapy-renewal-gel-mask\/"]}]},{"@type":"ImageObject","inLanguage":"ro-RO","@id":"https:\/\/holyland.md\/ro\/product\/body-therapy-renewal-gel-mask\/#primaryimage","url":"https:\/\/holyland.md\/wp-content\/uploads\/2020\/04\/BODY-THERAPY-RENEWAL-GEL-MASK.jpg","contentUrl":"https:\/\/holyland.md\/wp-content\/uploads\/2020\/04\/BODY-THERAPY-RENEWAL-GEL-MASK.jpg","width":1000,"height":1000,"caption":"BODY-THERAPY-RENEWAL-GEL-MASK"},{"@type":"BreadcrumbList","@id":"https:\/\/holyland.md\/ro\/product\/body-therapy-renewal-gel-mask\/#breadcrumb","itemListElement":[{"@type":"ListItem","position":1,"name":"\u0413\u043b\u0430\u0432\u043d\u0430\u044f \u0441\u0442\u0440\u0430\u043d\u0438\u0446\u0430","item":"https:\/\/holyland.md\/ro\/"},{"@type":"ListItem","position":2,"name":"Catalog produse HolyLand","item":"https:\/\/holyland.md\/ro\/catalog\/"},{"@type":"ListItem","position":3,"name":"BODY THERAPY RENEWAL GEL MASK"}]},{"@type":"WebSite","@id":"https:\/\/holyland.md\/ro\/#website","url":"https:\/\/holyland.md\/ro\/","name":"Holy Land Cosmetics","description":"","publisher":{"@id":"https:\/\/holyland.md\/ro\/#organization"},"potentialAction":[{"@type":"SearchAction","target":{"@type":"EntryPoint","urlTemplate":"https:\/\/holyland.md\/ro\/?s={search_term_string}"},"query-input":"required name=search_term_string"}],"inLanguage":"ro-RO"},{"@type":"Organization","@id":"https:\/\/holyland.md\/ro\/#organization","name":"Holy Land Cosmetics","url":"https:\/\/holyland.md\/ro\/","logo":{"@type":"ImageObject","inLanguage":"ro-RO","@id":"https:\/\/holyland.md\/ro\/#\/schema\/logo\/image\/","url":"https:\/\/holyland.md\/wp-content\/uploads\/2020\/03\/hl-always-active.png","contentUrl":"https:\/\/holyland.md\/wp-content\/uploads\/2020\/03\/hl-always-active.png","width":1437,"height":892,"caption":"Holy Land Cosmetics"},"image":{"@id":"https:\/\/holyland.md\/ro\/#\/schema\/logo\/image\/"}}]}},"_links":{"self":[{"href":"https:\/\/holyland.md\/ro\/wp-json\/wp\/v2\/product\/2111"}],"collection":[{"href":"https:\/\/holyland.md\/ro\/wp-json\/wp\/v2\/product"}],"about":[{"href":"https:\/\/holyland.md\/ro\/wp-json\/wp\/v2\/types\/product"}],"wp:featuredmedia":[{"embeddable":true,"href":"https:\/\/holyland.md\/ro\/wp-json\/wp\/v2\/media\/3829"}],"wp:attachment":[{"href":"https:\/\/holyland.md\/ro\/wp-json\/wp\/v2\/media?parent=2111"}],"wp:term":[{"taxonomy":"product_cat","embeddable":true,"href":"https:\/\/holyland.md\/ro\/wp-json\/wp\/v2\/product_cat?post=2111"},{"taxonomy":"product_tag","embeddable":true,"href":"https:\/\/holyland.md\/ro\/wp-json\/wp\/v2\/product_tag?post=2111"}],"curies":[{"name":"wp","href":"https:\/\/api.w.org\/{rel}","templated":true}]}}