{"id":2113,"date":"2020-04-27T18:10:50","date_gmt":"2020-04-27T15:10:50","guid":{"rendered":"https:\/\/holyland.md\/product\/body-therapy-renewal-cream\/"},"modified":"2026-03-24T14:13:22","modified_gmt":"2026-03-24T11:13:22","slug":"body-therapy-renewal-cream","status":"publish","type":"product","link":"https:\/\/holyland.md\/ro\/product\/body-therapy-renewal-cream\/","title":{"rendered":"BODY THERAPY RENEWAL CREAM"},"content":{"rendered":"<p>O crem\u0103 unic\u0103 pe baz\u0103 de extract de rodie \u0219i vitamina E, ce func\u021bioneaz\u0103 ca antioxidan\u021bi puternici, cresc nivelul de hidratare \u0219i \u00eembun\u0103t\u0103\u021besc flexibilitatea pielii.<\/p>\n<p><strong>Principii active:<\/strong><\/p>\n<p>extract de rodie, vitamina E, extracte unice de fructe.<\/p>\n<p><strong>Beneficii:<\/strong><\/p>\n<ul>\n<li>Cre\u0219te nivelul de hidratare<\/li>\n<li>Stimuleaz\u0103 procesul natural de re\u00eennoire a pielii<\/li>\n<li>Porne\u0219te sinteza a colagenului<\/li>\n<li>\u00cencetine\u0219te procesul de \u00eemb\u0103tr\u00e2nire a pielii<\/li>\n<li>Previne \u00eemb\u0103tr\u00e2nire prematur\u0103 a pielii<\/li>\n<li>Rejuveneaz\u0103 \u0219i neteze\u0219te pielea stresat\u0103<\/li>\n<li>Scade daunele provocate de stresul oxidativ de dup\u0103 ac\u021biunea razelor UVA<\/li>\n<li>\u00cembun\u0103t\u0103\u021be\u0219te \u0219i \u00eent\u0103re\u0219te imunitatea pielii<\/li>\n<\/ul>\n<p><strong>Mod de utilizare:<\/strong><\/p>\n<p>Pasul final al tratamentului Rejuvenation Body Therapy. Se aplic\u0103 10 ml pe o por\u021biune-\u021bint\u0103 de piele \u0219i se maseaz\u0103 p\u00e2n\u0103 la absorb\u021bie complet\u0103. Se recomand\u0103 \u00een func\u021bie de produs hidratant de fiecare zi.<\/p>\n","protected":false},"excerpt":{"rendered":"<p>Volum: 330 ml<\/p>\n","protected":false},"featured_media":3820,"template":"","meta":[],"product_cat":[99,127,130],"product_tag":[],"class_list":{"0":"post-2113","1":"product","2":"type-product","3":"status-publish","4":"has-post-thumbnail","6":"product_cat-body-therapy-hl","7":"product_cat-pentru-corp","8":"product_cat-creme","10":"first","11":"outofstock","12":"shipping-taxable","13":"purchasable","14":"product-type-simple"},"yoast_head":"<!-- This site is optimized with the Yoast SEO plugin v23.3 - https:\/\/yoast.com\/wordpress\/plugins\/seo\/ -->\n<title>BODY THERAPY RENEWAL CREAM | Holy Land Cosmetics<\/title>\n<meta name=\"robots\" content=\"index, follow, max-snippet:-1, max-image-preview:large, max-video-preview:-1\" \/>\n<link rel=\"canonical\" href=\"https:\/\/holyland.md\/ro\/product\/body-therapy-renewal-cream\/\" \/>\n<meta property=\"og:locale\" content=\"ro_RO\" \/>\n<meta property=\"og:type\" content=\"article\" \/>\n<meta property=\"og:title\" content=\"BODY THERAPY RENEWAL CREAM | Holy Land Cosmetics\" \/>\n<meta property=\"og:description\" content=\"Volum: 330 ml\" \/>\n<meta property=\"og:url\" content=\"https:\/\/holyland.md\/ro\/product\/body-therapy-renewal-cream\/\" \/>\n<meta property=\"og:site_name\" content=\"Holy Land Cosmetics\" \/>\n<meta property=\"article:modified_time\" content=\"2026-03-24T11:13:22+00:00\" \/>\n<meta property=\"og:image\" content=\"https:\/\/holyland.md\/wp-content\/uploads\/2020\/04\/BODY-THERAPY-RENEWAL-CREAM.jpg\" \/>\n\t<meta property=\"og:image:width\" content=\"1000\" \/>\n\t<meta property=\"og:image:height\" content=\"1000\" \/>\n\t<meta property=\"og:image:type\" content=\"image\/jpeg\" \/>\n<meta name=\"twitter:card\" content=\"summary_large_image\" \/>\n<meta name=\"twitter:label1\" content=\"Timp estimat pentru citire\" \/>\n\t<meta name=\"twitter:data1\" content=\"1 minut\" \/>\n<script type=\"application\/ld+json\" class=\"yoast-schema-graph\">{\"@context\":\"https:\/\/schema.org\",\"@graph\":[{\"@type\":\"WebPage\",\"@id\":\"https:\/\/holyland.md\/ro\/product\/body-therapy-renewal-cream\/\",\"url\":\"https:\/\/holyland.md\/ro\/product\/body-therapy-renewal-cream\/\",\"name\":\"BODY THERAPY RENEWAL CREAM | Holy Land Cosmetics\",\"isPartOf\":{\"@id\":\"https:\/\/holyland.md\/ro\/#website\"},\"primaryImageOfPage\":{\"@id\":\"https:\/\/holyland.md\/ro\/product\/body-therapy-renewal-cream\/#primaryimage\"},\"image\":{\"@id\":\"https:\/\/holyland.md\/ro\/product\/body-therapy-renewal-cream\/#primaryimage\"},\"thumbnailUrl\":\"https:\/\/holyland.md\/wp-content\/uploads\/2020\/04\/BODY-THERAPY-RENEWAL-CREAM.jpg\",\"datePublished\":\"2020-04-27T15:10:50+00:00\",\"dateModified\":\"2026-03-24T11:13:22+00:00\",\"breadcrumb\":{\"@id\":\"https:\/\/holyland.md\/ro\/product\/body-therapy-renewal-cream\/#breadcrumb\"},\"inLanguage\":\"ro-RO\",\"potentialAction\":[{\"@type\":\"ReadAction\",\"target\":[\"https:\/\/holyland.md\/ro\/product\/body-therapy-renewal-cream\/\"]}]},{\"@type\":\"ImageObject\",\"inLanguage\":\"ro-RO\",\"@id\":\"https:\/\/holyland.md\/ro\/product\/body-therapy-renewal-cream\/#primaryimage\",\"url\":\"https:\/\/holyland.md\/wp-content\/uploads\/2020\/04\/BODY-THERAPY-RENEWAL-CREAM.jpg\",\"contentUrl\":\"https:\/\/holyland.md\/wp-content\/uploads\/2020\/04\/BODY-THERAPY-RENEWAL-CREAM.jpg\",\"width\":1000,\"height\":1000,\"caption\":\"BODY-THERAPY-RENEWAL-CREAM\"},{\"@type\":\"BreadcrumbList\",\"@id\":\"https:\/\/holyland.md\/ro\/product\/body-therapy-renewal-cream\/#breadcrumb\",\"itemListElement\":[{\"@type\":\"ListItem\",\"position\":1,\"name\":\"\u0413\u043b\u0430\u0432\u043d\u0430\u044f \u0441\u0442\u0440\u0430\u043d\u0438\u0446\u0430\",\"item\":\"https:\/\/holyland.md\/ro\/\"},{\"@type\":\"ListItem\",\"position\":2,\"name\":\"Catalog produse HolyLand\",\"item\":\"https:\/\/holyland.md\/ro\/catalog\/\"},{\"@type\":\"ListItem\",\"position\":3,\"name\":\"BODY THERAPY RENEWAL CREAM\"}]},{\"@type\":\"WebSite\",\"@id\":\"https:\/\/holyland.md\/ro\/#website\",\"url\":\"https:\/\/holyland.md\/ro\/\",\"name\":\"Holy Land Cosmetics\",\"description\":\"\",\"publisher\":{\"@id\":\"https:\/\/holyland.md\/ro\/#organization\"},\"potentialAction\":[{\"@type\":\"SearchAction\",\"target\":{\"@type\":\"EntryPoint\",\"urlTemplate\":\"https:\/\/holyland.md\/ro\/?s={search_term_string}\"},\"query-input\":\"required name=search_term_string\"}],\"inLanguage\":\"ro-RO\"},{\"@type\":\"Organization\",\"@id\":\"https:\/\/holyland.md\/ro\/#organization\",\"name\":\"Holy Land Cosmetics\",\"url\":\"https:\/\/holyland.md\/ro\/\",\"logo\":{\"@type\":\"ImageObject\",\"inLanguage\":\"ro-RO\",\"@id\":\"https:\/\/holyland.md\/ro\/#\/schema\/logo\/image\/\",\"url\":\"https:\/\/holyland.md\/wp-content\/uploads\/2020\/03\/hl-always-active.png\",\"contentUrl\":\"https:\/\/holyland.md\/wp-content\/uploads\/2020\/03\/hl-always-active.png\",\"width\":1437,\"height\":892,\"caption\":\"Holy Land Cosmetics\"},\"image\":{\"@id\":\"https:\/\/holyland.md\/ro\/#\/schema\/logo\/image\/\"}}]}<\/script>\n<!-- \/ Yoast SEO plugin. -->","yoast_head_json":{"title":"BODY THERAPY RENEWAL CREAM | Holy Land Cosmetics","robots":{"index":"index","follow":"follow","max-snippet":"max-snippet:-1","max-image-preview":"max-image-preview:large","max-video-preview":"max-video-preview:-1"},"canonical":"https:\/\/holyland.md\/ro\/product\/body-therapy-renewal-cream\/","og_locale":"ro_RO","og_type":"article","og_title":"BODY THERAPY RENEWAL CREAM | Holy Land Cosmetics","og_description":"Volum: 330 ml","og_url":"https:\/\/holyland.md\/ro\/product\/body-therapy-renewal-cream\/","og_site_name":"Holy Land Cosmetics","article_modified_time":"2026-03-24T11:13:22+00:00","og_image":[{"width":1000,"height":1000,"url":"https:\/\/holyland.md\/wp-content\/uploads\/2020\/04\/BODY-THERAPY-RENEWAL-CREAM.jpg","type":"image\/jpeg"}],"twitter_card":"summary_large_image","twitter_misc":{"Timp estimat pentru citire":"1 minut"},"schema":{"@context":"https:\/\/schema.org","@graph":[{"@type":"WebPage","@id":"https:\/\/holyland.md\/ro\/product\/body-therapy-renewal-cream\/","url":"https:\/\/holyland.md\/ro\/product\/body-therapy-renewal-cream\/","name":"BODY THERAPY RENEWAL CREAM | Holy Land Cosmetics","isPartOf":{"@id":"https:\/\/holyland.md\/ro\/#website"},"primaryImageOfPage":{"@id":"https:\/\/holyland.md\/ro\/product\/body-therapy-renewal-cream\/#primaryimage"},"image":{"@id":"https:\/\/holyland.md\/ro\/product\/body-therapy-renewal-cream\/#primaryimage"},"thumbnailUrl":"https:\/\/holyland.md\/wp-content\/uploads\/2020\/04\/BODY-THERAPY-RENEWAL-CREAM.jpg","datePublished":"2020-04-27T15:10:50+00:00","dateModified":"2026-03-24T11:13:22+00:00","breadcrumb":{"@id":"https:\/\/holyland.md\/ro\/product\/body-therapy-renewal-cream\/#breadcrumb"},"inLanguage":"ro-RO","potentialAction":[{"@type":"ReadAction","target":["https:\/\/holyland.md\/ro\/product\/body-therapy-renewal-cream\/"]}]},{"@type":"ImageObject","inLanguage":"ro-RO","@id":"https:\/\/holyland.md\/ro\/product\/body-therapy-renewal-cream\/#primaryimage","url":"https:\/\/holyland.md\/wp-content\/uploads\/2020\/04\/BODY-THERAPY-RENEWAL-CREAM.jpg","contentUrl":"https:\/\/holyland.md\/wp-content\/uploads\/2020\/04\/BODY-THERAPY-RENEWAL-CREAM.jpg","width":1000,"height":1000,"caption":"BODY-THERAPY-RENEWAL-CREAM"},{"@type":"BreadcrumbList","@id":"https:\/\/holyland.md\/ro\/product\/body-therapy-renewal-cream\/#breadcrumb","itemListElement":[{"@type":"ListItem","position":1,"name":"\u0413\u043b\u0430\u0432\u043d\u0430\u044f \u0441\u0442\u0440\u0430\u043d\u0438\u0446\u0430","item":"https:\/\/holyland.md\/ro\/"},{"@type":"ListItem","position":2,"name":"Catalog produse HolyLand","item":"https:\/\/holyland.md\/ro\/catalog\/"},{"@type":"ListItem","position":3,"name":"BODY THERAPY RENEWAL CREAM"}]},{"@type":"WebSite","@id":"https:\/\/holyland.md\/ro\/#website","url":"https:\/\/holyland.md\/ro\/","name":"Holy Land Cosmetics","description":"","publisher":{"@id":"https:\/\/holyland.md\/ro\/#organization"},"potentialAction":[{"@type":"SearchAction","target":{"@type":"EntryPoint","urlTemplate":"https:\/\/holyland.md\/ro\/?s={search_term_string}"},"query-input":"required name=search_term_string"}],"inLanguage":"ro-RO"},{"@type":"Organization","@id":"https:\/\/holyland.md\/ro\/#organization","name":"Holy Land Cosmetics","url":"https:\/\/holyland.md\/ro\/","logo":{"@type":"ImageObject","inLanguage":"ro-RO","@id":"https:\/\/holyland.md\/ro\/#\/schema\/logo\/image\/","url":"https:\/\/holyland.md\/wp-content\/uploads\/2020\/03\/hl-always-active.png","contentUrl":"https:\/\/holyland.md\/wp-content\/uploads\/2020\/03\/hl-always-active.png","width":1437,"height":892,"caption":"Holy Land Cosmetics"},"image":{"@id":"https:\/\/holyland.md\/ro\/#\/schema\/logo\/image\/"}}]}},"_links":{"self":[{"href":"https:\/\/holyland.md\/ro\/wp-json\/wp\/v2\/product\/2113"}],"collection":[{"href":"https:\/\/holyland.md\/ro\/wp-json\/wp\/v2\/product"}],"about":[{"href":"https:\/\/holyland.md\/ro\/wp-json\/wp\/v2\/types\/product"}],"wp:featuredmedia":[{"embeddable":true,"href":"https:\/\/holyland.md\/ro\/wp-json\/wp\/v2\/media\/3820"}],"wp:attachment":[{"href":"https:\/\/holyland.md\/ro\/wp-json\/wp\/v2\/media?parent=2113"}],"wp:term":[{"taxonomy":"product_cat","embeddable":true,"href":"https:\/\/holyland.md\/ro\/wp-json\/wp\/v2\/product_cat?post=2113"},{"taxonomy":"product_tag","embeddable":true,"href":"https:\/\/holyland.md\/ro\/wp-json\/wp\/v2\/product_tag?post=2113"}],"curies":[{"name":"wp","href":"https:\/\/api.w.org\/{rel}","templated":true}]}}