{"id":2117,"date":"2020-04-27T19:27:06","date_gmt":"2020-04-27T16:27:06","guid":{"rendered":"https:\/\/holyland.md\/product\/multivitamin-kit\/"},"modified":"2026-03-24T14:10:01","modified_gmt":"2026-03-24T11:10:01","slug":"multivitamin-kit","status":"publish","type":"product","link":"https:\/\/holyland.md\/ro\/product\/multivitamin-kit\/","title":{"rendered":"MULTI VITAMIN KIT"},"content":{"rendered":"<p>Un set de preparate revitalizante \u0219i hidratante profund pe baz\u0103 de 7 vitamine. Este alc\u0103tuit dintr-un gel de cur\u0103\u021bare delicat, ser activ \u0219i o crem\u0103 hidratant\u0103 universal cu vitamina E \u00eencapsulat\u0103.<\/p>\n<p><strong>Set:<\/strong><\/p>\n<p><strong><a href=\"https:\/\/holyland.md\/product\/perfect-time-gentle-gel-soap\/\" target=\"_blank\" rel=\"noopener noreferrer\">MULTI VITAMIN CLEANSING GEL<\/a><\/strong> 100 ml<\/p>\n<p>Produs pentru purificare delicat\u0103, \u00eembog\u0103\u021bit cu complex de vitamine A, E \u0219i F.<\/p>\n<p><strong>Principii active:<\/strong><\/p>\n<p>Vitamina E \u0219i F, vitamina A, lactoza, acid citric<\/p>\n<p><strong>Mod de aplicare:<\/strong><\/p>\n<p>Cantitate mic\u0103 de s\u0103pun se ia \u00een m\u00e2inile umede \u0219i se face spum\u0103. \u00cen form\u0103 de spum\u0103 se aplic\u0103 pe pielea \u0219i se maseaz\u0103 timp de 2-3 minute. Dup\u0103 ce se cl\u0103te\u0219te cu ap\u0103 cald\u0103. De folosit 1 pe zi sau conform recomand\u0103rilor specialistului Dvs.<\/p>\n<p><strong><a href=\"https:\/\/holyland.md\/product\/perfect-time-gentle-gel-soap\/\" target=\"_blank\" rel=\"noopener noreferrer\">MULTIVITAMIN SERUM<\/a><\/strong> 30 ml<\/p>\n<p>Complex concentrat saturat \u00een 7 vitamine prezint\u0103 suplimentul alimentar foarte necesar pentru pielea deshidratat\u0103, uscat\u0103, obosit\u0103, ve\u0219tejit\u0103, palid\u0103, deteriorat\u0103 etc. Pentru orice stare de disconfort (str\u00e2ngere, m\u00e2nc\u0103rime, ro\u0219ea\u021b\u0103, denivel\u0103ri \u0219i rugozit\u0103\u021bi) &#8211; o solu\u021bie ideal\u0103, precum \u0219i o m\u0103sur\u0103 de prevenire a modific\u0103rilor legate de v\u00e2rst\u0103, \u00een special \u00een cazul pielii uscate, sub\u021biri, cu o re\u021bea de riduri fine \u0219i vase deteriorate (rozacee). Extractele de plante completeaz\u0103 perfect compozi\u021bia \u0219i ajusteaz\u0103 u\u0219or procesele metabolice pentru a ob\u021bine pielea viselor Dumneavoastr\u0103.<\/p>\n<p><strong>Principii active:<\/strong><\/p>\n<p>Vitamina A, vitamina E, vitamina C, vitamina F, biotina, pantenol, acid de glicirizin\u0103, extract de hamamelis, lizat de bifidobacterii, extract de trandafir, alantoina, lactat de sodiu, acid lactic, extract de lemn dulce.<\/p>\n<p><strong>Mod de aplicare:<\/strong><\/p>\n<p>Dup\u0103 o cur\u0103\u021bare aprofundat\u0103 \u00een doi pa\u0219i, se aplic\u0103 pe suprafa\u021ba pielii prin mi\u0219c\u0103ri u\u0219oare de tapotament. De utilizat \u00een fiecare zi sau dup\u0103 recomandarea specialistului Dumneavoastr\u0103.<\/p>\n<p><strong><a href=\"https:\/\/holyland.md\/product\/perfect-time-gentle-gel-soap\/\" target=\"_blank\" rel=\"noopener noreferrer\">MULTI VITAMIN RICH MOISTURIZING CREAM<\/a><\/strong> 50 ml<\/p>\n<p>Crem\u0103 hidratant\u0103 cu un complex de vitamine. Con\u021bine un complex de vitamine bine echilibrat: A, B, \u0415, F \u0219i H. \u00cen combina\u021bie cu extracte de plante medicinale \u0219i principii active cu efect de hidratare duce la emoliere, nutri\u021bie \u0219i profilaxia \u00eemb\u0103tr\u00e2nirii premature.<\/p>\n<p><strong>Principii active:<\/strong><\/p>\n<p>Combina\u021bie de vitamin A, B, \u0415, F \u0438 H cu extracte vegetale \u0219i uleiuri organice.<\/p>\n<p><strong>Mod de aplicare:<\/strong><\/p>\n<p>De aplicat o cantitate mica pe suprafa\u021ba fe\u021bei, g\u00e2tului \u0219i a decolteului, de masat u\u0219or cu scop de spargere a capsulelor cu vitamin E. De folosit o data pe zi sau conform recomand\u0103rilor specialistului Dvs.<\/p>\n","protected":false},"excerpt":{"rendered":"<p>Set<\/p>\n","protected":false},"featured_media":4028,"template":"","meta":[],"product_cat":[133],"product_tag":[],"class_list":{"0":"post-2117","1":"product","2":"type-product","3":"status-publish","4":"has-post-thumbnail","6":"product_cat-seturi","8":"first","9":"outofstock","10":"shipping-taxable","11":"purchasable","12":"product-type-simple"},"yoast_head":"<!-- This site is optimized with the Yoast SEO plugin v23.3 - https:\/\/yoast.com\/wordpress\/plugins\/seo\/ -->\n<title>MULTI VITAMIN KIT | Holy Land Cosmetics<\/title>\n<meta name=\"robots\" content=\"index, follow, max-snippet:-1, max-image-preview:large, max-video-preview:-1\" \/>\n<link rel=\"canonical\" href=\"https:\/\/holyland.md\/ro\/product\/multivitamin-kit\/\" \/>\n<meta property=\"og:locale\" content=\"ro_RO\" \/>\n<meta property=\"og:type\" content=\"article\" \/>\n<meta property=\"og:title\" content=\"MULTI VITAMIN KIT | Holy Land Cosmetics\" \/>\n<meta property=\"og:description\" content=\"Set\" \/>\n<meta property=\"og:url\" content=\"https:\/\/holyland.md\/ro\/product\/multivitamin-kit\/\" \/>\n<meta property=\"og:site_name\" content=\"Holy Land Cosmetics\" \/>\n<meta property=\"article:modified_time\" content=\"2026-03-24T11:10:01+00:00\" \/>\n<meta property=\"og:image\" content=\"https:\/\/holyland.md\/wp-content\/uploads\/2020\/04\/SET-MULTIVITAMIN-2.jpg\" \/>\n\t<meta property=\"og:image:width\" content=\"1000\" \/>\n\t<meta property=\"og:image:height\" content=\"1000\" \/>\n\t<meta property=\"og:image:type\" content=\"image\/jpeg\" \/>\n<meta name=\"twitter:card\" content=\"summary_large_image\" \/>\n<meta name=\"twitter:label1\" content=\"Timp estimat pentru citire\" \/>\n\t<meta name=\"twitter:data1\" content=\"3 minute\" \/>\n<script type=\"application\/ld+json\" class=\"yoast-schema-graph\">{\"@context\":\"https:\/\/schema.org\",\"@graph\":[{\"@type\":\"WebPage\",\"@id\":\"https:\/\/holyland.md\/ro\/product\/multivitamin-kit\/\",\"url\":\"https:\/\/holyland.md\/ro\/product\/multivitamin-kit\/\",\"name\":\"MULTI VITAMIN KIT | Holy Land Cosmetics\",\"isPartOf\":{\"@id\":\"https:\/\/holyland.md\/ro\/#website\"},\"primaryImageOfPage\":{\"@id\":\"https:\/\/holyland.md\/ro\/product\/multivitamin-kit\/#primaryimage\"},\"image\":{\"@id\":\"https:\/\/holyland.md\/ro\/product\/multivitamin-kit\/#primaryimage\"},\"thumbnailUrl\":\"https:\/\/holyland.md\/wp-content\/uploads\/2020\/04\/SET-MULTIVITAMIN-2.jpg\",\"datePublished\":\"2020-04-27T16:27:06+00:00\",\"dateModified\":\"2026-03-24T11:10:01+00:00\",\"breadcrumb\":{\"@id\":\"https:\/\/holyland.md\/ro\/product\/multivitamin-kit\/#breadcrumb\"},\"inLanguage\":\"ro-RO\",\"potentialAction\":[{\"@type\":\"ReadAction\",\"target\":[\"https:\/\/holyland.md\/ro\/product\/multivitamin-kit\/\"]}]},{\"@type\":\"ImageObject\",\"inLanguage\":\"ro-RO\",\"@id\":\"https:\/\/holyland.md\/ro\/product\/multivitamin-kit\/#primaryimage\",\"url\":\"https:\/\/holyland.md\/wp-content\/uploads\/2020\/04\/SET-MULTIVITAMIN-2.jpg\",\"contentUrl\":\"https:\/\/holyland.md\/wp-content\/uploads\/2020\/04\/SET-MULTIVITAMIN-2.jpg\",\"width\":1000,\"height\":1000,\"caption\":\"MULTIVITAMIN-SET\"},{\"@type\":\"BreadcrumbList\",\"@id\":\"https:\/\/holyland.md\/ro\/product\/multivitamin-kit\/#breadcrumb\",\"itemListElement\":[{\"@type\":\"ListItem\",\"position\":1,\"name\":\"\u0413\u043b\u0430\u0432\u043d\u0430\u044f \u0441\u0442\u0440\u0430\u043d\u0438\u0446\u0430\",\"item\":\"https:\/\/holyland.md\/ro\/\"},{\"@type\":\"ListItem\",\"position\":2,\"name\":\"Catalog produse HolyLand\",\"item\":\"https:\/\/holyland.md\/ro\/catalog\/\"},{\"@type\":\"ListItem\",\"position\":3,\"name\":\"MULTI VITAMIN KIT\"}]},{\"@type\":\"WebSite\",\"@id\":\"https:\/\/holyland.md\/ro\/#website\",\"url\":\"https:\/\/holyland.md\/ro\/\",\"name\":\"Holy Land Cosmetics\",\"description\":\"\",\"publisher\":{\"@id\":\"https:\/\/holyland.md\/ro\/#organization\"},\"potentialAction\":[{\"@type\":\"SearchAction\",\"target\":{\"@type\":\"EntryPoint\",\"urlTemplate\":\"https:\/\/holyland.md\/ro\/?s={search_term_string}\"},\"query-input\":\"required name=search_term_string\"}],\"inLanguage\":\"ro-RO\"},{\"@type\":\"Organization\",\"@id\":\"https:\/\/holyland.md\/ro\/#organization\",\"name\":\"Holy Land Cosmetics\",\"url\":\"https:\/\/holyland.md\/ro\/\",\"logo\":{\"@type\":\"ImageObject\",\"inLanguage\":\"ro-RO\",\"@id\":\"https:\/\/holyland.md\/ro\/#\/schema\/logo\/image\/\",\"url\":\"https:\/\/holyland.md\/wp-content\/uploads\/2020\/03\/hl-always-active.png\",\"contentUrl\":\"https:\/\/holyland.md\/wp-content\/uploads\/2020\/03\/hl-always-active.png\",\"width\":1437,\"height\":892,\"caption\":\"Holy Land Cosmetics\"},\"image\":{\"@id\":\"https:\/\/holyland.md\/ro\/#\/schema\/logo\/image\/\"}}]}<\/script>\n<!-- \/ Yoast SEO plugin. -->","yoast_head_json":{"title":"MULTI VITAMIN KIT | Holy Land Cosmetics","robots":{"index":"index","follow":"follow","max-snippet":"max-snippet:-1","max-image-preview":"max-image-preview:large","max-video-preview":"max-video-preview:-1"},"canonical":"https:\/\/holyland.md\/ro\/product\/multivitamin-kit\/","og_locale":"ro_RO","og_type":"article","og_title":"MULTI VITAMIN KIT | Holy Land Cosmetics","og_description":"Set","og_url":"https:\/\/holyland.md\/ro\/product\/multivitamin-kit\/","og_site_name":"Holy Land Cosmetics","article_modified_time":"2026-03-24T11:10:01+00:00","og_image":[{"width":1000,"height":1000,"url":"https:\/\/holyland.md\/wp-content\/uploads\/2020\/04\/SET-MULTIVITAMIN-2.jpg","type":"image\/jpeg"}],"twitter_card":"summary_large_image","twitter_misc":{"Timp estimat pentru citire":"3 minute"},"schema":{"@context":"https:\/\/schema.org","@graph":[{"@type":"WebPage","@id":"https:\/\/holyland.md\/ro\/product\/multivitamin-kit\/","url":"https:\/\/holyland.md\/ro\/product\/multivitamin-kit\/","name":"MULTI VITAMIN KIT | Holy Land Cosmetics","isPartOf":{"@id":"https:\/\/holyland.md\/ro\/#website"},"primaryImageOfPage":{"@id":"https:\/\/holyland.md\/ro\/product\/multivitamin-kit\/#primaryimage"},"image":{"@id":"https:\/\/holyland.md\/ro\/product\/multivitamin-kit\/#primaryimage"},"thumbnailUrl":"https:\/\/holyland.md\/wp-content\/uploads\/2020\/04\/SET-MULTIVITAMIN-2.jpg","datePublished":"2020-04-27T16:27:06+00:00","dateModified":"2026-03-24T11:10:01+00:00","breadcrumb":{"@id":"https:\/\/holyland.md\/ro\/product\/multivitamin-kit\/#breadcrumb"},"inLanguage":"ro-RO","potentialAction":[{"@type":"ReadAction","target":["https:\/\/holyland.md\/ro\/product\/multivitamin-kit\/"]}]},{"@type":"ImageObject","inLanguage":"ro-RO","@id":"https:\/\/holyland.md\/ro\/product\/multivitamin-kit\/#primaryimage","url":"https:\/\/holyland.md\/wp-content\/uploads\/2020\/04\/SET-MULTIVITAMIN-2.jpg","contentUrl":"https:\/\/holyland.md\/wp-content\/uploads\/2020\/04\/SET-MULTIVITAMIN-2.jpg","width":1000,"height":1000,"caption":"MULTIVITAMIN-SET"},{"@type":"BreadcrumbList","@id":"https:\/\/holyland.md\/ro\/product\/multivitamin-kit\/#breadcrumb","itemListElement":[{"@type":"ListItem","position":1,"name":"\u0413\u043b\u0430\u0432\u043d\u0430\u044f \u0441\u0442\u0440\u0430\u043d\u0438\u0446\u0430","item":"https:\/\/holyland.md\/ro\/"},{"@type":"ListItem","position":2,"name":"Catalog produse HolyLand","item":"https:\/\/holyland.md\/ro\/catalog\/"},{"@type":"ListItem","position":3,"name":"MULTI VITAMIN KIT"}]},{"@type":"WebSite","@id":"https:\/\/holyland.md\/ro\/#website","url":"https:\/\/holyland.md\/ro\/","name":"Holy Land Cosmetics","description":"","publisher":{"@id":"https:\/\/holyland.md\/ro\/#organization"},"potentialAction":[{"@type":"SearchAction","target":{"@type":"EntryPoint","urlTemplate":"https:\/\/holyland.md\/ro\/?s={search_term_string}"},"query-input":"required name=search_term_string"}],"inLanguage":"ro-RO"},{"@type":"Organization","@id":"https:\/\/holyland.md\/ro\/#organization","name":"Holy Land Cosmetics","url":"https:\/\/holyland.md\/ro\/","logo":{"@type":"ImageObject","inLanguage":"ro-RO","@id":"https:\/\/holyland.md\/ro\/#\/schema\/logo\/image\/","url":"https:\/\/holyland.md\/wp-content\/uploads\/2020\/03\/hl-always-active.png","contentUrl":"https:\/\/holyland.md\/wp-content\/uploads\/2020\/03\/hl-always-active.png","width":1437,"height":892,"caption":"Holy Land Cosmetics"},"image":{"@id":"https:\/\/holyland.md\/ro\/#\/schema\/logo\/image\/"}}]}},"_links":{"self":[{"href":"https:\/\/holyland.md\/ro\/wp-json\/wp\/v2\/product\/2117"}],"collection":[{"href":"https:\/\/holyland.md\/ro\/wp-json\/wp\/v2\/product"}],"about":[{"href":"https:\/\/holyland.md\/ro\/wp-json\/wp\/v2\/types\/product"}],"wp:featuredmedia":[{"embeddable":true,"href":"https:\/\/holyland.md\/ro\/wp-json\/wp\/v2\/media\/4028"}],"wp:attachment":[{"href":"https:\/\/holyland.md\/ro\/wp-json\/wp\/v2\/media?parent=2117"}],"wp:term":[{"taxonomy":"product_cat","embeddable":true,"href":"https:\/\/holyland.md\/ro\/wp-json\/wp\/v2\/product_cat?post=2117"},{"taxonomy":"product_tag","embeddable":true,"href":"https:\/\/holyland.md\/ro\/wp-json\/wp\/v2\/product_tag?post=2117"}],"curies":[{"name":"wp","href":"https:\/\/api.w.org\/{rel}","templated":true}]}}