{"id":2122,"date":"2020-04-27T19:01:59","date_gmt":"2020-04-27T16:01:59","guid":{"rendered":"https:\/\/holyland.md\/product\/alpha-beta-retinol\/"},"modified":"2026-03-24T14:10:25","modified_gmt":"2026-03-24T11:10:25","slug":"alpha-beta-retinol","status":"publish","type":"product","link":"https:\/\/holyland.md\/ro\/product\/alpha-beta-retinol\/","title":{"rendered":"ALPHA-BETA &#038; RETINOL KIT"},"content":{"rendered":"<p>Set: ALPHA-BETA PREPPING LOTION 125 ml, ALPHA-BETA DAY DEFENSE CREAM 50 ml, ALPHA-BETA RESTORING CREAM 50 ml.<\/p>\n<p><strong>Set:<\/strong><\/p>\n<p><a href=\"https:\/\/holyland.md\/ro\/product\/alpha-beta-prepping-lotion\/\" target=\"_blank\" rel=\"noopener noreferrer\"><strong>ALPHA-BETA PREPPING LOTION 125 ml<\/strong><\/a><\/p>\n<p>Lo\u021biune cu un efect pronun\u021bat de \u0219lefuire, creat\u0103 pe baza de acizi alfa \u0219i beta-hidroxilici, \u00een combina\u021bie cu retinol \u0219i extract de ceai verde. O preg\u0103te\u0219te perfect pe pielea pentru proceduri ulterioare, uniformiz\u00e2nd stratul cornos \u0219i sporind permeabilitatea acestuia. Lo\u021biunea \u00eembun\u0103t\u0103\u021be\u0219te textura \u0219i niveleaz\u0103 culoarea pielii, ajut\u0103 la reducerea porilor, \u00eembun\u0103t\u0103\u021be\u0219te microcircula\u021bia \u0219i reduce umflarea.<\/p>\n<p><strong>Principii active:<\/strong> <\/p>\n<p>Extract de afine, de trestie de zah\u0103r, de ar\u0163ar de zah\u0103r, de portocale, de l\u0103m\u00eeie, de ceai verde, acid salicilic, glicolic, retinol.<\/p>\n<p><strong>Mod de folosire:<\/strong> <\/p>\n<p>Turna\u021bi aproximativ 2 ml de lo\u021biune pe marginea discului de vat\u0103 \u0219i \u0219terge\u021bi fa\u021ba, g\u00e2tul \u0219i decolteul cu presiune, acord\u00e2nd o aten\u021bie special\u0103 \u0219i repet\u00e2nd ac\u021biunea \u00een zonele cu hiperkeratoz\u0103 sever\u0103, comedoane multiple etc. Folosi\u021bi 1-2 ori pe s\u0103pt\u0103m\u00e2n\u0103 sau conform recomand\u0103rilor specialistului.<\/p>\n<p><a href=\"https:\/\/holyland.md\/ro\/product\/alpha-beta-day-defense-cream-spf-30\/\" target=\"_blank\" rel=\"noopener noreferrer\"><strong>ALPHA-BETA DAY DEFENSE CREAM 50 ml<\/strong><\/a><\/p>\n<p>Crema hidratant\u0103 cu efect de protec\u021bie cu un finisaj pl\u0103cut pudrat. Componentele exfoliante ajut\u0103 la men\u021binerea efectului de uniformizare a texturii \u0219i a culorii pielii, previn formarea comedoanelor, iar proteinele hidrolizate ajut\u0103 la men\u021binerea nivelului optim de hidratare, precum \u0219i la p\u0103strarea tinere\u021bii.<\/p>\n<p><strong>Principii active:<\/strong><\/p>\n<p>Extract de coac\u0103z\u0103, de trestie de zah\u0103r, ar\u0163ar de zah\u0103r, de portocale, de l\u0103m\u00eeie, acid glicolic, lactic, salicilic, magneziu ascorbilfosfat, retinol, extract de ceai verde.<\/p>\n<p><strong>Mod de folosire:<\/strong><\/p>\n<p>Aplica\u021bi o cantitate mic\u0103 de crem\u0103 pe pielea cur\u0103\u021bat\u0103, distribui\u021bi-o prin mi\u0219c\u0103ri u\u0219oare de masaj p\u00e2n\u0103 la absorb\u021bia complet\u0103. Utiliza\u021bi diminea\u021ba. Produsul serve\u0219te drept ca baz\u0103 ideal\u0103 pentru machiaj.<\/p>\n<p><a href=\"https:\/\/holyland.md\/ro\/product\/alpha-beta-restoring-cream\/\" target=\"_blank\" rel=\"noopener noreferrer\"><strong>ALPHA-BETA RESTORING CREAM 50 ml<\/strong><\/a><\/p>\n<p>O crem\u0103 regeneratoare destul de v\u00e2scoas\u0103 pe baz\u0103 de acizi din fructe, vitamine \u0219i zer proteic. Datorit\u0103 componentelor proteice produsul hidrateaz\u0103 perfect \u0219i restabile\u0219te structura normal\u0103 a fibrelor dermului, iar datorit\u0103 substan\u021belor exfoliante uniformizeaz\u0103 culoarea \u0219i textura pielii \u0219i, de asemenea, reduce vizual porii.<\/p>\n<p><strong>Principii active:<\/strong><\/p>\n<p>Extract de afine, trestie de zah\u0103r, de ar\u0163ar, de portocale, de l\u0103m\u00eeie, de ceai verde, m\u0103tase hidrolizat\u0103, vitamina A \u015fi C, acid glicolic, salicilic, lactic.<\/p>\n<p><strong>Mod de folosire:<\/strong><\/p>\n<p>Crema se folose\u0219te sear\u0103. Aplica\u021bi o cantitate mic\u0103 de crem\u0103 pe pielea complet curat\u0103, distribuind-o pe \u00eentreaga suprafa\u021b\u0103 prin mi\u0219c\u0103rile de tapotament ale degetelor. Nu se recomand\u0103 pentru zona din jurul ochilor. Urma\u021bi indica\u021biile esteticianului.<\/p>\n","protected":false},"excerpt":{"rendered":"<p>Set<\/p>\n","protected":false},"featured_media":4025,"template":"","meta":[],"product_cat":[133],"product_tag":[],"class_list":{"0":"post-2122","1":"product","2":"type-product","3":"status-publish","4":"has-post-thumbnail","6":"product_cat-seturi","8":"first","9":"instock","10":"shipping-taxable","11":"purchasable","12":"product-type-simple"},"yoast_head":"<!-- This site is optimized with the Yoast SEO plugin v23.3 - https:\/\/yoast.com\/wordpress\/plugins\/seo\/ -->\n<title>ALPHA-BETA &amp; RETINOL KIT | Holy Land Cosmetics<\/title>\n<meta name=\"robots\" content=\"index, follow, max-snippet:-1, max-image-preview:large, max-video-preview:-1\" \/>\n<link rel=\"canonical\" href=\"https:\/\/holyland.md\/ro\/product\/alpha-beta-retinol\/\" \/>\n<meta property=\"og:locale\" content=\"ro_RO\" \/>\n<meta property=\"og:type\" content=\"article\" \/>\n<meta property=\"og:title\" content=\"ALPHA-BETA &amp; RETINOL KIT | Holy Land Cosmetics\" \/>\n<meta property=\"og:description\" content=\"Set\" \/>\n<meta property=\"og:url\" content=\"https:\/\/holyland.md\/ro\/product\/alpha-beta-retinol\/\" \/>\n<meta property=\"og:site_name\" content=\"Holy Land Cosmetics\" \/>\n<meta property=\"article:modified_time\" content=\"2026-03-24T11:10:25+00:00\" \/>\n<meta property=\"og:image\" content=\"https:\/\/holyland.md\/wp-content\/uploads\/2020\/04\/SET-ALPHA-BETA.jpg\" \/>\n\t<meta property=\"og:image:width\" content=\"1000\" \/>\n\t<meta property=\"og:image:height\" content=\"1000\" \/>\n\t<meta property=\"og:image:type\" content=\"image\/jpeg\" \/>\n<meta name=\"twitter:card\" content=\"summary_large_image\" \/>\n<meta name=\"twitter:label1\" content=\"Timp estimat pentru citire\" \/>\n\t<meta name=\"twitter:data1\" content=\"3 minute\" \/>\n<script type=\"application\/ld+json\" class=\"yoast-schema-graph\">{\"@context\":\"https:\/\/schema.org\",\"@graph\":[{\"@type\":\"WebPage\",\"@id\":\"https:\/\/holyland.md\/ro\/product\/alpha-beta-retinol\/\",\"url\":\"https:\/\/holyland.md\/ro\/product\/alpha-beta-retinol\/\",\"name\":\"ALPHA-BETA & RETINOL KIT | Holy Land Cosmetics\",\"isPartOf\":{\"@id\":\"https:\/\/holyland.md\/ro\/#website\"},\"primaryImageOfPage\":{\"@id\":\"https:\/\/holyland.md\/ro\/product\/alpha-beta-retinol\/#primaryimage\"},\"image\":{\"@id\":\"https:\/\/holyland.md\/ro\/product\/alpha-beta-retinol\/#primaryimage\"},\"thumbnailUrl\":\"https:\/\/holyland.md\/wp-content\/uploads\/2020\/04\/SET-ALPHA-BETA.jpg\",\"datePublished\":\"2020-04-27T16:01:59+00:00\",\"dateModified\":\"2026-03-24T11:10:25+00:00\",\"breadcrumb\":{\"@id\":\"https:\/\/holyland.md\/ro\/product\/alpha-beta-retinol\/#breadcrumb\"},\"inLanguage\":\"ro-RO\",\"potentialAction\":[{\"@type\":\"ReadAction\",\"target\":[\"https:\/\/holyland.md\/ro\/product\/alpha-beta-retinol\/\"]}]},{\"@type\":\"ImageObject\",\"inLanguage\":\"ro-RO\",\"@id\":\"https:\/\/holyland.md\/ro\/product\/alpha-beta-retinol\/#primaryimage\",\"url\":\"https:\/\/holyland.md\/wp-content\/uploads\/2020\/04\/SET-ALPHA-BETA.jpg\",\"contentUrl\":\"https:\/\/holyland.md\/wp-content\/uploads\/2020\/04\/SET-ALPHA-BETA.jpg\",\"width\":1000,\"height\":1000,\"caption\":\"SET-ALPHA-BETA\"},{\"@type\":\"BreadcrumbList\",\"@id\":\"https:\/\/holyland.md\/ro\/product\/alpha-beta-retinol\/#breadcrumb\",\"itemListElement\":[{\"@type\":\"ListItem\",\"position\":1,\"name\":\"\u0413\u043b\u0430\u0432\u043d\u0430\u044f \u0441\u0442\u0440\u0430\u043d\u0438\u0446\u0430\",\"item\":\"https:\/\/holyland.md\/ro\/\"},{\"@type\":\"ListItem\",\"position\":2,\"name\":\"Catalog produse HolyLand\",\"item\":\"https:\/\/holyland.md\/ro\/catalog\/\"},{\"@type\":\"ListItem\",\"position\":3,\"name\":\"ALPHA-BETA &#038; RETINOL KIT\"}]},{\"@type\":\"WebSite\",\"@id\":\"https:\/\/holyland.md\/ro\/#website\",\"url\":\"https:\/\/holyland.md\/ro\/\",\"name\":\"Holy Land Cosmetics\",\"description\":\"\",\"publisher\":{\"@id\":\"https:\/\/holyland.md\/ro\/#organization\"},\"potentialAction\":[{\"@type\":\"SearchAction\",\"target\":{\"@type\":\"EntryPoint\",\"urlTemplate\":\"https:\/\/holyland.md\/ro\/?s={search_term_string}\"},\"query-input\":\"required name=search_term_string\"}],\"inLanguage\":\"ro-RO\"},{\"@type\":\"Organization\",\"@id\":\"https:\/\/holyland.md\/ro\/#organization\",\"name\":\"Holy Land Cosmetics\",\"url\":\"https:\/\/holyland.md\/ro\/\",\"logo\":{\"@type\":\"ImageObject\",\"inLanguage\":\"ro-RO\",\"@id\":\"https:\/\/holyland.md\/ro\/#\/schema\/logo\/image\/\",\"url\":\"https:\/\/holyland.md\/wp-content\/uploads\/2020\/03\/hl-always-active.png\",\"contentUrl\":\"https:\/\/holyland.md\/wp-content\/uploads\/2020\/03\/hl-always-active.png\",\"width\":1437,\"height\":892,\"caption\":\"Holy Land Cosmetics\"},\"image\":{\"@id\":\"https:\/\/holyland.md\/ro\/#\/schema\/logo\/image\/\"}}]}<\/script>\n<!-- \/ Yoast SEO plugin. -->","yoast_head_json":{"title":"ALPHA-BETA & RETINOL KIT | Holy Land Cosmetics","robots":{"index":"index","follow":"follow","max-snippet":"max-snippet:-1","max-image-preview":"max-image-preview:large","max-video-preview":"max-video-preview:-1"},"canonical":"https:\/\/holyland.md\/ro\/product\/alpha-beta-retinol\/","og_locale":"ro_RO","og_type":"article","og_title":"ALPHA-BETA & RETINOL KIT | Holy Land Cosmetics","og_description":"Set","og_url":"https:\/\/holyland.md\/ro\/product\/alpha-beta-retinol\/","og_site_name":"Holy Land Cosmetics","article_modified_time":"2026-03-24T11:10:25+00:00","og_image":[{"width":1000,"height":1000,"url":"https:\/\/holyland.md\/wp-content\/uploads\/2020\/04\/SET-ALPHA-BETA.jpg","type":"image\/jpeg"}],"twitter_card":"summary_large_image","twitter_misc":{"Timp estimat pentru citire":"3 minute"},"schema":{"@context":"https:\/\/schema.org","@graph":[{"@type":"WebPage","@id":"https:\/\/holyland.md\/ro\/product\/alpha-beta-retinol\/","url":"https:\/\/holyland.md\/ro\/product\/alpha-beta-retinol\/","name":"ALPHA-BETA & RETINOL KIT | Holy Land Cosmetics","isPartOf":{"@id":"https:\/\/holyland.md\/ro\/#website"},"primaryImageOfPage":{"@id":"https:\/\/holyland.md\/ro\/product\/alpha-beta-retinol\/#primaryimage"},"image":{"@id":"https:\/\/holyland.md\/ro\/product\/alpha-beta-retinol\/#primaryimage"},"thumbnailUrl":"https:\/\/holyland.md\/wp-content\/uploads\/2020\/04\/SET-ALPHA-BETA.jpg","datePublished":"2020-04-27T16:01:59+00:00","dateModified":"2026-03-24T11:10:25+00:00","breadcrumb":{"@id":"https:\/\/holyland.md\/ro\/product\/alpha-beta-retinol\/#breadcrumb"},"inLanguage":"ro-RO","potentialAction":[{"@type":"ReadAction","target":["https:\/\/holyland.md\/ro\/product\/alpha-beta-retinol\/"]}]},{"@type":"ImageObject","inLanguage":"ro-RO","@id":"https:\/\/holyland.md\/ro\/product\/alpha-beta-retinol\/#primaryimage","url":"https:\/\/holyland.md\/wp-content\/uploads\/2020\/04\/SET-ALPHA-BETA.jpg","contentUrl":"https:\/\/holyland.md\/wp-content\/uploads\/2020\/04\/SET-ALPHA-BETA.jpg","width":1000,"height":1000,"caption":"SET-ALPHA-BETA"},{"@type":"BreadcrumbList","@id":"https:\/\/holyland.md\/ro\/product\/alpha-beta-retinol\/#breadcrumb","itemListElement":[{"@type":"ListItem","position":1,"name":"\u0413\u043b\u0430\u0432\u043d\u0430\u044f \u0441\u0442\u0440\u0430\u043d\u0438\u0446\u0430","item":"https:\/\/holyland.md\/ro\/"},{"@type":"ListItem","position":2,"name":"Catalog produse HolyLand","item":"https:\/\/holyland.md\/ro\/catalog\/"},{"@type":"ListItem","position":3,"name":"ALPHA-BETA &#038; RETINOL KIT"}]},{"@type":"WebSite","@id":"https:\/\/holyland.md\/ro\/#website","url":"https:\/\/holyland.md\/ro\/","name":"Holy Land Cosmetics","description":"","publisher":{"@id":"https:\/\/holyland.md\/ro\/#organization"},"potentialAction":[{"@type":"SearchAction","target":{"@type":"EntryPoint","urlTemplate":"https:\/\/holyland.md\/ro\/?s={search_term_string}"},"query-input":"required name=search_term_string"}],"inLanguage":"ro-RO"},{"@type":"Organization","@id":"https:\/\/holyland.md\/ro\/#organization","name":"Holy Land Cosmetics","url":"https:\/\/holyland.md\/ro\/","logo":{"@type":"ImageObject","inLanguage":"ro-RO","@id":"https:\/\/holyland.md\/ro\/#\/schema\/logo\/image\/","url":"https:\/\/holyland.md\/wp-content\/uploads\/2020\/03\/hl-always-active.png","contentUrl":"https:\/\/holyland.md\/wp-content\/uploads\/2020\/03\/hl-always-active.png","width":1437,"height":892,"caption":"Holy Land Cosmetics"},"image":{"@id":"https:\/\/holyland.md\/ro\/#\/schema\/logo\/image\/"}}]}},"_links":{"self":[{"href":"https:\/\/holyland.md\/ro\/wp-json\/wp\/v2\/product\/2122"}],"collection":[{"href":"https:\/\/holyland.md\/ro\/wp-json\/wp\/v2\/product"}],"about":[{"href":"https:\/\/holyland.md\/ro\/wp-json\/wp\/v2\/types\/product"}],"wp:featuredmedia":[{"embeddable":true,"href":"https:\/\/holyland.md\/ro\/wp-json\/wp\/v2\/media\/4025"}],"wp:attachment":[{"href":"https:\/\/holyland.md\/ro\/wp-json\/wp\/v2\/media?parent=2122"}],"wp:term":[{"taxonomy":"product_cat","embeddable":true,"href":"https:\/\/holyland.md\/ro\/wp-json\/wp\/v2\/product_cat?post=2122"},{"taxonomy":"product_tag","embeddable":true,"href":"https:\/\/holyland.md\/ro\/wp-json\/wp\/v2\/product_tag?post=2122"}],"curies":[{"name":"wp","href":"https:\/\/api.w.org\/{rel}","templated":true}]}}